{"id":3335,"date":"2024-08-20T05:25:25","date_gmt":"2024-08-19T21:25:25","guid":{"rendered":"https:\/\/www.jinpinlub.com\/?post_type=product&#038;p=3335"},"modified":"2024-08-20T05:37:00","modified_gmt":"2024-08-19T21:37:00","slug":"pompa-elettrica-a-stantuffo-per-grasso-multiuscita-progressiva-j203","status":"publish","type":"product","link":"https:\/\/www.jinpinlub.com\/it\/product\/j203-progressive-multi-outlet-electric-grease-plunger-pump\/","title":{"rendered":"Pompa elettrica a stantuffo per grasso multiuscita progressiva J203"},"content":{"rendered":"<h2>Caratteristiche<\/h2>\n<p><span id=\"input-sentence~0\">Componenti: la pompa \u00e8 composta da un alloggiamento con motore incluso, un serbatoio con una paletta di agitazione, un particolare della pompa (che pu\u00f2 includere una valvola di sicurezza), un raccordo di riempimento e parti di collegamento elettrico.<br \/>\nAttivazione del motore: quando il motore viene attivato, aziona l&#039;elemento della pompa di lubrificazione.<\/span><span id=\"input-sentence~1\"><br \/>\nMovimento del lubrificante: l&#039;elemento pompa sposta il lubrificante dal serbatoio attraverso il sistema.<br \/>\nDistribuzione: il lubrificante viene quindi erogato a diversi punti di lubrificazione tramite le linee collegate. La pompa pu\u00f2 alimentare fino a 150 punti di lubrificazione, basandosi sulla linea di lubrificazione.<br \/>\nOpzioni di controllo: la pompa per grasso pu\u00f2 essere dotata di schede a circuito stampato di controllo che forniscono diverse impostazioni di lavoro, consentendo un controllo preciso degli intervalli e delle quantit\u00e0 di lubrificazione.<\/span><\/p>\n<h2>Specificazione<\/h2>\n<table>\n<tbody>\n<tr>\n<td>Temperatura di esercizio<\/td>\n<td>(da -40\u00b0C a +70\u00b0C)<\/td>\n<\/tr>\n<tr>\n<td>Numero di punti vendita<\/td>\n<td>1, 2 o 3<\/td>\n<\/tr>\n<tr>\n<td>Capacit\u00e0 del serbatoio<\/td>\n<td>2L, 4L, 8L<\/td>\n<\/tr>\n<tr>\n<td>Ricarica<\/td>\n<td>Raccordo di lubrificazione idraulica o dall&#039;alto<\/td>\n<\/tr>\n<tr>\n<td>Lubrificante<\/td>\n<td>Grassi di grado almeno NLGI 2, Oli fino a 40mm\u00b2\/s (cSt) a 40\u00b0 C<\/td>\n<\/tr>\n<tr>\n<td>Classe di protezione<\/td>\n<td>IP6K 9K<\/td>\n<\/tr>\n<tr>\n<td>Diametro pistone, K5<\/td>\n<td>5 mm, circa 2 cm\u00b3\/min<\/td>\n<\/tr>\n<tr>\n<td>Diametro pistone, (standard) K6<\/td>\n<td>6 mm, circa 2,8 cm\u00b3\/min<\/td>\n<\/tr>\n<tr>\n<td>Diametro pistone, K7<\/td>\n<td>7 mm, circa 4 cm\u00b3\/min<\/td>\n<\/tr>\n<tr>\n<td>Pressione massima di esercizio<\/td>\n<td>350 bar<\/td>\n<\/tr>\n<tr>\n<td>Filettatura di collegamento<\/td>\n<td>Sol 1\/4<\/td>\n<\/tr>\n<tr>\n<td>Tensione di esercizio<\/td>\n<td>12 V CC, 24 V CC, 110-240 V CA<\/td>\n<\/tr>\n<\/tbody>\n<\/table>\n<h2>Applicazione<\/h2>\n<p><span id=\"input-sentence~2\">La pompa di lubrificazione J203 \u00e8 disponibile con una variet\u00e0 di accessori:<br \/>\nElementi pompa: la pompa di lubrificazione J203 offre diversi tipi di elementi pompa per soddisfare vari requisiti di potenza.<\/span><span id=\"input-sentence~3\"><br \/>\nSerbatoio: la pompa per grasso \u00e8 disponibile con serbatoi di diverse dimensioni, da 2 a 8 litri.<br \/>\nScheda di controllo: questo sistema di lubrificazione \u00e8 dotato di una scheda di controllo opzionale con diverse impostazioni operative.<br \/>\nValvola di sicurezza: si tratta di un componente opzionale della pompa di lubrificazione per gestire la pressione.<br \/>\nIngrassatore: serve per un facile innesco della versione non coperta della pompa di lubrificazione.<br \/>\nParti di collegamento elettrico: necessarie per il funzionamento della pompa di lubrificazione.<\/span><\/p>\n<h2>Manuali<\/h2>\n<div class=\"sdm_download_button_box_default\"><div class=\"sdm_download_link\"><a href=\"https:\/\/www.jinpinlub.com\/it\/?sdm_process_download=1&download_id=2429\" class=\"sdm_download white\" title=\"Privato: J203 Grease Pump\" target=\"&quot;_blank&quot;\">Visualizza la scheda tecnica - Pompa per grasso J203<\/a><\/div><\/div>","protected":false},"excerpt":{"rendered":"<p>La pompa di lubrificazione J203 \u00e8 una pompa a stantuffo elettrica con scarico multiplo, capacit\u00e0 multipla e tensione multipla, progettata per sistemi di lubrificazione progressivi. Dopo decenni di test di mercato, \u00e8 diventata molto matura ed \u00e8 stata utilizzata in una variet\u00e0 di macchine.<\/p>","protected":false},"featured_media":3275,"template":"","meta":{"ocean_post_layout":"","ocean_both_sidebars_style":"","ocean_both_sidebars_content_width":0,"ocean_both_sidebars_sidebars_width":0,"ocean_sidebar":"0","ocean_second_sidebar":"0","ocean_disable_margins":"enable","ocean_add_body_class":"","ocean_shortcode_before_top_bar":"","ocean_shortcode_after_top_bar":"","ocean_shortcode_before_header":"","ocean_shortcode_after_header":"","ocean_has_shortcode":"","ocean_shortcode_after_title":"","ocean_shortcode_before_footer_widgets":"","ocean_shortcode_after_footer_widgets":"","ocean_shortcode_before_footer_bottom":"","ocean_shortcode_after_footer_bottom":"","ocean_display_top_bar":"default","ocean_display_header":"default","ocean_header_style":"","ocean_center_header_left_menu":"0","ocean_custom_header_template":"0","ocean_custom_logo":0,"ocean_custom_retina_logo":0,"ocean_custom_logo_max_width":0,"ocean_custom_logo_tablet_max_width":0,"ocean_custom_logo_mobile_max_width":0,"ocean_custom_logo_max_height":0,"ocean_custom_logo_tablet_max_height":0,"ocean_custom_logo_mobile_max_height":0,"ocean_header_custom_menu":"0","ocean_menu_typo_font_family":"0","ocean_menu_typo_font_subset":"","ocean_menu_typo_font_size":0,"ocean_menu_typo_font_size_tablet":0,"ocean_menu_typo_font_size_mobile":0,"ocean_menu_typo_font_size_unit":"px","ocean_menu_typo_font_weight":"","ocean_menu_typo_font_weight_tablet":"","ocean_menu_typo_font_weight_mobile":"","ocean_menu_typo_transform":"","ocean_menu_typo_transform_tablet":"","ocean_menu_typo_transform_mobile":"","ocean_menu_typo_line_height":0,"ocean_menu_typo_line_height_tablet":0,"ocean_menu_typo_line_height_mobile":0,"ocean_menu_typo_line_height_unit":"","ocean_menu_typo_spacing":0,"ocean_menu_typo_spacing_tablet":0,"ocean_menu_typo_spacing_mobile":0,"ocean_menu_typo_spacing_unit":"","ocean_menu_link_color":"","ocean_menu_link_color_hover":"","ocean_menu_link_color_active":"","ocean_menu_link_background":"","ocean_menu_link_hover_background":"","ocean_menu_link_active_background":"","ocean_menu_social_links_bg":"","ocean_menu_social_hover_links_bg":"","ocean_menu_social_links_color":"","ocean_menu_social_hover_links_color":"","ocean_disable_title":"default","ocean_disable_heading":"default","ocean_post_title":"","ocean_post_subheading":"","ocean_post_title_style":"","ocean_post_title_background_color":"","ocean_post_title_background":0,"ocean_post_title_bg_image_position":"","ocean_post_title_bg_image_attachment":"","ocean_post_title_bg_image_repeat":"","ocean_post_title_bg_image_size":"","ocean_post_title_height":0,"ocean_post_title_bg_overlay":0.5,"ocean_post_title_bg_overlay_color":"","ocean_disable_breadcrumbs":"default","ocean_breadcrumbs_color":"","ocean_breadcrumbs_separator_color":"","ocean_breadcrumbs_links_color":"","ocean_breadcrumbs_links_hover_color":"","ocean_display_footer_widgets":"default","ocean_display_footer_bottom":"default","ocean_custom_footer_template":"0","osh_disable_topbar_sticky":"default","osh_disable_header_sticky":"default","osh_sticky_header_style":"default","osh_sticky_header_effect":"","osh_custom_sticky_logo":0,"osh_custom_retina_sticky_logo":0,"osh_custom_sticky_logo_height":0,"osh_background_color":"","osh_links_color":"","osh_links_hover_color":"","osh_links_active_color":"","osh_links_bg_color":"","osh_links_hover_bg_color":"","osh_links_active_bg_color":"","osh_menu_social_links_color":"","osh_menu_social_hover_links_color":""},"product_brand":[],"product_cat":[42,41],"product_tag":[212,211,213],"class_list":{"0":"post-3335","1":"product","2":"type-product","3":"status-publish","4":"has-post-thumbnail","6":"product_cat-electric-progressive-pumps","7":"product_cat-progressive-grease-systems","8":"product_tag-high-pressure-lubricator","9":"product_tag-p203-grease-pump","10":"product_tag-plunger-lubrication-pump","12":"entry","13":"has-media","15":"first","16":"instock","17":"shipping-taxable","18":"product-type-external","19":"col","20":"span_1_of_3","21":"owp-content-center","22":"owp-thumbs-layout-horizontal","23":"owp-btn-very-big","24":"owp-tabs-layout-horizontal"},"_links":{"self":[{"href":"https:\/\/www.jinpinlub.com\/it\/wp-json\/wp\/v2\/product\/3335","targetHints":{"allow":["GET"]}}],"collection":[{"href":"https:\/\/www.jinpinlub.com\/it\/wp-json\/wp\/v2\/product"}],"about":[{"href":"https:\/\/www.jinpinlub.com\/it\/wp-json\/wp\/v2\/types\/product"}],"wp:featuredmedia":[{"embeddable":true,"href":"https:\/\/www.jinpinlub.com\/it\/wp-json\/wp\/v2\/media\/3275"}],"wp:attachment":[{"href":"https:\/\/www.jinpinlub.com\/it\/wp-json\/wp\/v2\/media?parent=3335"}],"wp:term":[{"taxonomy":"product_brand","embeddable":true,"href":"https:\/\/www.jinpinlub.com\/it\/wp-json\/wp\/v2\/product_brand?post=3335"},{"taxonomy":"product_cat","embeddable":true,"href":"https:\/\/www.jinpinlub.com\/it\/wp-json\/wp\/v2\/product_cat?post=3335"},{"taxonomy":"product_tag","embeddable":true,"href":"https:\/\/www.jinpinlub.com\/it\/wp-json\/wp\/v2\/product_tag?post=3335"}],"curies":[{"name":"wp","href":"https:\/\/api.w.org\/{rel}","templated":true}]}}