{"id":3339,"date":"2024-08-22T11:28:29","date_gmt":"2024-08-22T03:28:29","guid":{"rendered":"https:\/\/www.jinpinlub.com\/?post_type=product&#038;p=3339"},"modified":"2024-08-22T11:30:29","modified_gmt":"2024-08-22T03:30:29","slug":"lubrificatore-automatico-j203-con-controller-per-ingrassaggio-multilinea","status":"publish","type":"product","link":"https:\/\/www.jinpinlub.com\/it\/product\/j203-auto-lubricator-with-controller-for-multi-line-greasing\/","title":{"rendered":"Lubrificatore automatico J203 con controller per ingrassaggio multilinea"},"content":{"rendered":"<h2>Ricarica<\/h2>\n<p>1. Riempimento tramite coperchio del serbatoio<br \/>\nSvitare il tappo del contenitore della pompa di lubrificazione dal serbatoio in senso antiorario. Collocare il coperchio del serbatoio in un luogo pulito, che non deve essere sporco.<br \/>\nRiempire il serbatoio del lubrificante dall&#039;alto fino al segno MAX della pompa di lubrificazione e aggiungere lubrificante il pi\u00f9 possibile senza formare bolle.<br \/>\nReinstallare il coperchio del serbatoio della pompa di lubrificazione in senso orario.<br \/>\n2. Riempimento tramite il nipplo di riempimento<br \/>\nCollegare il raccordo di riempimento della pompa di lubrificazione alla pompa di riempimento.<br \/>\nAccendere la pompa di riempimento e riempire con lubrificante fino al segno MAX.<br \/>\nSpegnere la pompa di riempimento e rimuovere il raccordo di riempimento della pompa di lubrificazione.<\/p>\n<h2>Specificazione<\/h2>\n<table>\n<tbody>\n<tr>\n<td>Temperatura di esercizio<\/td>\n<td>(da -40\u00b0C a +70\u00b0C)<\/td>\n<\/tr>\n<tr>\n<td>Numero di punti vendita<\/td>\n<td>1, 2 o 3<\/td>\n<\/tr>\n<tr>\n<td>Capacit\u00e0 del serbatoio<\/td>\n<td>2L, 4L, 8L<\/td>\n<\/tr>\n<tr>\n<td>Ricarica<\/td>\n<td>Raccordo di lubrificazione idraulica o dall&#039;alto<\/td>\n<\/tr>\n<tr>\n<td>Lubrificante<\/td>\n<td>Grassi di grado almeno NLGI 2, Oli fino a 40mm\u00b2\/s (cSt) a 40\u00b0 C<\/td>\n<\/tr>\n<tr>\n<td>Classe di protezione<\/td>\n<td>IP6K 9K<\/td>\n<\/tr>\n<tr>\n<td>Diametro pistone, K5<\/td>\n<td>5 mm, circa 2 cm\u00b3\/min<\/td>\n<\/tr>\n<tr>\n<td>Diametro pistone, (standard) K6<\/td>\n<td>6 mm, circa 2,8 cm\u00b3\/min<\/td>\n<\/tr>\n<tr>\n<td>Diametro pistone, K7<\/td>\n<td>7 mm, circa 4 cm\u00b3\/min<\/td>\n<\/tr>\n<tr>\n<td>Pressione massima di esercizio<\/td>\n<td>350 bar<\/td>\n<\/tr>\n<tr>\n<td>Filettatura di collegamento<\/td>\n<td>Sol 1\/4<\/td>\n<\/tr>\n<tr>\n<td>Tensione di esercizio<\/td>\n<td>12 V CC, 24 V CC, 110-240 V CA<\/td>\n<\/tr>\n<\/tbody>\n<\/table>\n<h2>Applicazione<\/h2>\n<p>Utilizzare componenti puliti e linee di lubrificazione riempite di grasso per il sistema di lubrificazione.<br \/>\nIn linea di principio, il sistema di lubrificazione dovrebbe essere posato in modo tale che non si formino bolle.<br \/>\nQuando si installa un distributore all&#039;estremit\u00e0 della linea principale di lubrificazione, assicurarsi che l&#039;uscita del distributore del lubrificante sia rivolta verso l&#039;alto.<br \/>\nLe curve delle tubazioni, i gomiti, le guarnizioni sporgenti verso l&#039;interno e le transizioni inevitabili nella sezione trasversale devono essere il pi\u00f9 possibile delicate per garantire un flusso di lubrificante senza ostacoli.<\/p>\n<h2>Manuali<\/h2>\n<div class=\"sdm_download_button_box_default\"><div class=\"sdm_download_link\"><a href=\"https:\/\/www.jinpinlub.com\/it\/?sdm_process_download=1&download_id=2429\" class=\"sdm_download white\" title=\"Privato: J203 Grease Pump\" target=\"&quot;_blank&quot;\">Visualizza la scheda tecnica - Pompa per grasso J203<\/a><\/div><\/div>","protected":false},"excerpt":{"rendered":"<p>La pompa di lubrificazione J203 \u00e8 utilizzata con il dispositivo di dosaggio progressivo SSV per erogare in modo affidabile il lubrificante in quantit\u00e0 predeterminate. L&#039;SSV pu\u00f2 gestire elevate contropressioni, \u00e8 adatta a un&#039;ampia gamma di temperature e ha una pressione di esercizio massima di 350 bar.<\/p>","protected":false},"featured_media":3283,"template":"","meta":{"ocean_post_layout":"","ocean_both_sidebars_style":"","ocean_both_sidebars_content_width":0,"ocean_both_sidebars_sidebars_width":0,"ocean_sidebar":"0","ocean_second_sidebar":"0","ocean_disable_margins":"enable","ocean_add_body_class":"","ocean_shortcode_before_top_bar":"","ocean_shortcode_after_top_bar":"","ocean_shortcode_before_header":"","ocean_shortcode_after_header":"","ocean_has_shortcode":"","ocean_shortcode_after_title":"","ocean_shortcode_before_footer_widgets":"","ocean_shortcode_after_footer_widgets":"","ocean_shortcode_before_footer_bottom":"","ocean_shortcode_after_footer_bottom":"","ocean_display_top_bar":"default","ocean_display_header":"default","ocean_header_style":"","ocean_center_header_left_menu":"0","ocean_custom_header_template":"0","ocean_custom_logo":0,"ocean_custom_retina_logo":0,"ocean_custom_logo_max_width":0,"ocean_custom_logo_tablet_max_width":0,"ocean_custom_logo_mobile_max_width":0,"ocean_custom_logo_max_height":0,"ocean_custom_logo_tablet_max_height":0,"ocean_custom_logo_mobile_max_height":0,"ocean_header_custom_menu":"0","ocean_menu_typo_font_family":"0","ocean_menu_typo_font_subset":"","ocean_menu_typo_font_size":0,"ocean_menu_typo_font_size_tablet":0,"ocean_menu_typo_font_size_mobile":0,"ocean_menu_typo_font_size_unit":"px","ocean_menu_typo_font_weight":"","ocean_menu_typo_font_weight_tablet":"","ocean_menu_typo_font_weight_mobile":"","ocean_menu_typo_transform":"","ocean_menu_typo_transform_tablet":"","ocean_menu_typo_transform_mobile":"","ocean_menu_typo_line_height":0,"ocean_menu_typo_line_height_tablet":0,"ocean_menu_typo_line_height_mobile":0,"ocean_menu_typo_line_height_unit":"","ocean_menu_typo_spacing":0,"ocean_menu_typo_spacing_tablet":0,"ocean_menu_typo_spacing_mobile":0,"ocean_menu_typo_spacing_unit":"","ocean_menu_link_color":"","ocean_menu_link_color_hover":"","ocean_menu_link_color_active":"","ocean_menu_link_background":"","ocean_menu_link_hover_background":"","ocean_menu_link_active_background":"","ocean_menu_social_links_bg":"","ocean_menu_social_hover_links_bg":"","ocean_menu_social_links_color":"","ocean_menu_social_hover_links_color":"","ocean_disable_title":"default","ocean_disable_heading":"default","ocean_post_title":"","ocean_post_subheading":"","ocean_post_title_style":"","ocean_post_title_background_color":"","ocean_post_title_background":0,"ocean_post_title_bg_image_position":"","ocean_post_title_bg_image_attachment":"","ocean_post_title_bg_image_repeat":"","ocean_post_title_bg_image_size":"","ocean_post_title_height":0,"ocean_post_title_bg_overlay":0.5,"ocean_post_title_bg_overlay_color":"","ocean_disable_breadcrumbs":"default","ocean_breadcrumbs_color":"","ocean_breadcrumbs_separator_color":"","ocean_breadcrumbs_links_color":"","ocean_breadcrumbs_links_hover_color":"","ocean_display_footer_widgets":"default","ocean_display_footer_bottom":"default","ocean_custom_footer_template":"0","osh_disable_topbar_sticky":"default","osh_disable_header_sticky":"default","osh_sticky_header_style":"default","osh_sticky_header_effect":"","osh_custom_sticky_logo":0,"osh_custom_retina_sticky_logo":0,"osh_custom_sticky_logo_height":0,"osh_background_color":"","osh_links_color":"","osh_links_hover_color":"","osh_links_active_color":"","osh_links_bg_color":"","osh_links_hover_bg_color":"","osh_links_active_bg_color":"","osh_menu_social_links_color":"","osh_menu_social_hover_links_color":""},"product_brand":[],"product_cat":[42,41],"product_tag":[72,217,216],"class_list":{"0":"post-3339","1":"product","2":"type-product","3":"status-publish","4":"has-post-thumbnail","6":"product_cat-electric-progressive-pumps","7":"product_cat-progressive-grease-systems","8":"product_tag-lubrication-system","9":"product_tag-lubricator-with-controller","10":"product_tag-multiport-lubrication-pump","12":"entry","13":"has-media","15":"first","16":"instock","17":"shipping-taxable","18":"product-type-external","19":"col","20":"span_1_of_3","21":"owp-content-center","22":"owp-thumbs-layout-horizontal","23":"owp-btn-very-big","24":"owp-tabs-layout-horizontal"},"_links":{"self":[{"href":"https:\/\/www.jinpinlub.com\/it\/wp-json\/wp\/v2\/product\/3339","targetHints":{"allow":["GET"]}}],"collection":[{"href":"https:\/\/www.jinpinlub.com\/it\/wp-json\/wp\/v2\/product"}],"about":[{"href":"https:\/\/www.jinpinlub.com\/it\/wp-json\/wp\/v2\/types\/product"}],"wp:featuredmedia":[{"embeddable":true,"href":"https:\/\/www.jinpinlub.com\/it\/wp-json\/wp\/v2\/media\/3283"}],"wp:attachment":[{"href":"https:\/\/www.jinpinlub.com\/it\/wp-json\/wp\/v2\/media?parent=3339"}],"wp:term":[{"taxonomy":"product_brand","embeddable":true,"href":"https:\/\/www.jinpinlub.com\/it\/wp-json\/wp\/v2\/product_brand?post=3339"},{"taxonomy":"product_cat","embeddable":true,"href":"https:\/\/www.jinpinlub.com\/it\/wp-json\/wp\/v2\/product_cat?post=3339"},{"taxonomy":"product_tag","embeddable":true,"href":"https:\/\/www.jinpinlub.com\/it\/wp-json\/wp\/v2\/product_tag?post=3339"}],"curies":[{"name":"wp","href":"https:\/\/api.w.org\/{rel}","templated":true}]}}