{"id":3399,"date":"2024-08-27T03:21:06","date_gmt":"2024-08-26T19:21:06","guid":{"rendered":"https:\/\/www.jinpinlub.com\/?post_type=product&#038;p=3399"},"modified":"2024-10-16T11:29:29","modified_gmt":"2024-10-16T03:29:29","slug":"valvola-di-distribuzione-del-pistone-dpb-per-il-sistema-di-lubrificazione","status":"publish","type":"product","link":"https:\/\/www.jinpinlub.com\/it\/prodotto\/valvola-di-distribuzione-del-pistone-dpb-per-il-sistema-di-lubrificazione\/","title":{"rendered":"Valvola di distribuzione del pistone DPB per il sistema di lubrificazione"},"content":{"rendered":"<h2>Caratteristica<\/h2>\n<p><span id=\"input-sentence~0\">Precisione e accuratezza: gli iniettori DPB JINPINLUB sono progettati per fornire un&#039;erogazione di lubrificanti ad alta precisione, garantendo ogni volta quantit\u00e0 di lubrificazione costanti.<br \/>\nVersatilit\u00e0: gli iniettori della pompa di lubrificazione possono gestire un&#039;ampia gamma di fluidi, dagli oli fluidi ai grassi fluidi.<\/span><span id=\"input-sentence~1\"><br \/>\nDurata: gli iniettori di lubrificazione sono realizzati con materiali di alta qualit\u00e0 e sono in grado di resistere a condizioni operative difficili. Questa durata assicura la loro lunga durata, riducendo la necessit\u00e0 di frequenti sostituzioni e manutenzioni.<br \/>\nFacile integrazione: gli iniettori di lubrificante sono progettati per essere facilmente integrati nelle linee di produzione esistenti.<\/span><span id=\"input-sentence~2\"> Le dimensioni compatte e la compatibilit\u00e0 con una vasta gamma di sistemi di controllo li rendono una scelta conveniente per i produttori che desiderano aggiornare i propri processi di distribuzione.<\/span><\/p>\n<h2>Specificazione<\/h2>\n<table>\n<tbody>\n<tr>\n<td>Principio di funzionamento<\/td>\n<td>Distributore pressurizzato<\/td>\n<\/tr>\n<tr>\n<td>Punti vendita<\/td>\n<td>2, 3, 4, 5, 6, 8 ,10<\/td>\n<\/tr>\n<tr>\n<td>Quantit\u00e0 di dosaggio dell&#039;olio<\/td>\n<td>0,03, 0,06, 0,10, 0,16 mL\/ciclo<\/td>\n<\/tr>\n<tr>\n<td>Lubrificante<\/td>\n<td>32~90 cSt@40\u00b0C (Olio), \u2264NLGI 0 (Grasso)<\/td>\n<\/tr>\n<tr>\n<td>Temperatura di esercizio<\/td>\n<td>da 0 a +80 \u00b0C<\/td>\n<\/tr>\n<tr>\n<td>Pressione di esercizio<\/td>\n<td>8~30 bar (olio), 20~50 bar (grasso)<\/td>\n<\/tr>\n<tr>\n<td>Materiale<\/td>\n<td>Pressofusione di zinco, ottone<\/td>\n<\/tr>\n<tr>\n<td>Presa di collegamento<\/td>\n<td>Ingresso \u03a66 (M10x1), Uscita \u03a64 (M8x1)<\/td>\n<\/tr>\n<tr>\n<td>Raccordi di scarico<\/td>\n<td>Tipo di manicotto, tipo rapido<\/td>\n<\/tr>\n<tr>\n<td>Posizione di montaggio<\/td>\n<td>Qualunque<\/td>\n<\/tr>\n<\/tbody>\n<\/table>\n<h2>Applicazione<\/h2>\n<p><span id=\"input-sentence~2\">Viene utilizzato principalmente per sistemi di lubrificazione a spostamento positivo e i distributori di olio a spostamento positivo sono ampiamente utilizzati per la lubrificazione centralizzata di macchinari per la stampa, la plastica, l&#039;imballaggio, macchine utensili e altre attrezzature.<\/span><span id=\"input-sentence~3\"> Grazie alla struttura a pistone a molla, garantiscono un&#039;erogazione quantitativa di olio, garantendo che ogni punto di lubrificazione riceva una quantit\u00e0 precisa di olio lubrificante.<br \/>\nDurante il funzionamento della pompa dell&#039;olio, il distributore espelle il lubrificante tramite l&#039;azione della molla; quindi si ferma e rilascia la pressione, immagazzinando il lubrificante all&#039;interno del distributore. Tale progettazione rende il processo di lubrificazione pi\u00f9 efficace e affidabile.<\/span><\/p>\n<h2>Manuali<\/h2>\n<div class=\"sdm_download_button_box_default\"><div class=\"sdm_download_link\"><a href=\"https:\/\/www.jinpinlub.com\/it\/?sdm_process_download=1&download_id=2458\" class=\"sdm_download white\" title=\"Privato: DPB Lubrication Distributor\" target=\"&quot;_blank&quot;\">Visualizza la scheda tecnica - Distributore DPB<\/a><\/div><\/div>","protected":false},"excerpt":{"rendered":"<p>L&#039;iniettore a spostamento positivo PDB \u00e8 un dispositivo utilizzato per la distribuzione precisa del lubrificante, apprezzato per la sua capacit\u00e0 di gestire un&#039;ampia gamma di viscosit\u00e0 del lubrificante e per l&#039;elevata ripetibilit\u00e0, che lo rendono adatto per applicazioni che richiedono quantit\u00e0 di lubrificazione precise.<\/p>","protected":false},"featured_media":3361,"template":"","meta":{"ocean_post_layout":"","ocean_both_sidebars_style":"","ocean_both_sidebars_content_width":0,"ocean_both_sidebars_sidebars_width":0,"ocean_sidebar":"0","ocean_second_sidebar":"0","ocean_disable_margins":"enable","ocean_add_body_class":"","ocean_shortcode_before_top_bar":"","ocean_shortcode_after_top_bar":"","ocean_shortcode_before_header":"","ocean_shortcode_after_header":"","ocean_has_shortcode":"","ocean_shortcode_after_title":"","ocean_shortcode_before_footer_widgets":"","ocean_shortcode_after_footer_widgets":"","ocean_shortcode_before_footer_bottom":"","ocean_shortcode_after_footer_bottom":"","ocean_display_top_bar":"default","ocean_display_header":"default","ocean_header_style":"","ocean_center_header_left_menu":"0","ocean_custom_header_template":"0","ocean_custom_logo":0,"ocean_custom_retina_logo":0,"ocean_custom_logo_max_width":0,"ocean_custom_logo_tablet_max_width":0,"ocean_custom_logo_mobile_max_width":0,"ocean_custom_logo_max_height":0,"ocean_custom_logo_tablet_max_height":0,"ocean_custom_logo_mobile_max_height":0,"ocean_header_custom_menu":"0","ocean_menu_typo_font_family":"0","ocean_menu_typo_font_subset":"","ocean_menu_typo_font_size":0,"ocean_menu_typo_font_size_tablet":0,"ocean_menu_typo_font_size_mobile":0,"ocean_menu_typo_font_size_unit":"px","ocean_menu_typo_font_weight":"","ocean_menu_typo_font_weight_tablet":"","ocean_menu_typo_font_weight_mobile":"","ocean_menu_typo_transform":"","ocean_menu_typo_transform_tablet":"","ocean_menu_typo_transform_mobile":"","ocean_menu_typo_line_height":0,"ocean_menu_typo_line_height_tablet":0,"ocean_menu_typo_line_height_mobile":0,"ocean_menu_typo_line_height_unit":"","ocean_menu_typo_spacing":0,"ocean_menu_typo_spacing_tablet":0,"ocean_menu_typo_spacing_mobile":0,"ocean_menu_typo_spacing_unit":"","ocean_menu_link_color":"","ocean_menu_link_color_hover":"","ocean_menu_link_color_active":"","ocean_menu_link_background":"","ocean_menu_link_hover_background":"","ocean_menu_link_active_background":"","ocean_menu_social_links_bg":"","ocean_menu_social_hover_links_bg":"","ocean_menu_social_links_color":"","ocean_menu_social_hover_links_color":"","ocean_disable_title":"default","ocean_disable_heading":"default","ocean_post_title":"","ocean_post_subheading":"","ocean_post_title_style":"","ocean_post_title_background_color":"","ocean_post_title_background":0,"ocean_post_title_bg_image_position":"","ocean_post_title_bg_image_attachment":"","ocean_post_title_bg_image_repeat":"","ocean_post_title_bg_image_size":"","ocean_post_title_height":0,"ocean_post_title_bg_overlay":0.5,"ocean_post_title_bg_overlay_color":"","ocean_disable_breadcrumbs":"default","ocean_breadcrumbs_color":"","ocean_breadcrumbs_separator_color":"","ocean_breadcrumbs_links_color":"","ocean_breadcrumbs_links_hover_color":"","ocean_display_footer_widgets":"default","ocean_display_footer_bottom":"default","ocean_custom_footer_template":"0","osh_disable_topbar_sticky":"default","osh_disable_header_sticky":"default","osh_sticky_header_style":"default","osh_sticky_header_effect":"","osh_custom_sticky_logo":0,"osh_custom_retina_sticky_logo":0,"osh_custom_sticky_logo_height":0,"osh_background_color":"","osh_links_color":"","osh_links_hover_color":"","osh_links_active_color":"","osh_links_bg_color":"","osh_links_hover_bg_color":"","osh_links_active_bg_color":"","osh_menu_social_links_color":"","osh_menu_social_hover_links_color":""},"product_brand":[],"product_cat":[47,49],"product_tag":[236,235,80],"class_list":{"0":"post-3399","1":"product","2":"type-product","3":"status-publish","4":"has-post-thumbnail","6":"product_cat-volumetric-thin-oil-systems","7":"product_cat-volumetric-oil-injectors","8":"product_tag-lubrication-pump-distributor","9":"product_tag-oil-lubrication-divider","10":"product_tag-volumetric-oil-distributor","12":"entry","13":"has-media","15":"first","16":"instock","17":"shipping-taxable","18":"product-type-external","19":"col","20":"span_1_of_3","21":"owp-content-center","22":"owp-thumbs-layout-horizontal","23":"owp-btn-very-big","24":"owp-tabs-layout-horizontal"},"_links":{"self":[{"href":"https:\/\/www.jinpinlub.com\/it\/wp-json\/wp\/v2\/product\/3399","targetHints":{"allow":["GET"]}}],"collection":[{"href":"https:\/\/www.jinpinlub.com\/it\/wp-json\/wp\/v2\/product"}],"about":[{"href":"https:\/\/www.jinpinlub.com\/it\/wp-json\/wp\/v2\/types\/product"}],"wp:featuredmedia":[{"embeddable":true,"href":"https:\/\/www.jinpinlub.com\/it\/wp-json\/wp\/v2\/media\/3361"}],"wp:attachment":[{"href":"https:\/\/www.jinpinlub.com\/it\/wp-json\/wp\/v2\/media?parent=3399"}],"wp:term":[{"taxonomy":"product_brand","embeddable":true,"href":"https:\/\/www.jinpinlub.com\/it\/wp-json\/wp\/v2\/product_brand?post=3399"},{"taxonomy":"product_cat","embeddable":true,"href":"https:\/\/www.jinpinlub.com\/it\/wp-json\/wp\/v2\/product_cat?post=3399"},{"taxonomy":"product_tag","embeddable":true,"href":"https:\/\/www.jinpinlub.com\/it\/wp-json\/wp\/v2\/product_tag?post=3399"}],"curies":[{"name":"wp","href":"https:\/\/api.w.org\/{rel}","templated":true}]}}