{"id":3401,"date":"2024-08-27T03:36:41","date_gmt":"2024-08-26T19:36:41","guid":{"rendered":"https:\/\/www.jinpinlub.com\/?post_type=product&#038;p=3401"},"modified":"2024-08-27T03:40:41","modified_gmt":"2024-08-26T19:40:41","slug":"dpb-sistema-di-lubrificazione-pressurizzata-dispositivo-di-dosaggio-iniettore","status":"publish","type":"product","link":"https:\/\/www.jinpinlub.com\/it\/product\/dpb-pressurized-lubrication-system-metering-device-injector\/","title":{"rendered":"Dispositivo di dosaggio del sistema di lubrificazione pressurizzata DPB Iniettore"},"content":{"rendered":"<h2>Caratteristica<\/h2>\n<p><span id=\"input-sentence~0\">Volume di uscita fisso: i distributori DPB JINPINLUB forniscono una quantit\u00e0 precisa di lubrificante per ogni scarica, garantendo un effetto lubrificante costante e possono essere dotati di rilevatori.<br \/>\nPortate multiple: \u00e8 possibile selezionare 0,03, 0,06, 0,10 e 0,16 cc\/ciclo per soddisfare diverse esigenze.<\/span><span id=\"input-sentence~1\"><br \/>\nAmpia gamma di pressioni di esercizio: la pressione di esercizio minima \u00e8 di 8 bar e quella massima pu\u00f2 raggiungere i 50 bar, adatta a un&#039;ampia gamma di ambienti industriali.<br \/>\nViscosit\u00e0 dell&#039;olio applicabile: l&#039;iniettore dell&#039;olio \u00e8 adatto per oli con un intervallo di viscosit\u00e0 di 32-90 cSt a 40\u2103, garantendo il regolare funzionamento dell&#039;attrezzatura.<\/span><span id=\"input-sentence~2\"><br \/>\nUtilizzo con: Il distributore volumetrico deve essere utilizzato con un lubrificatore dell&#039;olio a rilascio di pressione per garantire l&#039;erogazione dell&#039;olio quando il lubrificatore \u00e8 in funzione.<\/span><\/p>\n<h2>Specificazione<\/h2>\n<table>\n<tbody>\n<tr>\n<td>Principio di funzionamento<\/td>\n<td>Distributore pressurizzato<\/td>\n<\/tr>\n<tr>\n<td>Punti vendita<\/td>\n<td>2, 3, 4, 5, 6, 8 ,10<\/td>\n<\/tr>\n<tr>\n<td>Quantit\u00e0 di dosaggio dell&#039;olio<\/td>\n<td>0,03, 0,06, 0,10, 0,16 mL\/ciclo<\/td>\n<\/tr>\n<tr>\n<td>Lubrificante<\/td>\n<td>32~90 cSt@40\u00b0C (Olio), \u2264NLGI 0 (Grasso)<\/td>\n<\/tr>\n<tr>\n<td>Temperatura di esercizio<\/td>\n<td>da 0 a +80 \u00b0C<\/td>\n<\/tr>\n<tr>\n<td>Pressione di esercizio<\/td>\n<td>8~30 bar (olio), 20~50 bar (grasso)<\/td>\n<\/tr>\n<tr>\n<td>Materiale<\/td>\n<td>Pressofusione di zinco, ottone<\/td>\n<\/tr>\n<tr>\n<td>Presa di collegamento<\/td>\n<td>Ingresso \u03a66 (M10x1), Uscita \u03a64 (M8x1)<\/td>\n<\/tr>\n<tr>\n<td>Raccordi di scarico<\/td>\n<td>Tipo di manicotto, tipo rapido<\/td>\n<\/tr>\n<tr>\n<td>Posizione di montaggio<\/td>\n<td>Qualunque<\/td>\n<\/tr>\n<\/tbody>\n<\/table>\n<h2>Applicazione<\/h2>\n<p>Scarico della pressione: questo tipo di distributore viene utilizzato insieme a un lubrificatore a olio di tipo scarico della pressione. Durante il funzionamento del lubrificatore, la pressione nel sistema aumenta.<br \/>\nScarico dell&#039;olio: con l&#039;aumento della pressione, il pistone spostato nel distributore scarica una quantit\u00e0 dosata di lubrificante su ciascuno dei punti di lubrificazione.<br \/>\nFlusso fisso: la quantit\u00e0 di lubrificante scaricata ogni volta \u00e8 fissa, garantendo che ogni punto di lubrificazione riceva una lubrificazione costante.<br \/>\nProcesso di ciclaggio: quando il lubrificatore smette di funzionare, la pressione del sistema viene rilasciata e il pistone torna nella posizione iniziale, pronto per il successivo ciclo di lubrificazione.<\/p>\n<h2>Manuali<\/h2>\n<div class=\"sdm_download_button_box_default\"><div class=\"sdm_download_link\"><a href=\"https:\/\/www.jinpinlub.com\/it\/?sdm_process_download=1&download_id=2458\" class=\"sdm_download white\" title=\"Privato: DPB Lubrication Distributor\" target=\"&quot;_blank&quot;\">Visualizza la scheda tecnica - Distributore DPB<\/a><\/div><\/div>","protected":false},"excerpt":{"rendered":"<p>L&#039;agente di pressione erogato dalla pompa di lubrificazione spinge il pistone nella camera di dosaggio per scaricare il lubrificante immagazzinato nella camera di dosaggio. Dopo che il lubrificante \u00e8 stato scaricato, il sistema viene depressurizzato e la camera di dosaggio immagazzina olio per il ciclo di lavoro successivo.<\/p>","protected":false},"featured_media":3369,"template":"","meta":{"ocean_post_layout":"","ocean_both_sidebars_style":"","ocean_both_sidebars_content_width":0,"ocean_both_sidebars_sidebars_width":0,"ocean_sidebar":"0","ocean_second_sidebar":"0","ocean_disable_margins":"enable","ocean_add_body_class":"","ocean_shortcode_before_top_bar":"","ocean_shortcode_after_top_bar":"","ocean_shortcode_before_header":"","ocean_shortcode_after_header":"","ocean_has_shortcode":"","ocean_shortcode_after_title":"","ocean_shortcode_before_footer_widgets":"","ocean_shortcode_after_footer_widgets":"","ocean_shortcode_before_footer_bottom":"","ocean_shortcode_after_footer_bottom":"","ocean_display_top_bar":"default","ocean_display_header":"default","ocean_header_style":"","ocean_center_header_left_menu":"0","ocean_custom_header_template":"0","ocean_custom_logo":0,"ocean_custom_retina_logo":0,"ocean_custom_logo_max_width":0,"ocean_custom_logo_tablet_max_width":0,"ocean_custom_logo_mobile_max_width":0,"ocean_custom_logo_max_height":0,"ocean_custom_logo_tablet_max_height":0,"ocean_custom_logo_mobile_max_height":0,"ocean_header_custom_menu":"0","ocean_menu_typo_font_family":"0","ocean_menu_typo_font_subset":"","ocean_menu_typo_font_size":0,"ocean_menu_typo_font_size_tablet":0,"ocean_menu_typo_font_size_mobile":0,"ocean_menu_typo_font_size_unit":"px","ocean_menu_typo_font_weight":"","ocean_menu_typo_font_weight_tablet":"","ocean_menu_typo_font_weight_mobile":"","ocean_menu_typo_transform":"","ocean_menu_typo_transform_tablet":"","ocean_menu_typo_transform_mobile":"","ocean_menu_typo_line_height":0,"ocean_menu_typo_line_height_tablet":0,"ocean_menu_typo_line_height_mobile":0,"ocean_menu_typo_line_height_unit":"","ocean_menu_typo_spacing":0,"ocean_menu_typo_spacing_tablet":0,"ocean_menu_typo_spacing_mobile":0,"ocean_menu_typo_spacing_unit":"","ocean_menu_link_color":"","ocean_menu_link_color_hover":"","ocean_menu_link_color_active":"","ocean_menu_link_background":"","ocean_menu_link_hover_background":"","ocean_menu_link_active_background":"","ocean_menu_social_links_bg":"","ocean_menu_social_hover_links_bg":"","ocean_menu_social_links_color":"","ocean_menu_social_hover_links_color":"","ocean_disable_title":"default","ocean_disable_heading":"default","ocean_post_title":"","ocean_post_subheading":"","ocean_post_title_style":"","ocean_post_title_background_color":"","ocean_post_title_background":0,"ocean_post_title_bg_image_position":"","ocean_post_title_bg_image_attachment":"","ocean_post_title_bg_image_repeat":"","ocean_post_title_bg_image_size":"","ocean_post_title_height":0,"ocean_post_title_bg_overlay":0.5,"ocean_post_title_bg_overlay_color":"","ocean_disable_breadcrumbs":"default","ocean_breadcrumbs_color":"","ocean_breadcrumbs_separator_color":"","ocean_breadcrumbs_links_color":"","ocean_breadcrumbs_links_hover_color":"","ocean_display_footer_widgets":"default","ocean_display_footer_bottom":"default","ocean_custom_footer_template":"0","osh_disable_topbar_sticky":"default","osh_disable_header_sticky":"default","osh_sticky_header_style":"default","osh_sticky_header_effect":"","osh_custom_sticky_logo":0,"osh_custom_retina_sticky_logo":0,"osh_custom_sticky_logo_height":0,"osh_background_color":"","osh_links_color":"","osh_links_hover_color":"","osh_links_active_color":"","osh_links_bg_color":"","osh_links_hover_bg_color":"","osh_links_active_bg_color":"","osh_menu_social_links_color":"","osh_menu_social_hover_links_color":""},"product_brand":[],"product_cat":[49,47],"product_tag":[87,139,240],"class_list":{"0":"post-3401","1":"product","2":"type-product","3":"status-publish","4":"has-post-thumbnail","6":"product_cat-volumetric-oil-injectors","7":"product_cat-volumetric-thin-oil-systems","8":"product_tag-grease-distributor","9":"product_tag-oil-distributor","10":"product_tag-pressurized-distributor","12":"entry","13":"has-media","15":"first","16":"instock","17":"shipping-taxable","18":"product-type-external","19":"col","20":"span_1_of_3","21":"owp-content-center","22":"owp-thumbs-layout-horizontal","23":"owp-btn-very-big","24":"owp-tabs-layout-horizontal"},"_links":{"self":[{"href":"https:\/\/www.jinpinlub.com\/it\/wp-json\/wp\/v2\/product\/3401","targetHints":{"allow":["GET"]}}],"collection":[{"href":"https:\/\/www.jinpinlub.com\/it\/wp-json\/wp\/v2\/product"}],"about":[{"href":"https:\/\/www.jinpinlub.com\/it\/wp-json\/wp\/v2\/types\/product"}],"wp:featuredmedia":[{"embeddable":true,"href":"https:\/\/www.jinpinlub.com\/it\/wp-json\/wp\/v2\/media\/3369"}],"wp:attachment":[{"href":"https:\/\/www.jinpinlub.com\/it\/wp-json\/wp\/v2\/media?parent=3401"}],"wp:term":[{"taxonomy":"product_brand","embeddable":true,"href":"https:\/\/www.jinpinlub.com\/it\/wp-json\/wp\/v2\/product_brand?post=3401"},{"taxonomy":"product_cat","embeddable":true,"href":"https:\/\/www.jinpinlub.com\/it\/wp-json\/wp\/v2\/product_cat?post=3401"},{"taxonomy":"product_tag","embeddable":true,"href":"https:\/\/www.jinpinlub.com\/it\/wp-json\/wp\/v2\/product_tag?post=3401"}],"curies":[{"name":"wp","href":"https:\/\/api.w.org\/{rel}","templated":true}]}}