{"id":3403,"date":"2024-08-27T03:45:23","date_gmt":"2024-08-26T19:45:23","guid":{"rendered":"https:\/\/www.jinpinlub.com\/?post_type=product&#038;p=3403"},"modified":"2024-08-27T04:01:02","modified_gmt":"2024-08-26T20:01:02","slug":"distributori-di-grasso-pressurizzati-mgk-per-sistema-monolinea","status":"publish","type":"product","link":"https:\/\/www.jinpinlub.com\/it\/product\/mgk-pressurized-grease-distributors-for-single-line-system\/","title":{"rendered":"Distributori di grasso pressurizzati MGK per sistema monolinea"},"content":{"rendered":"<h2>Caratteristica<\/h2>\n<p>Dosaggio preciso: i distributori JINPINLUB MGK forniscono una quantit\u00e0 di lubrificante precisa per ogni ciclo di lubrificazione, garantendo le migliori condizioni dell&#039;attrezzatura.<br \/>\nVersatilit\u00e0: gli iniettori MGK sono adatti a un&#039;ampia gamma di lubrificanti con un intervallo di viscosit\u00e0 NLGI 000#, 00#, 00#.<br \/>\nElevata affidabilit\u00e0: il collettore \u00e8 realizzato in lega di alluminio e la valvola di dosaggio \u00e8 in ottone, il che garantisce l&#039;affidabilit\u00e0 e la durata complessiva a lungo termine del distributore di grasso.<br \/>\nFacilit\u00e0 d&#039;uso: la valvola di dosaggio del distributore MGK \u00e8 rimovibile e le valvole di dosaggio MG con diverse portate di uscita possono essere selezionate in base alle diverse esigenze di lubrificazione.<br \/>\nElevata adattabilit\u00e0: l&#039;ampio intervallo di temperatura di esercizio (da 0\u00b0C a 80\u00b0C) consente l&#039;adattamento a diversi ambienti di lavoro.<\/p>\n<h2>Specificazione<\/h2>\n<table>\n<tbody>\n<tr>\n<td>Principio di funzionamento<\/td>\n<td>Valvola di dosaggio di sicurezza<\/td>\n<\/tr>\n<tr>\n<td>Numero di punti vendita<\/td>\n<td>1, 2, 3, 4, 5<\/td>\n<\/tr>\n<tr>\n<td>Quantit\u00e0 di dosaggio<\/td>\n<td>0,03, 0,05, 0,13, 0,20, 0,30, 0,50 mL\/ciclo<\/td>\n<\/tr>\n<tr>\n<td>Lubrificante<\/td>\n<td>Grasso NLGI 000#, 00#.<\/td>\n<\/tr>\n<tr>\n<td>Temperatura di esercizio<\/td>\n<td>da 0 a +80 \u00b0C<\/td>\n<\/tr>\n<tr>\n<td>Pressione di esercizio<\/td>\n<td>0,5~1,5 MPa<\/td>\n<\/tr>\n<tr>\n<td>Materiale<\/td>\n<td>Rame, lega di alluminio<\/td>\n<\/tr>\n<tr>\n<td>Presa di collegamento<\/td>\n<td>Ingresso Rc1\/8, Uscita \u03a64(Rc1\/8)<\/td>\n<\/tr>\n<tr>\n<td>Raccordi di scarico<\/td>\n<td>Tipo di manicotto, tipo rapido<\/td>\n<\/tr>\n<tr>\n<td>Posizione di montaggio<\/td>\n<td>Qualunque<\/td>\n<\/tr>\n<\/tbody>\n<\/table>\n<h2>Applicazione<\/h2>\n<p>I distributori di grasso MGK sono ampiamente utilizzati in varie apparecchiature industriali che richiedono una lubrificazione precisa. Le valvole di dosaggio sul distributore possono essere montate e smontate liberamente, il che \u00e8 comodo per la personalizzazione o la manutenzione e la sostituzione.<br \/>\nLa valvola di dosaggio del grasso \u00e8 utilizzata principalmente in sistemi di lubrificazione di medie e grandi dimensioni, ma pu\u00f2 anche essere applicata ad apparecchiature meccaniche con elevata precisione nella lubrificazione, come macchine utensili, macchinari per la lavorazione del legno, macchinari tessili, macchinari per imballaggio, macchinari per la plastica, macchinari per il vetro e macchinari per la stampa. Queste valvole di lubrificazione assicurano che l&#039;apparecchiatura funzioni normalmente con una lubrificazione precisa durante il funzionamento del sistema e ne prolungano la durata utile.<\/p>\n<h2>Manuali<\/h2>\n<div class=\"sdm_download_button_box_default\"><div class=\"sdm_download_link\"><a href=\"https:\/\/www.jinpinlub.com\/it\/?sdm_process_download=1&download_id=2470\" class=\"sdm_download white\" title=\"Privato: MGK Metering Valve\" target=\"&quot;_blank&quot;\">Visualizza la scheda tecnica - Valvola di dosaggio MGK<\/a><\/div><\/div>","protected":false},"excerpt":{"rendered":"<p>Quando la pompa \u00e8 in funzione, la pressione spinge il pistone a muoversi e il lubrificante nella camera di stoccaggio viene scaricato. Quando la pompa \u00e8 intermittente, la pressione nella linea principale viene rilasciata e il pistone ritorna sotto l&#039;azione della molla del pistone, pronto per il ciclo successivo.<\/p>","protected":false},"featured_media":3404,"template":"","meta":{"ocean_post_layout":"","ocean_both_sidebars_style":"","ocean_both_sidebars_content_width":0,"ocean_both_sidebars_sidebars_width":0,"ocean_sidebar":"0","ocean_second_sidebar":"0","ocean_disable_margins":"enable","ocean_add_body_class":"","ocean_shortcode_before_top_bar":"","ocean_shortcode_after_top_bar":"","ocean_shortcode_before_header":"","ocean_shortcode_after_header":"","ocean_has_shortcode":"","ocean_shortcode_after_title":"","ocean_shortcode_before_footer_widgets":"","ocean_shortcode_after_footer_widgets":"","ocean_shortcode_before_footer_bottom":"","ocean_shortcode_after_footer_bottom":"","ocean_display_top_bar":"default","ocean_display_header":"default","ocean_header_style":"","ocean_center_header_left_menu":"0","ocean_custom_header_template":"0","ocean_custom_logo":0,"ocean_custom_retina_logo":0,"ocean_custom_logo_max_width":0,"ocean_custom_logo_tablet_max_width":0,"ocean_custom_logo_mobile_max_width":0,"ocean_custom_logo_max_height":0,"ocean_custom_logo_tablet_max_height":0,"ocean_custom_logo_mobile_max_height":0,"ocean_header_custom_menu":"0","ocean_menu_typo_font_family":"0","ocean_menu_typo_font_subset":"","ocean_menu_typo_font_size":0,"ocean_menu_typo_font_size_tablet":0,"ocean_menu_typo_font_size_mobile":0,"ocean_menu_typo_font_size_unit":"px","ocean_menu_typo_font_weight":"","ocean_menu_typo_font_weight_tablet":"","ocean_menu_typo_font_weight_mobile":"","ocean_menu_typo_transform":"","ocean_menu_typo_transform_tablet":"","ocean_menu_typo_transform_mobile":"","ocean_menu_typo_line_height":0,"ocean_menu_typo_line_height_tablet":0,"ocean_menu_typo_line_height_mobile":0,"ocean_menu_typo_line_height_unit":"","ocean_menu_typo_spacing":0,"ocean_menu_typo_spacing_tablet":0,"ocean_menu_typo_spacing_mobile":0,"ocean_menu_typo_spacing_unit":"","ocean_menu_link_color":"","ocean_menu_link_color_hover":"","ocean_menu_link_color_active":"","ocean_menu_link_background":"","ocean_menu_link_hover_background":"","ocean_menu_link_active_background":"","ocean_menu_social_links_bg":"","ocean_menu_social_hover_links_bg":"","ocean_menu_social_links_color":"","ocean_menu_social_hover_links_color":"","ocean_disable_title":"default","ocean_disable_heading":"default","ocean_post_title":"","ocean_post_subheading":"","ocean_post_title_style":"","ocean_post_title_background_color":"","ocean_post_title_background":0,"ocean_post_title_bg_image_position":"","ocean_post_title_bg_image_attachment":"","ocean_post_title_bg_image_repeat":"","ocean_post_title_bg_image_size":"","ocean_post_title_height":0,"ocean_post_title_bg_overlay":0.5,"ocean_post_title_bg_overlay_color":"","ocean_disable_breadcrumbs":"default","ocean_breadcrumbs_color":"","ocean_breadcrumbs_separator_color":"","ocean_breadcrumbs_links_color":"","ocean_breadcrumbs_links_hover_color":"","ocean_display_footer_widgets":"default","ocean_display_footer_bottom":"default","ocean_custom_footer_template":"0","osh_disable_topbar_sticky":"default","osh_disable_header_sticky":"default","osh_sticky_header_style":"default","osh_sticky_header_effect":"","osh_custom_sticky_logo":0,"osh_custom_retina_sticky_logo":0,"osh_custom_sticky_logo_height":0,"osh_background_color":"","osh_links_color":"","osh_links_hover_color":"","osh_links_active_color":"","osh_links_bg_color":"","osh_links_hover_bg_color":"","osh_links_active_bg_color":"","osh_menu_social_links_color":"","osh_menu_social_hover_links_color":""},"product_brand":[],"product_cat":[40,37],"product_tag":[87,85,86],"class_list":{"0":"post-3403","1":"product","2":"type-product","3":"status-publish","4":"has-post-thumbnail","6":"product_cat-pressure-relief-metering-valves","7":"product_cat-single-line-grease-systems","8":"product_tag-grease-distributor","9":"product_tag-pressure-relief-metering-valve","10":"product_tag-single-line-distributor","12":"entry","13":"has-media","15":"first","16":"instock","17":"shipping-taxable","18":"product-type-external","19":"col","20":"span_1_of_3","21":"owp-content-center","22":"owp-thumbs-layout-horizontal","23":"owp-btn-very-big","24":"owp-tabs-layout-horizontal"},"_links":{"self":[{"href":"https:\/\/www.jinpinlub.com\/it\/wp-json\/wp\/v2\/product\/3403","targetHints":{"allow":["GET"]}}],"collection":[{"href":"https:\/\/www.jinpinlub.com\/it\/wp-json\/wp\/v2\/product"}],"about":[{"href":"https:\/\/www.jinpinlub.com\/it\/wp-json\/wp\/v2\/types\/product"}],"wp:featuredmedia":[{"embeddable":true,"href":"https:\/\/www.jinpinlub.com\/it\/wp-json\/wp\/v2\/media\/3404"}],"wp:attachment":[{"href":"https:\/\/www.jinpinlub.com\/it\/wp-json\/wp\/v2\/media?parent=3403"}],"wp:term":[{"taxonomy":"product_brand","embeddable":true,"href":"https:\/\/www.jinpinlub.com\/it\/wp-json\/wp\/v2\/product_brand?post=3403"},{"taxonomy":"product_cat","embeddable":true,"href":"https:\/\/www.jinpinlub.com\/it\/wp-json\/wp\/v2\/product_cat?post=3403"},{"taxonomy":"product_tag","embeddable":true,"href":"https:\/\/www.jinpinlub.com\/it\/wp-json\/wp\/v2\/product_tag?post=3403"}],"curies":[{"name":"wp","href":"https:\/\/api.w.org\/{rel}","templated":true}]}}