{"id":3547,"date":"2024-08-30T08:05:08","date_gmt":"2024-08-30T00:05:08","guid":{"rendered":"https:\/\/www.jinpinlub.com\/?post_type=product&#038;p=3547"},"modified":"2025-06-06T19:50:18","modified_gmt":"2025-06-06T11:50:18","slug":"jsvb-6-16-distributore-di-grasso-progressivo-per-macchina","status":"publish","type":"product","link":"https:\/\/www.jinpinlub.com\/it\/product\/jsvb-6-16-outlet-progressive-grease-distributor-for-machine\/","title":{"rendered":"Distributore di grasso progressivo JSVB 6-16 per macchina"},"content":{"rendered":"<h2>Caratteristiche<\/h2>\n<p>Elevata precisione: il distributore JINPIN JSVB controlla con estrema precisione la quantit\u00e0 di lubrificante distribuito, assicurando che ogni punto di lubrificazione venga lubrificato esattamente come previsto.<br \/>\nAffidabilit\u00e0: il distributore JSVB \u00e8 realizzato con materiali di alta qualit\u00e0, altamente resistenti all&#039;usura e alla corrosione, e quindi adatti a molte condizioni difficili.<br \/>\nStruttura modulare: il distributore JSVB pu\u00f2 essere installato e manutenuto con facilit\u00e0, e pu\u00f2 essere adattato e ampliato in modo flessibile in base alle esigenze.<br \/>\nAffidabilit\u00e0: il distributore JSVB mantiene una buona tenuta per evitare perdite di lubrificante.<\/p>\n<h2>Specificazione<\/h2>\n<table>\n<tbody>\n<tr>\n<td>Principio di funzionamento<\/td>\n<td>Dispositivi di misurazione<\/td>\n<\/tr>\n<tr>\n<td>Numero di punti vendita<\/td>\n<td>6-16<\/td>\n<\/tr>\n<tr>\n<td>Quantit\u00e0 di dosaggio<\/td>\n<td>0,17 ml\/ciclo<\/td>\n<\/tr>\n<tr>\n<td>Lubrificante<\/td>\n<td>Grasso fino a NLGI 2, olio 32-220cSt@40\u2103<\/td>\n<\/tr>\n<tr>\n<td>Temperatura di esercizio<\/td>\n<td>da \u201320 a +80 \u00b0C<\/td>\n<\/tr>\n<tr>\n<td>Pressione di esercizio<\/td>\n<td>Pressione massima 250 bar<\/td>\n<\/tr>\n<tr>\n<td>Materiale<\/td>\n<td>Zincato nero<\/td>\n<\/tr>\n<tr>\n<td>Ingresso di collegamento<\/td>\n<td>\u03a66(M10x1.0), \u03a68(M10x1.0)<\/td>\n<\/tr>\n<tr>\n<td>Presa di collegamento<\/td>\n<td>\u03a66(M10x1.0), \u03a68(M10x1.0)<\/td>\n<\/tr>\n<tr>\n<td>Posizione di montaggio<\/td>\n<td>Qualunque<\/td>\n<\/tr>\n<\/tbody>\n<\/table>\n<h2>Applicazione<\/h2>\n<p>Macchinari e attrezzature CNC: i distributori progressivi JSVB vengono utilizzati nei sistemi di lubrificazione di varie macchine utensili CNC per garantire il funzionamento efficiente delle apparecchiature.<br \/>\nTelaio per automobili: i distributori JSVB sono ampiamente utilizzati nei sistemi di lubrificazione del telaio di autobus e altri veicoli.<br \/>\nAttrezzature industriali: i distributori JSVB sono adatti ai sistemi di lubrificazione centralizzata di vari macchinari e attrezzature industriali per migliorare la durata utile e l&#039;efficienza operativa delle attrezzature.<\/p>\n<h2>Manuali<\/h2>\n<div class=\"sdm_download_button_box_default\"><div class=\"sdm_download_link\"><a href=\"https:\/\/www.jinpinlub.com\/it\/?sdm_process_download=1&download_id=4290\" class=\"sdm_download white\" title=\"Privato: JSVB Progressive Distributor\" target=\"&quot;_blank&quot;\">View Datasheet - JSVB Distributor<\/a><\/div><\/div>","protected":false},"excerpt":{"rendered":"<p>Il distributore JSV \u00e8 un distributore progressivo per il sistema di lubrificazione. Il numero di porte di alimentazione dell&#039;olio \u00e8 suddiviso in 6-16 e altre specifiche. Le porte di alimentazione dell&#039;olio possono essere dotate di connettori a valvola unidirezionale per impedire il ritorno dell&#039;olio scaricato.<\/p>","protected":false},"featured_media":3542,"template":"","meta":{"ocean_post_layout":"","ocean_both_sidebars_style":"","ocean_both_sidebars_content_width":0,"ocean_both_sidebars_sidebars_width":0,"ocean_sidebar":"0","ocean_second_sidebar":"0","ocean_disable_margins":"enable","ocean_add_body_class":"","ocean_shortcode_before_top_bar":"","ocean_shortcode_after_top_bar":"","ocean_shortcode_before_header":"","ocean_shortcode_after_header":"","ocean_has_shortcode":"","ocean_shortcode_after_title":"","ocean_shortcode_before_footer_widgets":"","ocean_shortcode_after_footer_widgets":"","ocean_shortcode_before_footer_bottom":"","ocean_shortcode_after_footer_bottom":"","ocean_display_top_bar":"default","ocean_display_header":"default","ocean_header_style":"","ocean_center_header_left_menu":"0","ocean_custom_header_template":"0","ocean_custom_logo":0,"ocean_custom_retina_logo":0,"ocean_custom_logo_max_width":0,"ocean_custom_logo_tablet_max_width":0,"ocean_custom_logo_mobile_max_width":0,"ocean_custom_logo_max_height":0,"ocean_custom_logo_tablet_max_height":0,"ocean_custom_logo_mobile_max_height":0,"ocean_header_custom_menu":"0","ocean_menu_typo_font_family":"0","ocean_menu_typo_font_subset":"","ocean_menu_typo_font_size":0,"ocean_menu_typo_font_size_tablet":0,"ocean_menu_typo_font_size_mobile":0,"ocean_menu_typo_font_size_unit":"px","ocean_menu_typo_font_weight":"","ocean_menu_typo_font_weight_tablet":"","ocean_menu_typo_font_weight_mobile":"","ocean_menu_typo_transform":"","ocean_menu_typo_transform_tablet":"","ocean_menu_typo_transform_mobile":"","ocean_menu_typo_line_height":0,"ocean_menu_typo_line_height_tablet":0,"ocean_menu_typo_line_height_mobile":0,"ocean_menu_typo_line_height_unit":"","ocean_menu_typo_spacing":0,"ocean_menu_typo_spacing_tablet":0,"ocean_menu_typo_spacing_mobile":0,"ocean_menu_typo_spacing_unit":"","ocean_menu_link_color":"","ocean_menu_link_color_hover":"","ocean_menu_link_color_active":"","ocean_menu_link_background":"","ocean_menu_link_hover_background":"","ocean_menu_link_active_background":"","ocean_menu_social_links_bg":"","ocean_menu_social_hover_links_bg":"","ocean_menu_social_links_color":"","ocean_menu_social_hover_links_color":"","ocean_disable_title":"default","ocean_disable_heading":"default","ocean_post_title":"","ocean_post_subheading":"","ocean_post_title_style":"","ocean_post_title_background_color":"","ocean_post_title_background":0,"ocean_post_title_bg_image_position":"","ocean_post_title_bg_image_attachment":"","ocean_post_title_bg_image_repeat":"","ocean_post_title_bg_image_size":"","ocean_post_title_height":0,"ocean_post_title_bg_overlay":0.5,"ocean_post_title_bg_overlay_color":"","ocean_disable_breadcrumbs":"default","ocean_breadcrumbs_color":"","ocean_breadcrumbs_separator_color":"","ocean_breadcrumbs_links_color":"","ocean_breadcrumbs_links_hover_color":"","ocean_display_footer_widgets":"default","ocean_display_footer_bottom":"default","ocean_custom_footer_template":"0","osh_disable_topbar_sticky":"default","osh_disable_header_sticky":"default","osh_sticky_header_style":"default","osh_sticky_header_effect":"","osh_custom_sticky_logo":0,"osh_custom_retina_sticky_logo":0,"osh_custom_sticky_logo_height":0,"osh_background_color":"","osh_links_color":"","osh_links_hover_color":"","osh_links_active_color":"","osh_links_bg_color":"","osh_links_hover_bg_color":"","osh_links_active_bg_color":"","osh_menu_social_links_color":"","osh_menu_social_hover_links_color":""},"product_brand":[],"product_cat":[44,41],"product_tag":[87,141,99],"class_list":{"0":"post-3547","1":"product","2":"type-product","3":"status-publish","4":"has-post-thumbnail","6":"product_cat-progressive-grease-dividers","7":"product_cat-progressive-grease-systems","8":"product_tag-grease-distributor","9":"product_tag-lubrication-distributor","10":"product_tag-progressive-distributor","12":"entry","13":"has-media","15":"first","16":"instock","17":"shipping-taxable","18":"product-type-external","19":"col","20":"span_1_of_3","21":"owp-content-center","22":"owp-thumbs-layout-horizontal","23":"owp-btn-very-big","24":"owp-tabs-layout-horizontal"},"_links":{"self":[{"href":"https:\/\/www.jinpinlub.com\/it\/wp-json\/wp\/v2\/product\/3547","targetHints":{"allow":["GET"]}}],"collection":[{"href":"https:\/\/www.jinpinlub.com\/it\/wp-json\/wp\/v2\/product"}],"about":[{"href":"https:\/\/www.jinpinlub.com\/it\/wp-json\/wp\/v2\/types\/product"}],"wp:featuredmedia":[{"embeddable":true,"href":"https:\/\/www.jinpinlub.com\/it\/wp-json\/wp\/v2\/media\/3542"}],"wp:attachment":[{"href":"https:\/\/www.jinpinlub.com\/it\/wp-json\/wp\/v2\/media?parent=3547"}],"wp:term":[{"taxonomy":"product_brand","embeddable":true,"href":"https:\/\/www.jinpinlub.com\/it\/wp-json\/wp\/v2\/product_brand?post=3547"},{"taxonomy":"product_cat","embeddable":true,"href":"https:\/\/www.jinpinlub.com\/it\/wp-json\/wp\/v2\/product_cat?post=3547"},{"taxonomy":"product_tag","embeddable":true,"href":"https:\/\/www.jinpinlub.com\/it\/wp-json\/wp\/v2\/product_tag?post=3547"}],"curies":[{"name":"wp","href":"https:\/\/api.w.org\/{rel}","templated":true}]}}