{"id":3557,"date":"2024-08-30T08:45:15","date_gmt":"2024-08-30T00:45:15","guid":{"rendered":"https:\/\/www.jinpinlub.com\/?post_type=product&#038;p=3557"},"modified":"2024-08-30T08:46:17","modified_gmt":"2024-08-30T00:46:17","slug":"jdl2-4-resistenza-motore-elettrico-pompa-olio-pompa-ingranaggi-per-cnc","status":"publish","type":"product","link":"https:\/\/www.jinpinlub.com\/it\/product\/jdl2-4-resistance-electric-motor-oil-pump-gear-pump-for-cnc\/","title":{"rendered":"JDL2-4 Resistenza motore elettrico pompa olio pompa ingranaggi per CNC"},"content":{"rendered":"<h2>Caratteristiche<\/h2>\n<p>Facile da installare e cablare: la pompa di lubrificazione Jinpinlub JDL2-4 ha un design semplice, che consente un&#039;installazione e una manutenzione rapide.<br \/>\nEccellenti prestazioni di autoadescamento: la pompa di lubrificazione \u00e8 in grado di autoadescare l&#039;olio lubrificante a una pressione inferiore per garantire un funzionamento stabile del sistema.<br \/>\nElevata portata: la pompa di lubrificazione fornisce un flusso stabile di olio lubrificante ed \u00e8 adatta a una vasta gamma di applicazioni industriali.<br \/>\nDiverse opzioni di serbatoi di stoccaggio dell&#039;olio: JDL2-4 fornisce serbatoi di stoccaggio dell&#039;olio in plastica ad alta resistenza da 2L, 3L e 4L per soddisfare diverse esigenze.<br \/>\nAccessori opzionali: pu\u00f2 essere dotato di pressostati e interruttori di basso livello del liquido in base alle esigenze del cliente per ottenere funzioni di controllo automatico e di allarme.<\/p>\n<h2>Specificazione<\/h2>\n<table>\n<tbody>\n<tr>\n<td>Modello<\/td>\n<td>JDL2<\/td>\n<\/tr>\n<tr>\n<td>Timer<\/td>\n<td>PLC<\/td>\n<\/tr>\n<tr>\n<td>Temperatura di esercizio<\/td>\n<td>Temperatura ambiente: da 0 a +50 \u00b0C<\/td>\n<\/tr>\n<tr>\n<td>Numero di punti vendita<\/td>\n<td>1<\/td>\n<\/tr>\n<tr>\n<td>Capacit\u00e0 del serbatoio<\/td>\n<td>2L, 3L, 4L (serbatoio in metallo o resina), 8L (serbatoio in metallo)<\/td>\n<\/tr>\n<tr>\n<td>Ricarica<\/td>\n<td>Dall&#039;alto<\/td>\n<\/tr>\n<tr>\n<td>Lubrificante<\/td>\n<td>Temperatura di esercizio: da 32 a 68 cSt a 40 \u2103<\/td>\n<\/tr>\n<tr>\n<td>Potenza del motore<\/td>\n<td>30W<\/td>\n<\/tr>\n<tr>\n<td>Scarico<\/td>\n<td>150 ml\/min<\/td>\n<\/tr>\n<tr>\n<td>Pressione massima di esercizio<\/td>\n<td>1,5 MPa<\/td>\n<\/tr>\n<tr>\n<td>Filettatura di collegamento<\/td>\n<td>Uscita \u03a66<\/td>\n<\/tr>\n<tr>\n<td>Tensione di esercizio<\/td>\n<td>110 V CA, 220 V CA<\/td>\n<\/tr>\n<tr>\n<td>Certificazione<\/td>\n<td>CE<\/td>\n<\/tr>\n<tr>\n<td>Posizione di montaggio<\/td>\n<td>Verticale<\/td>\n<\/tr>\n<\/tbody>\n<\/table>\n<h2>Applicazioni<\/h2>\n<p>JDL2-4 \u00e8 una pompa di lubrificazione completamente automatica controllata del tipo a ingranaggi, che ha le caratteristiche di bassa rumorosit\u00e0, alta efficienza, stabilit\u00e0 ad alta pressione e funzionamento semplice. \u00c8 adatta per la lubrificazione di ingranaggi, guide, catene, ecc. in macchine utensili, macchinari tessili, elevatori e macchinari per la lavorazione del legno. Pu\u00f2 essere utilizzata con accessori di lubrificazione centralizzata per ottenere l&#039;effetto di lubrificazione automatica con tempo e quantit\u00e0 fissi senza funzionamento manuale.<\/p>\n<h2>Manuali<\/h2>\n<div class=\"sdm_download_button_box_default\"><div class=\"sdm_download_link\"><a href=\"https:\/\/www.jinpinlub.com\/it\/?sdm_process_download=1&download_id=3010\" class=\"sdm_download white\" title=\"Privato: JDL2 Resistance Pump\" target=\"&quot;_blank&quot;\">Visualizza la scheda tecnica - Pompa JDL2<\/a><\/div><\/div>","protected":false},"excerpt":{"rendered":"<p>La pompa di lubrificazione elettrica JDL2-4 \u00e8 una pompa a ingranaggi con prestazioni autoadescanti e portata elevata. \u00c8 adatta per macchine utensili, macchinari per la plastica, macchinari tessili, ecc. Pu\u00f2 migliorare significativamente l&#039;effetto di lubrificazione delle apparecchiature e ridurre i costi di manutenzione.<\/p>","protected":false},"featured_media":3509,"template":"","meta":{"ocean_post_layout":"","ocean_both_sidebars_style":"","ocean_both_sidebars_content_width":0,"ocean_both_sidebars_sidebars_width":0,"ocean_sidebar":"0","ocean_second_sidebar":"0","ocean_disable_margins":"enable","ocean_add_body_class":"","ocean_shortcode_before_top_bar":"","ocean_shortcode_after_top_bar":"","ocean_shortcode_before_header":"","ocean_shortcode_after_header":"","ocean_has_shortcode":"","ocean_shortcode_after_title":"","ocean_shortcode_before_footer_widgets":"","ocean_shortcode_after_footer_widgets":"","ocean_shortcode_before_footer_bottom":"","ocean_shortcode_after_footer_bottom":"","ocean_display_top_bar":"default","ocean_display_header":"default","ocean_header_style":"","ocean_center_header_left_menu":"0","ocean_custom_header_template":"0","ocean_custom_logo":0,"ocean_custom_retina_logo":0,"ocean_custom_logo_max_width":0,"ocean_custom_logo_tablet_max_width":0,"ocean_custom_logo_mobile_max_width":0,"ocean_custom_logo_max_height":0,"ocean_custom_logo_tablet_max_height":0,"ocean_custom_logo_mobile_max_height":0,"ocean_header_custom_menu":"0","ocean_menu_typo_font_family":"0","ocean_menu_typo_font_subset":"","ocean_menu_typo_font_size":0,"ocean_menu_typo_font_size_tablet":0,"ocean_menu_typo_font_size_mobile":0,"ocean_menu_typo_font_size_unit":"px","ocean_menu_typo_font_weight":"","ocean_menu_typo_font_weight_tablet":"","ocean_menu_typo_font_weight_mobile":"","ocean_menu_typo_transform":"","ocean_menu_typo_transform_tablet":"","ocean_menu_typo_transform_mobile":"","ocean_menu_typo_line_height":0,"ocean_menu_typo_line_height_tablet":0,"ocean_menu_typo_line_height_mobile":0,"ocean_menu_typo_line_height_unit":"","ocean_menu_typo_spacing":0,"ocean_menu_typo_spacing_tablet":0,"ocean_menu_typo_spacing_mobile":0,"ocean_menu_typo_spacing_unit":"","ocean_menu_link_color":"","ocean_menu_link_color_hover":"","ocean_menu_link_color_active":"","ocean_menu_link_background":"","ocean_menu_link_hover_background":"","ocean_menu_link_active_background":"","ocean_menu_social_links_bg":"","ocean_menu_social_hover_links_bg":"","ocean_menu_social_links_color":"","ocean_menu_social_hover_links_color":"","ocean_disable_title":"default","ocean_disable_heading":"default","ocean_post_title":"","ocean_post_subheading":"","ocean_post_title_style":"","ocean_post_title_background_color":"","ocean_post_title_background":0,"ocean_post_title_bg_image_position":"","ocean_post_title_bg_image_attachment":"","ocean_post_title_bg_image_repeat":"","ocean_post_title_bg_image_size":"","ocean_post_title_height":0,"ocean_post_title_bg_overlay":0.5,"ocean_post_title_bg_overlay_color":"","ocean_disable_breadcrumbs":"default","ocean_breadcrumbs_color":"","ocean_breadcrumbs_separator_color":"","ocean_breadcrumbs_links_color":"","ocean_breadcrumbs_links_hover_color":"","ocean_display_footer_widgets":"default","ocean_display_footer_bottom":"default","ocean_custom_footer_template":"0","osh_disable_topbar_sticky":"default","osh_disable_header_sticky":"default","osh_sticky_header_style":"default","osh_sticky_header_effect":"","osh_custom_sticky_logo":0,"osh_custom_retina_sticky_logo":0,"osh_custom_sticky_logo_height":0,"osh_background_color":"","osh_links_color":"","osh_links_hover_color":"","osh_links_active_color":"","osh_links_bg_color":"","osh_links_hover_bg_color":"","osh_links_active_bg_color":"","osh_menu_social_links_color":"","osh_menu_social_hover_links_color":""},"product_brand":[],"product_cat":[51,50],"product_tag":[112,76,111],"class_list":{"0":"post-3557","1":"product","2":"type-product","3":"status-publish","4":"has-post-thumbnail","6":"product_cat-electric-resistance-pumps","7":"product_cat-resistance-thin-oil-systems","8":"product_tag-centralized-lubrication-system","9":"product_tag-electric-lubrication-system","10":"product_tag-oil-lubrication-pump","12":"entry","13":"has-media","15":"first","16":"instock","17":"shipping-taxable","18":"product-type-external","19":"col","20":"span_1_of_3","21":"owp-content-center","22":"owp-thumbs-layout-horizontal","23":"owp-btn-very-big","24":"owp-tabs-layout-horizontal"},"_links":{"self":[{"href":"https:\/\/www.jinpinlub.com\/it\/wp-json\/wp\/v2\/product\/3557","targetHints":{"allow":["GET"]}}],"collection":[{"href":"https:\/\/www.jinpinlub.com\/it\/wp-json\/wp\/v2\/product"}],"about":[{"href":"https:\/\/www.jinpinlub.com\/it\/wp-json\/wp\/v2\/types\/product"}],"wp:featuredmedia":[{"embeddable":true,"href":"https:\/\/www.jinpinlub.com\/it\/wp-json\/wp\/v2\/media\/3509"}],"wp:attachment":[{"href":"https:\/\/www.jinpinlub.com\/it\/wp-json\/wp\/v2\/media?parent=3557"}],"wp:term":[{"taxonomy":"product_brand","embeddable":true,"href":"https:\/\/www.jinpinlub.com\/it\/wp-json\/wp\/v2\/product_brand?post=3557"},{"taxonomy":"product_cat","embeddable":true,"href":"https:\/\/www.jinpinlub.com\/it\/wp-json\/wp\/v2\/product_cat?post=3557"},{"taxonomy":"product_tag","embeddable":true,"href":"https:\/\/www.jinpinlub.com\/it\/wp-json\/wp\/v2\/product_tag?post=3557"}],"curies":[{"name":"wp","href":"https:\/\/api.w.org\/{rel}","templated":true}]}}