{"id":3558,"date":"2024-08-30T08:46:35","date_gmt":"2024-08-30T00:46:35","guid":{"rendered":"https:\/\/www.jinpinlub.com\/?post_type=product&#038;p=3558"},"modified":"2024-08-30T08:49:35","modified_gmt":"2024-08-30T00:49:35","slug":"jdl3-4-pompa-elettrica-per-ingranaggi-dellolio-con-intervallo-e-display-digitale","status":"publish","type":"product","link":"https:\/\/www.jinpinlub.com\/it\/product\/jdl3-4-electric-interval-oil-gear-pump-with-digital-display\/","title":{"rendered":"Pompa elettrica ad ingranaggi per olio a intervalli JDL3-4 con display digitale"},"content":{"rendered":"<h2>Caratteristiche<\/h2>\n<p>Lubrificazione precisa: JDL3-4 \u00e8 una pompa di lubrificazione a iniezione a spostamento positivo, pertanto \u00e8 possibile controllare con precisione la quantit\u00e0 di lubrificazione in ogni punto di lubrificazione.<br \/>\nMonitoraggio del livello e della pressione del liquido: dotato di un interruttore di livello del liquido e di un pressostato opzionale, quando il volume o la pressione dell&#039;olio sono insufficienti, verr\u00e0 emesso un segnale anomalo.<br \/>\nProtezione contro il surriscaldamento: il motore della pompa di lubrificazione JDL3-4 \u00e8 dotato di una funzione di autoprotezione per prevenire il surriscaldamento e il sovraccarico.<br \/>\nFiltrazione a doppio strato: la pompa di lubrificazione JDL3-4 \u00e8 dotata di un filtro a doppio strato per rendere pi\u00f9 fluido il circuito dell&#039;olio.<br \/>\nLubrificazione forzata: questo sistema \u00e8 dotato di una funzione di lubrificazione forzata per garantire che la lubrificazione possa essere effettuata immediatamente quando necessario.<br \/>\nImpostazione dell&#039;ora: JDL3-4 Il tempo di lubrificazione e l&#039;intervallo di tempo possono essere impostati in base alle esigenze.<\/p>\n<h2>Specificazione<\/h2>\n<table>\n<tbody>\n<tr>\n<td>Modello<\/td>\n<td>Codice JDL3<\/td>\n<\/tr>\n<tr>\n<td>Tempo di lubrificazione<\/td>\n<td>1-999 minuti<\/td>\n<\/tr>\n<tr>\n<td>Tempo di intervallo<\/td>\n<td>1-999 minuti<\/td>\n<\/tr>\n<tr>\n<td>Temperatura di esercizio<\/td>\n<td>Temperatura ambiente: da 0 a +50 \u00b0C<\/td>\n<\/tr>\n<tr>\n<td>Numero di punti vendita<\/td>\n<td>1<\/td>\n<\/tr>\n<tr>\n<td>Capacit\u00e0 del serbatoio<\/td>\n<td>2L, 3L, 4L (serbatoio in metallo o resina), 8L (serbatoio in metallo)<\/td>\n<\/tr>\n<tr>\n<td>Ricarica<\/td>\n<td>Dall&#039;alto<\/td>\n<\/tr>\n<tr>\n<td>Lubrificante<\/td>\n<td>Temperatura di esercizio: da 32 a 68 cSt a 40 \u2103<\/td>\n<\/tr>\n<tr>\n<td>Potenza del motore<\/td>\n<td>30W<\/td>\n<\/tr>\n<tr>\n<td>Scarico<\/td>\n<td>150 ml\/min<\/td>\n<\/tr>\n<tr>\n<td>Pressione massima di esercizio<\/td>\n<td>1,8 MPa<\/td>\n<\/tr>\n<tr>\n<td>Filettatura di collegamento<\/td>\n<td>Uscita \u03a66<\/td>\n<\/tr>\n<tr>\n<td>Tensione di esercizio<\/td>\n<td>110 V CA, 220 V CA<\/td>\n<\/tr>\n<tr>\n<td>Certificazione<\/td>\n<td>CE<\/td>\n<\/tr>\n<tr>\n<td>Interruttore di basso livello<\/td>\n<td>Contatto NC<\/td>\n<\/tr>\n<\/tbody>\n<\/table>\n<h2>Applicazione<\/h2>\n<p>Manutenzione regolare: ogni mese \u00e8 necessario un controllo generale del sistema di lubrificazione per verificare che tutto funzioni correttamente.<br \/>\nUtilizzare lubrificanti adatti: il lubrificante deve essere selezionato in base alle condizioni di lavoro dell&#039;attrezzatura; l&#039;uso di olio di qualit\u00e0 inferiore \u00e8 severamente vietato.<br \/>\nRegistrare i registri di manutenzione: registrare le informazioni rilevanti dopo ogni manutenzione della pompa di lubrificazione per consultazioni e gestioni successive.<br \/>\nOperatori dei treni: informare gli operatori sulle modalit\u00e0 di utilizzo e manutenzione della pompa di lubrificazione, per ridurre i malfunzionamenti.<\/p>\n<h2>Manuali<\/h2>\n<div class=\"sdm_download_button_box_default\"><div class=\"sdm_download_link\"><a href=\"https:\/\/www.jinpinlub.com\/it\/?sdm_process_download=1&download_id=3015\" class=\"sdm_download white\" title=\"Privato: JDL3 Volumetric Oil Pump\" target=\"&quot;_blank&quot;\">Visualizza la scheda tecnica - Pompa JDL3<\/a><\/div><\/div>","protected":false},"excerpt":{"rendered":"<p>La pompa di lubrificazione a olio Jinpinlub JDL3-4 \u00e8 una pompa a ingranaggi a intervalli utilizzata per fornire una quantit\u00e0 precisa di olio lubrificante per garantire il normale funzionamento dell&#039;attrezzatura. \u00c8 dotata di una funzione di visualizzazione digitale, che \u00e8 comoda per gli utenti per monitorare e regolare i parametri di lubrificazione.<\/p>","protected":false},"featured_media":3517,"template":"","meta":{"ocean_post_layout":"","ocean_both_sidebars_style":"","ocean_both_sidebars_content_width":0,"ocean_both_sidebars_sidebars_width":0,"ocean_sidebar":"0","ocean_second_sidebar":"0","ocean_disable_margins":"enable","ocean_add_body_class":"","ocean_shortcode_before_top_bar":"","ocean_shortcode_after_top_bar":"","ocean_shortcode_before_header":"","ocean_shortcode_after_header":"","ocean_has_shortcode":"","ocean_shortcode_after_title":"","ocean_shortcode_before_footer_widgets":"","ocean_shortcode_after_footer_widgets":"","ocean_shortcode_before_footer_bottom":"","ocean_shortcode_after_footer_bottom":"","ocean_display_top_bar":"default","ocean_display_header":"default","ocean_header_style":"","ocean_center_header_left_menu":"0","ocean_custom_header_template":"0","ocean_custom_logo":0,"ocean_custom_retina_logo":0,"ocean_custom_logo_max_width":0,"ocean_custom_logo_tablet_max_width":0,"ocean_custom_logo_mobile_max_width":0,"ocean_custom_logo_max_height":0,"ocean_custom_logo_tablet_max_height":0,"ocean_custom_logo_mobile_max_height":0,"ocean_header_custom_menu":"0","ocean_menu_typo_font_family":"0","ocean_menu_typo_font_subset":"","ocean_menu_typo_font_size":0,"ocean_menu_typo_font_size_tablet":0,"ocean_menu_typo_font_size_mobile":0,"ocean_menu_typo_font_size_unit":"px","ocean_menu_typo_font_weight":"","ocean_menu_typo_font_weight_tablet":"","ocean_menu_typo_font_weight_mobile":"","ocean_menu_typo_transform":"","ocean_menu_typo_transform_tablet":"","ocean_menu_typo_transform_mobile":"","ocean_menu_typo_line_height":0,"ocean_menu_typo_line_height_tablet":0,"ocean_menu_typo_line_height_mobile":0,"ocean_menu_typo_line_height_unit":"","ocean_menu_typo_spacing":0,"ocean_menu_typo_spacing_tablet":0,"ocean_menu_typo_spacing_mobile":0,"ocean_menu_typo_spacing_unit":"","ocean_menu_link_color":"","ocean_menu_link_color_hover":"","ocean_menu_link_color_active":"","ocean_menu_link_background":"","ocean_menu_link_hover_background":"","ocean_menu_link_active_background":"","ocean_menu_social_links_bg":"","ocean_menu_social_hover_links_bg":"","ocean_menu_social_links_color":"","ocean_menu_social_hover_links_color":"","ocean_disable_title":"default","ocean_disable_heading":"default","ocean_post_title":"","ocean_post_subheading":"","ocean_post_title_style":"","ocean_post_title_background_color":"","ocean_post_title_background":0,"ocean_post_title_bg_image_position":"","ocean_post_title_bg_image_attachment":"","ocean_post_title_bg_image_repeat":"","ocean_post_title_bg_image_size":"","ocean_post_title_height":0,"ocean_post_title_bg_overlay":0.5,"ocean_post_title_bg_overlay_color":"","ocean_disable_breadcrumbs":"default","ocean_breadcrumbs_color":"","ocean_breadcrumbs_separator_color":"","ocean_breadcrumbs_links_color":"","ocean_breadcrumbs_links_hover_color":"","ocean_display_footer_widgets":"default","ocean_display_footer_bottom":"default","ocean_custom_footer_template":"0","osh_disable_topbar_sticky":"default","osh_disable_header_sticky":"default","osh_sticky_header_style":"default","osh_sticky_header_effect":"","osh_custom_sticky_logo":0,"osh_custom_retina_sticky_logo":0,"osh_custom_sticky_logo_height":0,"osh_background_color":"","osh_links_color":"","osh_links_hover_color":"","osh_links_active_color":"","osh_links_bg_color":"","osh_links_hover_bg_color":"","osh_links_active_bg_color":"","osh_menu_social_links_color":"","osh_menu_social_hover_links_color":""},"product_brand":[],"product_cat":[48,47],"product_tag":[76,287,288],"class_list":{"0":"post-3558","1":"product","2":"type-product","3":"status-publish","4":"has-post-thumbnail","6":"product_cat-electric-volumetric-pumps","7":"product_cat-volumetric-thin-oil-systems","8":"product_tag-electric-lubrication-system","9":"product_tag-pressure-relief-oil-pump","10":"product_tag-volumetric-oil-pump","12":"entry","13":"has-media","15":"first","16":"instock","17":"shipping-taxable","18":"product-type-external","19":"col","20":"span_1_of_3","21":"owp-content-center","22":"owp-thumbs-layout-horizontal","23":"owp-btn-very-big","24":"owp-tabs-layout-horizontal"},"_links":{"self":[{"href":"https:\/\/www.jinpinlub.com\/it\/wp-json\/wp\/v2\/product\/3558","targetHints":{"allow":["GET"]}}],"collection":[{"href":"https:\/\/www.jinpinlub.com\/it\/wp-json\/wp\/v2\/product"}],"about":[{"href":"https:\/\/www.jinpinlub.com\/it\/wp-json\/wp\/v2\/types\/product"}],"wp:featuredmedia":[{"embeddable":true,"href":"https:\/\/www.jinpinlub.com\/it\/wp-json\/wp\/v2\/media\/3517"}],"wp:attachment":[{"href":"https:\/\/www.jinpinlub.com\/it\/wp-json\/wp\/v2\/media?parent=3558"}],"wp:term":[{"taxonomy":"product_brand","embeddable":true,"href":"https:\/\/www.jinpinlub.com\/it\/wp-json\/wp\/v2\/product_brand?post=3558"},{"taxonomy":"product_cat","embeddable":true,"href":"https:\/\/www.jinpinlub.com\/it\/wp-json\/wp\/v2\/product_cat?post=3558"},{"taxonomy":"product_tag","embeddable":true,"href":"https:\/\/www.jinpinlub.com\/it\/wp-json\/wp\/v2\/product_tag?post=3558"}],"curies":[{"name":"wp","href":"https:\/\/api.w.org\/{rel}","templated":true}]}}