{"id":3568,"date":"2024-08-30T09:43:07","date_gmt":"2024-08-30T01:43:07","guid":{"rendered":"https:\/\/www.jinpinlub.com\/?post_type=product&#038;p=3568"},"modified":"2024-08-30T09:51:21","modified_gmt":"2024-08-30T01:51:21","slug":"lubrificatore-elettrico-a-punto-singolo-smd-250ml-con-dip-switch","status":"publish","type":"product","link":"https:\/\/www.jinpinlub.com\/it\/product\/smd-250ml-electric-single-point-lubricator-with-dip-switch\/","title":{"rendered":"Lubrificatore elettrico a punto singolo SMD da 250 ml con interruttore DIP"},"content":{"rendered":"<h2>Caratteristiche<\/h2>\n<p>Per applicazioni con temperature variabili, installazioni su lunghe distanze, come vibrazioni, spazi ristretti o ambienti pericolosi, la tecnologia SMD \u00e8 un&#039;opzione.<br \/>\n1. Il coperchio trasparente e il serbatoio dell&#039;olio trasparente facilitano l&#039;ispezione visiva.<br \/>\n2. La stessa unit\u00e0 di azionamento pu\u00f2 essere utilizzata con due capacit\u00e0, basta regolare l&#039;interruttore 125\/250 ml. L&#039;alimentazione pu\u00f2 essere un alimentatore esterno da 24 VDC o una batteria da 3 VDC.<br \/>\n3. La velocit\u00e0 di scarico \u00e8 indipendente dalla temperatura e la pressione di estrusione arriva fino a 6,5 bar.<br \/>\n4. Le spie LED rosso-giallo-verde indicano lo stato del lubrificatore.<br \/>\n5. Pu\u00f2 essere utilizzato per installazioni ravvicinate direttamente o collegato a un tubo.<br \/>\n6. Quando il grasso \u00e8 esaurito, sostituire la cartuccia e il pacco batteria.<br \/>\n7. Applicazioni in luoghi soggetti a restrizioni e pericolosi in cui sono richiesti affidabilit\u00e0 e monitoraggio aggiuntivo.<\/p>\n<h2>Specificazione<\/h2>\n<p>Lubrificanti: olio o grasso \u2264 NLGI #2<br \/>\nCapacit\u00e0 del serbatoio: 125 ml e 250 ml<br \/>\nTempo di svuotamento: 0,5, 1, 3, 6, 9 e 12 mesi<br \/>\nIntervallo di scarico: 0,3~0,8 ml\/giorno<br \/>\nTemperatura ambiente: -20~60\u2103<br \/>\nPressione di esercizio: massimo 6,5 bar<br \/>\nFilettatura di collegamento: R1\/4<br \/>\nTubo pi\u00f9 lungo: 3 m per grasso, 5 m per olio sottile<br \/>\nLivello di protezione: IP65<br \/>\nBatteria: SMD1-BAT (2 CR17505 in parallelo)<br \/>\nTempo di conservazione: 3 anni (20\u2103)<br \/>\nPeso dell&#039;olio intero: 600 g (125 ml), 800 g (250 ml)<\/p>\n<h2>Applicazioni<\/h2>\n<p>Lubrificazione dei cuscinetti volventi e scorrevoli: garantiscono il funzionamento regolare dei cuscinetti in ambienti ad alto rischio.<br \/>\nLubrificazione delle guide scorrevoli: viene eseguita con precisione per ridurre l&#039;attrito e l&#039;usura.<br \/>\nLubrificazione di ingranaggi e cremagliere aperti: mantiene intatta la lubrificazione anche sotto alta pressione e alta temperatura.<br \/>\nLubrificazione del mandrino e della guarnizione dell&#039;albero: protegge i componenti meccanici critici e ne prolunga la durata utile.<br \/>\nLubrificazione della catena: impedisce che le catene si arrugginiscano e si usurino in ambienti difficili.<br \/>\nLubrificazione del motore: particolarmente adatta per motori elettrici che necessitano di quantit\u00e0 di lubrificazione precise.<\/p>\n<h2>Manuali<\/h2>\n<div class=\"sdm_download_button_box_default\"><div class=\"sdm_download_link\"><a href=\"https:\/\/www.jinpinlub.com\/it\/?sdm_process_download=1&download_id=2477\" class=\"sdm_download white\" title=\"Privato: SMD Single-point Lubricator\" target=\"&quot;_blank&quot;\">Visualizza la scheda tecnica - Lubrificatore SMD<\/a><\/div><\/div>","protected":false},"excerpt":{"rendered":"<p>Il lubrificatore SML pu\u00f2 essere installato in qualsiasi luogo mobile, vibrante, subacqueo, ad alta quota o contaminato, e pu\u00f2 anche essere installato capovolto o orizzontalmente. Questo lubrificatore \u00e8 normalmente un prodotto monouso, ma pu\u00f2 essere riempito fino a tre volte ed \u00e8 facile da smaltire dopo l&#039;uso.<\/p>","protected":false},"featured_media":3564,"template":"","meta":{"ocean_post_layout":"","ocean_both_sidebars_style":"","ocean_both_sidebars_content_width":0,"ocean_both_sidebars_sidebars_width":0,"ocean_sidebar":"0","ocean_second_sidebar":"0","ocean_disable_margins":"enable","ocean_add_body_class":"","ocean_shortcode_before_top_bar":"","ocean_shortcode_after_top_bar":"","ocean_shortcode_before_header":"","ocean_shortcode_after_header":"","ocean_has_shortcode":"","ocean_shortcode_after_title":"","ocean_shortcode_before_footer_widgets":"","ocean_shortcode_after_footer_widgets":"","ocean_shortcode_before_footer_bottom":"","ocean_shortcode_after_footer_bottom":"","ocean_display_top_bar":"default","ocean_display_header":"default","ocean_header_style":"","ocean_center_header_left_menu":"0","ocean_custom_header_template":"0","ocean_custom_logo":0,"ocean_custom_retina_logo":0,"ocean_custom_logo_max_width":0,"ocean_custom_logo_tablet_max_width":0,"ocean_custom_logo_mobile_max_width":0,"ocean_custom_logo_max_height":0,"ocean_custom_logo_tablet_max_height":0,"ocean_custom_logo_mobile_max_height":0,"ocean_header_custom_menu":"0","ocean_menu_typo_font_family":"0","ocean_menu_typo_font_subset":"","ocean_menu_typo_font_size":0,"ocean_menu_typo_font_size_tablet":0,"ocean_menu_typo_font_size_mobile":0,"ocean_menu_typo_font_size_unit":"px","ocean_menu_typo_font_weight":"","ocean_menu_typo_font_weight_tablet":"","ocean_menu_typo_font_weight_mobile":"","ocean_menu_typo_transform":"","ocean_menu_typo_transform_tablet":"","ocean_menu_typo_transform_mobile":"","ocean_menu_typo_line_height":0,"ocean_menu_typo_line_height_tablet":0,"ocean_menu_typo_line_height_mobile":0,"ocean_menu_typo_line_height_unit":"","ocean_menu_typo_spacing":0,"ocean_menu_typo_spacing_tablet":0,"ocean_menu_typo_spacing_mobile":0,"ocean_menu_typo_spacing_unit":"","ocean_menu_link_color":"","ocean_menu_link_color_hover":"","ocean_menu_link_color_active":"","ocean_menu_link_background":"","ocean_menu_link_hover_background":"","ocean_menu_link_active_background":"","ocean_menu_social_links_bg":"","ocean_menu_social_hover_links_bg":"","ocean_menu_social_links_color":"","ocean_menu_social_hover_links_color":"","ocean_disable_title":"default","ocean_disable_heading":"default","ocean_post_title":"","ocean_post_subheading":"","ocean_post_title_style":"","ocean_post_title_background_color":"","ocean_post_title_background":0,"ocean_post_title_bg_image_position":"","ocean_post_title_bg_image_attachment":"","ocean_post_title_bg_image_repeat":"","ocean_post_title_bg_image_size":"","ocean_post_title_height":0,"ocean_post_title_bg_overlay":0.5,"ocean_post_title_bg_overlay_color":"","ocean_disable_breadcrumbs":"default","ocean_breadcrumbs_color":"","ocean_breadcrumbs_separator_color":"","ocean_breadcrumbs_links_color":"","ocean_breadcrumbs_links_hover_color":"","ocean_display_footer_widgets":"default","ocean_display_footer_bottom":"default","ocean_custom_footer_template":"0","osh_disable_topbar_sticky":"default","osh_disable_header_sticky":"default","osh_sticky_header_style":"default","osh_sticky_header_effect":"","osh_custom_sticky_logo":0,"osh_custom_retina_sticky_logo":0,"osh_custom_sticky_logo_height":0,"osh_background_color":"","osh_links_color":"","osh_links_hover_color":"","osh_links_active_color":"","osh_links_bg_color":"","osh_links_hover_bg_color":"","osh_links_active_bg_color":"","osh_menu_social_links_color":"","osh_menu_social_hover_links_color":""},"product_brand":[],"product_cat":[33],"product_tag":[292,291,103],"class_list":{"0":"post-3568","1":"product","2":"type-product","3":"status-publish","4":"has-post-thumbnail","6":"product_cat-single-point-lubricators","7":"product_tag-battery-single-point-lubricator","8":"product_tag-electric-single-point-lubricator","9":"product_tag-single-point-lubricator","11":"entry","12":"has-media","14":"first","15":"instock","16":"featured","17":"shipping-taxable","18":"product-type-external","19":"col","20":"span_1_of_3","21":"owp-content-center","22":"owp-thumbs-layout-horizontal","23":"owp-btn-very-big","24":"owp-tabs-layout-horizontal"},"_links":{"self":[{"href":"https:\/\/www.jinpinlub.com\/it\/wp-json\/wp\/v2\/product\/3568","targetHints":{"allow":["GET"]}}],"collection":[{"href":"https:\/\/www.jinpinlub.com\/it\/wp-json\/wp\/v2\/product"}],"about":[{"href":"https:\/\/www.jinpinlub.com\/it\/wp-json\/wp\/v2\/types\/product"}],"wp:featuredmedia":[{"embeddable":true,"href":"https:\/\/www.jinpinlub.com\/it\/wp-json\/wp\/v2\/media\/3564"}],"wp:attachment":[{"href":"https:\/\/www.jinpinlub.com\/it\/wp-json\/wp\/v2\/media?parent=3568"}],"wp:term":[{"taxonomy":"product_brand","embeddable":true,"href":"https:\/\/www.jinpinlub.com\/it\/wp-json\/wp\/v2\/product_brand?post=3568"},{"taxonomy":"product_cat","embeddable":true,"href":"https:\/\/www.jinpinlub.com\/it\/wp-json\/wp\/v2\/product_cat?post=3568"},{"taxonomy":"product_tag","embeddable":true,"href":"https:\/\/www.jinpinlub.com\/it\/wp-json\/wp\/v2\/product_tag?post=3568"}],"curies":[{"name":"wp","href":"https:\/\/api.w.org\/{rel}","templated":true}]}}