{"id":3666,"date":"2024-09-13T03:27:17","date_gmt":"2024-09-12T19:27:17","guid":{"rendered":"https:\/\/www.jinpinlub.com\/?post_type=product&#038;p=3666"},"modified":"2024-09-13T03:44:51","modified_gmt":"2024-09-12T19:44:51","slug":"pompa-elettrica-per-grasso-bsb-per-sistemi-di-lubrificazione-a-doppia-linea","status":"publish","type":"product","link":"https:\/\/www.jinpinlub.com\/it\/product\/bsb-electric-grease-pump-for-dual-line-lubrication-systems\/","title":{"rendered":"Pompa elettrica per grasso BSB per sistemi di lubrificazione a doppia linea"},"content":{"rendered":"<h2>Caratteristica<\/h2>\n<p>La pompa BSB \u00e8 composta da valvole a doppio stantuffo e da un serbatoio dell&#039;olio, ed \u00e8 azionata da un motore AC. Il moto rotatorio del motore viene convertito in moto alternativo dello stantuffo tramite una ruota eccentrica, ottenendo il processo di aspirazione e pressione dell&#039;olio. Questa pompa pu\u00f2 essere utilizzata sia per sistemi di lubrificazione a doppia linea che per sistemi progressivi a linea singola. La pompa deve essere installata al centro del sistema, in grado di fornire grasso fino a 1000 punti di lubrificazione. La lunghezza cumulativa dall&#039;uscita della pompa all&#039;estremit\u00e0 pi\u00f9 lontana della conduttura principale deve essere controllata entro 100 m.<br \/>\nPressione massima 40 MPa, grasso lubrificante NLGI 000-3# e olio \u2265N68, temperatura di esercizio -20\u2103~+80\u2103.<\/p>\n<h2>Specificazione<\/h2>\n<table>\n<tbody>\n<tr>\n<td>Temperatura di esercizio<\/td>\n<td>(da -20\u00b0C a +80\u00b0C)<\/td>\n<\/tr>\n<tr>\n<td>Numero di punti vendita<\/td>\n<td>1<\/td>\n<\/tr>\n<tr>\n<td>Capacit\u00e0 del serbatoio<\/td>\n<td>30L, 60L, 100L<\/td>\n<\/tr>\n<tr>\n<td>Ricarica<\/td>\n<td>Dall&#039;alto<\/td>\n<\/tr>\n<tr>\n<td>Lubrificante<\/td>\n<td>Grasso NLGI 000-3# e olio \u2265N68<\/td>\n<\/tr>\n<tr>\n<td>Classe di protezione<\/td>\n<td>IP6K 9K<\/td>\n<\/tr>\n<tr>\n<td>Motore 0,75 kW (80 giri\/min)<\/td>\n<td>120 ml\/min<\/td>\n<\/tr>\n<tr>\n<td>Motore 1,5 kW (160 giri\/min)<\/td>\n<td>235 ml\/min<\/td>\n<\/tr>\n<tr>\n<td>Motore 1,5 kW (250 giri\/min)<\/td>\n<td>365 ml\/min<\/td>\n<\/tr>\n<tr>\n<td>Pressione massima di esercizio<\/td>\n<td>400 bar<\/td>\n<\/tr>\n<tr>\n<td>Filettatura di collegamento<\/td>\n<td>Misura 3\/8<\/td>\n<\/tr>\n<tr>\n<td>Tensione di esercizio<\/td>\n<td>Trifase 380 V CA 50 Hz<\/td>\n<\/tr>\n<\/tbody>\n<\/table>\n<h2>Applicazione<\/h2>\n<p>Macchinari industriali: le pompe di lubrificazione della serie BSB possono essere applicate a grandi apparecchiature meccaniche quali presse, laminatoi e macchine per stampaggio a iniezione per la lubrificazione multi-punto.<br \/>\nAcciaierie: la richiesta di lubrificazione nel processo di produzione dell&#039;acciaio \u00e8 piuttosto elevata e le pompe per grasso BSB possono garantire il normale funzionamento delle apparecchiature.<br \/>\nLe attrezzature minerarie operano principalmente in condizioni ostili. Le pompe BSB possono solo aiutare a fornire una lubrificazione adeguata, prolungando la durata di servizio.<br \/>\nCartiere: la produzione di lastre di carta richiede una lubrificazione costante dei macchinari affinch\u00e9 la produzione sia efficace; questa \u00e8 una richiesta che le pompe BSB possono soddisfare.<br \/>\nCentrali elettriche: la lubrificazione delle apparecchiature per la generazione di energia \u00e8 molto importante in vista della stabilit\u00e0 nella produzione di energia. Inoltre, c&#039;\u00e8 un&#039;ampia applicazione delle pompe di lubrificazione a doppia linea BSB in questo campo.<\/p>\n<h2>Manuali<\/h2>\n<div class=\"sdm_download_button_box_default\"><div class=\"sdm_download_link\"><a href=\"https:\/\/www.jinpinlub.com\/it\/?sdm_process_download=1&download_id=3654\" class=\"sdm_download white\" title=\"Privato: BSB Dual-line Grease Pump\" target=\"&quot;_blank&quot;\">Visualizza la scheda tecnica - Pompa a doppia linea BSB<\/a><\/div><\/div>","protected":false},"excerpt":{"rendered":"<p>La pompa di lubrificazione elettrica a doppia linea BSB eroga lubrificante sotto pressione alla conduttura di alimentazione principale tramite una valvola di controllo elettrica o pneumatica, distribuendolo in modo uniforme e preciso ai punti di lubrificazione. Viene utilizzata in macchinari industriali, acciaierie e attrezzature minerarie.<\/p>","protected":false},"featured_media":3593,"template":"","meta":{"ocean_post_layout":"","ocean_both_sidebars_style":"","ocean_both_sidebars_content_width":0,"ocean_both_sidebars_sidebars_width":0,"ocean_sidebar":"0","ocean_second_sidebar":"0","ocean_disable_margins":"enable","ocean_add_body_class":"","ocean_shortcode_before_top_bar":"","ocean_shortcode_after_top_bar":"","ocean_shortcode_before_header":"","ocean_shortcode_after_header":"","ocean_has_shortcode":"","ocean_shortcode_after_title":"","ocean_shortcode_before_footer_widgets":"","ocean_shortcode_after_footer_widgets":"","ocean_shortcode_before_footer_bottom":"","ocean_shortcode_after_footer_bottom":"","ocean_display_top_bar":"default","ocean_display_header":"default","ocean_header_style":"","ocean_center_header_left_menu":"0","ocean_custom_header_template":"0","ocean_custom_logo":0,"ocean_custom_retina_logo":0,"ocean_custom_logo_max_width":0,"ocean_custom_logo_tablet_max_width":0,"ocean_custom_logo_mobile_max_width":0,"ocean_custom_logo_max_height":0,"ocean_custom_logo_tablet_max_height":0,"ocean_custom_logo_mobile_max_height":0,"ocean_header_custom_menu":"0","ocean_menu_typo_font_family":"0","ocean_menu_typo_font_subset":"","ocean_menu_typo_font_size":0,"ocean_menu_typo_font_size_tablet":0,"ocean_menu_typo_font_size_mobile":0,"ocean_menu_typo_font_size_unit":"px","ocean_menu_typo_font_weight":"","ocean_menu_typo_font_weight_tablet":"","ocean_menu_typo_font_weight_mobile":"","ocean_menu_typo_transform":"","ocean_menu_typo_transform_tablet":"","ocean_menu_typo_transform_mobile":"","ocean_menu_typo_line_height":0,"ocean_menu_typo_line_height_tablet":0,"ocean_menu_typo_line_height_mobile":0,"ocean_menu_typo_line_height_unit":"","ocean_menu_typo_spacing":0,"ocean_menu_typo_spacing_tablet":0,"ocean_menu_typo_spacing_mobile":0,"ocean_menu_typo_spacing_unit":"","ocean_menu_link_color":"","ocean_menu_link_color_hover":"","ocean_menu_link_color_active":"","ocean_menu_link_background":"","ocean_menu_link_hover_background":"","ocean_menu_link_active_background":"","ocean_menu_social_links_bg":"","ocean_menu_social_hover_links_bg":"","ocean_menu_social_links_color":"","ocean_menu_social_hover_links_color":"","ocean_disable_title":"default","ocean_disable_heading":"default","ocean_post_title":"","ocean_post_subheading":"","ocean_post_title_style":"","ocean_post_title_background_color":"","ocean_post_title_background":0,"ocean_post_title_bg_image_position":"","ocean_post_title_bg_image_attachment":"","ocean_post_title_bg_image_repeat":"","ocean_post_title_bg_image_size":"","ocean_post_title_height":0,"ocean_post_title_bg_overlay":0.5,"ocean_post_title_bg_overlay_color":"","ocean_disable_breadcrumbs":"default","ocean_breadcrumbs_color":"","ocean_breadcrumbs_separator_color":"","ocean_breadcrumbs_links_color":"","ocean_breadcrumbs_links_hover_color":"","ocean_display_footer_widgets":"default","ocean_display_footer_bottom":"default","ocean_custom_footer_template":"0","osh_disable_topbar_sticky":"default","osh_disable_header_sticky":"default","osh_sticky_header_style":"default","osh_sticky_header_effect":"","osh_custom_sticky_logo":0,"osh_custom_retina_sticky_logo":0,"osh_custom_sticky_logo_height":0,"osh_background_color":"","osh_links_color":"","osh_links_hover_color":"","osh_links_active_color":"","osh_links_bg_color":"","osh_links_hover_bg_color":"","osh_links_active_bg_color":"","osh_menu_social_links_color":"","osh_menu_social_hover_links_color":""},"product_brand":[],"product_cat":[35,34],"product_tag":[296,73,283],"class_list":{"0":"post-3666","1":"product","2":"type-product","3":"status-publish","4":"has-post-thumbnail","6":"product_cat-dual-line-lubrication-pumps","7":"product_cat-dual-line-lubrication-systems","8":"product_tag-dual-line-lubrication-pump","9":"product_tag-electric-lubrication-pump","10":"product_tag-electric-lubricator","12":"entry","13":"has-media","15":"first","16":"instock","17":"shipping-taxable","18":"product-type-external","19":"col","20":"span_1_of_3","21":"owp-content-center","22":"owp-thumbs-layout-horizontal","23":"owp-btn-very-big","24":"owp-tabs-layout-horizontal"},"_links":{"self":[{"href":"https:\/\/www.jinpinlub.com\/it\/wp-json\/wp\/v2\/product\/3666","targetHints":{"allow":["GET"]}}],"collection":[{"href":"https:\/\/www.jinpinlub.com\/it\/wp-json\/wp\/v2\/product"}],"about":[{"href":"https:\/\/www.jinpinlub.com\/it\/wp-json\/wp\/v2\/types\/product"}],"wp:featuredmedia":[{"embeddable":true,"href":"https:\/\/www.jinpinlub.com\/it\/wp-json\/wp\/v2\/media\/3593"}],"wp:attachment":[{"href":"https:\/\/www.jinpinlub.com\/it\/wp-json\/wp\/v2\/media?parent=3666"}],"wp:term":[{"taxonomy":"product_brand","embeddable":true,"href":"https:\/\/www.jinpinlub.com\/it\/wp-json\/wp\/v2\/product_brand?post=3666"},{"taxonomy":"product_cat","embeddable":true,"href":"https:\/\/www.jinpinlub.com\/it\/wp-json\/wp\/v2\/product_cat?post=3666"},{"taxonomy":"product_tag","embeddable":true,"href":"https:\/\/www.jinpinlub.com\/it\/wp-json\/wp\/v2\/product_tag?post=3666"}],"curies":[{"name":"wp","href":"https:\/\/api.w.org\/{rel}","templated":true}]}}