{"id":3678,"date":"2024-09-13T23:21:17","date_gmt":"2024-09-13T15:21:17","guid":{"rendered":"https:\/\/www.jinpinlub.com\/?post_type=product&#038;p=3678"},"modified":"2024-09-13T23:39:19","modified_gmt":"2024-09-13T15:39:19","slug":"vsg-kr-40mpa-distributore-a-doppia-linea-per-sistema-di-lubrificazione","status":"publish","type":"product","link":"https:\/\/www.jinpinlub.com\/it\/product\/vsg-kr-40mpa-dual-line-distributor-for-lubrication-system\/","title":{"rendered":"Distributore a doppia linea VSG-KR 40MPa per sistema di lubrificazione"},"content":{"rendered":"<h2>Caratteristica<\/h2>\n<p>Il distributore a doppia linea VSG-KR ha uscite sia in alto che in basso e quando il pistone del distributore si muove avanti e indietro, viene scaricato una volta dalle uscite su entrambi i lati. C&#039;\u00e8 una struttura di scarico dell&#039;olio combinata nelle corrispondenti uscite superiore e inferiore. Per modificare il numero dispari di uscite, basta regolare la direzione del manicotto di guida. Il funzionamento del distributore pu\u00f2 essere osservato dall&#039;azione dell&#039;asta indicatrice e lo scarico di ciascuna uscita pu\u00f2 essere regolato entro l&#039;intervallo specificato regolando le viti. Questo tipo di distributore \u00e8 utilizzato per sistemi di lubrificazione a grasso a doppia linea con una pressione nominale di 40 MPa.<\/p>\n<h2>Specificazione<\/h2>\n<table>\n<tbody>\n<tr>\n<td>Modello<\/td>\n<td>VSG-KR<\/td>\n<\/tr>\n<tr>\n<td>Pressione di esercizio<\/td>\n<td>40 MPa<\/td>\n<\/tr>\n<tr>\n<td>Pressione d&#039;azione<\/td>\n<td>\u22641,2 MPa<\/td>\n<\/tr>\n<tr>\n<td>Scarica nominale<\/td>\n<td>0 ~ 2,3 mL\/ciclo<\/td>\n<\/tr>\n<tr>\n<td>Regolazione del flusso della vite<\/td>\n<td>0,14 ml\/cerchio<\/td>\n<\/tr>\n<tr>\n<td>Numero di punti vendita<\/td>\n<td>2~8<\/td>\n<\/tr>\n<tr>\n<td>Lubrificante<\/td>\n<td>Grasso NLGI 0~2# o Olio \uff1e N68<\/td>\n<\/tr>\n<tr>\n<td>Temperatura di esercizio<\/td>\n<td>(-10 \u2103 ~ 80 \u2103)<\/td>\n<\/tr>\n<\/tbody>\n<\/table>\n<h2>Istruzione<\/h2>\n<p>Il mezzo utilizzato \u00e8 grasso lubrificante NLGI 0#~ 2# o olio lubrificante con grado di viscosit\u00e0 superiore a N68. La temperatura dell&#039;ambiente operativo \u00e8 -10 \u2103 ~ 80 \u2103. Se il mezzo utilizzato \u00e8 olio lubrificante, utilizzarlo a una pressione di 20 MPa.<br \/>\nSe \u00e8 necessario unire le prese superiore e inferiore, svitare la vite nel foro e tappare la presa non utilizzata con un tappo a vite G14 per evitare l&#039;infiltrazione di polvere.<br \/>\nSe la temperatura dell&#039;ambiente di installazione del distributore \u00e8 al di fuori dell&#039;intervallo -10 \u2103 ~ 80 \u2103, nel contratto d&#039;ordine \u00e8 necessario indicare la fornitura di guarnizioni per olio per basse e alte temperature.<\/p>\n<h2>Manuali<\/h2>\n<div class=\"sdm_download_button_box_default\"><div class=\"sdm_download_link\"><a href=\"https:\/\/www.jinpinlub.com\/it\/?sdm_process_download=1&download_id=3661\" class=\"sdm_download white\" title=\"Privato: VSG Distributor\" target=\"&quot;_blank&quot;\">Visualizza la scheda tecnica - Distributore VSG<\/a><\/div><\/div>","protected":false},"excerpt":{"rendered":"<p>L&#039;unit\u00e0 di dosaggio VSG \u00e8 un componente robusto per sistemi di lubrificazione a doppia linea, in grado di resistere a pressioni fino a 400 bar, realizzato in acciaio zincato e con un massimo di otto uscite, ciascuna dotata di un perno indicatore per il monitoraggio visivo.<\/p>","protected":false},"featured_media":3617,"template":"","meta":{"ocean_post_layout":"","ocean_both_sidebars_style":"","ocean_both_sidebars_content_width":0,"ocean_both_sidebars_sidebars_width":0,"ocean_sidebar":"0","ocean_second_sidebar":"0","ocean_disable_margins":"enable","ocean_add_body_class":"","ocean_shortcode_before_top_bar":"","ocean_shortcode_after_top_bar":"","ocean_shortcode_before_header":"","ocean_shortcode_after_header":"","ocean_has_shortcode":"","ocean_shortcode_after_title":"","ocean_shortcode_before_footer_widgets":"","ocean_shortcode_after_footer_widgets":"","ocean_shortcode_before_footer_bottom":"","ocean_shortcode_after_footer_bottom":"","ocean_display_top_bar":"default","ocean_display_header":"default","ocean_header_style":"","ocean_center_header_left_menu":"0","ocean_custom_header_template":"0","ocean_custom_logo":0,"ocean_custom_retina_logo":0,"ocean_custom_logo_max_width":0,"ocean_custom_logo_tablet_max_width":0,"ocean_custom_logo_mobile_max_width":0,"ocean_custom_logo_max_height":0,"ocean_custom_logo_tablet_max_height":0,"ocean_custom_logo_mobile_max_height":0,"ocean_header_custom_menu":"0","ocean_menu_typo_font_family":"0","ocean_menu_typo_font_subset":"","ocean_menu_typo_font_size":0,"ocean_menu_typo_font_size_tablet":0,"ocean_menu_typo_font_size_mobile":0,"ocean_menu_typo_font_size_unit":"px","ocean_menu_typo_font_weight":"","ocean_menu_typo_font_weight_tablet":"","ocean_menu_typo_font_weight_mobile":"","ocean_menu_typo_transform":"","ocean_menu_typo_transform_tablet":"","ocean_menu_typo_transform_mobile":"","ocean_menu_typo_line_height":0,"ocean_menu_typo_line_height_tablet":0,"ocean_menu_typo_line_height_mobile":0,"ocean_menu_typo_line_height_unit":"","ocean_menu_typo_spacing":0,"ocean_menu_typo_spacing_tablet":0,"ocean_menu_typo_spacing_mobile":0,"ocean_menu_typo_spacing_unit":"","ocean_menu_link_color":"","ocean_menu_link_color_hover":"","ocean_menu_link_color_active":"","ocean_menu_link_background":"","ocean_menu_link_hover_background":"","ocean_menu_link_active_background":"","ocean_menu_social_links_bg":"","ocean_menu_social_hover_links_bg":"","ocean_menu_social_links_color":"","ocean_menu_social_hover_links_color":"","ocean_disable_title":"default","ocean_disable_heading":"default","ocean_post_title":"","ocean_post_subheading":"","ocean_post_title_style":"","ocean_post_title_background_color":"","ocean_post_title_background":0,"ocean_post_title_bg_image_position":"","ocean_post_title_bg_image_attachment":"","ocean_post_title_bg_image_repeat":"","ocean_post_title_bg_image_size":"","ocean_post_title_height":0,"ocean_post_title_bg_overlay":0.5,"ocean_post_title_bg_overlay_color":"","ocean_disable_breadcrumbs":"default","ocean_breadcrumbs_color":"","ocean_breadcrumbs_separator_color":"","ocean_breadcrumbs_links_color":"","ocean_breadcrumbs_links_hover_color":"","ocean_display_footer_widgets":"default","ocean_display_footer_bottom":"default","ocean_custom_footer_template":"0","osh_disable_topbar_sticky":"default","osh_disable_header_sticky":"default","osh_sticky_header_style":"default","osh_sticky_header_effect":"","osh_custom_sticky_logo":0,"osh_custom_retina_sticky_logo":0,"osh_custom_sticky_logo_height":0,"osh_background_color":"","osh_links_color":"","osh_links_hover_color":"","osh_links_active_color":"","osh_links_bg_color":"","osh_links_hover_bg_color":"","osh_links_active_bg_color":"","osh_menu_social_links_color":"","osh_menu_social_hover_links_color":""},"product_brand":[],"product_cat":[36,34],"product_tag":[300,308,307],"class_list":{"0":"post-3678","1":"product","2":"type-product","3":"status-publish","4":"has-post-thumbnail","6":"product_cat-dual-line-divider-valves","7":"product_cat-dual-line-lubrication-systems","8":"product_tag-dual-line-distributor","9":"product_tag-vsg-grease-distributor","10":"product_tag-vsg-metering-valve","12":"entry","13":"has-media","15":"first","16":"instock","17":"shipping-taxable","18":"product-type-external","19":"col","20":"span_1_of_3","21":"owp-content-center","22":"owp-thumbs-layout-horizontal","23":"owp-btn-very-big","24":"owp-tabs-layout-horizontal"},"_links":{"self":[{"href":"https:\/\/www.jinpinlub.com\/it\/wp-json\/wp\/v2\/product\/3678","targetHints":{"allow":["GET"]}}],"collection":[{"href":"https:\/\/www.jinpinlub.com\/it\/wp-json\/wp\/v2\/product"}],"about":[{"href":"https:\/\/www.jinpinlub.com\/it\/wp-json\/wp\/v2\/types\/product"}],"wp:featuredmedia":[{"embeddable":true,"href":"https:\/\/www.jinpinlub.com\/it\/wp-json\/wp\/v2\/media\/3617"}],"wp:attachment":[{"href":"https:\/\/www.jinpinlub.com\/it\/wp-json\/wp\/v2\/media?parent=3678"}],"wp:term":[{"taxonomy":"product_brand","embeddable":true,"href":"https:\/\/www.jinpinlub.com\/it\/wp-json\/wp\/v2\/product_brand?post=3678"},{"taxonomy":"product_cat","embeddable":true,"href":"https:\/\/www.jinpinlub.com\/it\/wp-json\/wp\/v2\/product_cat?post=3678"},{"taxonomy":"product_tag","embeddable":true,"href":"https:\/\/www.jinpinlub.com\/it\/wp-json\/wp\/v2\/product_tag?post=3678"}],"curies":[{"name":"wp","href":"https:\/\/api.w.org\/{rel}","templated":true}]}}