{"id":3685,"date":"2024-09-14T00:12:37","date_gmt":"2024-09-13T16:12:37","guid":{"rendered":"https:\/\/www.jinpinlub.com\/?post_type=product&#038;p=3685"},"modified":"2024-09-14T00:24:20","modified_gmt":"2024-09-13T16:24:20","slug":"zv-b-distributore-a-doppia-linea-per-sistema-di-lubrificazione-a-doppia-linea","status":"publish","type":"product","link":"https:\/\/www.jinpinlub.com\/it\/product\/zv-b-dual-line-distributor-for-dual-line-lubrication-system\/","title":{"rendered":"Distributore a doppia linea ZV-B per sistema di lubrificazione a doppia linea"},"content":{"rendered":"<h2>Caratteristica<\/h2>\n<p>Il distributore a doppio filo ZVB \u00e8 adatto per sistemi di lubrificazione a doppia linea a grasso o olio da 40 MPa. Il distributore pu\u00f2 essere installato con tre opzioni: vite di dosaggio, dispositivo di regolazione e indicatore di movimento.<br \/>\n1. Per ZVB con shrew di misurazione, il volume misurato non pu\u00f2 essere regolato. Solo selezionando diversi shrew di misurazione dell&#039;indice \u00e8 possibile modificare il volume misurato.<br \/>\n2. ZVB con dispositivo di regolazione, il volume misurato pu\u00f2 essere regolato da zero all&#039;intervallo nominale e pu\u00f2 valutare se il distributore funziona correttamente osservando il dispositivo di regolazione.<br \/>\n3. ZVB con indicatore di movimento pu\u00f2 regolare il volume misurato entro un intervallo da zero a un intervallo nominale e pu\u00f2 controllare il volume misurato inviando un segnale tramite l&#039;interruttore di monitoraggio. Ogni distributore pu\u00f2 essere dotato di un solo dispositivo di regolazione.<\/p>\n<h2>Specificazione<\/h2>\n<table>\n<tbody>\n<tr>\n<td>Modello<\/td>\n<td>ZV-B<\/td>\n<\/tr>\n<tr>\n<td>Pressione di esercizio<\/td>\n<td>40 MPa<\/td>\n<\/tr>\n<tr>\n<td>Pressione d&#039;azione<\/td>\n<td>\u22641,0 MPa<\/td>\n<\/tr>\n<tr>\n<td>Uscita del pistone<\/td>\n<td>0,3 ml<\/td>\n<\/tr>\n<tr>\n<td>Scarico<\/td>\n<td>0,5, 1,5, 3,0 ml\/ciclo<\/td>\n<\/tr>\n<tr>\n<td>Numero di punti vendita<\/td>\n<td>2~8<\/td>\n<\/tr>\n<tr>\n<td>Lubrificante<\/td>\n<td>Grasso NLGI 0~3# o Olio \uff1e N68<\/td>\n<\/tr>\n<tr>\n<td>Temperatura di esercizio<\/td>\n<td>(-20 \u2103 ~ 80 \u2103)<\/td>\n<\/tr>\n<\/tbody>\n<\/table>\n<h2>Istruzione<\/h2>\n<p>1. Se utilizzato in ambienti polverosi, umidi e difficili, deve essere dotato di una copertura protettiva.<br \/>\n2. Il metodo di installazione parallelo \u00e8 preferito nel sistema a doppio filo. In secondo luogo, viene adottato il metodo di installazione in serie e le due spine G3\/8 all&#039;ingresso su un lato devono essere rimosse. Il numero massimo di connessioni seriali non pu\u00f2 superare due e possono essere installate in parallelo e in serie se necessario.<br \/>\n3. Il volume misurato ZVB-S con vite di misurazione non pu\u00f2 essere regolato; \u00e8 possibile selezionare solo la vite di misurazione con indice diverso per cambiare la vite di misurazione.<br \/>\n4. Per ZVB-M con dispositivo di regolazione, la regolazione del volume misurato deve ruotare la vite di regolazione del limitatore quando l&#039;asta \u00e8 retratta.<br \/>\n5. Per ZVB-L con indicatore di movimento, la regolazione del volume misurato deve essere eseguita con la leva dell&#039;indicatore retratta.<br \/>\n6. Se il numero di uscite deve essere dispari, rimuovere le viti tra le uscite corrispondenti e bloccare l&#039;uscita che non \u00e8 in uso con tappi G1\/4&quot;. Le uscite superiore e inferiore sono collegate e sia il movimento in avanti che quello indietro del pistone vengono scaricati da questa uscita.<br \/>\n7. Per facilitare lo smontaggio, \u00e8 meglio piegare la tubazione da ZVB ai punti di lubrificazione con un angolo di 90\u00b0 oppure utilizzare un giunto a manicotto.<br \/>\n8. La superficie di installazione del distributore deve essere liscia e piana e i bulloni di installazione non devono essere serrati troppo per evitare deformazioni e compromettere il normale funzionamento durante l&#039;uso.<br \/>\n9. Si consiglia di utilizzare viti GB70-85 M60 x 50 per l&#039;installazione e il fissaggio di ZVB-S e ZVB-M. Una piastra di base da 30 mm deve essere fornita tra le superfici di installazione di ZVB-L e viti speciali GB70-85 M6 x 85 devono essere utilizzate per l&#039;installazione e il fissaggio.<\/p>\n<h2>Manuali<\/h2>\n<div class=\"sdm_download_button_box_default\"><div class=\"sdm_download_link\"><a href=\"https:\/\/www.jinpinlub.com\/it\/?sdm_process_download=1&download_id=3665\" class=\"sdm_download white\" title=\"Privato: ZVB Distributor\" target=\"&quot;_blank&quot;\">Visualizza la scheda tecnica - Distributore ZVB<\/a><\/div><\/div>","protected":false},"excerpt":{"rendered":"<p>Il distributore ZV-B \u00e8 utilizzato nei sistemi di lubrificazione centralizzata a doppia linea ed \u00e8 adatto per olio e grasso. Misura e distribuisce lubrificanti ai punti di lubrificazione indipendentemente dalla contropressione. Le caratteristiche includono fino a 8 uscite, volumi di misurazione da 0,5 a 3,0 ml\/ciclo.<\/p>","protected":false},"featured_media":3635,"template":"","meta":{"ocean_post_layout":"","ocean_both_sidebars_style":"","ocean_both_sidebars_content_width":0,"ocean_both_sidebars_sidebars_width":0,"ocean_sidebar":"0","ocean_second_sidebar":"0","ocean_disable_margins":"enable","ocean_add_body_class":"","ocean_shortcode_before_top_bar":"","ocean_shortcode_after_top_bar":"","ocean_shortcode_before_header":"","ocean_shortcode_after_header":"","ocean_has_shortcode":"","ocean_shortcode_after_title":"","ocean_shortcode_before_footer_widgets":"","ocean_shortcode_after_footer_widgets":"","ocean_shortcode_before_footer_bottom":"","ocean_shortcode_after_footer_bottom":"","ocean_display_top_bar":"default","ocean_display_header":"default","ocean_header_style":"","ocean_center_header_left_menu":"0","ocean_custom_header_template":"0","ocean_custom_logo":0,"ocean_custom_retina_logo":0,"ocean_custom_logo_max_width":0,"ocean_custom_logo_tablet_max_width":0,"ocean_custom_logo_mobile_max_width":0,"ocean_custom_logo_max_height":0,"ocean_custom_logo_tablet_max_height":0,"ocean_custom_logo_mobile_max_height":0,"ocean_header_custom_menu":"0","ocean_menu_typo_font_family":"0","ocean_menu_typo_font_subset":"","ocean_menu_typo_font_size":0,"ocean_menu_typo_font_size_tablet":0,"ocean_menu_typo_font_size_mobile":0,"ocean_menu_typo_font_size_unit":"px","ocean_menu_typo_font_weight":"","ocean_menu_typo_font_weight_tablet":"","ocean_menu_typo_font_weight_mobile":"","ocean_menu_typo_transform":"","ocean_menu_typo_transform_tablet":"","ocean_menu_typo_transform_mobile":"","ocean_menu_typo_line_height":0,"ocean_menu_typo_line_height_tablet":0,"ocean_menu_typo_line_height_mobile":0,"ocean_menu_typo_line_height_unit":"","ocean_menu_typo_spacing":0,"ocean_menu_typo_spacing_tablet":0,"ocean_menu_typo_spacing_mobile":0,"ocean_menu_typo_spacing_unit":"","ocean_menu_link_color":"","ocean_menu_link_color_hover":"","ocean_menu_link_color_active":"","ocean_menu_link_background":"","ocean_menu_link_hover_background":"","ocean_menu_link_active_background":"","ocean_menu_social_links_bg":"","ocean_menu_social_hover_links_bg":"","ocean_menu_social_links_color":"","ocean_menu_social_hover_links_color":"","ocean_disable_title":"default","ocean_disable_heading":"default","ocean_post_title":"","ocean_post_subheading":"","ocean_post_title_style":"","ocean_post_title_background_color":"","ocean_post_title_background":0,"ocean_post_title_bg_image_position":"","ocean_post_title_bg_image_attachment":"","ocean_post_title_bg_image_repeat":"","ocean_post_title_bg_image_size":"","ocean_post_title_height":0,"ocean_post_title_bg_overlay":0.5,"ocean_post_title_bg_overlay_color":"","ocean_disable_breadcrumbs":"default","ocean_breadcrumbs_color":"","ocean_breadcrumbs_separator_color":"","ocean_breadcrumbs_links_color":"","ocean_breadcrumbs_links_hover_color":"","ocean_display_footer_widgets":"default","ocean_display_footer_bottom":"default","ocean_custom_footer_template":"0","osh_disable_topbar_sticky":"default","osh_disable_header_sticky":"default","osh_sticky_header_style":"default","osh_sticky_header_effect":"","osh_custom_sticky_logo":0,"osh_custom_retina_sticky_logo":0,"osh_custom_sticky_logo_height":0,"osh_background_color":"","osh_links_color":"","osh_links_hover_color":"","osh_links_active_color":"","osh_links_bg_color":"","osh_links_hover_bg_color":"","osh_links_active_bg_color":"","osh_menu_social_links_color":"","osh_menu_social_hover_links_color":""},"product_brand":[],"product_cat":[36,34],"product_tag":[314,313,301],"class_list":{"0":"post-3685","1":"product","2":"type-product","3":"status-publish","4":"has-post-thumbnail","6":"product_cat-dual-line-divider-valves","7":"product_cat-dual-line-lubrication-systems","8":"product_tag-distributor-zv-b","9":"product_tag-dual-line-metering-device","10":"product_tag-dual-line-metering-valve","12":"entry","13":"has-media","15":"first","16":"instock","17":"shipping-taxable","18":"product-type-external","19":"col","20":"span_1_of_3","21":"owp-content-center","22":"owp-thumbs-layout-horizontal","23":"owp-btn-very-big","24":"owp-tabs-layout-horizontal"},"_links":{"self":[{"href":"https:\/\/www.jinpinlub.com\/it\/wp-json\/wp\/v2\/product\/3685","targetHints":{"allow":["GET"]}}],"collection":[{"href":"https:\/\/www.jinpinlub.com\/it\/wp-json\/wp\/v2\/product"}],"about":[{"href":"https:\/\/www.jinpinlub.com\/it\/wp-json\/wp\/v2\/types\/product"}],"wp:featuredmedia":[{"embeddable":true,"href":"https:\/\/www.jinpinlub.com\/it\/wp-json\/wp\/v2\/media\/3635"}],"wp:attachment":[{"href":"https:\/\/www.jinpinlub.com\/it\/wp-json\/wp\/v2\/media?parent=3685"}],"wp:term":[{"taxonomy":"product_brand","embeddable":true,"href":"https:\/\/www.jinpinlub.com\/it\/wp-json\/wp\/v2\/product_brand?post=3685"},{"taxonomy":"product_cat","embeddable":true,"href":"https:\/\/www.jinpinlub.com\/it\/wp-json\/wp\/v2\/product_cat?post=3685"},{"taxonomy":"product_tag","embeddable":true,"href":"https:\/\/www.jinpinlub.com\/it\/wp-json\/wp\/v2\/product_tag?post=3685"}],"curies":[{"name":"wp","href":"https:\/\/api.w.org\/{rel}","templated":true}]}}