{"id":3739,"date":"2024-09-30T00:57:59","date_gmt":"2024-09-29T16:57:59","guid":{"rendered":"https:\/\/www.jinpinlub.com\/?post_type=product&#038;p=3739"},"modified":"2024-10-08T04:06:47","modified_gmt":"2024-10-07T20:06:47","slug":"pompa-di-lubrificazione-a-grasso-elettrica-automatica-jmg3-con-timer","status":"publish","type":"product","link":"https:\/\/www.jinpinlub.com\/it\/product\/jmg3-automatic-electric-grease-lubrication-pump-with-timer\/","title":{"rendered":"Pompa di lubrificazione a grasso elettrica automatica JMG3 con timer"},"content":{"rendered":"<h2>Caratteristiche<\/h2>\n<p>1. Il timer pu\u00f2 essere impostato su due modalit\u00e0 di azione:<br \/>\n\u2460 Lubrificare prima dell&#039;avviamento: la lubrificazione viene eseguita per prima all&#039;avviamento.<br \/>\n\u2461 Intervallo prima dell&#039;avvio: il tempo di intervallo viene eseguito per primo all&#039;avvio. Riaccendere e continuare il tempo di intervallo precedente.<br \/>\n2. \u00c8 possibile installare un pressostato opzionale per rilevare se il circuito dell&#039;olio \u00e8 danneggiato.<br \/>\n3. Il sensore di capacit\u00e0 opzionale pu\u00f2 rilevare un basso livello dell&#039;olio e inviare automaticamente un segnale.<br \/>\n4. Il manometro \u00e8 collegato per rilevare la pressione di azione della pompa dell&#039;olio. La cilindrata di 500 ml\/min \u00e8 opzionale.<br \/>\n5. Il timer pu\u00f2 essere impostato e ha una funzione di autobloccaggio per impedire ad altri di azionarlo a loro piacimento.<br \/>\n6. Il sistema pu\u00f2 utilizzare il tasto \u201cRST\u201d per forzare la lubrificazione o eliminare segnali di allarme anomali.<br \/>\n7. La pompa ad ingranaggi di terra \u00e8 dotata di un motore a induzione, che garantisce una pressione stabile, \u00e8 silenzioso, durevole e affidabile.<br \/>\n8. Deve essere utilizzato con <a href=\"https:\/\/www.jinpinlub.com\/it\/categoria-di-prodotto\/sistemi-di-lubrificazione-a-linea-singola\/valvole-di-dosaggio-di-sicurezza\/\" target=\"_blank\" rel=\"noopener\">distributori di pressione<\/a> per ottenere un effetto quantitativo sull&#039;offerta di petrolio.<\/p>\n<h2>Specificazione<\/h2>\n<table>\n<tbody>\n<tr>\n<td>Modello<\/td>\n<td>Il JMG3<\/td>\n<\/tr>\n<tr>\n<td>Tempo di lubrificazione<\/td>\n<td>1-999 secondi<\/td>\n<\/tr>\n<tr>\n<td>Tempo di intervallo<\/td>\n<td>1-999 minuti<\/td>\n<\/tr>\n<tr>\n<td>Temperatura di esercizio<\/td>\n<td>-10\u2103~ +60\u00b0C (le condizioni di bassa temperatura richiedono grasso antigelo)<\/td>\n<\/tr>\n<tr>\n<td>Numero di punti vendita<\/td>\n<td>1<\/td>\n<\/tr>\n<tr>\n<td>Capacit\u00e0 del serbatoio<\/td>\n<td>3L (serbatoio in resina), 4L, 6L, 8L, 20L (serbatoio in metallo)<\/td>\n<\/tr>\n<tr>\n<td>Ricarica<\/td>\n<td>Dall&#039;alto<\/td>\n<\/tr>\n<tr>\n<td>Lubrificante<\/td>\n<td>Italiano: NLGI 000#~00#<\/td>\n<\/tr>\n<tr>\n<td>Potenza del motore<\/td>\n<td>40W<\/td>\n<\/tr>\n<tr>\n<td>Scarico<\/td>\n<td>250 ml\/min<\/td>\n<\/tr>\n<tr>\n<td>Pressione massima di esercizio<\/td>\n<td>4,0 MPa<\/td>\n<\/tr>\n<tr>\n<td>Filettatura di collegamento<\/td>\n<td>Uscita \u03a66<\/td>\n<\/tr>\n<tr>\n<td>Tensione di esercizio<\/td>\n<td>110 V CA, 220 V CA, 12 V CC, 24 V CC<\/td>\n<\/tr>\n<tr>\n<td>Certificazione<\/td>\n<td>CE<\/td>\n<\/tr>\n<tr>\n<td>Interruttore di basso livello<\/td>\n<td>Contatto NC<\/td>\n<\/tr>\n<\/tbody>\n<\/table>\n<h2>Applicazioni<\/h2>\n<p>Attrezzature industriali: le pompe di lubrificazione della serie JMG3 possono essere utilizzate nelle fabbriche per la lubrificazione continua delle parti mobili di una macchina, come cuscinetti e ingranaggi, in modo che funzionino senza problemi.<br \/>\nAttrezzature edili: escavatori, caricatori, gru, ovvero macchinari pesanti, possono tutti avvalersi delle pompe di lubrificazione elettriche della serie JMG3, per una minore usura e prestazioni costanti.<br \/>\nIndustria mineraria e del cemento: le attrezzature in tali settori operano in condizioni molto difficili e la lubrificazione deve essere sufficientemente forte da evitare guasti che ne ridurrebbero la durata utile.<br \/>\nSettore alimentare e delle bevande: standard igienici con la pompa di lubrificazione automatica JMG3, contribuendo al contempo al funzionamento efficiente dei macchinari.<\/p>\n<h2>Manuali<\/h2>\n<div class=\"sdm_download_button_box_default\"><div class=\"sdm_download_link\"><a href=\"https:\/\/www.jinpinlub.com\/it\/?sdm_process_download=1&download_id=3737\" class=\"sdm_download white\" title=\"Privato: JMG Grease Pump\" target=\"&quot;_blank&quot;\">Visualizza la scheda tecnica - Pompa per grasso JMG<\/a><\/div><\/div>","protected":false},"excerpt":{"rendered":"<p>JMG3 \u00e8 una pompa di lubrificazione a grasso fluido azionata da una pompa a ingranaggi di terra. \u00c8 compatibile con lubrificanti da NLGI #000 a #00. Ed \u00e8 dotata di un manometro, un pulsante di lubrificazione forzata e un timer. \u00c8 stabile e durevole, con bassa rumorosit\u00e0 e basso costo.<\/p>","protected":false},"featured_media":3751,"template":"","meta":{"ocean_post_layout":"","ocean_both_sidebars_style":"","ocean_both_sidebars_content_width":0,"ocean_both_sidebars_sidebars_width":0,"ocean_sidebar":"0","ocean_second_sidebar":"0","ocean_disable_margins":"enable","ocean_add_body_class":"","ocean_shortcode_before_top_bar":"","ocean_shortcode_after_top_bar":"","ocean_shortcode_before_header":"","ocean_shortcode_after_header":"","ocean_has_shortcode":"","ocean_shortcode_after_title":"","ocean_shortcode_before_footer_widgets":"","ocean_shortcode_after_footer_widgets":"","ocean_shortcode_before_footer_bottom":"","ocean_shortcode_after_footer_bottom":"","ocean_display_top_bar":"default","ocean_display_header":"default","ocean_header_style":"","ocean_center_header_left_menu":"0","ocean_custom_header_template":"0","ocean_custom_logo":0,"ocean_custom_retina_logo":0,"ocean_custom_logo_max_width":0,"ocean_custom_logo_tablet_max_width":0,"ocean_custom_logo_mobile_max_width":0,"ocean_custom_logo_max_height":0,"ocean_custom_logo_tablet_max_height":0,"ocean_custom_logo_mobile_max_height":0,"ocean_header_custom_menu":"0","ocean_menu_typo_font_family":"0","ocean_menu_typo_font_subset":"","ocean_menu_typo_font_size":0,"ocean_menu_typo_font_size_tablet":0,"ocean_menu_typo_font_size_mobile":0,"ocean_menu_typo_font_size_unit":"px","ocean_menu_typo_font_weight":"","ocean_menu_typo_font_weight_tablet":"","ocean_menu_typo_font_weight_mobile":"","ocean_menu_typo_transform":"","ocean_menu_typo_transform_tablet":"","ocean_menu_typo_transform_mobile":"","ocean_menu_typo_line_height":0,"ocean_menu_typo_line_height_tablet":0,"ocean_menu_typo_line_height_mobile":0,"ocean_menu_typo_line_height_unit":"","ocean_menu_typo_spacing":0,"ocean_menu_typo_spacing_tablet":0,"ocean_menu_typo_spacing_mobile":0,"ocean_menu_typo_spacing_unit":"","ocean_menu_link_color":"","ocean_menu_link_color_hover":"","ocean_menu_link_color_active":"","ocean_menu_link_background":"","ocean_menu_link_hover_background":"","ocean_menu_link_active_background":"","ocean_menu_social_links_bg":"","ocean_menu_social_hover_links_bg":"","ocean_menu_social_links_color":"","ocean_menu_social_hover_links_color":"","ocean_disable_title":"default","ocean_disable_heading":"default","ocean_post_title":"","ocean_post_subheading":"","ocean_post_title_style":"","ocean_post_title_background_color":"","ocean_post_title_background":0,"ocean_post_title_bg_image_position":"","ocean_post_title_bg_image_attachment":"","ocean_post_title_bg_image_repeat":"","ocean_post_title_bg_image_size":"","ocean_post_title_height":0,"ocean_post_title_bg_overlay":0.5,"ocean_post_title_bg_overlay_color":"","ocean_disable_breadcrumbs":"default","ocean_breadcrumbs_color":"","ocean_breadcrumbs_separator_color":"","ocean_breadcrumbs_links_color":"","ocean_breadcrumbs_links_hover_color":"","ocean_display_footer_widgets":"default","ocean_display_footer_bottom":"default","ocean_custom_footer_template":"0","osh_disable_topbar_sticky":"default","osh_disable_header_sticky":"default","osh_sticky_header_style":"default","osh_sticky_header_effect":"","osh_custom_sticky_logo":0,"osh_custom_retina_sticky_logo":0,"osh_custom_sticky_logo_height":0,"osh_background_color":"","osh_links_color":"","osh_links_hover_color":"","osh_links_active_color":"","osh_links_bg_color":"","osh_links_hover_bg_color":"","osh_links_active_bg_color":"","osh_menu_social_links_color":"","osh_menu_social_hover_links_color":""},"product_brand":[],"product_cat":[38,37],"product_tag":[194,112,73,318,317],"class_list":{"0":"post-3739","1":"product","2":"type-product","3":"status-publish","4":"has-post-thumbnail","6":"product_cat-electric-pressure-relief-pumps","7":"product_cat-single-line-grease-systems","8":"product_tag-centralized-lubrication-pump","9":"product_tag-centralized-lubrication-system","10":"product_tag-electric-lubrication-pump","11":"product_tag-fluid-grease-pump","12":"product_tag-gear-lubrication-pump","14":"entry","15":"has-media","17":"first","18":"instock","19":"shipping-taxable","20":"product-type-external","21":"col","22":"span_1_of_3","23":"owp-content-center","24":"owp-thumbs-layout-horizontal","25":"owp-btn-very-big","26":"owp-tabs-layout-horizontal"},"_links":{"self":[{"href":"https:\/\/www.jinpinlub.com\/it\/wp-json\/wp\/v2\/product\/3739","targetHints":{"allow":["GET"]}}],"collection":[{"href":"https:\/\/www.jinpinlub.com\/it\/wp-json\/wp\/v2\/product"}],"about":[{"href":"https:\/\/www.jinpinlub.com\/it\/wp-json\/wp\/v2\/types\/product"}],"wp:featuredmedia":[{"embeddable":true,"href":"https:\/\/www.jinpinlub.com\/it\/wp-json\/wp\/v2\/media\/3751"}],"wp:attachment":[{"href":"https:\/\/www.jinpinlub.com\/it\/wp-json\/wp\/v2\/media?parent=3739"}],"wp:term":[{"taxonomy":"product_brand","embeddable":true,"href":"https:\/\/www.jinpinlub.com\/it\/wp-json\/wp\/v2\/product_brand?post=3739"},{"taxonomy":"product_cat","embeddable":true,"href":"https:\/\/www.jinpinlub.com\/it\/wp-json\/wp\/v2\/product_cat?post=3739"},{"taxonomy":"product_tag","embeddable":true,"href":"https:\/\/www.jinpinlub.com\/it\/wp-json\/wp\/v2\/product_tag?post=3739"}],"curies":[{"name":"wp","href":"https:\/\/api.w.org\/{rel}","templated":true}]}}