{"id":3772,"date":"2024-10-10T10:57:37","date_gmt":"2024-10-10T02:57:37","guid":{"rendered":"https:\/\/www.jinpinlub.com\/?post_type=product&#038;p=3772"},"modified":"2024-10-10T11:04:21","modified_gmt":"2024-10-10T03:04:21","slug":"pompe-di-lubrificazione-elettrica-a-grasso-a-flusso-controllato-plc-amg2-2","status":"publish","type":"product","link":"https:\/\/www.jinpinlub.com\/it\/product\/jmg2-progressive-electric-lubrication-grease-pump-for-cnc\/","title":{"rendered":"Pompa per grasso di lubrificazione elettrica progressiva JMG2 per CNC"},"content":{"rendered":"<h2>Caratteristiche<\/h2>\n<p>1. La pompa di lubrificazione JMG ha un&#039;elevata pressione di 4 MPa con una portata massima di 400 mL\/min. Pertanto, garantisce la capacit\u00e0 di erogazione del lubrificante in stabilit\u00e0 ed efficienza, soddisfacendo le esigenze nella maggior parte dei settori industriali.<br \/>\n2. La pompa di lubrificazione JMG adotta una pompa a ingranaggi con azionamento a induzione. Il motore funziona a basso rumore, riducendo al minimo l&#039;inquinamento acustico e la perdita di energia, con protezione ambientale.<br \/>\n3. La pompa di lubrificazione JMG offre diverse possibilit\u00e0 di scelta della capacit\u00e0 e pu\u00f2 anche essere personalizzata per adattarsi in diversi modi agli ambienti di lavoro.<br \/>\n4. La pompa di lubrificazione JMG pu\u00f2 essere collegata al PLC di una macchina per il controllo; in questo modo, \u00e8 possibile monitorare in tempo reale le condizioni di lubrificazione e l&#039;efficienza lavorativa.<br \/>\n5. La struttura complessiva della pompa \u00e8 compatta, riducendo i punti di guasto, e la struttura facile da smontare semplifica la rapida sostituzione delle parti.<br \/>\n6. Il Giappone <a href=\"https:\/\/en.wikipedia.org\/wiki\/Automatic_lubrication_system\">sistema di lubrificazione automatico<\/a> pu\u00f2 essere dotato di un sensore di pressione e di un sensore di basso livello del liquido per monitorare in tempo reale lo stato di funzionamento della pompa di lubrificazione e inviare automaticamente un segnale.<\/p>\n<h2>Specificazione<\/h2>\n<table>\n<tbody>\n<tr>\n<td>Modello<\/td>\n<td>Il JMG2<\/td>\n<\/tr>\n<tr>\n<td>Tempo di lubrificazione<\/td>\n<td>PLC<\/td>\n<\/tr>\n<tr>\n<td>Tempo di intervallo<\/td>\n<td>PLC<\/td>\n<\/tr>\n<tr>\n<td>Temperatura di esercizio<\/td>\n<td>-10\u2103~ +60\u00b0C (le condizioni di bassa temperatura richiedono grasso antigelo)<\/td>\n<\/tr>\n<tr>\n<td>Numero di punti vendita<\/td>\n<td>1<\/td>\n<\/tr>\n<tr>\n<td>Capacit\u00e0 del serbatoio<\/td>\n<td>3L (serbatoio in resina), 4L, 6L, 8L, 20L (serbatoio in metallo)<\/td>\n<\/tr>\n<tr>\n<td>Ricarica<\/td>\n<td>Dall&#039;alto<\/td>\n<\/tr>\n<tr>\n<td>Lubrificante<\/td>\n<td>Italiano: NLGI 000#~00#<\/td>\n<\/tr>\n<tr>\n<td>Potenza del motore<\/td>\n<td>40W<\/td>\n<\/tr>\n<tr>\n<td>Scarico<\/td>\n<td>250 ml\/min<\/td>\n<\/tr>\n<tr>\n<td>Pressione massima di esercizio<\/td>\n<td>4,0 MPa<\/td>\n<\/tr>\n<tr>\n<td>Filettatura di collegamento<\/td>\n<td>Uscita \u03a66<\/td>\n<\/tr>\n<tr>\n<td>Tensione di esercizio<\/td>\n<td>110 V CA, 220 V CA, 12 V CC, 24 V CC, 3~ 220 V, 3~ 380 V, 3~ 440 V, 3~ 460 V<\/td>\n<\/tr>\n<tr>\n<td>Certificazione<\/td>\n<td>CE<\/td>\n<\/tr>\n<tr>\n<td>Interruttore di basso livello<\/td>\n<td>Contatto NC<\/td>\n<\/tr>\n<\/tbody>\n<\/table>\n<h2>Applicazioni<\/h2>\n<p>1. Lubrificazione delle apparecchiature meccaniche: la pompa per grasso JMG \u00e8 ampiamente utilizzata in varie macchine utensili, macchinari tessili, apparecchiature per la stampa e altre situazioni che richiedono una lubrificazione regolare.<br \/>\n2. Industria pesante e mineraria: JMG svolge un ruolo chiave nei settori dei macchinari per l&#039;industria mineraria, dei macchinari per l&#039;ingegneria e delle attrezzature pesanti.<br \/>\n3. Petrolchimico: la pompa per grasso JMG \u00e8 adatta per attrezzature di perforazione petrolifera, raffinerie e strutture correlate di impianti chimici.<br \/>\n4. Trasporti: JMG soddisfa le esigenze di lubrificazione delle locomotive ferroviarie, delle navi e dell&#039;industria automobilistica.<br \/>\n5. Energia elettrica: JMG viene utilizzato nel sistema di lubrificazione di apparecchiature chiave come turbine e generatori nelle centrali elettriche.<br \/>\n6. Industria alimentare e delle bevande: JMG soddisfa gli standard igienici e pu\u00f2 essere utilizzato per la lubrificazione dei macchinari per la lavorazione alimentare.<\/p>\n<h2>Manuali<\/h2>\n<div class=\"sdm_download_button_box_default\"><div class=\"sdm_download_link\"><a href=\"https:\/\/www.jinpinlub.com\/it\/?sdm_process_download=1&download_id=3737\" class=\"sdm_download white\" title=\"Privato: JMG Grease Pump\" target=\"&quot;_blank&quot;\">Visualizza la scheda tecnica - Pompa per grasso JMG<\/a><\/div><\/div>","protected":false},"excerpt":{"rendered":"<p>JMG2 \u00e8 una pompa elettrica progressiva per la lubrificazione a grasso fluido con una pressione di 4,0 MPa e una portata di 250 mL\/min. Forma un sistema di lubrificazione a grasso progressivo con distributori progressivi. \u00c8 efficiente, affidabile e viene utilizzata nella lubrificazione di varie apparecchiature industriali.<\/p>","protected":false},"featured_media":3776,"template":"","meta":{"ocean_post_layout":"","ocean_both_sidebars_style":"","ocean_both_sidebars_content_width":0,"ocean_both_sidebars_sidebars_width":0,"ocean_sidebar":"0","ocean_second_sidebar":"0","ocean_disable_margins":"enable","ocean_add_body_class":"","ocean_shortcode_before_top_bar":"","ocean_shortcode_after_top_bar":"","ocean_shortcode_before_header":"","ocean_shortcode_after_header":"","ocean_has_shortcode":"","ocean_shortcode_after_title":"","ocean_shortcode_before_footer_widgets":"","ocean_shortcode_after_footer_widgets":"","ocean_shortcode_before_footer_bottom":"","ocean_shortcode_after_footer_bottom":"","ocean_display_top_bar":"default","ocean_display_header":"default","ocean_header_style":"","ocean_center_header_left_menu":"0","ocean_custom_header_template":"0","ocean_custom_logo":0,"ocean_custom_retina_logo":0,"ocean_custom_logo_max_width":0,"ocean_custom_logo_tablet_max_width":0,"ocean_custom_logo_mobile_max_width":0,"ocean_custom_logo_max_height":0,"ocean_custom_logo_tablet_max_height":0,"ocean_custom_logo_mobile_max_height":0,"ocean_header_custom_menu":"0","ocean_menu_typo_font_family":"0","ocean_menu_typo_font_subset":"","ocean_menu_typo_font_size":0,"ocean_menu_typo_font_size_tablet":0,"ocean_menu_typo_font_size_mobile":0,"ocean_menu_typo_font_size_unit":"px","ocean_menu_typo_font_weight":"","ocean_menu_typo_font_weight_tablet":"","ocean_menu_typo_font_weight_mobile":"","ocean_menu_typo_transform":"","ocean_menu_typo_transform_tablet":"","ocean_menu_typo_transform_mobile":"","ocean_menu_typo_line_height":0,"ocean_menu_typo_line_height_tablet":0,"ocean_menu_typo_line_height_mobile":0,"ocean_menu_typo_line_height_unit":"","ocean_menu_typo_spacing":0,"ocean_menu_typo_spacing_tablet":0,"ocean_menu_typo_spacing_mobile":0,"ocean_menu_typo_spacing_unit":"","ocean_menu_link_color":"","ocean_menu_link_color_hover":"","ocean_menu_link_color_active":"","ocean_menu_link_background":"","ocean_menu_link_hover_background":"","ocean_menu_link_active_background":"","ocean_menu_social_links_bg":"","ocean_menu_social_hover_links_bg":"","ocean_menu_social_links_color":"","ocean_menu_social_hover_links_color":"","ocean_disable_title":"default","ocean_disable_heading":"default","ocean_post_title":"","ocean_post_subheading":"","ocean_post_title_style":"","ocean_post_title_background_color":"","ocean_post_title_background":0,"ocean_post_title_bg_image_position":"","ocean_post_title_bg_image_attachment":"","ocean_post_title_bg_image_repeat":"","ocean_post_title_bg_image_size":"","ocean_post_title_height":0,"ocean_post_title_bg_overlay":0.5,"ocean_post_title_bg_overlay_color":"","ocean_disable_breadcrumbs":"default","ocean_breadcrumbs_color":"","ocean_breadcrumbs_separator_color":"","ocean_breadcrumbs_links_color":"","ocean_breadcrumbs_links_hover_color":"","ocean_display_footer_widgets":"default","ocean_display_footer_bottom":"default","ocean_custom_footer_template":"0","osh_disable_topbar_sticky":"default","osh_disable_header_sticky":"default","osh_sticky_header_style":"default","osh_sticky_header_effect":"","osh_custom_sticky_logo":0,"osh_custom_retina_sticky_logo":0,"osh_custom_sticky_logo_height":0,"osh_background_color":"","osh_links_color":"","osh_links_hover_color":"","osh_links_active_color":"","osh_links_bg_color":"","osh_links_hover_bg_color":"","osh_links_active_bg_color":"","osh_menu_social_links_color":"","osh_menu_social_hover_links_color":""},"product_brand":[],"product_cat":[42,41],"product_tag":[74,322,73,77,72],"class_list":{"0":"post-3772","1":"product","2":"type-product","3":"status-publish","4":"has-post-thumbnail","6":"product_cat-electric-progressive-pumps","7":"product_cat-progressive-grease-systems","8":"product_tag-automatic-lubrication-pump","9":"product_tag-centralized-lubrication","10":"product_tag-electric-lubrication-pump","11":"product_tag-grease-lubrication-pump","12":"product_tag-lubrication-system","14":"entry","15":"has-media","17":"first","18":"instock","19":"shipping-taxable","20":"product-type-external","21":"col","22":"span_1_of_3","23":"owp-content-center","24":"owp-thumbs-layout-horizontal","25":"owp-btn-very-big","26":"owp-tabs-layout-horizontal"},"_links":{"self":[{"href":"https:\/\/www.jinpinlub.com\/it\/wp-json\/wp\/v2\/product\/3772","targetHints":{"allow":["GET"]}}],"collection":[{"href":"https:\/\/www.jinpinlub.com\/it\/wp-json\/wp\/v2\/product"}],"about":[{"href":"https:\/\/www.jinpinlub.com\/it\/wp-json\/wp\/v2\/types\/product"}],"wp:featuredmedia":[{"embeddable":true,"href":"https:\/\/www.jinpinlub.com\/it\/wp-json\/wp\/v2\/media\/3776"}],"wp:attachment":[{"href":"https:\/\/www.jinpinlub.com\/it\/wp-json\/wp\/v2\/media?parent=3772"}],"wp:term":[{"taxonomy":"product_brand","embeddable":true,"href":"https:\/\/www.jinpinlub.com\/it\/wp-json\/wp\/v2\/product_brand?post=3772"},{"taxonomy":"product_cat","embeddable":true,"href":"https:\/\/www.jinpinlub.com\/it\/wp-json\/wp\/v2\/product_cat?post=3772"},{"taxonomy":"product_tag","embeddable":true,"href":"https:\/\/www.jinpinlub.com\/it\/wp-json\/wp\/v2\/product_tag?post=3772"}],"curies":[{"name":"wp","href":"https:\/\/api.w.org\/{rel}","templated":true}]}}