{"id":3778,"date":"2024-10-10T12:11:34","date_gmt":"2024-10-10T04:11:34","guid":{"rendered":"https:\/\/www.jinpinlub.com\/?post_type=product&#038;p=3778"},"modified":"2024-10-10T12:15:26","modified_gmt":"2024-10-10T04:15:26","slug":"pompe-di-lubrificazione-elettriche-automatiche-amg1-per-grasso-fluido-3","status":"publish","type":"product","link":"https:\/\/www.jinpinlub.com\/it\/product\/jmg1-progressive-motor-driven-grease-lubrication-gear-pump\/","title":{"rendered":"Pompa ad ingranaggi per lubrificazione a grasso con motore progressivo JMG1"},"content":{"rendered":"<h2>Caratteristiche<\/h2>\n<p>1. Il sistema di lubrificazione ha due modalit\u00e0 di avvio opzionali: modalit\u00e0 di lubrificazione e modalit\u00e0 di memoria. Nella modalit\u00e0 di memoria, quando l&#039;alimentazione viene ricollegata, \u00e8 possibile riprendere la lubrificazione non completata o l&#039;azione di intervallo.<br \/>\n2. Consente la regolazione della lubrificazione e del tempo di intervallo, con selezioni da pi\u00f9 unit\u00e0 come secondi, minuti e ore, rendendo la lubrificazione flessibile.<br \/>\n3. Valvola di sicurezza, la cui funzione di pressione costante mantiene un buono stato ed evita situazioni di pressione di sistema eccessivamente elevata.<br \/>\n4. La pompa di lubrificazione JMG \u00e8 dotata di un timer; lo stato di funzionamento e le condizioni anomale dell&#039;oliatore possono essere visualizzati sullo schermo del pannello e sulla spia luminosa.<br \/>\n5. Il pulsante di lubrificazione forzata \u201cRES\u201d sulla pompa di lubrificazione JMG1 pu\u00f2 ripristinare e riavviare il ciclo operativo della pompa.<br \/>\n6. In base alle condizioni effettive richieste dal cliente, \u00e8 possibile selezionare un pressostato per realizzare il controllo automatico.<br \/>\n7. Il <a href=\"https:\/\/en.wikipedia.org\/wiki\/Induction_motor\" target=\"_blank\" rel=\"noopener\">motore a induzione<\/a> utilizzato nella pompa di lubrificazione JMG1 \u00e8 di qualit\u00e0 superiore e in grado di svolgere attivit\u00e0 operative per lunghi periodi di tempo; pu\u00f2 adattarsi a operazioni di lubrificazione a lungo termine.<\/p>\n<h2>Specificazione<\/h2>\n<table>\n<tbody>\n<tr>\n<td>Modello<\/td>\n<td>Il JMG1<\/td>\n<\/tr>\n<tr>\n<td>Tempo di lubrificazione<\/td>\n<td>1-999 secondi<\/td>\n<\/tr>\n<tr>\n<td>Tempo di intervallo<\/td>\n<td>1-999 minuti<\/td>\n<\/tr>\n<tr>\n<td>Temperatura di esercizio<\/td>\n<td>-10\u2103~ +60\u00b0C (le condizioni di bassa temperatura richiedono grasso antigelo)<\/td>\n<\/tr>\n<tr>\n<td>Numero di punti vendita<\/td>\n<td>1<\/td>\n<\/tr>\n<tr>\n<td>Capacit\u00e0 del serbatoio<\/td>\n<td>3L (serbatoio in resina), 4L, 6L, 8L, 20L (serbatoio in metallo)<\/td>\n<\/tr>\n<tr>\n<td>Ricarica<\/td>\n<td>Dall&#039;alto<\/td>\n<\/tr>\n<tr>\n<td>Lubrificante<\/td>\n<td>Italiano: NLGI 000#~00#<\/td>\n<\/tr>\n<tr>\n<td>Potenza del motore<\/td>\n<td>40W<\/td>\n<\/tr>\n<tr>\n<td>Scarico<\/td>\n<td>250 ml\/min<\/td>\n<\/tr>\n<tr>\n<td>Pressione massima di esercizio<\/td>\n<td>4,0 MPa<\/td>\n<\/tr>\n<tr>\n<td>Filettatura di collegamento<\/td>\n<td>Uscita \u03a66<\/td>\n<\/tr>\n<tr>\n<td>Tensione di esercizio<\/td>\n<td>110 V CA, 220 V CA, 12 V CC, 24 V CC<\/td>\n<\/tr>\n<tr>\n<td>Certificazione<\/td>\n<td>CE<\/td>\n<\/tr>\n<tr>\n<td>Interruttore di basso livello<\/td>\n<td>Contatto NC<\/td>\n<\/tr>\n<\/tbody>\n<\/table>\n<h2>Applicazioni<\/h2>\n<p>Settore delle macchine utensili: nel settore delle macchine utensili, la pompa di lubrificazione fornisce lubrificanti alle parti principali delle macchine utensili in modo tempestivo e quantitativo, come guide di scorrimento, viti madri, cuscinetti, ecc., per ridurre l&#039;attrito e l&#039;usura.<br \/>\nMacchinari per la plastica: JMG1 pu\u00f2 essere applicato nei macchinari per la lavorazione della plastica per garantire la normale lubrificazione di attrezzature come macchine per stampaggio a iniezione ed estrusori. Una data quantit\u00e0 di lubrificante assicura che il surriscaldamento della meccanica sia inibito e mantenga la precisione e la stabilit\u00e0 meccanica.<br \/>\nMacchina per pressofusione: nella linea di produzione della pressofusione, JMG1 lubrifica varie parti scorrevoli della macchina per pressofusione e riduce le abrasioni degli stampi e delle parti meccaniche.<br \/>\nProduzione di processo: nelle aree di produzione di processo della lavorazione e del confezionamento degli alimenti, la pompa di lubrificazione mantiene i nastri trasportatori, i macchinari per l&#039;imbottigliamento, i motori e i cuscinetti puliti e silenziosi, funzionando ad alta velocit\u00e0 con un&#039;usura minima.<\/p>\n<h2>Manuali<\/h2>\n<div class=\"sdm_download_button_box_default\"><div class=\"sdm_download_link\"><a href=\"https:\/\/www.jinpinlub.com\/it\/?sdm_process_download=1&download_id=3737\" class=\"sdm_download white\" title=\"Privato: JMG Grease Pump\" target=\"&quot;_blank&quot;\">Visualizza la scheda tecnica - Pompa per grasso JMG<\/a><\/div><\/div>","protected":false},"excerpt":{"rendered":"<p>La pompa di lubrificazione JMG1 \u00e8 utilizzata in vari sistemi di lubrificazione centralizzata come macchine utensili, macchinari per la plastica, macchine per pressofusione, ecc. Include un dispositivo di temporizzazione automatico, un sensore di basso livello del liquido, un sensore di pressione, ecc. per migliorare l&#039;affidabilit\u00e0 del sistema di lubrificazione.<\/p>","protected":false},"featured_media":3779,"template":"","meta":{"ocean_post_layout":"","ocean_both_sidebars_style":"","ocean_both_sidebars_content_width":0,"ocean_both_sidebars_sidebars_width":0,"ocean_sidebar":"0","ocean_second_sidebar":"0","ocean_disable_margins":"enable","ocean_add_body_class":"","ocean_shortcode_before_top_bar":"","ocean_shortcode_after_top_bar":"","ocean_shortcode_before_header":"","ocean_shortcode_after_header":"","ocean_has_shortcode":"","ocean_shortcode_after_title":"","ocean_shortcode_before_footer_widgets":"","ocean_shortcode_after_footer_widgets":"","ocean_shortcode_before_footer_bottom":"","ocean_shortcode_after_footer_bottom":"","ocean_display_top_bar":"default","ocean_display_header":"default","ocean_header_style":"","ocean_center_header_left_menu":"0","ocean_custom_header_template":"0","ocean_custom_logo":0,"ocean_custom_retina_logo":0,"ocean_custom_logo_max_width":0,"ocean_custom_logo_tablet_max_width":0,"ocean_custom_logo_mobile_max_width":0,"ocean_custom_logo_max_height":0,"ocean_custom_logo_tablet_max_height":0,"ocean_custom_logo_mobile_max_height":0,"ocean_header_custom_menu":"0","ocean_menu_typo_font_family":"0","ocean_menu_typo_font_subset":"","ocean_menu_typo_font_size":0,"ocean_menu_typo_font_size_tablet":0,"ocean_menu_typo_font_size_mobile":0,"ocean_menu_typo_font_size_unit":"px","ocean_menu_typo_font_weight":"","ocean_menu_typo_font_weight_tablet":"","ocean_menu_typo_font_weight_mobile":"","ocean_menu_typo_transform":"","ocean_menu_typo_transform_tablet":"","ocean_menu_typo_transform_mobile":"","ocean_menu_typo_line_height":0,"ocean_menu_typo_line_height_tablet":0,"ocean_menu_typo_line_height_mobile":0,"ocean_menu_typo_line_height_unit":"","ocean_menu_typo_spacing":0,"ocean_menu_typo_spacing_tablet":0,"ocean_menu_typo_spacing_mobile":0,"ocean_menu_typo_spacing_unit":"","ocean_menu_link_color":"","ocean_menu_link_color_hover":"","ocean_menu_link_color_active":"","ocean_menu_link_background":"","ocean_menu_link_hover_background":"","ocean_menu_link_active_background":"","ocean_menu_social_links_bg":"","ocean_menu_social_hover_links_bg":"","ocean_menu_social_links_color":"","ocean_menu_social_hover_links_color":"","ocean_disable_title":"default","ocean_disable_heading":"default","ocean_post_title":"","ocean_post_subheading":"","ocean_post_title_style":"","ocean_post_title_background_color":"","ocean_post_title_background":0,"ocean_post_title_bg_image_position":"","ocean_post_title_bg_image_attachment":"","ocean_post_title_bg_image_repeat":"","ocean_post_title_bg_image_size":"","ocean_post_title_height":0,"ocean_post_title_bg_overlay":0.5,"ocean_post_title_bg_overlay_color":"","ocean_disable_breadcrumbs":"default","ocean_breadcrumbs_color":"","ocean_breadcrumbs_separator_color":"","ocean_breadcrumbs_links_color":"","ocean_breadcrumbs_links_hover_color":"","ocean_display_footer_widgets":"default","ocean_display_footer_bottom":"default","ocean_custom_footer_template":"0","osh_disable_topbar_sticky":"default","osh_disable_header_sticky":"default","osh_sticky_header_style":"default","osh_sticky_header_effect":"","osh_custom_sticky_logo":0,"osh_custom_retina_sticky_logo":0,"osh_custom_sticky_logo_height":0,"osh_background_color":"","osh_links_color":"","osh_links_hover_color":"","osh_links_active_color":"","osh_links_bg_color":"","osh_links_hover_bg_color":"","osh_links_active_bg_color":"","osh_menu_social_links_color":"","osh_menu_social_hover_links_color":""},"product_brand":[],"product_cat":[42,41],"product_tag":[74,73,77,196,72],"class_list":{"0":"post-3778","1":"product","2":"type-product","3":"status-publish","4":"has-post-thumbnail","6":"product_cat-electric-progressive-pumps","7":"product_cat-progressive-grease-systems","8":"product_tag-automatic-lubrication-pump","9":"product_tag-electric-lubrication-pump","10":"product_tag-grease-lubrication-pump","11":"product_tag-grease-lubrication-system","12":"product_tag-lubrication-system","14":"entry","15":"has-media","17":"first","18":"instock","19":"shipping-taxable","20":"product-type-external","21":"col","22":"span_1_of_3","23":"owp-content-center","24":"owp-thumbs-layout-horizontal","25":"owp-btn-very-big","26":"owp-tabs-layout-horizontal"},"_links":{"self":[{"href":"https:\/\/www.jinpinlub.com\/it\/wp-json\/wp\/v2\/product\/3778","targetHints":{"allow":["GET"]}}],"collection":[{"href":"https:\/\/www.jinpinlub.com\/it\/wp-json\/wp\/v2\/product"}],"about":[{"href":"https:\/\/www.jinpinlub.com\/it\/wp-json\/wp\/v2\/types\/product"}],"wp:featuredmedia":[{"embeddable":true,"href":"https:\/\/www.jinpinlub.com\/it\/wp-json\/wp\/v2\/media\/3779"}],"wp:attachment":[{"href":"https:\/\/www.jinpinlub.com\/it\/wp-json\/wp\/v2\/media?parent=3778"}],"wp:term":[{"taxonomy":"product_brand","embeddable":true,"href":"https:\/\/www.jinpinlub.com\/it\/wp-json\/wp\/v2\/product_brand?post=3778"},{"taxonomy":"product_cat","embeddable":true,"href":"https:\/\/www.jinpinlub.com\/it\/wp-json\/wp\/v2\/product_cat?post=3778"},{"taxonomy":"product_tag","embeddable":true,"href":"https:\/\/www.jinpinlub.com\/it\/wp-json\/wp\/v2\/product_tag?post=3778"}],"curies":[{"name":"wp","href":"https:\/\/api.w.org\/{rel}","templated":true}]}}