{"id":3791,"date":"2024-10-16T17:43:49","date_gmt":"2024-10-16T09:43:49","guid":{"rendered":"https:\/\/www.jinpinlub.com\/?post_type=product&#038;p=3791"},"modified":"2024-10-16T17:50:31","modified_gmt":"2024-10-16T09:50:31","slug":"pompa-di-lubrificazione-a-pressione-positiva-jmt4","status":"publish","type":"product","link":"https:\/\/www.jinpinlub.com\/it\/product\/jmt4-positive-displacement-pressure-relief-lubrication-pump\/","title":{"rendered":"Pompa di lubrificazione a pressione positiva JMT4"},"content":{"rendered":"<h2>Caratteristiche<\/h2>\n<p>1. La lubrificazione e il tempo di intervallo della pompa di lubrificazione sono controllati dal PLC dell&#039;host.<br \/>\n2. La pompa di lubrificazione pu\u00f2 essere dotata di un pressostato per rilevare se il circuito dell&#039;olio \u00e8 danneggiato.<br \/>\n3. La pompa di lubrificazione \u00e8 dotata di un interruttore galleggiante per rilevare il livello dell&#039;olio e inviare automaticamente un segnale.<br \/>\n4. La pompa \u00e8 dotata di serie di un manometro per rilevare la pressione di esercizio della pompa dell&#039;olio.<br \/>\n5. La pompa di lubrificazione \u00e8 dotata di un pulsante di lubrificazione forzata e di una spia luminosa di lubrificazione in corso.<br \/>\n6. La pompa di lubrificazione \u00e8 azionata da una pompa ad ingranaggi con motore a induzione, con pressione stabile, bassa rumorosit\u00e0, durevole e affidabile.<br \/>\n7. Il modello JMT4 \u00e8 un <a href=\"https:\/\/www.jinpinlub.com\/it\/categoria-di-prodotto\/sistemi-volumetrici-a-olio-sottile\/pompe-volumetriche-elettriche\/\" target=\"_blank\" rel=\"noopener\">pompa di lubrificazione volumetrica<\/a>, che deve essere utilizzato con un distributore volumetrico per ottenere un effetto di fornitura di olio quantitativo.<\/p>\n<h2>Specificazione<\/h2>\n<table>\n<tbody>\n<tr>\n<td>Modello<\/td>\n<td>Il JMT4<\/td>\n<\/tr>\n<tr>\n<td>Tempo di lubrificazione<\/td>\n<td>PLC<\/td>\n<\/tr>\n<tr>\n<td>Tempo di intervallo<\/td>\n<td>PLC<\/td>\n<\/tr>\n<tr>\n<td>Temperatura di esercizio<\/td>\n<td>-10\u2103~ +60\u00b0C (le condizioni di bassa temperatura richiedono grasso antigelo)<\/td>\n<\/tr>\n<tr>\n<td>Numero di punti vendita<\/td>\n<td>1<\/td>\n<\/tr>\n<tr>\n<td>Capacit\u00e0 del serbatoio<\/td>\n<td>3L (serbatoio in resina), 4L, 6L, 8L, 20L (serbatoio in metallo)<\/td>\n<\/tr>\n<tr>\n<td>Ricarica<\/td>\n<td>Dall&#039;alto<\/td>\n<\/tr>\n<tr>\n<td>Lubrificante<\/td>\n<td>Temperatura di esercizio: da 32 a 68 cSt a 40 \u2103<\/td>\n<\/tr>\n<tr>\n<td>Potenza del motore<\/td>\n<td>40W<\/td>\n<\/tr>\n<tr>\n<td>Scarico<\/td>\n<td>250 ml\/min<\/td>\n<\/tr>\n<tr>\n<td>Pressione massima di esercizio<\/td>\n<td>2,3 MPa<\/td>\n<\/tr>\n<tr>\n<td>Filettatura di collegamento<\/td>\n<td>Uscita \u03a66<\/td>\n<\/tr>\n<tr>\n<td>Tensione di esercizio<\/td>\n<td>110 V CA, 220 V CA, 12 V CC, 24 V CC, 3~ 220 V, 3~ 380 V, 3~ 440 V, 3~ 460 V<\/td>\n<\/tr>\n<tr>\n<td>Certificazione<\/td>\n<td>CE<\/td>\n<\/tr>\n<tr>\n<td>Interruttore di basso livello<\/td>\n<td>Contatto NC<\/td>\n<\/tr>\n<\/tbody>\n<\/table>\n<h2>Precauzioni<\/h2>\n<p>1. Verificare attentamente la tensione della pompa di lubrificazione e collegare l&#039;alimentazione elettrica appropriata.<br \/>\n2. La pompa di lubrificazione deve utilizzare olio pulito e non \u00e8 consentito l&#039;uso di olio lubrificante riciclato.<br \/>\n3. Si consiglia di rabboccare l&#039;olio lubrificante ogni volta fino alla linea del livello dell&#039;olio.<br \/>\n4. Si consiglia di pulire il serbatoio dell&#039;olio una volta ogni due mesi e di pulire o sostituire il cestello del filtro e il filtro dell&#039;olio all&#039;ingresso dell&#039;olio.<br \/>\n5. L&#039;aumento del tempo di funzionamento della pompa di lubrificazione pu\u00f2 aumentare la quantit\u00e0 totale di lubrificazione del sistema di lubrificazione, mentre la riduzione del tempo di funzionamento pu\u00f2 ridurre la quantit\u00e0 totale di lubrificazione del sistema di lubrificazione.<br \/>\n6. Dopo aver installato il sistema di lubrificazione o dopo aver smontato e sostituito delle parti, \u00e8 necessario prima scaricare l&#039;aria presente nel sistema di lubrificazione.<br \/>\n7. Dopo aver acceso la pompa di lubrificazione, non \u00e8 consentito aprire il coperchio sulla parte superiore della pompa per evitare il rischio di scosse elettriche.<\/p>\n<h2>Manuali<\/h2>\n<div class=\"sdm_download_button_box_default\"><div class=\"sdm_download_link\"><a href=\"https:\/\/www.jinpinlub.com\/it\/?sdm_process_download=1&download_id=3796\" class=\"sdm_download white\" title=\"Privato: JMT4 lubrication Pump\" target=\"&quot;_blank&quot;\">Visualizza la scheda tecnica - Pompa per grasso JMT4<\/a><\/div><\/div>","protected":false},"excerpt":{"rendered":"<p>JMT4 \u00e8 una pompa di lubrificazione elettrica a spostamento positivo con capacit\u00e0 multiple, tra cui 3L, 6L, 4L, 8L, 20L, ecc. \u00c8 azionata da un motore a induzione, fornisce una pressione di uscita stabile, pu\u00f2 funzionare a lungo e produce un grande flusso di lubrificante.<\/p>","protected":false},"featured_media":3797,"template":"","meta":{"ocean_post_layout":"","ocean_both_sidebars_style":"","ocean_both_sidebars_content_width":0,"ocean_both_sidebars_sidebars_width":0,"ocean_sidebar":"0","ocean_second_sidebar":"0","ocean_disable_margins":"enable","ocean_add_body_class":"","ocean_shortcode_before_top_bar":"","ocean_shortcode_after_top_bar":"","ocean_shortcode_before_header":"","ocean_shortcode_after_header":"","ocean_has_shortcode":"","ocean_shortcode_after_title":"","ocean_shortcode_before_footer_widgets":"","ocean_shortcode_after_footer_widgets":"","ocean_shortcode_before_footer_bottom":"","ocean_shortcode_after_footer_bottom":"","ocean_display_top_bar":"default","ocean_display_header":"default","ocean_header_style":"","ocean_center_header_left_menu":"0","ocean_custom_header_template":"0","ocean_custom_logo":0,"ocean_custom_retina_logo":0,"ocean_custom_logo_max_width":0,"ocean_custom_logo_tablet_max_width":0,"ocean_custom_logo_mobile_max_width":0,"ocean_custom_logo_max_height":0,"ocean_custom_logo_tablet_max_height":0,"ocean_custom_logo_mobile_max_height":0,"ocean_header_custom_menu":"0","ocean_menu_typo_font_family":"0","ocean_menu_typo_font_subset":"","ocean_menu_typo_font_size":0,"ocean_menu_typo_font_size_tablet":0,"ocean_menu_typo_font_size_mobile":0,"ocean_menu_typo_font_size_unit":"px","ocean_menu_typo_font_weight":"","ocean_menu_typo_font_weight_tablet":"","ocean_menu_typo_font_weight_mobile":"","ocean_menu_typo_transform":"","ocean_menu_typo_transform_tablet":"","ocean_menu_typo_transform_mobile":"","ocean_menu_typo_line_height":0,"ocean_menu_typo_line_height_tablet":0,"ocean_menu_typo_line_height_mobile":0,"ocean_menu_typo_line_height_unit":"","ocean_menu_typo_spacing":0,"ocean_menu_typo_spacing_tablet":0,"ocean_menu_typo_spacing_mobile":0,"ocean_menu_typo_spacing_unit":"","ocean_menu_link_color":"","ocean_menu_link_color_hover":"","ocean_menu_link_color_active":"","ocean_menu_link_background":"","ocean_menu_link_hover_background":"","ocean_menu_link_active_background":"","ocean_menu_social_links_bg":"","ocean_menu_social_hover_links_bg":"","ocean_menu_social_links_color":"","ocean_menu_social_hover_links_color":"","ocean_disable_title":"default","ocean_disable_heading":"default","ocean_post_title":"","ocean_post_subheading":"","ocean_post_title_style":"","ocean_post_title_background_color":"","ocean_post_title_background":0,"ocean_post_title_bg_image_position":"","ocean_post_title_bg_image_attachment":"","ocean_post_title_bg_image_repeat":"","ocean_post_title_bg_image_size":"","ocean_post_title_height":0,"ocean_post_title_bg_overlay":0.5,"ocean_post_title_bg_overlay_color":"","ocean_disable_breadcrumbs":"default","ocean_breadcrumbs_color":"","ocean_breadcrumbs_separator_color":"","ocean_breadcrumbs_links_color":"","ocean_breadcrumbs_links_hover_color":"","ocean_display_footer_widgets":"default","ocean_display_footer_bottom":"default","ocean_custom_footer_template":"0","osh_disable_topbar_sticky":"default","osh_disable_header_sticky":"default","osh_sticky_header_style":"default","osh_sticky_header_effect":"","osh_custom_sticky_logo":0,"osh_custom_retina_sticky_logo":0,"osh_custom_sticky_logo_height":0,"osh_background_color":"","osh_links_color":"","osh_links_hover_color":"","osh_links_active_color":"","osh_links_bg_color":"","osh_links_hover_bg_color":"","osh_links_active_bg_color":"","osh_menu_social_links_color":"","osh_menu_social_hover_links_color":""},"product_brand":[],"product_cat":[48,47],"product_tag":[73,323,71,111,114],"class_list":{"0":"post-3791","1":"product","2":"type-product","3":"status-publish","4":"has-post-thumbnail","6":"product_cat-electric-volumetric-pumps","7":"product_cat-volumetric-thin-oil-systems","8":"product_tag-electric-lubrication-pump","9":"product_tag-lubricating-oil-pump","10":"product_tag-lubrication-pump","11":"product_tag-oil-lubrication-pump","12":"product_tag-oil-lubrication-system","14":"entry","15":"has-media","17":"first","18":"instock","19":"shipping-taxable","20":"product-type-external","21":"col","22":"span_1_of_3","23":"owp-content-center","24":"owp-thumbs-layout-horizontal","25":"owp-btn-very-big","26":"owp-tabs-layout-horizontal"},"_links":{"self":[{"href":"https:\/\/www.jinpinlub.com\/it\/wp-json\/wp\/v2\/product\/3791","targetHints":{"allow":["GET"]}}],"collection":[{"href":"https:\/\/www.jinpinlub.com\/it\/wp-json\/wp\/v2\/product"}],"about":[{"href":"https:\/\/www.jinpinlub.com\/it\/wp-json\/wp\/v2\/types\/product"}],"wp:featuredmedia":[{"embeddable":true,"href":"https:\/\/www.jinpinlub.com\/it\/wp-json\/wp\/v2\/media\/3797"}],"wp:attachment":[{"href":"https:\/\/www.jinpinlub.com\/it\/wp-json\/wp\/v2\/media?parent=3791"}],"wp:term":[{"taxonomy":"product_brand","embeddable":true,"href":"https:\/\/www.jinpinlub.com\/it\/wp-json\/wp\/v2\/product_brand?post=3791"},{"taxonomy":"product_cat","embeddable":true,"href":"https:\/\/www.jinpinlub.com\/it\/wp-json\/wp\/v2\/product_cat?post=3791"},{"taxonomy":"product_tag","embeddable":true,"href":"https:\/\/www.jinpinlub.com\/it\/wp-json\/wp\/v2\/product_tag?post=3791"}],"curies":[{"name":"wp","href":"https:\/\/api.w.org\/{rel}","templated":true}]}}