{"id":3826,"date":"2024-10-21T11:11:19","date_gmt":"2024-10-21T03:11:19","guid":{"rendered":"https:\/\/www.jinpinlub.com\/?post_type=product&#038;p=3826"},"modified":"2024-10-21T11:51:36","modified_gmt":"2024-10-21T03:51:36","slug":"pistola-per-grasso-manuale-kvt-60-mpa-per-riempimento-lubrificante","status":"publish","type":"product","link":"https:\/\/www.jinpinlub.com\/it\/product\/kvt-manual-pull-rod-60-mpa-grease-gun-for-lubricant-filling\/","title":{"rendered":"Pistola per grasso con tirante manuale KVT da 60 MPa per riempimento di lubrificante"},"content":{"rendered":"<h2>Caratteristiche<\/h2>\n<p>La pistola per grasso \u00e8 dotata di una guarnizione per olio industriale che non perde olio. Il pistone grande e il design a singolo doppio pistone forniscono alta pressione e scarico rapido.<br \/>\nLa testa della pistola \u00e8 fusa in un unico pezzo e pu\u00f2 sopportare una pressione di esercizio massima di 60 MPa.<br \/>\n\u00c8 dotato di una molla spessa e il trattamento termico industriale garantisce che non si deformi o invecchi facilmente.<br \/>\nLa pistola per grasso adotta un design con manicotto in gomma testurizzata, che previene efficacemente lo scivolamento e l&#039;usura.<br \/>\nHa un&#039;ampia gamma di applicazioni, tra cui la lubrificazione di macchinari agricoli, macchinari ingegneristici, attrezzature automobilistiche e navali e macchinari leggeri e pesanti.<\/p>\n<h2>Specificazione<\/h2>\n<table>\n<tbody>\n<tr>\n<td>Modello<\/td>\n<td>KVT<\/td>\n<\/tr>\n<tr>\n<td>Tempo di lubrificazione<\/td>\n<td>Manuale<\/td>\n<\/tr>\n<tr>\n<td>Temperatura di esercizio<\/td>\n<td>(-20\u2103~ +60\u00b0C, le condizioni di bassa temperatura richiedono grasso antigelo)<\/td>\n<\/tr>\n<tr>\n<td>Numero di punti vendita<\/td>\n<td>1<\/td>\n<\/tr>\n<tr>\n<td>Capacit\u00e0 del serbatoio<\/td>\n<td>600 ml<\/td>\n<\/tr>\n<tr>\n<td>Lubrificante<\/td>\n<td>Fino a NLGI #3<\/td>\n<\/tr>\n<tr>\n<td>Pistone<\/td>\n<td>Diametro 8mm<\/td>\n<\/tr>\n<tr>\n<td>Pressione massima di esercizio<\/td>\n<td>60 MPa<\/td>\n<\/tr>\n<tr>\n<td>Certificazione<\/td>\n<td>CE<\/td>\n<\/tr>\n<\/tbody>\n<\/table>\n<h2>Precauzioni<\/h2>\n<p>1. Svitare la testa della pistola per grasso per separarla dalla canna.<br \/>\n2. Bloccare la piastra di bloccaggio all&#039;estremit\u00e0 della canna e spingere fino in fondo la maniglia all&#039;estremit\u00e0 della canna.<br \/>\n3. Immergere l&#039;estremit\u00e0 della pistola per grasso nel serbatoio del grasso fino a una profondit\u00e0 di circa 30 mm, tirare la maniglia all&#039;estremit\u00e0 del serbatoio per aspirare il grasso nel serbatoio.<br \/>\n4. Riavvitare la testa della pistola per grasso, premere la piastra di bloccaggio all&#039;estremit\u00e0 della canna e spingere la maniglia di comando per avviare lo scarico.<br \/>\n5. Utilizzare la punta delle dita per controllare il foro di scarico. Quando si vede il grasso fuoriuscire dal foro di scarico, lo scarico \u00e8 completo.<br \/>\n6. Dopo il riempimento, confermare la posizione di aggiunta del grasso dell&#039;attrezzatura, completare il collegamento dell&#039;ugello e usare la forza del braccio per scuotere la maniglia e aggiungere il grasso.<\/p>\n<h2>Manuali<\/h2>\n<div class=\"sdm_download_button_box_default\"><div class=\"sdm_download_link\"><a href=\"https:\/\/www.jinpinlub.com\/it\/?sdm_process_download=1&download_id=3824\" class=\"sdm_download white\" title=\"Privato: KVT Manual Grease Gun\" target=\"&quot;_blank&quot;\">Visualizza la scheda tecnica - Pistola per grasso manuale KVT<\/a><\/div><\/div>","protected":false},"excerpt":{"rendered":"<p>Una pistola per grasso manuale \u00e8 uno strumento manuale utilizzato per riempire di grasso le attrezzature meccaniche. Ha una grande capacit\u00e0, una forte resistenza alla pressione, un design di sicurezza, un funzionamento semplice ed \u00e8 facile da trasportare. \u00c8 uno strumento essenziale per gli operatori di macchinari agricoli e i centri di manutenzione.<\/p>","protected":false},"featured_media":3818,"template":"","meta":{"ocean_post_layout":"","ocean_both_sidebars_style":"","ocean_both_sidebars_content_width":0,"ocean_both_sidebars_sidebars_width":0,"ocean_sidebar":"0","ocean_second_sidebar":"0","ocean_disable_margins":"enable","ocean_add_body_class":"","ocean_shortcode_before_top_bar":"","ocean_shortcode_after_top_bar":"","ocean_shortcode_before_header":"","ocean_shortcode_after_header":"","ocean_has_shortcode":"","ocean_shortcode_after_title":"","ocean_shortcode_before_footer_widgets":"","ocean_shortcode_after_footer_widgets":"","ocean_shortcode_before_footer_bottom":"","ocean_shortcode_after_footer_bottom":"","ocean_display_top_bar":"default","ocean_display_header":"default","ocean_header_style":"","ocean_center_header_left_menu":"0","ocean_custom_header_template":"0","ocean_custom_logo":0,"ocean_custom_retina_logo":0,"ocean_custom_logo_max_width":0,"ocean_custom_logo_tablet_max_width":0,"ocean_custom_logo_mobile_max_width":0,"ocean_custom_logo_max_height":0,"ocean_custom_logo_tablet_max_height":0,"ocean_custom_logo_mobile_max_height":0,"ocean_header_custom_menu":"0","ocean_menu_typo_font_family":"0","ocean_menu_typo_font_subset":"","ocean_menu_typo_font_size":0,"ocean_menu_typo_font_size_tablet":0,"ocean_menu_typo_font_size_mobile":0,"ocean_menu_typo_font_size_unit":"px","ocean_menu_typo_font_weight":"","ocean_menu_typo_font_weight_tablet":"","ocean_menu_typo_font_weight_mobile":"","ocean_menu_typo_transform":"","ocean_menu_typo_transform_tablet":"","ocean_menu_typo_transform_mobile":"","ocean_menu_typo_line_height":0,"ocean_menu_typo_line_height_tablet":0,"ocean_menu_typo_line_height_mobile":0,"ocean_menu_typo_line_height_unit":"","ocean_menu_typo_spacing":0,"ocean_menu_typo_spacing_tablet":0,"ocean_menu_typo_spacing_mobile":0,"ocean_menu_typo_spacing_unit":"","ocean_menu_link_color":"","ocean_menu_link_color_hover":"","ocean_menu_link_color_active":"","ocean_menu_link_background":"","ocean_menu_link_hover_background":"","ocean_menu_link_active_background":"","ocean_menu_social_links_bg":"","ocean_menu_social_hover_links_bg":"","ocean_menu_social_links_color":"","ocean_menu_social_hover_links_color":"","ocean_disable_title":"default","ocean_disable_heading":"default","ocean_post_title":"","ocean_post_subheading":"","ocean_post_title_style":"","ocean_post_title_background_color":"","ocean_post_title_background":0,"ocean_post_title_bg_image_position":"","ocean_post_title_bg_image_attachment":"","ocean_post_title_bg_image_repeat":"","ocean_post_title_bg_image_size":"","ocean_post_title_height":0,"ocean_post_title_bg_overlay":0.5,"ocean_post_title_bg_overlay_color":"","ocean_disable_breadcrumbs":"default","ocean_breadcrumbs_color":"","ocean_breadcrumbs_separator_color":"","ocean_breadcrumbs_links_color":"","ocean_breadcrumbs_links_hover_color":"","ocean_display_footer_widgets":"default","ocean_display_footer_bottom":"default","ocean_custom_footer_template":"0","osh_disable_topbar_sticky":"default","osh_disable_header_sticky":"default","osh_sticky_header_style":"default","osh_sticky_header_effect":"","osh_custom_sticky_logo":0,"osh_custom_retina_sticky_logo":0,"osh_custom_sticky_logo_height":0,"osh_background_color":"","osh_links_color":"","osh_links_hover_color":"","osh_links_active_color":"","osh_links_bg_color":"","osh_links_hover_bg_color":"","osh_links_active_bg_color":"","osh_menu_social_links_color":"","osh_menu_social_hover_links_color":""},"product_brand":[],"product_cat":[32],"product_tag":[327,326,328,325,324],"class_list":{"0":"post-3826","1":"product","2":"type-product","3":"status-publish","4":"has-post-thumbnail","6":"product_cat-lubricant-filling-pumps","7":"product_tag-grease-filler","8":"product_tag-grease-filling-gun","9":"product_tag-grease-syringe","10":"product_tag-hand-operated-grease-gun","11":"product_tag-manual-grease-gun","13":"entry","14":"has-media","16":"first","17":"instock","18":"shipping-taxable","19":"product-type-external","20":"col","21":"span_1_of_3","22":"owp-content-center","23":"owp-thumbs-layout-horizontal","24":"owp-btn-very-big","25":"owp-tabs-layout-horizontal"},"_links":{"self":[{"href":"https:\/\/www.jinpinlub.com\/it\/wp-json\/wp\/v2\/product\/3826","targetHints":{"allow":["GET"]}}],"collection":[{"href":"https:\/\/www.jinpinlub.com\/it\/wp-json\/wp\/v2\/product"}],"about":[{"href":"https:\/\/www.jinpinlub.com\/it\/wp-json\/wp\/v2\/types\/product"}],"wp:featuredmedia":[{"embeddable":true,"href":"https:\/\/www.jinpinlub.com\/it\/wp-json\/wp\/v2\/media\/3818"}],"wp:attachment":[{"href":"https:\/\/www.jinpinlub.com\/it\/wp-json\/wp\/v2\/media?parent=3826"}],"wp:term":[{"taxonomy":"product_brand","embeddable":true,"href":"https:\/\/www.jinpinlub.com\/it\/wp-json\/wp\/v2\/product_brand?post=3826"},{"taxonomy":"product_cat","embeddable":true,"href":"https:\/\/www.jinpinlub.com\/it\/wp-json\/wp\/v2\/product_cat?post=3826"},{"taxonomy":"product_tag","embeddable":true,"href":"https:\/\/www.jinpinlub.com\/it\/wp-json\/wp\/v2\/product_tag?post=3826"}],"curies":[{"name":"wp","href":"https:\/\/api.w.org\/{rel}","templated":true}]}}