{"id":3828,"date":"2024-10-21T15:11:16","date_gmt":"2024-10-21T07:11:16","guid":{"rendered":"https:\/\/www.jinpinlub.com\/?post_type=product&#038;p=3828"},"modified":"2024-10-29T17:04:52","modified_gmt":"2024-10-29T09:04:52","slug":"jdy-50s-macchina-riempitrice-di-grasso-al-litio-ad-altissima-pressione","status":"publish","type":"product","link":"https:\/\/www.jinpinlub.com\/it\/product\/jdy-50s-ultra-high-pressure-lithium-grease-filling-machine\/","title":{"rendered":"JDY-50S Macchina riempitrice di grasso al litio ad altissima pressione"},"content":{"rendered":"<h2>Caratteristiche<\/h2>\n<p>La porta di aspirazione dell&#039;olio della pompa di lubrificazione \u00e8 dotata di un filtro per impedire alle impurit\u00e0 di entrare nel corpo della pompa. Il nucleo della pompa utilizza guarnizioni in poliuretano di alta qualit\u00e0 con maggiore resistenza all&#039;usura. \u00c8 appositamente progettato per grasso ad alta viscosit\u00e0 ed \u00e8 meglio compatibile con grasso ad alta viscosit\u00e0. L&#039;ingresso dell&#039;aria della testa della pompa pneumatica \u00e8 dotato di un separatore olio-acqua a doppia tazza. Questa macchina riempitrice \u00e8 compatibile con oli non corrosivi ed \u00e8 adatta per: grasso a base di litio NLGI 00#~3# e grasso speciale resistente alle alte temperature.<\/p>\n<h2>Specificazione<\/h2>\n<table>\n<tbody>\n<tr>\n<td>Rapporto di pressione<\/td>\n<td>80:1<\/td>\n<\/tr>\n<tr>\n<td>Pressione massima<\/td>\n<td>80MPa<\/td>\n<\/tr>\n<tr>\n<td>Portata massima<\/td>\n<td>600-900 g\/min<\/td>\n<\/tr>\n<tr>\n<td>Lubrificante<\/td>\n<td>Da 00# a 3#<\/td>\n<\/tr>\n<tr>\n<td>Campo di pressione<\/td>\n<td>0,5-0,9 MPa<\/td>\n<\/tr>\n<tr>\n<td>Temperatura<\/td>\n<td>80\u2103<\/td>\n<\/tr>\n<tr>\n<td>Testa di trasporto<\/td>\n<td>80 metri<\/td>\n<\/tr>\n<tr>\n<td>Lunghezza del tubo<\/td>\n<td>10m\/15m<\/td>\n<\/tr>\n<tr>\n<td>Riempimento di grasso<\/td>\n<td>15-20 kg in botte<\/td>\n<\/tr>\n<tr>\n<td>Peso<\/td>\n<td>15 kg<\/td>\n<\/tr>\n<tr>\n<td>Confezione<\/td>\n<td>800*400*400mm<\/td>\n<\/tr>\n<\/tbody>\n<\/table>\n<h2>Precauzioni<\/h2>\n<p>1. Questa \u00e8 una macchina pneumatica per il riempimento del grasso e deve essere collegata a una fonte d&#039;aria prima dell&#039;uso.<br \/>\n2. \u00c8 severamente vietato utilizzare gas infiammabili per le macchine per la lubrificazione, in caso contrario le conseguenze sono a proprio rischio e pericolo.<br \/>\n3. Le macchine per il riempimento del grasso devono essere compatibili con diversi lubrificanti a seconda della stagione: NLGI 1#~2# in primavera e autunno, NLGI 2#~3# in estate e NLGI 0#~2# in inverno.<br \/>\n4. Se non \u00e8 necessario lavorare, non utilizzare questa macchina per ingrassaggio senza carico per un lungo periodo di tempo per evitare danni alle parti interne.<br \/>\n5. \u00c8 vietato utilizzare questa macchina per spruzzare persone e animali.<br \/>\n6. Quando la macchina per il grasso smette di funzionare, spegnere la fonte d&#039;aria e sparare per rilasciare la pressione nel tubo.<br \/>\n7. Prestare attenzione alla manutenzione regolare della macchina per il grasso e pulire il tubo flessibile.<\/p>\n<h2>Manuali<\/h2>\n<div class=\"sdm_download_button_box_default\"><div class=\"sdm_download_link\"><a href=\"https:\/\/www.jinpinlub.com\/it\/?sdm_process_download=1&download_id=3825\" class=\"sdm_download white\" title=\"Privato: JDY-50S Filling Pump\" target=\"&quot;_blank&quot;\">Visualizza la scheda tecnica - Pompa di riempimento JDY-50S<\/a><\/div><\/div>","protected":false},"excerpt":{"rendered":"<p>JDY-50 \u00e8 una macchina pneumatica per il riempimento di grasso ad alta pressione, funzionamento semplice e portata elevata. \u00c8 utilizzata per la manutenzione di automobili, verniciatura, trasporto, utensili meccanici, ingegneria eolica, centrali elettriche, macchinari agricoli, produzione di metalli, ecc.<\/p>","protected":false},"featured_media":3814,"template":"","meta":{"ocean_post_layout":"","ocean_both_sidebars_style":"","ocean_both_sidebars_content_width":0,"ocean_both_sidebars_sidebars_width":0,"ocean_sidebar":"0","ocean_second_sidebar":"0","ocean_disable_margins":"enable","ocean_add_body_class":"","ocean_shortcode_before_top_bar":"","ocean_shortcode_after_top_bar":"","ocean_shortcode_before_header":"","ocean_shortcode_after_header":"","ocean_has_shortcode":"","ocean_shortcode_after_title":"","ocean_shortcode_before_footer_widgets":"","ocean_shortcode_after_footer_widgets":"","ocean_shortcode_before_footer_bottom":"","ocean_shortcode_after_footer_bottom":"","ocean_display_top_bar":"default","ocean_display_header":"default","ocean_header_style":"","ocean_center_header_left_menu":"0","ocean_custom_header_template":"0","ocean_custom_logo":0,"ocean_custom_retina_logo":0,"ocean_custom_logo_max_width":0,"ocean_custom_logo_tablet_max_width":0,"ocean_custom_logo_mobile_max_width":0,"ocean_custom_logo_max_height":0,"ocean_custom_logo_tablet_max_height":0,"ocean_custom_logo_mobile_max_height":0,"ocean_header_custom_menu":"0","ocean_menu_typo_font_family":"0","ocean_menu_typo_font_subset":"","ocean_menu_typo_font_size":0,"ocean_menu_typo_font_size_tablet":0,"ocean_menu_typo_font_size_mobile":0,"ocean_menu_typo_font_size_unit":"px","ocean_menu_typo_font_weight":"","ocean_menu_typo_font_weight_tablet":"","ocean_menu_typo_font_weight_mobile":"","ocean_menu_typo_transform":"","ocean_menu_typo_transform_tablet":"","ocean_menu_typo_transform_mobile":"","ocean_menu_typo_line_height":0,"ocean_menu_typo_line_height_tablet":0,"ocean_menu_typo_line_height_mobile":0,"ocean_menu_typo_line_height_unit":"","ocean_menu_typo_spacing":0,"ocean_menu_typo_spacing_tablet":0,"ocean_menu_typo_spacing_mobile":0,"ocean_menu_typo_spacing_unit":"","ocean_menu_link_color":"","ocean_menu_link_color_hover":"","ocean_menu_link_color_active":"","ocean_menu_link_background":"","ocean_menu_link_hover_background":"","ocean_menu_link_active_background":"","ocean_menu_social_links_bg":"","ocean_menu_social_hover_links_bg":"","ocean_menu_social_links_color":"","ocean_menu_social_hover_links_color":"","ocean_disable_title":"default","ocean_disable_heading":"default","ocean_post_title":"","ocean_post_subheading":"","ocean_post_title_style":"","ocean_post_title_background_color":"","ocean_post_title_background":0,"ocean_post_title_bg_image_position":"","ocean_post_title_bg_image_attachment":"","ocean_post_title_bg_image_repeat":"","ocean_post_title_bg_image_size":"","ocean_post_title_height":0,"ocean_post_title_bg_overlay":0.5,"ocean_post_title_bg_overlay_color":"","ocean_disable_breadcrumbs":"default","ocean_breadcrumbs_color":"","ocean_breadcrumbs_separator_color":"","ocean_breadcrumbs_links_color":"","ocean_breadcrumbs_links_hover_color":"","ocean_display_footer_widgets":"default","ocean_display_footer_bottom":"default","ocean_custom_footer_template":"0","osh_disable_topbar_sticky":"default","osh_disable_header_sticky":"default","osh_sticky_header_style":"default","osh_sticky_header_effect":"","osh_custom_sticky_logo":0,"osh_custom_retina_sticky_logo":0,"osh_custom_sticky_logo_height":0,"osh_background_color":"","osh_links_color":"","osh_links_hover_color":"","osh_links_active_color":"","osh_links_bg_color":"","osh_links_hover_bg_color":"","osh_links_active_bg_color":"","osh_menu_social_links_color":"","osh_menu_social_hover_links_color":""},"product_brand":[],"product_cat":[32],"product_tag":[331,333,332,330,329],"class_list":{"0":"post-3828","1":"product","2":"type-product","3":"status-publish","4":"has-post-thumbnail","6":"product_cat-lubricant-filling-pumps","7":"product_tag-butter-filling-gun","8":"product_tag-high-pressure-grease-injector","9":"product_tag-mobile-grease-machine","10":"product_tag-oil-filling-machine","11":"product_tag-pneumatic-butter-machine","13":"entry","14":"has-media","16":"first","17":"instock","18":"shipping-taxable","19":"product-type-external","20":"col","21":"span_1_of_3","22":"owp-content-center","23":"owp-thumbs-layout-horizontal","24":"owp-btn-very-big","25":"owp-tabs-layout-horizontal"},"_links":{"self":[{"href":"https:\/\/www.jinpinlub.com\/it\/wp-json\/wp\/v2\/product\/3828","targetHints":{"allow":["GET"]}}],"collection":[{"href":"https:\/\/www.jinpinlub.com\/it\/wp-json\/wp\/v2\/product"}],"about":[{"href":"https:\/\/www.jinpinlub.com\/it\/wp-json\/wp\/v2\/types\/product"}],"wp:featuredmedia":[{"embeddable":true,"href":"https:\/\/www.jinpinlub.com\/it\/wp-json\/wp\/v2\/media\/3814"}],"wp:attachment":[{"href":"https:\/\/www.jinpinlub.com\/it\/wp-json\/wp\/v2\/media?parent=3828"}],"wp:term":[{"taxonomy":"product_brand","embeddable":true,"href":"https:\/\/www.jinpinlub.com\/it\/wp-json\/wp\/v2\/product_brand?post=3828"},{"taxonomy":"product_cat","embeddable":true,"href":"https:\/\/www.jinpinlub.com\/it\/wp-json\/wp\/v2\/product_cat?post=3828"},{"taxonomy":"product_tag","embeddable":true,"href":"https:\/\/www.jinpinlub.com\/it\/wp-json\/wp\/v2\/product_tag?post=3828"}],"curies":[{"name":"wp","href":"https:\/\/api.w.org\/{rel}","templated":true}]}}