{"id":3851,"date":"2024-11-05T05:21:50","date_gmt":"2024-11-04T21:21:50","guid":{"rendered":"https:\/\/www.jinpinlub.com\/?post_type=product&#038;p=3851"},"modified":"2024-11-05T05:26:27","modified_gmt":"2024-11-04T21:26:27","slug":"tubo-flessibile-con-guaina-intrecciata-a-molla-esterna-pst-per-circuito-di-lubrificazione","status":"publish","type":"product","link":"https:\/\/www.jinpinlub.com\/it\/product\/pst-outer-spring-braided-sheath-hose-for-lubrication-circuit\/","title":{"rendered":"Tubo flessibile con guaina intrecciata a molla esterna PST per circuito di lubrificazione"},"content":{"rendered":"<h2>Caratteristica<\/h2>\n<p>I tubi flessibili con guaina esterna a molla sono composti da un tubo flessibile in gomma intrecciata, una guaina in filo di acciaio e un connettore a manicotto. Sono adatti per l&#039;uso in luoghi con trucioli di lavorazione e ambienti di lavoro difficili. L&#039;intervallo di temperatura applicabile \u00e8 -20\u2103-80\u2103.<br \/>\nMateriali di alta qualit\u00e0. La molla esterna \u00e8 morbida e ha pi\u00f9 strati di protezione. La molla esterna in filo di acciaio e il tubo flessibile in gomma intrecciata sono combinati e il tutto \u00e8 durevole e resistente all&#039;alta pressione.<br \/>\nVarie specifiche. Diverse lunghezze e dimensioni di tubi flessibili sono opzionali, grandi quantit\u00e0 sono in magazzino e la velocit\u00e0 di consegna \u00e8 rapida.<br \/>\nIl diametro del tubo flessibile della molla metallica esterna \u00e8 di 4 mm e 6 mm ed \u00e8 dotato di connettori PA e PB.<\/p>\n<h2>Specificazione<\/h2>\n<table>\n<tbody>\n<tr>\n<td>Modello<\/td>\n<td>PST-4<\/td>\n<td>PST-6<\/td>\n<\/tr>\n<tr>\n<td>Raccordi<\/td>\n<td>\u03a64<\/td>\n<td>\u03a66<\/td>\n<\/tr>\n<tr>\n<td>Pressione massima<\/td>\n<td>10MPa<\/td>\n<td>15MPa<\/td>\n<\/tr>\n<tr>\n<td>Raggio minimo di curvatura<\/td>\n<td>R20<\/td>\n<td>R40<\/td>\n<\/tr>\n<tr>\n<td>Lunghezza (m)<\/td>\n<td colspan=\"2\">Personalizzazione<\/td>\n<\/tr>\n<\/tbody>\n<\/table>\n<h2>Applicazione<\/h2>\n<p>I tubi flessibili con guaina a molla esterna sono ampiamente utilizzati nei tubi dell&#039;olio lubrificante di macchine utensili CNC, fresatrici e macchine per stampaggio a iniezione. Questi tubi flessibili hanno elevata resistenza e resistenza all&#039;usura, che possono proteggere efficacemente i tubi dell&#039;olio lubrificante da danni esterni, offrendo al contempo una buona flessibilit\u00e0 e durata. Ci\u00f2 \u00e8 molto importante per garantire il normale funzionamento della macchina e prolungare la durata dell&#039;attrezzatura.<\/p>\n<h2>Manuali<\/h2>\n<div class=\"sdm_download_button_box_default\"><div class=\"sdm_download_link\"><a href=\"https:\/\/www.jinpinlub.com\/it\/?sdm_process_download=1&download_id=3844\" class=\"sdm_download white\" title=\"Privato: PST Sheath Hose\" target=\"&quot;_blank&quot;\">Visualizza la scheda tecnica - Tubo flessibile di rivestimento<\/a><\/div><\/div>","protected":false},"excerpt":{"rendered":"<p>Il tubo intrecciato \u00e8 composto da un tubo intrecciato e da un giunto di crimpatura. Il tubo \u00e8 costituito da tre strati: rivestimento interno in gomma, rinforzo centrale in fibra metallica e maglia intrecciata esterna. L&#039;intervallo di temperatura applicabile \u00e8 -40\u2103~80\u2103.<\/p>","protected":false},"featured_media":3847,"template":"","meta":{"ocean_post_layout":"","ocean_both_sidebars_style":"","ocean_both_sidebars_content_width":0,"ocean_both_sidebars_sidebars_width":0,"ocean_sidebar":"0","ocean_second_sidebar":"0","ocean_disable_margins":"enable","ocean_add_body_class":"","ocean_shortcode_before_top_bar":"","ocean_shortcode_after_top_bar":"","ocean_shortcode_before_header":"","ocean_shortcode_after_header":"","ocean_has_shortcode":"","ocean_shortcode_after_title":"","ocean_shortcode_before_footer_widgets":"","ocean_shortcode_after_footer_widgets":"","ocean_shortcode_before_footer_bottom":"","ocean_shortcode_after_footer_bottom":"","ocean_display_top_bar":"default","ocean_display_header":"default","ocean_header_style":"","ocean_center_header_left_menu":"0","ocean_custom_header_template":"0","ocean_custom_logo":0,"ocean_custom_retina_logo":0,"ocean_custom_logo_max_width":0,"ocean_custom_logo_tablet_max_width":0,"ocean_custom_logo_mobile_max_width":0,"ocean_custom_logo_max_height":0,"ocean_custom_logo_tablet_max_height":0,"ocean_custom_logo_mobile_max_height":0,"ocean_header_custom_menu":"0","ocean_menu_typo_font_family":"0","ocean_menu_typo_font_subset":"","ocean_menu_typo_font_size":0,"ocean_menu_typo_font_size_tablet":0,"ocean_menu_typo_font_size_mobile":0,"ocean_menu_typo_font_size_unit":"px","ocean_menu_typo_font_weight":"","ocean_menu_typo_font_weight_tablet":"","ocean_menu_typo_font_weight_mobile":"","ocean_menu_typo_transform":"","ocean_menu_typo_transform_tablet":"","ocean_menu_typo_transform_mobile":"","ocean_menu_typo_line_height":0,"ocean_menu_typo_line_height_tablet":0,"ocean_menu_typo_line_height_mobile":0,"ocean_menu_typo_line_height_unit":"","ocean_menu_typo_spacing":0,"ocean_menu_typo_spacing_tablet":0,"ocean_menu_typo_spacing_mobile":0,"ocean_menu_typo_spacing_unit":"","ocean_menu_link_color":"","ocean_menu_link_color_hover":"","ocean_menu_link_color_active":"","ocean_menu_link_background":"","ocean_menu_link_hover_background":"","ocean_menu_link_active_background":"","ocean_menu_social_links_bg":"","ocean_menu_social_hover_links_bg":"","ocean_menu_social_links_color":"","ocean_menu_social_hover_links_color":"","ocean_disable_title":"default","ocean_disable_heading":"default","ocean_post_title":"","ocean_post_subheading":"","ocean_post_title_style":"","ocean_post_title_background_color":"","ocean_post_title_background":0,"ocean_post_title_bg_image_position":"","ocean_post_title_bg_image_attachment":"","ocean_post_title_bg_image_repeat":"","ocean_post_title_bg_image_size":"","ocean_post_title_height":0,"ocean_post_title_bg_overlay":0.5,"ocean_post_title_bg_overlay_color":"","ocean_disable_breadcrumbs":"default","ocean_breadcrumbs_color":"","ocean_breadcrumbs_separator_color":"","ocean_breadcrumbs_links_color":"","ocean_breadcrumbs_links_hover_color":"","ocean_display_footer_widgets":"default","ocean_display_footer_bottom":"default","ocean_custom_footer_template":"0","osh_disable_topbar_sticky":"default","osh_disable_header_sticky":"default","osh_sticky_header_style":"default","osh_sticky_header_effect":"","osh_custom_sticky_logo":0,"osh_custom_retina_sticky_logo":0,"osh_custom_sticky_logo_height":0,"osh_background_color":"","osh_links_color":"","osh_links_hover_color":"","osh_links_active_color":"","osh_links_bg_color":"","osh_links_hover_bg_color":"","osh_links_active_bg_color":"","osh_menu_social_links_color":"","osh_menu_social_hover_links_color":""},"product_brand":[],"product_cat":[31],"product_tag":[344,346,347,348,345],"class_list":{"0":"post-3851","1":"product","2":"type-product","3":"status-publish","4":"has-post-thumbnail","6":"product_cat-lube-system-accessories","7":"product_tag-external-steel-wire-hose","8":"product_tag-lubricating-oil-hose","9":"product_tag-spring-hose","10":"product_tag-spring-sheathed-hose","11":"product_tag-spring-sleeve-hose","13":"entry","14":"has-media","16":"first","17":"instock","18":"shipping-taxable","19":"product-type-external","20":"col","21":"span_1_of_3","22":"owp-content-center","23":"owp-thumbs-layout-horizontal","24":"owp-btn-very-big","25":"owp-tabs-layout-horizontal"},"_links":{"self":[{"href":"https:\/\/www.jinpinlub.com\/it\/wp-json\/wp\/v2\/product\/3851","targetHints":{"allow":["GET"]}}],"collection":[{"href":"https:\/\/www.jinpinlub.com\/it\/wp-json\/wp\/v2\/product"}],"about":[{"href":"https:\/\/www.jinpinlub.com\/it\/wp-json\/wp\/v2\/types\/product"}],"wp:featuredmedia":[{"embeddable":true,"href":"https:\/\/www.jinpinlub.com\/it\/wp-json\/wp\/v2\/media\/3847"}],"wp:attachment":[{"href":"https:\/\/www.jinpinlub.com\/it\/wp-json\/wp\/v2\/media?parent=3851"}],"wp:term":[{"taxonomy":"product_brand","embeddable":true,"href":"https:\/\/www.jinpinlub.com\/it\/wp-json\/wp\/v2\/product_brand?post=3851"},{"taxonomy":"product_cat","embeddable":true,"href":"https:\/\/www.jinpinlub.com\/it\/wp-json\/wp\/v2\/product_cat?post=3851"},{"taxonomy":"product_tag","embeddable":true,"href":"https:\/\/www.jinpinlub.com\/it\/wp-json\/wp\/v2\/product_tag?post=3851"}],"curies":[{"name":"wp","href":"https:\/\/api.w.org\/{rel}","templated":true}]}}