{"id":3854,"date":"2024-11-19T19:35:28","date_gmt":"2024-11-19T11:35:28","guid":{"rendered":"https:\/\/www.jinpinlub.com\/?post_type=product&#038;p=3854"},"modified":"2024-11-26T16:48:43","modified_gmt":"2024-11-26T08:48:43","slug":"tubo-di-olio-lubrificante-in-nylon-trasparente-pa6-per-lubrificante-per-macchine","status":"publish","type":"product","link":"https:\/\/www.jinpinlub.com\/it\/product\/pa6-transparent-nylon-lubricating-oil-tube-for-machine-lube\/","title":{"rendered":"Tubo di olio lubrificante in nylon trasparente PA6 per lubrificante per macchine"},"content":{"rendered":"<h2>Caratteristica<\/h2>\n<p>I materiali utilizzati nella produzione di tubi in nylon sono rigorosamente selezionati e non sono materiali riciclati. I tubi in nylon finiti sono spessi, affidabili nella qualit\u00e0, resistenti e hanno una lunga durata.<br \/>\nI tubi in nylon prodotti da apparecchiature di produzione automatizzate controllano rigorosamente gli standard di produzione per mantenere l&#039;errore entro un intervallo accettabile e la forza su tutte le parti dei tubi \u00e8 uniforme.<br \/>\nLa parete interna del tubo in nylon \u00e8 liscia, il coefficiente di attrito \u00e8 basso e la capacit\u00e0 di passaggio media \u00e8 elevata.<br \/>\nPossiamo accettare stampe personalizzate, OEM, ODM e soluzioni personalizzate per tubi per olio lubrificante a bassa pressione.<\/p>\n<h2>Specificazione<\/h2>\n<table>\n<tbody>\n<tr>\n<td>Modello<\/td>\n<td>PST-4<\/td>\n<td>PST-6<\/td>\n<\/tr>\n<tr>\n<td>Raccordi<\/td>\n<td>\u03a64<\/td>\n<td>\u03a66<\/td>\n<\/tr>\n<tr>\n<td>Pressione massima<\/td>\n<td>10MPa<\/td>\n<td>15MPa<\/td>\n<\/tr>\n<tr>\n<td>Raggio minimo di curvatura<\/td>\n<td>R20<\/td>\n<td>R40<\/td>\n<\/tr>\n<tr>\n<td>Lunghezza (m)<\/td>\n<td colspan=\"2\">Personalizzazione<\/td>\n<\/tr>\n<\/tbody>\n<\/table>\n<h2>Applicazione<\/h2>\n<p>Macchinari industriali: il tubo in nylon PA6 trasferisce l&#039;olio lubrificante in vari macchinari e attrezzature industriali per levigarne le parti meccaniche.<br \/>\nIndustria automobilistica: i tubi in nylon PA6 vengono prodotti per essere utilizzati in un&#039;ampia gamma di applicazioni, ad esempio nei tubi dell&#039;olio lubrificante di motori, cambi e altre parti, con un affidabile supporto di lubrificazione.<br \/>\nAerospaziale: nel settore aerospaziale ad alta richiesta, i tubi in nylon PA6 vengono adottati per i motori degli aerei e altri componenti chiave dell&#039;olio lubrificante della trasmissione, grazie all&#039;elevata resistenza e alla resistenza alle alte temperature di questo prodotto.<\/p>\n<h2>Manuali<\/h2>\n<div class=\"sdm_download_button_box_default\"><div class=\"sdm_download_link\"><a href=\"https:\/\/www.jinpinlub.com\/it\/?sdm_process_download=1&download_id=3866\" class=\"sdm_download white\" title=\"Privato: Lubricant Tube\" target=\"&quot;_blank&quot;\">Visualizza la scheda tecnica - Tubo lubrificante<\/a><\/div><\/div>","protected":false},"excerpt":{"rendered":"<p>Il tubo intrecciato \u00e8 composto da un tubo intrecciato e da un giunto di crimpatura. Il tubo \u00e8 costituito da tre strati: rivestimento interno in gomma, rinforzo centrale in fibra metallica e maglia intrecciata esterna. L&#039;intervallo di temperatura applicabile \u00e8 -40\u2103~80\u2103.<\/p>","protected":false},"featured_media":3862,"template":"","meta":{"ocean_post_layout":"","ocean_both_sidebars_style":"","ocean_both_sidebars_content_width":0,"ocean_both_sidebars_sidebars_width":0,"ocean_sidebar":"0","ocean_second_sidebar":"0","ocean_disable_margins":"enable","ocean_add_body_class":"","ocean_shortcode_before_top_bar":"","ocean_shortcode_after_top_bar":"","ocean_shortcode_before_header":"","ocean_shortcode_after_header":"","ocean_has_shortcode":"","ocean_shortcode_after_title":"","ocean_shortcode_before_footer_widgets":"","ocean_shortcode_after_footer_widgets":"","ocean_shortcode_before_footer_bottom":"","ocean_shortcode_after_footer_bottom":"","ocean_display_top_bar":"default","ocean_display_header":"default","ocean_header_style":"","ocean_center_header_left_menu":"0","ocean_custom_header_template":"0","ocean_custom_logo":0,"ocean_custom_retina_logo":0,"ocean_custom_logo_max_width":0,"ocean_custom_logo_tablet_max_width":0,"ocean_custom_logo_mobile_max_width":0,"ocean_custom_logo_max_height":0,"ocean_custom_logo_tablet_max_height":0,"ocean_custom_logo_mobile_max_height":0,"ocean_header_custom_menu":"0","ocean_menu_typo_font_family":"0","ocean_menu_typo_font_subset":"","ocean_menu_typo_font_size":0,"ocean_menu_typo_font_size_tablet":0,"ocean_menu_typo_font_size_mobile":0,"ocean_menu_typo_font_size_unit":"px","ocean_menu_typo_font_weight":"","ocean_menu_typo_font_weight_tablet":"","ocean_menu_typo_font_weight_mobile":"","ocean_menu_typo_transform":"","ocean_menu_typo_transform_tablet":"","ocean_menu_typo_transform_mobile":"","ocean_menu_typo_line_height":0,"ocean_menu_typo_line_height_tablet":0,"ocean_menu_typo_line_height_mobile":0,"ocean_menu_typo_line_height_unit":"","ocean_menu_typo_spacing":0,"ocean_menu_typo_spacing_tablet":0,"ocean_menu_typo_spacing_mobile":0,"ocean_menu_typo_spacing_unit":"","ocean_menu_link_color":"","ocean_menu_link_color_hover":"","ocean_menu_link_color_active":"","ocean_menu_link_background":"","ocean_menu_link_hover_background":"","ocean_menu_link_active_background":"","ocean_menu_social_links_bg":"","ocean_menu_social_hover_links_bg":"","ocean_menu_social_links_color":"","ocean_menu_social_hover_links_color":"","ocean_disable_title":"default","ocean_disable_heading":"default","ocean_post_title":"","ocean_post_subheading":"","ocean_post_title_style":"","ocean_post_title_background_color":"","ocean_post_title_background":0,"ocean_post_title_bg_image_position":"","ocean_post_title_bg_image_attachment":"","ocean_post_title_bg_image_repeat":"","ocean_post_title_bg_image_size":"","ocean_post_title_height":0,"ocean_post_title_bg_overlay":0.5,"ocean_post_title_bg_overlay_color":"","ocean_disable_breadcrumbs":"default","ocean_breadcrumbs_color":"","ocean_breadcrumbs_separator_color":"","ocean_breadcrumbs_links_color":"","ocean_breadcrumbs_links_hover_color":"","ocean_display_footer_widgets":"default","ocean_display_footer_bottom":"default","ocean_custom_footer_template":"0","osh_disable_topbar_sticky":"default","osh_disable_header_sticky":"default","osh_sticky_header_style":"default","osh_sticky_header_effect":"","osh_custom_sticky_logo":0,"osh_custom_retina_sticky_logo":0,"osh_custom_sticky_logo_height":0,"osh_background_color":"","osh_links_color":"","osh_links_hover_color":"","osh_links_active_color":"","osh_links_bg_color":"","osh_links_hover_bg_color":"","osh_links_active_bg_color":"","osh_menu_social_links_color":"","osh_menu_social_hover_links_color":""},"product_brand":[],"product_cat":[31],"product_tag":[350,352,353,349,351],"class_list":{"0":"post-3854","1":"product","2":"type-product","3":"status-publish","4":"has-post-thumbnail","6":"product_cat-lube-system-accessories","7":"product_tag-lubricating-oil-tube","8":"product_tag-lubricating-pipes","9":"product_tag-lubrication-oil-pipeline","10":"product_tag-pa6-nylon-tube","11":"product_tag-transparent-oil-circuit","13":"entry","14":"has-media","16":"first","17":"instock","18":"shipping-taxable","19":"product-type-external","20":"col","21":"span_1_of_3","22":"owp-content-center","23":"owp-thumbs-layout-horizontal","24":"owp-btn-very-big","25":"owp-tabs-layout-horizontal"},"_links":{"self":[{"href":"https:\/\/www.jinpinlub.com\/it\/wp-json\/wp\/v2\/product\/3854","targetHints":{"allow":["GET"]}}],"collection":[{"href":"https:\/\/www.jinpinlub.com\/it\/wp-json\/wp\/v2\/product"}],"about":[{"href":"https:\/\/www.jinpinlub.com\/it\/wp-json\/wp\/v2\/types\/product"}],"wp:featuredmedia":[{"embeddable":true,"href":"https:\/\/www.jinpinlub.com\/it\/wp-json\/wp\/v2\/media\/3862"}],"wp:attachment":[{"href":"https:\/\/www.jinpinlub.com\/it\/wp-json\/wp\/v2\/media?parent=3854"}],"wp:term":[{"taxonomy":"product_brand","embeddable":true,"href":"https:\/\/www.jinpinlub.com\/it\/wp-json\/wp\/v2\/product_brand?post=3854"},{"taxonomy":"product_cat","embeddable":true,"href":"https:\/\/www.jinpinlub.com\/it\/wp-json\/wp\/v2\/product_cat?post=3854"},{"taxonomy":"product_tag","embeddable":true,"href":"https:\/\/www.jinpinlub.com\/it\/wp-json\/wp\/v2\/product_tag?post=3854"}],"curies":[{"name":"wp","href":"https:\/\/api.w.org\/{rel}","templated":true}]}}