{"id":3881,"date":"2024-11-26T19:26:16","date_gmt":"2024-11-26T11:26:16","guid":{"rendered":"https:\/\/www.jinpinlub.com\/?post_type=product&#038;p=3881"},"modified":"2024-11-26T19:29:57","modified_gmt":"2024-11-26T11:29:57","slug":"tubo-di-olio-lubrificante-in-alluminio-personalizzato-da-4-6-mm-per-fresatura-cnc","status":"publish","type":"product","link":"https:\/\/www.jinpinlub.com\/it\/product\/custom-4-6mm-aluminum-lubrication-oil-tube-for-milling-cnc\/","title":{"rendered":"Tubo di olio lubrificante in alluminio personalizzato da 4\/6 mm per fresatura CNC"},"content":{"rendered":"<h2>Caratteristica<\/h2>\n<p>Leggeri e ad alta resistenza: i tubi dell&#039;olio in alluminio hanno un peso ridotto pur mantenendo un&#039;elevata resistenza, adatti a varie apparecchiature meccaniche.<br \/>\nAnticorrosione: il tubo dell&#039;olio in alluminio ha un&#039;ottima resistenza alla corrosione e pu\u00f2 essere utilizzato a lungo in ambienti difficili.<br \/>\nBuona conduttivit\u00e0 termica: l&#039;alluminio ha un&#039;eccellente conduttivit\u00e0 termica, pu\u00f2 condurre efficacemente l&#039;olio lubrificante e mantenere stabile la temperatura dell&#039;apparecchiatura.<br \/>\nFacile da lavorare: il tubo dell&#039;olio in alluminio \u00e8 facile da lavorare e piegare, facile da installare e manutenere nell&#039;attrezzatura.<br \/>\nTutela dell&#039;ambiente: l&#039;alluminio \u00e8 riciclabile ed \u00e8 ecologico.<\/p>\n<h2>Specificazione<\/h2>\n<figure id=\"attachment_3873\" aria-describedby=\"caption-attachment-3873\" style=\"width: 800px\" class=\"wp-caption alignnone\"><img loading=\"lazy\" decoding=\"async\" class=\"size-full wp-image-3873\" src=\"https:\/\/www.jinpinlub.com\/wp-content\/uploads\/2024\/11\/Copper-Oil-Tube-5.jpg\" alt=\"Tubo di olio di rame (5)\" width=\"800\" height=\"485\" srcset=\"https:\/\/www.jinpinlub.com\/wp-content\/uploads\/2024\/11\/Copper-Oil-Tube-5.jpg 800w, https:\/\/www.jinpinlub.com\/wp-content\/uploads\/2024\/11\/Copper-Oil-Tube-5-300x182.jpg 300w, https:\/\/www.jinpinlub.com\/wp-content\/uploads\/2024\/11\/Copper-Oil-Tube-5-768x466.jpg 768w, https:\/\/www.jinpinlub.com\/wp-content\/uploads\/2024\/11\/Copper-Oil-Tube-5-18x12.jpg 18w\" sizes=\"auto, (max-width: 800px) 100vw, 800px\" \/><figcaption id=\"caption-attachment-3873\" class=\"wp-caption-text\">Tubo di olio di rame (5)<\/figcaption><\/figure>\n<h2>Applicazione<\/h2>\n<p>Attrezzature meccaniche: numerosi tipi di attrezzature meccaniche sono dotati di tubi dell&#039;olio in alluminio nei loro sistemi di lubrificazione, ad esempio nei cuscinetti, negli ingranaggi, ecc.<br \/>\nRobot industriali: la trasmissione dell&#039;olio lubrificante attraverso tubi dell&#039;olio in alluminio facilita il funzionamento regolare dei robot industriali.<br \/>\nLinee di produzione automatizzate: i tubi dell&#039;olio in alluminio vengono utilizzati nei sistemi di lubrificazione delle linee di produzione automatizzate per garantire la fluidit\u00e0 del processo produttivo.<br \/>\nIndustria automobilistica: nella produzione automobilistica, i tubi dell&#039;olio in alluminio vengono utilizzati per lubrificare i condotti dell&#039;olio nei motori, nei cambi e in altre parti.<\/p>\n<h2>Manuali<\/h2>\n<div class=\"sdm_download_button_box_default\"><div class=\"sdm_download_link\"><a href=\"https:\/\/www.jinpinlub.com\/it\/?sdm_process_download=1&download_id=3866\" class=\"sdm_download white\" title=\"Privato: Lubricant Tube\" target=\"&quot;_blank&quot;\">Visualizza la scheda tecnica - Tubo lubrificante<\/a><\/div><\/div>","protected":false},"excerpt":{"rendered":"<p>I tubi di alluminio per lubrificanti industriali sono leggeri e ad alta resistenza, resistenti alla corrosione, hanno una buona conduttivit\u00e0 termica e sono facili da lavorare. Sono utilizzati in apparecchiature meccaniche, linee di produzione automatizzate e nell&#039;industria automobilistica per garantire un funzionamento efficiente.<\/p>","protected":false},"featured_media":3885,"template":"","meta":{"ocean_post_layout":"","ocean_both_sidebars_style":"","ocean_both_sidebars_content_width":0,"ocean_both_sidebars_sidebars_width":0,"ocean_sidebar":"0","ocean_second_sidebar":"0","ocean_disable_margins":"enable","ocean_add_body_class":"","ocean_shortcode_before_top_bar":"","ocean_shortcode_after_top_bar":"","ocean_shortcode_before_header":"","ocean_shortcode_after_header":"","ocean_has_shortcode":"","ocean_shortcode_after_title":"","ocean_shortcode_before_footer_widgets":"","ocean_shortcode_after_footer_widgets":"","ocean_shortcode_before_footer_bottom":"","ocean_shortcode_after_footer_bottom":"","ocean_display_top_bar":"default","ocean_display_header":"default","ocean_header_style":"","ocean_center_header_left_menu":"0","ocean_custom_header_template":"0","ocean_custom_logo":0,"ocean_custom_retina_logo":0,"ocean_custom_logo_max_width":0,"ocean_custom_logo_tablet_max_width":0,"ocean_custom_logo_mobile_max_width":0,"ocean_custom_logo_max_height":0,"ocean_custom_logo_tablet_max_height":0,"ocean_custom_logo_mobile_max_height":0,"ocean_header_custom_menu":"0","ocean_menu_typo_font_family":"0","ocean_menu_typo_font_subset":"","ocean_menu_typo_font_size":0,"ocean_menu_typo_font_size_tablet":0,"ocean_menu_typo_font_size_mobile":0,"ocean_menu_typo_font_size_unit":"px","ocean_menu_typo_font_weight":"","ocean_menu_typo_font_weight_tablet":"","ocean_menu_typo_font_weight_mobile":"","ocean_menu_typo_transform":"","ocean_menu_typo_transform_tablet":"","ocean_menu_typo_transform_mobile":"","ocean_menu_typo_line_height":0,"ocean_menu_typo_line_height_tablet":0,"ocean_menu_typo_line_height_mobile":0,"ocean_menu_typo_line_height_unit":"","ocean_menu_typo_spacing":0,"ocean_menu_typo_spacing_tablet":0,"ocean_menu_typo_spacing_mobile":0,"ocean_menu_typo_spacing_unit":"","ocean_menu_link_color":"","ocean_menu_link_color_hover":"","ocean_menu_link_color_active":"","ocean_menu_link_background":"","ocean_menu_link_hover_background":"","ocean_menu_link_active_background":"","ocean_menu_social_links_bg":"","ocean_menu_social_hover_links_bg":"","ocean_menu_social_links_color":"","ocean_menu_social_hover_links_color":"","ocean_disable_title":"default","ocean_disable_heading":"default","ocean_post_title":"","ocean_post_subheading":"","ocean_post_title_style":"","ocean_post_title_background_color":"","ocean_post_title_background":0,"ocean_post_title_bg_image_position":"","ocean_post_title_bg_image_attachment":"","ocean_post_title_bg_image_repeat":"","ocean_post_title_bg_image_size":"","ocean_post_title_height":0,"ocean_post_title_bg_overlay":0.5,"ocean_post_title_bg_overlay_color":"","ocean_disable_breadcrumbs":"default","ocean_breadcrumbs_color":"","ocean_breadcrumbs_separator_color":"","ocean_breadcrumbs_links_color":"","ocean_breadcrumbs_links_hover_color":"","ocean_display_footer_widgets":"default","ocean_display_footer_bottom":"default","ocean_custom_footer_template":"0","osh_disable_topbar_sticky":"default","osh_disable_header_sticky":"default","osh_sticky_header_style":"default","osh_sticky_header_effect":"","osh_custom_sticky_logo":0,"osh_custom_retina_sticky_logo":0,"osh_custom_sticky_logo_height":0,"osh_background_color":"","osh_links_color":"","osh_links_hover_color":"","osh_links_active_color":"","osh_links_bg_color":"","osh_links_hover_bg_color":"","osh_links_active_bg_color":"","osh_menu_social_links_color":"","osh_menu_social_hover_links_color":""},"product_brand":[],"product_cat":[31],"product_tag":[359,358,355,350,356],"class_list":{"0":"post-3881","1":"product","2":"type-product","3":"status-publish","4":"has-post-thumbnail","6":"product_cat-lube-system-accessories","7":"product_tag-4mm-aluminum-tube","8":"product_tag-aluminum-oil-tube","9":"product_tag-lubricating-oil-pipe","10":"product_tag-lubricating-oil-tube","11":"product_tag-lubricating-pipeline","13":"entry","14":"has-media","16":"first","17":"instock","18":"shipping-taxable","19":"product-type-external","20":"col","21":"span_1_of_3","22":"owp-content-center","23":"owp-thumbs-layout-horizontal","24":"owp-btn-very-big","25":"owp-tabs-layout-horizontal"},"_links":{"self":[{"href":"https:\/\/www.jinpinlub.com\/it\/wp-json\/wp\/v2\/product\/3881","targetHints":{"allow":["GET"]}}],"collection":[{"href":"https:\/\/www.jinpinlub.com\/it\/wp-json\/wp\/v2\/product"}],"about":[{"href":"https:\/\/www.jinpinlub.com\/it\/wp-json\/wp\/v2\/types\/product"}],"wp:featuredmedia":[{"embeddable":true,"href":"https:\/\/www.jinpinlub.com\/it\/wp-json\/wp\/v2\/media\/3885"}],"wp:attachment":[{"href":"https:\/\/www.jinpinlub.com\/it\/wp-json\/wp\/v2\/media?parent=3881"}],"wp:term":[{"taxonomy":"product_brand","embeddable":true,"href":"https:\/\/www.jinpinlub.com\/it\/wp-json\/wp\/v2\/product_brand?post=3881"},{"taxonomy":"product_cat","embeddable":true,"href":"https:\/\/www.jinpinlub.com\/it\/wp-json\/wp\/v2\/product_cat?post=3881"},{"taxonomy":"product_tag","embeddable":true,"href":"https:\/\/www.jinpinlub.com\/it\/wp-json\/wp\/v2\/product_tag?post=3881"}],"curies":[{"name":"wp","href":"https:\/\/api.w.org\/{rel}","templated":true}]}}