{"id":3896,"date":"2024-11-28T21:44:02","date_gmt":"2024-11-28T13:44:02","guid":{"rendered":"https:\/\/www.jinpinlub.com\/?post_type=product&#038;p=3896"},"modified":"2024-12-01T03:27:08","modified_gmt":"2024-11-30T19:27:08","slug":"distributore-quantitativo-di-scarico-della-pressione-del-sistema-di-grasso-mg2k-2","status":"publish","type":"product","link":"https:\/\/www.jinpinlub.com\/it\/product\/mg2k-grease-system-pressure-relief-quantitative-distributor-2\/","title":{"rendered":"Distributore quantitativo di scarico della pressione del sistema di grasso MG2K"},"content":{"rendered":"<h2>Caratteristica<\/h2>\n<p>1. Valvola di dosaggio quantitativo pressurizzata, del tipo ad azione di pressione diretta.<br \/>\nL&#039;olio in pressione erogato dalla pompa spinge il pistone integrato nella valvola di dosaggio a muoversi, forzando la fuoriuscita del lubrificante quantitativo.<br \/>\nQuando la pompa smette di funzionare, il pistone della parte dosatrice viene ripristinato sotto l&#039;azione della forza della molla, ovvero il lubrificante quantitativo viene immagazzinato.<br \/>\n2. Scarico preciso, la parte di misurazione viene scaricata solo una volta in un ciclo e la distanza tra loro nel sistema, che sia lontana, vicina, alta o bassa, installazione orizzontale o verticale, non ha alcun effetto sullo scarico.<br \/>\n3. Scarico forzato, azione sensibile. Vengono utilizzate due guarnizioni per impedire che lo scarico rifluisca.<br \/>\n4. Le valvole di dosaggio MG2K possono essere selezionate in base alle esigenze di ciascun punto di lubrificazione e possono essere utilizzate in combinazione con la giunzione MG2J, sia in serie che in parallelo.<br \/>\n5. Tipo di manicotto: il tubo in nylon \u03a64 deve essere combinato con la boccola di compressione PA4 e il manicotto PB4. Tipo di inserimento rapido: \u00e8 possibile inserire il tubo in nylon \u03a64.<br \/>\n6. Applicabile ai grassi NLGI 000#, 00#, 0#, 1# e 2#.<\/p>\n<h2>Specificazione<\/h2>\n<table>\n<tbody>\n<tr>\n<td>Principio di funzionamento<\/td>\n<td>Valvola di dosaggio di sicurezza<\/td>\n<\/tr>\n<tr>\n<td>Numero di punti vendita<\/td>\n<td>1~12<\/td>\n<\/tr>\n<tr>\n<td>Quantit\u00e0 di dosaggio<\/td>\n<td>0,03, 0,05, 0,13, 0,20, 0,30, 0,50 mL\/ciclo<\/td>\n<\/tr>\n<tr>\n<td>Lubrificante<\/td>\n<td>NLGI 000#, 00#, 0#, 1# e 2#<\/td>\n<\/tr>\n<tr>\n<td>Temperatura di esercizio<\/td>\n<td>da -20 a +80 \u00b0C<\/td>\n<\/tr>\n<tr>\n<td>Pressione di esercizio<\/td>\n<td>\u22652,5 MPa<\/td>\n<\/tr>\n<tr>\n<td>Materiale<\/td>\n<td>Alluminio+Rame<\/td>\n<\/tr>\n<tr>\n<td>Presa di collegamento<\/td>\n<td>Ingresso M10x1\/Rc1\/8, Uscita \u03a64(M8x1)<\/td>\n<\/tr>\n<tr>\n<td>Raccordi di scarico<\/td>\n<td>Tipo di manicotto, tipo rapido<\/td>\n<\/tr>\n<tr>\n<td>Posizione di montaggio<\/td>\n<td>Qualunque<\/td>\n<\/tr>\n<\/tbody>\n<\/table>\n<h2>Applicazione<\/h2>\n<p>MG2K viene utilizzato nel settore delle macchine utensili per la lubrificazione di macchine utensili CNC, torni, fresatrici, rettificatrici e altro ancora, per garantire una lunga durata ed efficienza sul lavoro.<br \/>\nLinea di produzione automatizzata: MG2K nella linea di produzione automatizzata per garantire le esigenze di lubrificazione del funzionamento continuo e migliorare l&#039;efficienza produttiva.<br \/>\nMacchinari di ingegneria: come escavatori, caricatori e altri macchinari pesanti, riducono l&#039;usura delle attrezzature e ne prolungano la durata utile.<br \/>\nMacchinari tessili: l&#039;MG2K viene utilizzato per lubrificare le attrezzature tessili, consentendone il funzionamento senza ostacoli.<\/p>\n<h2>Manuali<\/h2>\n<div class=\"sdm_download_button_box_default\"><div class=\"sdm_download_link\"><a href=\"https:\/\/www.jinpinlub.com\/it\/?sdm_process_download=1&download_id=3891\" class=\"sdm_download white\" title=\"Privato: MG2K Metering Valve\" target=\"&quot;_blank&quot;\">Visualizza la scheda tecnica - Distributore MG2K<\/a><\/div><\/div>","protected":false},"excerpt":{"rendered":"<p>Il distributore MG2K \u00e8 adatto per grassi NLGI 000#, 00#, 0#, 1# e 2# ed \u00e8 compatibile con una variet\u00e0 di sistemi di lubrificazione monolinea a scarico di pressione. \u00c8 costituito da una valvola di dosaggio e un connettore e gli utenti possono combinare il distributore in base alle proprie esigenze.<\/p>","protected":false},"featured_media":3899,"template":"","meta":{"ocean_post_layout":"","ocean_both_sidebars_style":"","ocean_both_sidebars_content_width":0,"ocean_both_sidebars_sidebars_width":0,"ocean_sidebar":"0","ocean_second_sidebar":"0","ocean_disable_margins":"enable","ocean_add_body_class":"","ocean_shortcode_before_top_bar":"","ocean_shortcode_after_top_bar":"","ocean_shortcode_before_header":"","ocean_shortcode_after_header":"","ocean_has_shortcode":"","ocean_shortcode_after_title":"","ocean_shortcode_before_footer_widgets":"","ocean_shortcode_after_footer_widgets":"","ocean_shortcode_before_footer_bottom":"","ocean_shortcode_after_footer_bottom":"","ocean_display_top_bar":"default","ocean_display_header":"default","ocean_header_style":"","ocean_center_header_left_menu":"0","ocean_custom_header_template":"0","ocean_custom_logo":0,"ocean_custom_retina_logo":0,"ocean_custom_logo_max_width":0,"ocean_custom_logo_tablet_max_width":0,"ocean_custom_logo_mobile_max_width":0,"ocean_custom_logo_max_height":0,"ocean_custom_logo_tablet_max_height":0,"ocean_custom_logo_mobile_max_height":0,"ocean_header_custom_menu":"0","ocean_menu_typo_font_family":"0","ocean_menu_typo_font_subset":"","ocean_menu_typo_font_size":0,"ocean_menu_typo_font_size_tablet":0,"ocean_menu_typo_font_size_mobile":0,"ocean_menu_typo_font_size_unit":"px","ocean_menu_typo_font_weight":"","ocean_menu_typo_font_weight_tablet":"","ocean_menu_typo_font_weight_mobile":"","ocean_menu_typo_transform":"","ocean_menu_typo_transform_tablet":"","ocean_menu_typo_transform_mobile":"","ocean_menu_typo_line_height":0,"ocean_menu_typo_line_height_tablet":0,"ocean_menu_typo_line_height_mobile":0,"ocean_menu_typo_line_height_unit":"","ocean_menu_typo_spacing":0,"ocean_menu_typo_spacing_tablet":0,"ocean_menu_typo_spacing_mobile":0,"ocean_menu_typo_spacing_unit":"","ocean_menu_link_color":"","ocean_menu_link_color_hover":"","ocean_menu_link_color_active":"","ocean_menu_link_background":"","ocean_menu_link_hover_background":"","ocean_menu_link_active_background":"","ocean_menu_social_links_bg":"","ocean_menu_social_hover_links_bg":"","ocean_menu_social_links_color":"","ocean_menu_social_hover_links_color":"","ocean_disable_title":"default","ocean_disable_heading":"default","ocean_post_title":"","ocean_post_subheading":"","ocean_post_title_style":"","ocean_post_title_background_color":"","ocean_post_title_background":0,"ocean_post_title_bg_image_position":"","ocean_post_title_bg_image_attachment":"","ocean_post_title_bg_image_repeat":"","ocean_post_title_bg_image_size":"","ocean_post_title_height":0,"ocean_post_title_bg_overlay":0.5,"ocean_post_title_bg_overlay_color":"","ocean_disable_breadcrumbs":"default","ocean_breadcrumbs_color":"","ocean_breadcrumbs_separator_color":"","ocean_breadcrumbs_links_color":"","ocean_breadcrumbs_links_hover_color":"","ocean_display_footer_widgets":"default","ocean_display_footer_bottom":"default","ocean_custom_footer_template":"0","osh_disable_topbar_sticky":"default","osh_disable_header_sticky":"default","osh_sticky_header_style":"default","osh_sticky_header_effect":"","osh_custom_sticky_logo":0,"osh_custom_retina_sticky_logo":0,"osh_custom_sticky_logo_height":0,"osh_background_color":"","osh_links_color":"","osh_links_hover_color":"","osh_links_active_color":"","osh_links_bg_color":"","osh_links_hover_bg_color":"","osh_links_active_bg_color":"","osh_menu_social_links_color":"","osh_menu_social_hover_links_color":""},"product_brand":[],"product_cat":[40,37],"product_tag":[87,98,100,85,86],"class_list":{"0":"post-3896","1":"product","2":"type-product","3":"status-publish","4":"has-post-thumbnail","6":"product_cat-pressure-relief-metering-valves","7":"product_cat-single-line-grease-systems","8":"product_tag-grease-distributor","9":"product_tag-grease-metering-device","10":"product_tag-grease-metering-valve","11":"product_tag-pressure-relief-metering-valve","12":"product_tag-single-line-distributor","14":"entry","15":"has-media","17":"first","18":"instock","19":"shipping-taxable","20":"product-type-external","21":"col","22":"span_1_of_3","23":"owp-content-center","24":"owp-thumbs-layout-horizontal","25":"owp-btn-very-big","26":"owp-tabs-layout-horizontal"},"_links":{"self":[{"href":"https:\/\/www.jinpinlub.com\/it\/wp-json\/wp\/v2\/product\/3896","targetHints":{"allow":["GET"]}}],"collection":[{"href":"https:\/\/www.jinpinlub.com\/it\/wp-json\/wp\/v2\/product"}],"about":[{"href":"https:\/\/www.jinpinlub.com\/it\/wp-json\/wp\/v2\/types\/product"}],"wp:featuredmedia":[{"embeddable":true,"href":"https:\/\/www.jinpinlub.com\/it\/wp-json\/wp\/v2\/media\/3899"}],"wp:attachment":[{"href":"https:\/\/www.jinpinlub.com\/it\/wp-json\/wp\/v2\/media?parent=3896"}],"wp:term":[{"taxonomy":"product_brand","embeddable":true,"href":"https:\/\/www.jinpinlub.com\/it\/wp-json\/wp\/v2\/product_brand?post=3896"},{"taxonomy":"product_cat","embeddable":true,"href":"https:\/\/www.jinpinlub.com\/it\/wp-json\/wp\/v2\/product_cat?post=3896"},{"taxonomy":"product_tag","embeddable":true,"href":"https:\/\/www.jinpinlub.com\/it\/wp-json\/wp\/v2\/product_tag?post=3896"}],"curies":[{"name":"wp","href":"https:\/\/api.w.org\/{rel}","templated":true}]}}