{"id":3948,"date":"2024-12-01T00:46:54","date_gmt":"2024-11-30T16:46:54","guid":{"rendered":"https:\/\/www.jinpinlub.com\/?post_type=product&#038;p=3948"},"modified":"2024-12-01T01:25:25","modified_gmt":"2024-11-30T17:25:25","slug":"valvole-di-divisione-distributore-progressivo-tipo-u-216-uscite","status":"publish","type":"product","link":"https:\/\/www.jinpinlub.com\/it\/product\/u-type-216-outlets-progressive-distributor-divider-valves\/","title":{"rendered":"Valvole di divisione del distributore progressivo tipo U da 2 a 16 uscite"},"content":{"rendered":"<h2>Caratteristica<\/h2>\n<p>Il distributore di olio progressivo integrato di tipo \u222a pu\u00f2 essere utilizzato in condizioni di media pressione e ampio cambiamento di temperatura. Pu\u00f2 formare un sistema di lubrificazione a linea singola con pompe manuali, elettriche, pneumatiche, ecc. \u00c8 utilizzato per varie piccole macchine utensili e attrezzature per macchinari in plastica, o come sotto-distributore di un grande sistema di lubrificazione a linea singola.<br \/>\nUn tipico set di distributori di tipo U pu\u00f2 solitamente fornire lubrificazione per 4, 6, 8, 10 o 12 punti di lubrificazione. Il distributore di tipo U ha una sola specifica di spostamento di 0,3 mL\/ciclo. Si noti che per l&#039;uscita dell&#039;olio del distributore, nessuna uscita dell&#039;olio pu\u00f2 essere bloccata per influenzare il suo normale funzionamento, altrimenti il distributore verr\u00e0 danneggiato.<\/p>\n<h2>Specificazione<\/h2>\n<p>1. Pressione nominale massima: 15 MPa<br \/>\n2. Spostamento standard: 0,3 mL\/ciclo<br \/>\n3. Intervallo di lubrificazione (a temperatura standard): Olio lubrificante \u2265 N68, grasso NLGI 000#~1#<br \/>\n4. Temperatura ambiente di lavoro: -10\u2103 ~ +60\u2103<br \/>\n5. Velocit\u00e0 massima di circolazione della coppia di pistoni dell&#039;indicatore di ciclo meccanico: 60 cicli\/min<br \/>\n6. Velocit\u00e0 massima di circolazione della coppia di pistoni: 200 cicli\/min<br \/>\n7. Numero di punti di lubrificazione: 4, 6, 8, 10, 12<br \/>\n8. Lunghezza della conduttura: \u03a64\/0,5~2,5 m, \u03a66\/1,2~3,5 m<br \/>\n9. Materiale del corpo valvola: lega di alluminio<\/p>\n<h2>Principio<\/h2>\n<p>A forma di U \u00e8 un distributore progressivo che eroga una certa quantit\u00e0 di grasso da ogni stantuffo di lavoro nel corpo valvola ai punti di lubrificazione in una sequenza specificata. Ogni coppia di stantuffi di lavoro eroga grasso quantitativo al punto di lubrificazione in base al principio della forza idraulica generata dall&#039;azione progressiva. Affinch\u00e9 il distributore abbia un&#039;uscita costante, il distributore a forma di U deve essere alimentato con grasso con una certa pressione. Altrimenti, la coppia di stantuffi di lavoro non erogher\u00e0 il grasso al punto di lubrificazione in modo progressivo nella sequenza specificata. Allo stesso modo, una volta che il grasso in pressione fornito smette di fluire, anche la coppia di stantuffi di lavoro del distributore smetter\u00e0 di muoversi. Solo quando il grasso pressurizzato inizia di nuovo a fluire nel corpo valvola, ogni coppia di stantuffi di lavoro nel distributore ripeter\u00e0 il suo processo di lavoro del ciclo di riempimento dell&#039;olio nello stesso punto.<\/p>\n<h2>Manuali<\/h2>\n<div class=\"sdm_download_button_box_default\"><div class=\"sdm_download_link\"><a href=\"https:\/\/www.jinpinlub.com\/it\/?sdm_process_download=1&download_id=3949\" class=\"sdm_download white\" title=\"Privato: U-type Distributor\" target=\"&quot;_blank&quot;\">Visualizza la scheda tecnica - Distributore tipo U<\/a><\/div><\/div>","protected":false},"excerpt":{"rendered":"<p>Il numero di uscite del distributore progressivo di tipo U \u00e8 2, 4, 6, 8, 10, 12 e il volume di uscita \u00e8 0,3 ml\/ciclo. Questo distributore pu\u00f2 essere combinato con pompe manuali, elettriche e pneumatiche per formare un sistema di lubrificazione progressiva a linea singola.<\/p>","protected":false},"featured_media":3951,"template":"","meta":{"ocean_post_layout":"","ocean_both_sidebars_style":"","ocean_both_sidebars_content_width":0,"ocean_both_sidebars_sidebars_width":0,"ocean_sidebar":"0","ocean_second_sidebar":"0","ocean_disable_margins":"enable","ocean_add_body_class":"","ocean_shortcode_before_top_bar":"","ocean_shortcode_after_top_bar":"","ocean_shortcode_before_header":"","ocean_shortcode_after_header":"","ocean_has_shortcode":"","ocean_shortcode_after_title":"","ocean_shortcode_before_footer_widgets":"","ocean_shortcode_after_footer_widgets":"","ocean_shortcode_before_footer_bottom":"","ocean_shortcode_after_footer_bottom":"","ocean_display_top_bar":"default","ocean_display_header":"default","ocean_header_style":"","ocean_center_header_left_menu":"0","ocean_custom_header_template":"0","ocean_custom_logo":0,"ocean_custom_retina_logo":0,"ocean_custom_logo_max_width":0,"ocean_custom_logo_tablet_max_width":0,"ocean_custom_logo_mobile_max_width":0,"ocean_custom_logo_max_height":0,"ocean_custom_logo_tablet_max_height":0,"ocean_custom_logo_mobile_max_height":0,"ocean_header_custom_menu":"0","ocean_menu_typo_font_family":"0","ocean_menu_typo_font_subset":"","ocean_menu_typo_font_size":0,"ocean_menu_typo_font_size_tablet":0,"ocean_menu_typo_font_size_mobile":0,"ocean_menu_typo_font_size_unit":"px","ocean_menu_typo_font_weight":"","ocean_menu_typo_font_weight_tablet":"","ocean_menu_typo_font_weight_mobile":"","ocean_menu_typo_transform":"","ocean_menu_typo_transform_tablet":"","ocean_menu_typo_transform_mobile":"","ocean_menu_typo_line_height":0,"ocean_menu_typo_line_height_tablet":0,"ocean_menu_typo_line_height_mobile":0,"ocean_menu_typo_line_height_unit":"","ocean_menu_typo_spacing":0,"ocean_menu_typo_spacing_tablet":0,"ocean_menu_typo_spacing_mobile":0,"ocean_menu_typo_spacing_unit":"","ocean_menu_link_color":"","ocean_menu_link_color_hover":"","ocean_menu_link_color_active":"","ocean_menu_link_background":"","ocean_menu_link_hover_background":"","ocean_menu_link_active_background":"","ocean_menu_social_links_bg":"","ocean_menu_social_hover_links_bg":"","ocean_menu_social_links_color":"","ocean_menu_social_hover_links_color":"","ocean_disable_title":"default","ocean_disable_heading":"default","ocean_post_title":"","ocean_post_subheading":"","ocean_post_title_style":"","ocean_post_title_background_color":"","ocean_post_title_background":0,"ocean_post_title_bg_image_position":"","ocean_post_title_bg_image_attachment":"","ocean_post_title_bg_image_repeat":"","ocean_post_title_bg_image_size":"","ocean_post_title_height":0,"ocean_post_title_bg_overlay":0.5,"ocean_post_title_bg_overlay_color":"","ocean_disable_breadcrumbs":"default","ocean_breadcrumbs_color":"","ocean_breadcrumbs_separator_color":"","ocean_breadcrumbs_links_color":"","ocean_breadcrumbs_links_hover_color":"","ocean_display_footer_widgets":"default","ocean_display_footer_bottom":"default","ocean_custom_footer_template":"0","osh_disable_topbar_sticky":"default","osh_disable_header_sticky":"default","osh_sticky_header_style":"default","osh_sticky_header_effect":"","osh_custom_sticky_logo":0,"osh_custom_retina_sticky_logo":0,"osh_custom_sticky_logo_height":0,"osh_background_color":"","osh_links_color":"","osh_links_hover_color":"","osh_links_active_color":"","osh_links_bg_color":"","osh_links_hover_bg_color":"","osh_links_active_bg_color":"","osh_menu_social_links_color":"","osh_menu_social_hover_links_color":""},"product_brand":[],"product_cat":[44,41],"product_tag":[87,366,230,99,365],"class_list":{"0":"post-3948","1":"product","2":"type-product","3":"status-publish","4":"has-post-thumbnail","6":"product_cat-progressive-grease-dividers","7":"product_cat-progressive-grease-systems","8":"product_tag-grease-distributor","9":"product_tag-ihi-pump-divider","10":"product_tag-lubrication-metering-device","11":"product_tag-progressive-distributor","12":"product_tag-u-type-divider","14":"entry","15":"has-media","17":"first","18":"instock","19":"shipping-taxable","20":"product-type-external","21":"col","22":"span_1_of_3","23":"owp-content-center","24":"owp-thumbs-layout-horizontal","25":"owp-btn-very-big","26":"owp-tabs-layout-horizontal"},"_links":{"self":[{"href":"https:\/\/www.jinpinlub.com\/it\/wp-json\/wp\/v2\/product\/3948","targetHints":{"allow":["GET"]}}],"collection":[{"href":"https:\/\/www.jinpinlub.com\/it\/wp-json\/wp\/v2\/product"}],"about":[{"href":"https:\/\/www.jinpinlub.com\/it\/wp-json\/wp\/v2\/types\/product"}],"wp:featuredmedia":[{"embeddable":true,"href":"https:\/\/www.jinpinlub.com\/it\/wp-json\/wp\/v2\/media\/3951"}],"wp:attachment":[{"href":"https:\/\/www.jinpinlub.com\/it\/wp-json\/wp\/v2\/media?parent=3948"}],"wp:term":[{"taxonomy":"product_brand","embeddable":true,"href":"https:\/\/www.jinpinlub.com\/it\/wp-json\/wp\/v2\/product_brand?post=3948"},{"taxonomy":"product_cat","embeddable":true,"href":"https:\/\/www.jinpinlub.com\/it\/wp-json\/wp\/v2\/product_cat?post=3948"},{"taxonomy":"product_tag","embeddable":true,"href":"https:\/\/www.jinpinlub.com\/it\/wp-json\/wp\/v2\/product_tag?post=3948"}],"curies":[{"name":"wp","href":"https:\/\/api.w.org\/{rel}","templated":true}]}}