{"id":3966,"date":"2024-12-11T15:44:55","date_gmt":"2024-12-11T07:44:55","guid":{"rendered":"https:\/\/www.jinpinlub.com\/?post_type=product&#038;p=3966"},"modified":"2024-12-11T16:36:42","modified_gmt":"2024-12-11T08:36:42","slug":"teflon-ptfe-turcite-b-cnc-guida-foglio-resistente-allusura","status":"publish","type":"product","link":"https:\/\/www.jinpinlub.com\/it\/product\/teflon-ptfe-turcite-b-cnc-guide-rail-wear-resistant-sheet\/","title":{"rendered":"Foglio resistente all&#039;usura per guide CNC in Teflon PTFE Turcite-B"},"content":{"rendered":"<h2>Caratteristica<\/h2>\n<p>\u00b7 Elevata resistenza all&#039;usura: la resistenza all&#039;usura \u00e8 10 volte superiore a quella delle guide in ghisa e le guide hanno un&#039;ottima tenuta della precisione.<br \/>\n\u00b7Basso attrito: il coefficiente di attrito \u00e8 &lt;0,04, ovvero solo 1\/3 di quello delle guide in ghisa, riducendo notevolmente il consumo di energia di azionamento.<br \/>\n\u00b7Nessuna deformazione: i coefficienti di attrito dinamico e statico sono simili, il posizionamento del micro-avanzamento \u00e8 buono e il funzionamento \u00e8 fluido.<br \/>\n\u00b7 Buon assorbimento degli urti: pu\u00f2 ridurre rumore e vibrazioni e migliorare la precisione di lavorazione.<br \/>\n\u00b7 Buona lubrificazione: buone prestazioni autolubrificanti, anche se il sistema di lubrificazione si guasta, possono evitare graffi sulle guide.<br \/>\n\u00b7Facile da manutenere: poich\u00e9 la durezza della cinghia morbida \u00e8 molto inferiore a quella del metallo, l&#039;usura \u00e8 principalmente sulla cinghia morbida. La manutenzione richiede solo la sostituzione di una nuova cinghia morbida ed evita anche completamente la concavit\u00e0 della guida del letto.<\/p>\n<h2>Specificazione<\/h2>\n<figure id=\"attachment_3971\" aria-describedby=\"caption-attachment-3971\" style=\"width: 850px\" class=\"wp-caption alignnone\"><img loading=\"lazy\" decoding=\"async\" class=\"size-full wp-image-3971\" src=\"https:\/\/www.jinpinlub.com\/wp-content\/uploads\/2024\/12\/GT15-Turcite-B-5.jpg\" alt=\"GT15 Turcite-B (5)\" width=\"850\" height=\"589\" srcset=\"https:\/\/www.jinpinlub.com\/wp-content\/uploads\/2024\/12\/GT15-Turcite-B-5.jpg 850w, https:\/\/www.jinpinlub.com\/wp-content\/uploads\/2024\/12\/GT15-Turcite-B-5-300x208.jpg 300w, https:\/\/www.jinpinlub.com\/wp-content\/uploads\/2024\/12\/GT15-Turcite-B-5-768x532.jpg 768w, https:\/\/www.jinpinlub.com\/wp-content\/uploads\/2024\/12\/GT15-Turcite-B-5-18x12.jpg 18w, https:\/\/www.jinpinlub.com\/wp-content\/uploads\/2024\/12\/GT15-Turcite-B-5-800x554.jpg 800w\" sizes=\"auto, (max-width: 850px) 100vw, 850px\" \/><figcaption id=\"caption-attachment-3971\" class=\"wp-caption-text\">GT15 Turcite-B (5)<\/figcaption><\/figure>\n<h2>Applicazione<\/h2>\n<p>Per la guida del tavolo di lavoro della macchina utensile, l&#039;attrito tra il tavolo di lavoro e la guida del letto pu\u00f2 essere ridotto dopo l&#039;incollaggio. Ad esempio, quando il tavolo di lavoro della fresatrice si muove, pu\u00f2 muoversi con precisione con una bassa forza motrice. Durante l&#039;installazione, la guida deve essere pulita e livellata e il foglio resistente all&#039;usura di dimensioni appropriate deve essere tagliato. Viene incollato, compattato e fissato con una colla speciale.<br \/>\nPer la guida del letto come supporto di base della macchina utensile, quando il portautensili del tornio si muove, pu\u00f2 ridurre il rumore delle vibrazioni, migliorare la precisione e prevenire la corrosione. Prima di incollare, controllare e riparare la guida e prestare attenzione alla direzione di montaggio e allo spessore della colla.<br \/>\nPer la guida della colonna della macchina utensile, pu\u00f2 garantire il movimento verticale della scatola del mandrino e di altre parti in modo fluido e preciso, come il movimento dell&#039;asse Z della scatola del mandrino del centro di lavorazione. Durante l&#039;incollaggio, prestare attenzione alla fluidit\u00e0 e alla verticalit\u00e0 della colla e verificare la precisione dopo l&#039;indurimento.<\/p>\n<h2>Manuali<\/h2>\n<div class=\"sdm_download_button_box_default\"><div class=\"sdm_download_link\"><a href=\"https:\/\/www.jinpinlub.com\/it\/?sdm_process_download=1&download_id=3964\" class=\"sdm_download white\" title=\"Privato: PTFE Turcite-B Sheet\" target=\"&quot;_blank&quot;\">Visualizza la scheda tecnica - Turcite-B Sheet<\/a><\/div><\/div>","protected":false},"excerpt":{"rendered":"<p>Applicando il materiale Teflon alla superficie della guida della macchina utensile, \u00e8 possibile migliorarne la resistenza all&#039;usura e la durata utile. Questo processo \u00e8 applicabile a vari tipi di guide, tra cui guide lineari, guide a rulli e guide scorrevoli.<\/p>","protected":false},"featured_media":3968,"template":"","meta":{"ocean_post_layout":"","ocean_both_sidebars_style":"","ocean_both_sidebars_content_width":0,"ocean_both_sidebars_sidebars_width":0,"ocean_sidebar":"0","ocean_second_sidebar":"0","ocean_disable_margins":"enable","ocean_add_body_class":"","ocean_shortcode_before_top_bar":"","ocean_shortcode_after_top_bar":"","ocean_shortcode_before_header":"","ocean_shortcode_after_header":"","ocean_has_shortcode":"","ocean_shortcode_after_title":"","ocean_shortcode_before_footer_widgets":"","ocean_shortcode_after_footer_widgets":"","ocean_shortcode_before_footer_bottom":"","ocean_shortcode_after_footer_bottom":"","ocean_display_top_bar":"default","ocean_display_header":"default","ocean_header_style":"","ocean_center_header_left_menu":"0","ocean_custom_header_template":"0","ocean_custom_logo":0,"ocean_custom_retina_logo":0,"ocean_custom_logo_max_width":0,"ocean_custom_logo_tablet_max_width":0,"ocean_custom_logo_mobile_max_width":0,"ocean_custom_logo_max_height":0,"ocean_custom_logo_tablet_max_height":0,"ocean_custom_logo_mobile_max_height":0,"ocean_header_custom_menu":"0","ocean_menu_typo_font_family":"0","ocean_menu_typo_font_subset":"","ocean_menu_typo_font_size":0,"ocean_menu_typo_font_size_tablet":0,"ocean_menu_typo_font_size_mobile":0,"ocean_menu_typo_font_size_unit":"px","ocean_menu_typo_font_weight":"","ocean_menu_typo_font_weight_tablet":"","ocean_menu_typo_font_weight_mobile":"","ocean_menu_typo_transform":"","ocean_menu_typo_transform_tablet":"","ocean_menu_typo_transform_mobile":"","ocean_menu_typo_line_height":0,"ocean_menu_typo_line_height_tablet":0,"ocean_menu_typo_line_height_mobile":0,"ocean_menu_typo_line_height_unit":"","ocean_menu_typo_spacing":0,"ocean_menu_typo_spacing_tablet":0,"ocean_menu_typo_spacing_mobile":0,"ocean_menu_typo_spacing_unit":"","ocean_menu_link_color":"","ocean_menu_link_color_hover":"","ocean_menu_link_color_active":"","ocean_menu_link_background":"","ocean_menu_link_hover_background":"","ocean_menu_link_active_background":"","ocean_menu_social_links_bg":"","ocean_menu_social_hover_links_bg":"","ocean_menu_social_links_color":"","ocean_menu_social_hover_links_color":"","ocean_disable_title":"default","ocean_disable_heading":"default","ocean_post_title":"","ocean_post_subheading":"","ocean_post_title_style":"","ocean_post_title_background_color":"","ocean_post_title_background":0,"ocean_post_title_bg_image_position":"","ocean_post_title_bg_image_attachment":"","ocean_post_title_bg_image_repeat":"","ocean_post_title_bg_image_size":"","ocean_post_title_height":0,"ocean_post_title_bg_overlay":0.5,"ocean_post_title_bg_overlay_color":"","ocean_disable_breadcrumbs":"default","ocean_breadcrumbs_color":"","ocean_breadcrumbs_separator_color":"","ocean_breadcrumbs_links_color":"","ocean_breadcrumbs_links_hover_color":"","ocean_display_footer_widgets":"default","ocean_display_footer_bottom":"default","ocean_custom_footer_template":"0","osh_disable_topbar_sticky":"default","osh_disable_header_sticky":"default","osh_sticky_header_style":"default","osh_sticky_header_effect":"","osh_custom_sticky_logo":0,"osh_custom_retina_sticky_logo":0,"osh_custom_sticky_logo_height":0,"osh_background_color":"","osh_links_color":"","osh_links_hover_color":"","osh_links_active_color":"","osh_links_bg_color":"","osh_links_hover_bg_color":"","osh_links_active_bg_color":"","osh_menu_social_links_color":"","osh_menu_social_hover_links_color":""},"product_brand":[],"product_cat":[31],"product_tag":[371,367,368,369,370],"class_list":{"0":"post-3966","1":"product","2":"type-product","3":"status-publish","4":"has-post-thumbnail","6":"product_cat-lube-system-accessories","7":"product_tag-cnc-plastic-strip","8":"product_tag-guide-rail-wear-resistant-sheet","9":"product_tag-ptfe-guide-rail-belt","10":"product_tag-teflon-soft-belt","11":"product_tag-turcite-b","13":"entry","14":"has-media","16":"first","17":"instock","18":"shipping-taxable","19":"product-type-external","20":"col","21":"span_1_of_3","22":"owp-content-center","23":"owp-thumbs-layout-horizontal","24":"owp-btn-very-big","25":"owp-tabs-layout-horizontal"},"_links":{"self":[{"href":"https:\/\/www.jinpinlub.com\/it\/wp-json\/wp\/v2\/product\/3966","targetHints":{"allow":["GET"]}}],"collection":[{"href":"https:\/\/www.jinpinlub.com\/it\/wp-json\/wp\/v2\/product"}],"about":[{"href":"https:\/\/www.jinpinlub.com\/it\/wp-json\/wp\/v2\/types\/product"}],"wp:featuredmedia":[{"embeddable":true,"href":"https:\/\/www.jinpinlub.com\/it\/wp-json\/wp\/v2\/media\/3968"}],"wp:attachment":[{"href":"https:\/\/www.jinpinlub.com\/it\/wp-json\/wp\/v2\/media?parent=3966"}],"wp:term":[{"taxonomy":"product_brand","embeddable":true,"href":"https:\/\/www.jinpinlub.com\/it\/wp-json\/wp\/v2\/product_brand?post=3966"},{"taxonomy":"product_cat","embeddable":true,"href":"https:\/\/www.jinpinlub.com\/it\/wp-json\/wp\/v2\/product_cat?post=3966"},{"taxonomy":"product_tag","embeddable":true,"href":"https:\/\/www.jinpinlub.com\/it\/wp-json\/wp\/v2\/product_tag?post=3966"}],"curies":[{"name":"wp","href":"https:\/\/api.w.org\/{rel}","templated":true}]}}