{"id":3977,"date":"2024-12-11T17:28:20","date_gmt":"2024-12-11T09:28:20","guid":{"rendered":"https:\/\/www.jinpinlub.com\/?post_type=product&#038;p=3977"},"modified":"2024-12-11T18:11:05","modified_gmt":"2024-12-11T10:11:05","slug":"pompa-di-lubrificazione-a-linea-singola-j100-3d-con-valvola-di-sicurezza","status":"publish","type":"product","link":"https:\/\/www.jinpinlub.com\/it\/product\/j100-3d-single-line-lubrication-pump-with-pressure-relief\/","title":{"rendered":"Pompa di lubrificazione monolinea J100-3D con valvola di sicurezza"},"content":{"rendered":"<h2>Caratteristiche<\/h2>\n<p>\u2013 La pompa di lubrificazione J100 \u00e8 azionata da un motore che aziona la pompa a pistone per muoversi avanti e indietro per erogare il grasso all&#039;uscita della pompa e quindi al punto di lubrificazione tramite il distributore pressurizzato. Quando viene raggiunta la pressione preimpostata, il motore smette di funzionare e la valvola di sicurezza inizia a funzionare di conseguenza, rilasciando la pressione nel sistema e completando un ciclo.<br \/>\n\u2013 La pompa di lubrificazione pu\u00f2 essere controllata da un sistema di controllo esterno, che imposta principalmente la frequenza di lubrificazione, il tempo di collegamento e il tempo di intervallo.<br \/>\n\u2013 La pressione del sistema pu\u00f2 essere monitorata da un pressostato, che di solito \u00e8 installato nel tubo dell&#039;olio dell&#039;ultimo distributore. Quando il pressostato invia un segnale all&#039;unit\u00e0 di controllo, il segnale arresta la pompa.<br \/>\n\u2013 La pressione massima della pompa di lubrificazione J100 \u00e8 8 MPa, l&#039;intervallo di lubrificazione minimo \u00e8 5 minuti e la lunghezza della linea principale \u00e8 15 metri. \u00c8 adatta per attrezzature di piccole e medie dimensioni con fino a 100 punti di lubrificazione per uso interno.<\/p>\n<h2>Specificazione<\/h2>\n<table>\n<tbody>\n<tr>\n<td>Modello<\/td>\n<td>Modello J100-3D<\/td>\n<\/tr>\n<tr>\n<td>Tempo di lubrificazione<\/td>\n<td>PLC o controllore esterno<\/td>\n<\/tr>\n<tr>\n<td>Tempo di intervallo<\/td>\n<td>PLC o controllore esterno<\/td>\n<\/tr>\n<tr>\n<td>Temperatura di esercizio<\/td>\n<td>0\u2103~ +50\u00b0C (le condizioni di bassa temperatura richiedono grasso antigelo)<\/td>\n<\/tr>\n<tr>\n<td>Numero di punti vendita<\/td>\n<td>1 o 2<\/td>\n<\/tr>\n<tr>\n<td>Capacit\u00e0 del serbatoio<\/td>\n<td>0,3L, 0,5L, 0,7L, 1,5L<\/td>\n<\/tr>\n<tr>\n<td>Ricarica<\/td>\n<td>Porta di riempimento\/rimovibile\/cartuccia<\/td>\n<\/tr>\n<tr>\n<td>Lubrificante<\/td>\n<td>Classe NLGI 000#~2#<\/td>\n<\/tr>\n<tr>\n<td>Valvola di sicurezza<\/td>\n<td>Opzionale<\/td>\n<\/tr>\n<tr>\n<td>Scarico<\/td>\n<td>15 ml\/min<\/td>\n<\/tr>\n<tr>\n<td>Pressione massima di esercizio<\/td>\n<td>8,0 MPa<\/td>\n<\/tr>\n<tr>\n<td>Filettatura di collegamento<\/td>\n<td>Uscita \u03a66<\/td>\n<\/tr>\n<tr>\n<td>Tensione di esercizio<\/td>\n<td>24 V CC<\/td>\n<\/tr>\n<tr>\n<td>Certificazione<\/td>\n<td>CE<\/td>\n<\/tr>\n<tr>\n<td>Interruttore di basso livello<\/td>\n<td>Contatto NC<\/td>\n<\/tr>\n<\/tbody>\n<\/table>\n<h2>Montaggio<\/h2>\n<p>\u2013 Fissare la pompa di lubrificazione su una superficie verticale e piana che possa sostenere completamente il peso della pompa.<br \/>\n\u2013 Installare e fissare la pompa di lubrificazione con 6 bulloni M8 attraverso i fori \u03c69.<br \/>\n\u2013 Si consiglia di applicare una colla antivibrante quando la pompa di lubrificazione \u00e8 soggetta a vibrazioni.<br \/>\n\u2013 Installare la pompa di lubrificazione in un luogo isolato da acqua, olio, trucioli e polvere.<br \/>\n\u2013 La vibrazione del luogo di installazione deve essere pari o inferiore a 9G (88 m\/s2).<br \/>\n\u2013 Per quanto riguarda il collegamento elettrico dell&#039;unit\u00e0 pompa di lubrificazione, assicurarsi di adottare misure appropriate per evitare interferenze tra segnali dovute a induttanza, capacit\u00e0 o accoppiamento elettromagnetico. Sebbene i cavi siano posizionati separatamente, utilizzare cavi anti-interferenza nei punti in cui i campi di interferenza elettrica possono distorcere la trasmissione del segnale.<\/p>\n<h2>Manuali<\/h2>\n<div class=\"sdm_download_button_box_default\"><div class=\"sdm_download_link\"><a href=\"https:\/\/www.jinpinlub.com\/it\/?sdm_process_download=1&download_id=3960\" class=\"sdm_download white\" title=\"Privato: J100 Electric Grease Pump\" target=\"&quot;_blank&quot;\">Visualizza la scheda tecnica - Pompa per grasso J100<\/a><\/div><\/div>","protected":false},"excerpt":{"rendered":"<p>La pompa di lubrificazione J100 \u00e8 altamente efficiente e facile da usare. \u00c8 progettata per macchinari di piccole e medie dimensioni. Ha una variet\u00e0 di capacit\u00e0 e molteplici modalit\u00e0 di riempimento. Pu\u00f2 formare un sistema di lubrificazione centralizzata a linea singola e un sistema di lubrificazione progressiva.<\/p>","protected":false},"featured_media":3978,"template":"","meta":{"ocean_post_layout":"","ocean_both_sidebars_style":"","ocean_both_sidebars_content_width":0,"ocean_both_sidebars_sidebars_width":0,"ocean_sidebar":"0","ocean_second_sidebar":"0","ocean_disable_margins":"enable","ocean_add_body_class":"","ocean_shortcode_before_top_bar":"","ocean_shortcode_after_top_bar":"","ocean_shortcode_before_header":"","ocean_shortcode_after_header":"","ocean_has_shortcode":"","ocean_shortcode_after_title":"","ocean_shortcode_before_footer_widgets":"","ocean_shortcode_after_footer_widgets":"","ocean_shortcode_before_footer_bottom":"","ocean_shortcode_after_footer_bottom":"","ocean_display_top_bar":"default","ocean_display_header":"default","ocean_header_style":"","ocean_center_header_left_menu":"0","ocean_custom_header_template":"0","ocean_custom_logo":0,"ocean_custom_retina_logo":0,"ocean_custom_logo_max_width":0,"ocean_custom_logo_tablet_max_width":0,"ocean_custom_logo_mobile_max_width":0,"ocean_custom_logo_max_height":0,"ocean_custom_logo_tablet_max_height":0,"ocean_custom_logo_mobile_max_height":0,"ocean_header_custom_menu":"0","ocean_menu_typo_font_family":"0","ocean_menu_typo_font_subset":"","ocean_menu_typo_font_size":0,"ocean_menu_typo_font_size_tablet":0,"ocean_menu_typo_font_size_mobile":0,"ocean_menu_typo_font_size_unit":"px","ocean_menu_typo_font_weight":"","ocean_menu_typo_font_weight_tablet":"","ocean_menu_typo_font_weight_mobile":"","ocean_menu_typo_transform":"","ocean_menu_typo_transform_tablet":"","ocean_menu_typo_transform_mobile":"","ocean_menu_typo_line_height":0,"ocean_menu_typo_line_height_tablet":0,"ocean_menu_typo_line_height_mobile":0,"ocean_menu_typo_line_height_unit":"","ocean_menu_typo_spacing":0,"ocean_menu_typo_spacing_tablet":0,"ocean_menu_typo_spacing_mobile":0,"ocean_menu_typo_spacing_unit":"","ocean_menu_link_color":"","ocean_menu_link_color_hover":"","ocean_menu_link_color_active":"","ocean_menu_link_background":"","ocean_menu_link_hover_background":"","ocean_menu_link_active_background":"","ocean_menu_social_links_bg":"","ocean_menu_social_hover_links_bg":"","ocean_menu_social_links_color":"","ocean_menu_social_hover_links_color":"","ocean_disable_title":"default","ocean_disable_heading":"default","ocean_post_title":"","ocean_post_subheading":"","ocean_post_title_style":"","ocean_post_title_background_color":"","ocean_post_title_background":0,"ocean_post_title_bg_image_position":"","ocean_post_title_bg_image_attachment":"","ocean_post_title_bg_image_repeat":"","ocean_post_title_bg_image_size":"","ocean_post_title_height":0,"ocean_post_title_bg_overlay":0.5,"ocean_post_title_bg_overlay_color":"","ocean_disable_breadcrumbs":"default","ocean_breadcrumbs_color":"","ocean_breadcrumbs_separator_color":"","ocean_breadcrumbs_links_color":"","ocean_breadcrumbs_links_hover_color":"","ocean_display_footer_widgets":"default","ocean_display_footer_bottom":"default","ocean_custom_footer_template":"0","osh_disable_topbar_sticky":"default","osh_disable_header_sticky":"default","osh_sticky_header_style":"default","osh_sticky_header_effect":"","osh_custom_sticky_logo":0,"osh_custom_retina_sticky_logo":0,"osh_custom_sticky_logo_height":0,"osh_background_color":"","osh_links_color":"","osh_links_hover_color":"","osh_links_active_color":"","osh_links_bg_color":"","osh_links_hover_bg_color":"","osh_links_active_bg_color":"","osh_menu_social_links_color":"","osh_menu_social_hover_links_color":""},"product_brand":[],"product_cat":[38,37],"product_tag":[372,73,77,373,92],"class_list":{"0":"post-3977","1":"product","2":"type-product","3":"status-publish","4":"has-post-thumbnail","6":"product_cat-electric-pressure-relief-pumps","7":"product_cat-single-line-grease-systems","8":"product_tag-compact-lubrication-pump","9":"product_tag-electric-lubrication-pump","10":"product_tag-grease-lubrication-pump","11":"product_tag-grease-lubricator","12":"product_tag-single-line-lubrication-pump","14":"entry","15":"has-media","17":"first","18":"instock","19":"shipping-taxable","20":"product-type-external","21":"col","22":"span_1_of_3","23":"owp-content-center","24":"owp-thumbs-layout-horizontal","25":"owp-btn-very-big","26":"owp-tabs-layout-horizontal"},"_links":{"self":[{"href":"https:\/\/www.jinpinlub.com\/it\/wp-json\/wp\/v2\/product\/3977","targetHints":{"allow":["GET"]}}],"collection":[{"href":"https:\/\/www.jinpinlub.com\/it\/wp-json\/wp\/v2\/product"}],"about":[{"href":"https:\/\/www.jinpinlub.com\/it\/wp-json\/wp\/v2\/types\/product"}],"wp:featuredmedia":[{"embeddable":true,"href":"https:\/\/www.jinpinlub.com\/it\/wp-json\/wp\/v2\/media\/3978"}],"wp:attachment":[{"href":"https:\/\/www.jinpinlub.com\/it\/wp-json\/wp\/v2\/media?parent=3977"}],"wp:term":[{"taxonomy":"product_brand","embeddable":true,"href":"https:\/\/www.jinpinlub.com\/it\/wp-json\/wp\/v2\/product_brand?post=3977"},{"taxonomy":"product_cat","embeddable":true,"href":"https:\/\/www.jinpinlub.com\/it\/wp-json\/wp\/v2\/product_cat?post=3977"},{"taxonomy":"product_tag","embeddable":true,"href":"https:\/\/www.jinpinlub.com\/it\/wp-json\/wp\/v2\/product_tag?post=3977"}],"curies":[{"name":"wp","href":"https:\/\/api.w.org\/{rel}","templated":true}]}}