{"id":3992,"date":"2024-12-12T03:47:40","date_gmt":"2024-12-11T19:47:40","guid":{"rendered":"https:\/\/www.jinpinlub.com\/?post_type=product&#038;p=3992"},"modified":"2024-12-12T04:01:46","modified_gmt":"2024-12-11T20:01:46","slug":"pompe-di-lubrificazione-progressiva-automatica-cnc-j100-7c","status":"publish","type":"product","link":"https:\/\/www.jinpinlub.com\/it\/prodotto\/pompe-di-lubrificazione-progressiva-automatica-cnc-j100-7c\/","title":{"rendered":"Pompe di lubrificazione progressive automatiche CNC J100-7C"},"content":{"rendered":"<h2>Caratteristiche<\/h2>\n<p>\u2013 Elevata precisione di dosaggio, la pompa di lubrificazione J100 pu\u00f2 misurare la quantit\u00e0 di grasso fluido fino a 15 ml\/min, il che pu\u00f2 controllare con precisione l&#039;uscita del lubrificante e garantire un effetto di lubrificazione stabile e affidabile.<br \/>\n\u2013 La pressione di esercizio della pompa di lubrificazione J100 pu\u00f2 raggiungere un massimo di 80 bar, il che soddisfa i requisiti di pressione della maggior parte dei sistemi di lubrificazione e garantisce che il lubrificante venga erogato in modo efficace al punto di lubrificazione.<br \/>\n\u2013 Il J100 \u00e8 dotato di una funzione di monitoraggio del livello del liquido e di allerta precoce, che pu\u00f2 monitorare il livello del serbatoio dell&#039;olio o della cartuccia in tempo reale, fornire un avviso precoce e prevenire guasti all&#039;apparecchiatura dovuti a lubrificante insufficiente.<br \/>\n\u2013 Il J100 utilizza una tensione di lavoro di 24 V CC con basso consumo energetico, che soddisfa i requisiti di risparmio energetico delle apparecchiature moderne, riduce i costi operativi e riduce l&#039;impatto sulla rete elettrica per garantire un&#039;alimentazione stabile al sistema.<br \/>\n\u2013 Molteplici metodi di installazione, la pompa J100 offre la massima flessibilit\u00e0 di installazione tramite una piastra di montaggio con 4 fori di montaggio opzionali.<br \/>\n\u2013 Facile da usare, il pulsante di lubrificazione manuale viene utilizzato per avviare o scaricare il sistema di lubrificazione e la vite di scarico rende il processo di scarico dopo l&#039;avvio del sistema o la sostituzione della cartuccia semplice e facile, facile da usare per il personale addetto alla manutenzione e per il debug dell&#039;apparecchiatura.<\/p>\n<h2>Specificazione<\/h2>\n<table>\n<tbody>\n<tr>\n<td>Modello<\/td>\n<td>Modello J100-7C<\/td>\n<\/tr>\n<tr>\n<td>Tempo di lubrificazione<\/td>\n<td>PLC o controllore esterno<\/td>\n<\/tr>\n<tr>\n<td>Tempo di intervallo<\/td>\n<td>PLC o controllore esterno<\/td>\n<\/tr>\n<tr>\n<td>Temperatura di esercizio<\/td>\n<td>0\u2103~ +50\u00b0C (le condizioni di bassa temperatura richiedono grasso antigelo)<\/td>\n<\/tr>\n<tr>\n<td>Numero di punti vendita<\/td>\n<td>1 o 2<\/td>\n<\/tr>\n<tr>\n<td>Capacit\u00e0 del serbatoio<\/td>\n<td>0,3L, 0,5L, 0,7L, 1,5L<\/td>\n<\/tr>\n<tr>\n<td>Ricarica<\/td>\n<td>Porta di riempimento\/rimovibile\/cartuccia<\/td>\n<\/tr>\n<tr>\n<td>Lubrificante<\/td>\n<td>Classe NLGI 000#~2#<\/td>\n<\/tr>\n<tr>\n<td>Valvola di sicurezza<\/td>\n<td>Opzionale<\/td>\n<\/tr>\n<tr>\n<td>Scarico<\/td>\n<td>15 ml\/min<\/td>\n<\/tr>\n<tr>\n<td>Pressione massima di esercizio<\/td>\n<td>8,0 MPa<\/td>\n<\/tr>\n<tr>\n<td>Filettatura di collegamento<\/td>\n<td>Uscita \u03a66<\/td>\n<\/tr>\n<tr>\n<td>Tensione di esercizio<\/td>\n<td>24 V CC<\/td>\n<\/tr>\n<tr>\n<td>Certificazione<\/td>\n<td>CE<\/td>\n<\/tr>\n<tr>\n<td>Interruttore di basso livello<\/td>\n<td>Contatto NC<\/td>\n<\/tr>\n<\/tbody>\n<\/table>\n<h2>Precauzioni<\/h2>\n<p>\u2013 La rimozione di una cartuccia di grasso inutilizzata e il suo collegamento alla pompa di lubrificazione possono causare malfunzionamenti dovuti all&#039;aria residua nella cartuccia. Assicurarsi che il lubrificante sia completamente consumato prima della sostituzione.<br \/>\n\u2013 Non accendere l&#039;alimentazione con una cartuccia vuota rimossa, altrimenti la pompa di lubrificazione J100 aspirer\u00e0 aria o corpi estranei, causandone il malfunzionamento.<br \/>\n\u2013 Quando si sostituisce la cartuccia, non pulire l&#039;ingresso della pompa di lubrificazione con un panno sporco, poich\u00e9 ci\u00f2 potrebbe far s\u00ec che la pompa di lubrificazione aspiri corpi estranei e ne provochi il malfunzionamento.<br \/>\n\u2013 Sono supportate solo le cartucce standard. L&#039;utilizzo di altri grassi potrebbe causare malfunzionamenti del sistema.<br \/>\n\u2013 Non iniettare mai grasso in una cartuccia vuota usata e riutilizzarla, poich\u00e9 ci\u00f2 potrebbe causare la rottura della cartuccia o il malfunzionamento della pompa di lubrificazione a causa dell&#039;ingresso di aria o corpi estranei.<\/p>\n<h2>Manuali<\/h2>\n<div class=\"sdm_download_button_box_default\"><div class=\"sdm_download_link\"><a href=\"https:\/\/www.jinpinlub.com\/it\/?sdm_process_download=1&download_id=3960\" class=\"sdm_download white\" title=\"Privato: J100 Electric Grease Pump\" target=\"&quot;_blank&quot;\">Visualizza la scheda tecnica - Pompa per grasso J100<\/a><\/div><\/div>","protected":false},"excerpt":{"rendered":"<p>J100 funziona a 24 V, 80 bar e un&#039;ampia gamma di temperature. Ha funzioni come il monitoraggio del livello e la lubrificazione manuale per ridurre i tempi di fermo. Ha una variet\u00e0 di specifiche del serbatoio e metodi di collegamento, installazione flessibile ed \u00e8 ampiamente utilizzato in molti campi.<\/p>","protected":false},"featured_media":3993,"template":"","meta":{"ocean_post_layout":"","ocean_both_sidebars_style":"","ocean_both_sidebars_content_width":0,"ocean_both_sidebars_sidebars_width":0,"ocean_sidebar":"0","ocean_second_sidebar":"0","ocean_disable_margins":"enable","ocean_add_body_class":"","ocean_shortcode_before_top_bar":"","ocean_shortcode_after_top_bar":"","ocean_shortcode_before_header":"","ocean_shortcode_after_header":"","ocean_has_shortcode":"","ocean_shortcode_after_title":"","ocean_shortcode_before_footer_widgets":"","ocean_shortcode_after_footer_widgets":"","ocean_shortcode_before_footer_bottom":"","ocean_shortcode_after_footer_bottom":"","ocean_display_top_bar":"default","ocean_display_header":"default","ocean_header_style":"","ocean_center_header_left_menu":"0","ocean_custom_header_template":"0","ocean_custom_logo":0,"ocean_custom_retina_logo":0,"ocean_custom_logo_max_width":0,"ocean_custom_logo_tablet_max_width":0,"ocean_custom_logo_mobile_max_width":0,"ocean_custom_logo_max_height":0,"ocean_custom_logo_tablet_max_height":0,"ocean_custom_logo_mobile_max_height":0,"ocean_header_custom_menu":"0","ocean_menu_typo_font_family":"0","ocean_menu_typo_font_subset":"","ocean_menu_typo_font_size":0,"ocean_menu_typo_font_size_tablet":0,"ocean_menu_typo_font_size_mobile":0,"ocean_menu_typo_font_size_unit":"px","ocean_menu_typo_font_weight":"","ocean_menu_typo_font_weight_tablet":"","ocean_menu_typo_font_weight_mobile":"","ocean_menu_typo_transform":"","ocean_menu_typo_transform_tablet":"","ocean_menu_typo_transform_mobile":"","ocean_menu_typo_line_height":0,"ocean_menu_typo_line_height_tablet":0,"ocean_menu_typo_line_height_mobile":0,"ocean_menu_typo_line_height_unit":"","ocean_menu_typo_spacing":0,"ocean_menu_typo_spacing_tablet":0,"ocean_menu_typo_spacing_mobile":0,"ocean_menu_typo_spacing_unit":"","ocean_menu_link_color":"","ocean_menu_link_color_hover":"","ocean_menu_link_color_active":"","ocean_menu_link_background":"","ocean_menu_link_hover_background":"","ocean_menu_link_active_background":"","ocean_menu_social_links_bg":"","ocean_menu_social_hover_links_bg":"","ocean_menu_social_links_color":"","ocean_menu_social_hover_links_color":"","ocean_disable_title":"default","ocean_disable_heading":"default","ocean_post_title":"","ocean_post_subheading":"","ocean_post_title_style":"","ocean_post_title_background_color":"","ocean_post_title_background":0,"ocean_post_title_bg_image_position":"","ocean_post_title_bg_image_attachment":"","ocean_post_title_bg_image_repeat":"","ocean_post_title_bg_image_size":"","ocean_post_title_height":0,"ocean_post_title_bg_overlay":0.5,"ocean_post_title_bg_overlay_color":"","ocean_disable_breadcrumbs":"default","ocean_breadcrumbs_color":"","ocean_breadcrumbs_separator_color":"","ocean_breadcrumbs_links_color":"","ocean_breadcrumbs_links_hover_color":"","ocean_display_footer_widgets":"default","ocean_display_footer_bottom":"default","ocean_custom_footer_template":"0","osh_disable_topbar_sticky":"default","osh_disable_header_sticky":"default","osh_sticky_header_style":"default","osh_sticky_header_effect":"","osh_custom_sticky_logo":0,"osh_custom_retina_sticky_logo":0,"osh_custom_sticky_logo_height":0,"osh_background_color":"","osh_links_color":"","osh_links_hover_color":"","osh_links_active_color":"","osh_links_bg_color":"","osh_links_hover_bg_color":"","osh_links_active_bg_color":"","osh_menu_social_links_color":"","osh_menu_social_hover_links_color":""},"product_brand":[],"product_cat":[41,42],"product_tag":[321,112,76,196,221],"class_list":{"0":"post-3992","1":"product","2":"type-product","3":"status-publish","4":"has-post-thumbnail","6":"product_cat-progressive-grease-systems","7":"product_cat-electric-progressive-pumps","8":"product_tag-automatic-lubrication-system","9":"product_tag-centralized-lubrication-system","10":"product_tag-electric-lubrication-system","11":"product_tag-grease-lubrication-system","12":"product_tag-progressive-lubrication-system","14":"entry","15":"has-media","17":"first","18":"instock","19":"shipping-taxable","20":"product-type-external","21":"col","22":"span_1_of_3","23":"owp-content-center","24":"owp-thumbs-layout-horizontal","25":"owp-btn-very-big","26":"owp-tabs-layout-horizontal"},"_links":{"self":[{"href":"https:\/\/www.jinpinlub.com\/it\/wp-json\/wp\/v2\/product\/3992","targetHints":{"allow":["GET"]}}],"collection":[{"href":"https:\/\/www.jinpinlub.com\/it\/wp-json\/wp\/v2\/product"}],"about":[{"href":"https:\/\/www.jinpinlub.com\/it\/wp-json\/wp\/v2\/types\/product"}],"wp:featuredmedia":[{"embeddable":true,"href":"https:\/\/www.jinpinlub.com\/it\/wp-json\/wp\/v2\/media\/3993"}],"wp:attachment":[{"href":"https:\/\/www.jinpinlub.com\/it\/wp-json\/wp\/v2\/media?parent=3992"}],"wp:term":[{"taxonomy":"product_brand","embeddable":true,"href":"https:\/\/www.jinpinlub.com\/it\/wp-json\/wp\/v2\/product_brand?post=3992"},{"taxonomy":"product_cat","embeddable":true,"href":"https:\/\/www.jinpinlub.com\/it\/wp-json\/wp\/v2\/product_cat?post=3992"},{"taxonomy":"product_tag","embeddable":true,"href":"https:\/\/www.jinpinlub.com\/it\/wp-json\/wp\/v2\/product_tag?post=3992"}],"curies":[{"name":"wp","href":"https:\/\/api.w.org\/{rel}","templated":true}]}}