{"id":4018,"date":"2024-12-12T23:27:32","date_gmt":"2024-12-12T15:27:32","guid":{"rendered":"https:\/\/www.jinpinlub.com\/?post_type=product&#038;p=4018"},"modified":"2024-12-13T05:49:09","modified_gmt":"2024-12-12T21:49:09","slug":"pompa-di-lubrificazione-elettrica-j200-5d-con-serbatoio-staccabile","status":"publish","type":"product","link":"https:\/\/www.jinpinlub.com\/it\/product\/j200-5d-electric-lubrication-pump-with-detachable-reservoir\/","title":{"rendered":"Pompa di lubrificazione elettrica J200-5D con serbatoio staccabile"},"content":{"rendered":"<h2>Caratteristiche<\/h2>\n<p><span id=\"input-sentence~0\">1. Alimentazione e avviamento<br \/>\nLa pompa di lubrificazione \u00e8 alimentata da un alimentatore da 24 V CC. Quando l&#039;alimentazione \u00e8 accesa, il motore si avvia. La corrente nominale del motore \u00e8 0,8 A. Entro il normale intervallo di alimentazione, il motore pu\u00f2 funzionare stabilmente e fornire energia alla pompa.<\/span><span id=\"input-sentence~1\"><br \/>\n2. Erogazione del lubrificante<br \/>\nIl motore aziona la pompa di lubrificazione per funzionare. Il lubrificante viene estratto dal contenitore di stoccaggio o dalla cartuccia attraverso la struttura interna, inclusi lo stantuffo, gli ingranaggi, ecc., e viene erogato a ciascun punto di lubrificazione della macchina attraverso la tubazione a uno spostamento di 7 ml\/min.<\/span><span id=\"input-sentence~2\"> Durante il processo di consegna, la pressione di scarico pu\u00f2 raggiungere 8 MPa.<br \/>\n3. Misurazione e controllo<br \/>\nNel sistema di lubrificazione, il distributore a spostamento positivo viene utilizzato per un controllo preciso della quantit\u00e0 di lubrificante da erogare. Ci\u00f2 consente a ciascun punto di lubrificazione di acquisire una quantit\u00e0 appropriata di lubrificante per ottenere un effetto di lubrificazione ottimizzato, anzich\u00e9 sprecare lubrificanti. Il tempo di funzionamento e il ciclo di intervallo della pompa di lubrificazione sono impostati dal timer installato sulla macchina e funzionano in base all&#039;impostazione del programma.<\/span><\/p>\n<h2>Specificazione<\/h2>\n<table>\n<tbody>\n<tr>\n<td>Modello<\/td>\n<td>Modello J200-5D<\/td>\n<\/tr>\n<tr>\n<td>Tempo di lubrificazione<\/td>\n<td>PLC o controllore esterno<\/td>\n<\/tr>\n<tr>\n<td>Tempo di intervallo<\/td>\n<td>PLC o controllore esterno<\/td>\n<\/tr>\n<tr>\n<td>Temperatura di esercizio<\/td>\n<td>0\u2103~ +50\u00b0C (le condizioni di bassa temperatura richiedono grasso antigelo)<\/td>\n<\/tr>\n<tr>\n<td>Numero di punti vendita<\/td>\n<td>1 o 2<\/td>\n<\/tr>\n<tr>\n<td>Capacit\u00e0 del serbatoio<\/td>\n<td>0,3L, 0,5L, 0,7L<\/td>\n<\/tr>\n<tr>\n<td>Ricarica<\/td>\n<td>Serbatoio\/cartuccia rimovibile<\/td>\n<\/tr>\n<tr>\n<td>Lubrificante<\/td>\n<td>Grassi grado NLGI 000~2#<\/td>\n<\/tr>\n<tr>\n<td>Valvola di sicurezza<\/td>\n<td>Assemblato<\/td>\n<\/tr>\n<tr>\n<td>Scarico<\/td>\n<td>7 ml\/min<\/td>\n<\/tr>\n<tr>\n<td>Pressione massima di esercizio<\/td>\n<td>5,0 o 8,0 MPa<\/td>\n<\/tr>\n<tr>\n<td>Filettatura di collegamento<\/td>\n<td>Uscita \u03a66<\/td>\n<\/tr>\n<tr>\n<td>Tensione di esercizio<\/td>\n<td>24 V CC<\/td>\n<\/tr>\n<tr>\n<td>Certificazione<\/td>\n<td>CE<\/td>\n<\/tr>\n<tr>\n<td>Interruttore di basso livello<\/td>\n<td>Contatto NC<\/td>\n<\/tr>\n<\/tbody>\n<\/table>\n<h2>Ricarica<\/h2>\n<p><span id=\"input-sentence~0\">\u2013 Sostituire la cartuccia dopo che l&#039;LHL nella cartuccia \u00e8 completamente esaurito per evitare che l&#039;aria entri nella cartuccia a causa del grasso residuo, il che potrebbe causare il malfunzionamento della pompa di lubrificazione.<br \/>\n\u2013 Durante il processo di sostituzione della cartuccia, assicurarsi che l&#039;ambiente circostante sia pulito per evitare che corpi estranei come polvere e impurit\u00e0 entrino nel corpo della pompa di lubrificazione o nella cartuccia.<\/span><span id=\"input-sentence~1\"><br \/>\n\u2013 \u00c8 severamente vietato accendere l&#039;alimentazione quando la cartuccia non \u00e8 installata in posizione o rimossa, altrimenti la pompa di lubrificazione potrebbe inalare aria o corpi estranei.<br \/>\n\u2013 Quando si sostituisce la cartuccia, se \u00e8 necessario pulire la zona attorno alla porta di aspirazione dell&#039;olio della pompa, \u00e8 necessario utilizzare un panno pulito per evitare che corpi estranei vengano aspirati nella pompa di lubrificazione.<br \/>\n\u2013 Utilizzare solo la cartuccia di grasso LHL specificata. L&#039;utilizzo di altri lubrificanti non specificati pu\u00f2 causare guasti al sistema di lubrificazione.<br \/>\n\u2013 Non riempire mai di lubrificante la cartuccia di grasso vuota usata e non riutilizzarla.<\/span><\/p>\n<h2>Manuali<\/h2>\n<div class=\"sdm_download_button_box_default\"><div class=\"sdm_download_link\"><a href=\"https:\/\/www.jinpinlub.com\/it\/?sdm_process_download=1&download_id=3962\" class=\"sdm_download white\" title=\"Privato: J200 Electric Pump\" target=\"&quot;_blank&quot;\">Visualizza la scheda tecnica - Pompa per grasso J200<\/a><\/div><\/div>","protected":false},"excerpt":{"rendered":"<p>J200 \u00e8 una pompa di lubrificazione elettrica, un&#039;unit\u00e0 pompa del sistema di lubrificazione a linea singola. Le sue caratteristiche principali includono: alimentazione DC24V, volume di scarico 7ml al minuto, pressione di scarico 5MPa-8MPa, adatta per grasso al litio, grado di protezione IP54.<\/p>","protected":false},"featured_media":4019,"template":"","meta":{"ocean_post_layout":"","ocean_both_sidebars_style":"","ocean_both_sidebars_content_width":0,"ocean_both_sidebars_sidebars_width":0,"ocean_sidebar":"0","ocean_second_sidebar":"0","ocean_disable_margins":"enable","ocean_add_body_class":"","ocean_shortcode_before_top_bar":"","ocean_shortcode_after_top_bar":"","ocean_shortcode_before_header":"","ocean_shortcode_after_header":"","ocean_has_shortcode":"","ocean_shortcode_after_title":"","ocean_shortcode_before_footer_widgets":"","ocean_shortcode_after_footer_widgets":"","ocean_shortcode_before_footer_bottom":"","ocean_shortcode_after_footer_bottom":"","ocean_display_top_bar":"default","ocean_display_header":"default","ocean_header_style":"","ocean_center_header_left_menu":"0","ocean_custom_header_template":"0","ocean_custom_logo":0,"ocean_custom_retina_logo":0,"ocean_custom_logo_max_width":0,"ocean_custom_logo_tablet_max_width":0,"ocean_custom_logo_mobile_max_width":0,"ocean_custom_logo_max_height":0,"ocean_custom_logo_tablet_max_height":0,"ocean_custom_logo_mobile_max_height":0,"ocean_header_custom_menu":"0","ocean_menu_typo_font_family":"0","ocean_menu_typo_font_subset":"","ocean_menu_typo_font_size":0,"ocean_menu_typo_font_size_tablet":0,"ocean_menu_typo_font_size_mobile":0,"ocean_menu_typo_font_size_unit":"px","ocean_menu_typo_font_weight":"","ocean_menu_typo_font_weight_tablet":"","ocean_menu_typo_font_weight_mobile":"","ocean_menu_typo_transform":"","ocean_menu_typo_transform_tablet":"","ocean_menu_typo_transform_mobile":"","ocean_menu_typo_line_height":0,"ocean_menu_typo_line_height_tablet":0,"ocean_menu_typo_line_height_mobile":0,"ocean_menu_typo_line_height_unit":"","ocean_menu_typo_spacing":0,"ocean_menu_typo_spacing_tablet":0,"ocean_menu_typo_spacing_mobile":0,"ocean_menu_typo_spacing_unit":"","ocean_menu_link_color":"","ocean_menu_link_color_hover":"","ocean_menu_link_color_active":"","ocean_menu_link_background":"","ocean_menu_link_hover_background":"","ocean_menu_link_active_background":"","ocean_menu_social_links_bg":"","ocean_menu_social_hover_links_bg":"","ocean_menu_social_links_color":"","ocean_menu_social_hover_links_color":"","ocean_disable_title":"default","ocean_disable_heading":"default","ocean_post_title":"","ocean_post_subheading":"","ocean_post_title_style":"","ocean_post_title_background_color":"","ocean_post_title_background":0,"ocean_post_title_bg_image_position":"","ocean_post_title_bg_image_attachment":"","ocean_post_title_bg_image_repeat":"","ocean_post_title_bg_image_size":"","ocean_post_title_height":0,"ocean_post_title_bg_overlay":0.5,"ocean_post_title_bg_overlay_color":"","ocean_disable_breadcrumbs":"default","ocean_breadcrumbs_color":"","ocean_breadcrumbs_separator_color":"","ocean_breadcrumbs_links_color":"","ocean_breadcrumbs_links_hover_color":"","ocean_display_footer_widgets":"default","ocean_display_footer_bottom":"default","ocean_custom_footer_template":"0","osh_disable_topbar_sticky":"default","osh_disable_header_sticky":"default","osh_sticky_header_style":"default","osh_sticky_header_effect":"","osh_custom_sticky_logo":0,"osh_custom_retina_sticky_logo":0,"osh_custom_sticky_logo_height":0,"osh_background_color":"","osh_links_color":"","osh_links_hover_color":"","osh_links_active_color":"","osh_links_bg_color":"","osh_links_hover_bg_color":"","osh_links_active_bg_color":"","osh_menu_social_links_color":"","osh_menu_social_hover_links_color":""},"product_brand":[],"product_cat":[38,37],"product_tag":[191,73,378,379,92],"class_list":{"0":"post-4018","1":"product","2":"type-product","3":"status-publish","4":"has-post-thumbnail","6":"product_cat-electric-pressure-relief-pumps","7":"product_cat-single-line-grease-systems","8":"product_tag-cnc-lubrication-pump","9":"product_tag-electric-lubrication-pump","10":"product_tag-lhl-lubrication-pump","11":"product_tag-machine-tool-lubrication-pump","12":"product_tag-single-line-lubrication-pump","14":"entry","15":"has-media","17":"first","18":"instock","19":"shipping-taxable","20":"product-type-external","21":"col","22":"span_1_of_3","23":"owp-content-center","24":"owp-thumbs-layout-horizontal","25":"owp-btn-very-big","26":"owp-tabs-layout-horizontal"},"_links":{"self":[{"href":"https:\/\/www.jinpinlub.com\/it\/wp-json\/wp\/v2\/product\/4018","targetHints":{"allow":["GET"]}}],"collection":[{"href":"https:\/\/www.jinpinlub.com\/it\/wp-json\/wp\/v2\/product"}],"about":[{"href":"https:\/\/www.jinpinlub.com\/it\/wp-json\/wp\/v2\/types\/product"}],"wp:featuredmedia":[{"embeddable":true,"href":"https:\/\/www.jinpinlub.com\/it\/wp-json\/wp\/v2\/media\/4019"}],"wp:attachment":[{"href":"https:\/\/www.jinpinlub.com\/it\/wp-json\/wp\/v2\/media?parent=4018"}],"wp:term":[{"taxonomy":"product_brand","embeddable":true,"href":"https:\/\/www.jinpinlub.com\/it\/wp-json\/wp\/v2\/product_brand?post=4018"},{"taxonomy":"product_cat","embeddable":true,"href":"https:\/\/www.jinpinlub.com\/it\/wp-json\/wp\/v2\/product_cat?post=4018"},{"taxonomy":"product_tag","embeddable":true,"href":"https:\/\/www.jinpinlub.com\/it\/wp-json\/wp\/v2\/product_tag?post=4018"}],"curies":[{"name":"wp","href":"https:\/\/api.w.org\/{rel}","templated":true}]}}