{"id":4028,"date":"2024-12-13T05:32:23","date_gmt":"2024-12-12T21:32:23","guid":{"rendered":"https:\/\/www.jinpinlub.com\/?post_type=product&#038;p=4028"},"modified":"2024-12-13T05:48:01","modified_gmt":"2024-12-12T21:48:01","slug":"pompa-di-lubrificazione-di-precisione-staccabile-j200-per-rettifica-cnc","status":"publish","type":"product","link":"https:\/\/www.jinpinlub.com\/it\/product\/j200-detachable-precision-lubrication-pump-for-grinding-cnc\/","title":{"rendered":"Pompa di lubrificazione di precisione staccabile J200 per rettifica CNC"},"content":{"rendered":"<h2>Caratteristiche<\/h2>\n<p>Funzione di interruttore di livello<br \/>\nL&#039;interruttore di livello \u00e8 integrato all&#039;interno della pompa di lubrificazione J200. Quando l&#039;interruttore di livello \u00e8 attivato, la pompa pu\u00f2 essere fermata prima che il grasso sia completamente esaurito, impedendo efficacemente all&#039;aria di mescolarsi al grasso e garantendo il normale funzionamento del sistema di lubrificazione.<br \/>\nRestrizioni delle condizioni di lavoro<br \/>\nL&#039;interruttore di livello emette un segnale solo quando la pompa di lubrificazione J200 \u00e8 accesa. Poich\u00e9 la pompa si arresta quando l&#039;interruttore di livello \u00e8 attivato, ci\u00f2 potrebbe causare il malfunzionamento dell&#039;interruttore di pressione e l&#039;emissione di un segnale di pressione anomalo.<br \/>\nPrecauzioni operative<br \/>\nL&#039;interruttore di livello e l&#039;adattatore del filtro formano un&#039;unit\u00e0 integrale. Quando la cartuccia vuota viene rimossa, l&#039;uscita anomala sul lato del dispositivo rimane. Se l&#039;alimentazione viene attivata in questo caso, la pompa di lubrificazione J200 inspirer\u00e0 aria. Pertanto, assicurarsi di inserire una nuova cartuccia prima di riattivare l&#039;alimentazione e rilasciare l&#039;uscita anomala.<\/p>\n<h2>Specificazione<\/h2>\n<table>\n<tbody>\n<tr>\n<td>Modello<\/td>\n<td>Modello J200-5D<\/td>\n<\/tr>\n<tr>\n<td>Tempo di lubrificazione<\/td>\n<td>PLC o controllore esterno<\/td>\n<\/tr>\n<tr>\n<td>Tempo di intervallo<\/td>\n<td>PLC o controllore esterno<\/td>\n<\/tr>\n<tr>\n<td>Temperatura di esercizio<\/td>\n<td>0\u2103~ +50\u00b0C (le condizioni di bassa temperatura richiedono grasso antigelo)<\/td>\n<\/tr>\n<tr>\n<td>Numero di punti vendita<\/td>\n<td>1 o 2<\/td>\n<\/tr>\n<tr>\n<td>Capacit\u00e0 del serbatoio<\/td>\n<td>0,3L, 0,5L, 0,7L<\/td>\n<\/tr>\n<tr>\n<td>Ricarica<\/td>\n<td>Serbatoio\/cartuccia rimovibile<\/td>\n<\/tr>\n<tr>\n<td>Lubrificante<\/td>\n<td>Grassi grado NLGI 000~2#<\/td>\n<\/tr>\n<tr>\n<td>Valvola di sicurezza<\/td>\n<td>Assemblato<\/td>\n<\/tr>\n<tr>\n<td>Scarico<\/td>\n<td>7 ml\/min<\/td>\n<\/tr>\n<tr>\n<td>Pressione massima di esercizio<\/td>\n<td>5,0 o 8,0 MPa<\/td>\n<\/tr>\n<tr>\n<td>Filettatura di collegamento<\/td>\n<td>Uscita \u03a66<\/td>\n<\/tr>\n<tr>\n<td>Tensione di esercizio<\/td>\n<td>24 V CC<\/td>\n<\/tr>\n<tr>\n<td>Certificazione<\/td>\n<td>CE<\/td>\n<\/tr>\n<tr>\n<td>Interruttore di basso livello<\/td>\n<td>Contatto NC<\/td>\n<\/tr>\n<\/tbody>\n<\/table>\n<h2>Conduttura<\/h2>\n<p>1. Fasi di collegamento<br \/>\nCollegare il tubo all&#039;uscita della pompa di lubrificazione. Utilizzare un tubo con una resistenza alla pressione di 10 MPa o superiore. Innanzitutto, fissare manualmente il giunto per garantire la stabilit\u00e0 iniziale della connessione. Quindi serrarlo con una chiave. Prestare attenzione alla forza moderata di questa operazione. La coppia appropriata \u00e8 7,1 N\uff65m.<br \/>\n2. Controllo dopo la connessione<br \/>\nDopo aver completato la connessione, assicurarsi di controllare attentamente se vi sono perdite di grasso nel giunto per garantire la tenuta della connessione. Quindi, scaricare l&#039;aria per rimuovere l&#039;aria che potrebbe essere presente nel tubo e nella pompa di lubrificazione.<br \/>\n3. Descrizione della situazione di pressione<br \/>\nSebbene si possano verificare pressioni pari o superiori a 8 MPa quando la tubazione principale \u00e8 corta, ci\u00f2 non causer\u00e0 problemi in condizioni di utilizzo normali, ma \u00e8 comunque necessario prestare attenzione alle variazioni di pressione del sistema di lubrificazione per garantire che rientrino nel normale intervallo di funzionamento.<\/p>\n<h2>Manuali<\/h2>\n<div class=\"sdm_download_button_box_default\"><div class=\"sdm_download_link\"><a href=\"https:\/\/www.jinpinlub.com\/it\/?sdm_process_download=1&download_id=3962\" class=\"sdm_download white\" title=\"Privato: J200 Electric Pump\" target=\"&quot;_blank&quot;\">Visualizza la scheda tecnica - Pompa per grasso J200<\/a><\/div><\/div>","protected":false},"excerpt":{"rendered":"<p>Jinpinlub J200 \u00e8 una pompa di lubrificazione ad alte prestazioni. Il suo flusso \u00e8 preciso, il design strutturale \u00e8 squisito e compatto, l&#039;installazione \u00e8 comoda ed \u00e8 adatta a vari spazi di dispositivi. Rumore estremamente basso durante il funzionamento, creando un ambiente di lavoro silenzioso.<\/p>","protected":false},"featured_media":4029,"template":"","meta":{"ocean_post_layout":"","ocean_both_sidebars_style":"","ocean_both_sidebars_content_width":0,"ocean_both_sidebars_sidebars_width":0,"ocean_sidebar":"0","ocean_second_sidebar":"0","ocean_disable_margins":"enable","ocean_add_body_class":"","ocean_shortcode_before_top_bar":"","ocean_shortcode_after_top_bar":"","ocean_shortcode_before_header":"","ocean_shortcode_after_header":"","ocean_has_shortcode":"","ocean_shortcode_after_title":"","ocean_shortcode_before_footer_widgets":"","ocean_shortcode_after_footer_widgets":"","ocean_shortcode_before_footer_bottom":"","ocean_shortcode_after_footer_bottom":"","ocean_display_top_bar":"default","ocean_display_header":"default","ocean_header_style":"","ocean_center_header_left_menu":"0","ocean_custom_header_template":"0","ocean_custom_logo":0,"ocean_custom_retina_logo":0,"ocean_custom_logo_max_width":0,"ocean_custom_logo_tablet_max_width":0,"ocean_custom_logo_mobile_max_width":0,"ocean_custom_logo_max_height":0,"ocean_custom_logo_tablet_max_height":0,"ocean_custom_logo_mobile_max_height":0,"ocean_header_custom_menu":"0","ocean_menu_typo_font_family":"0","ocean_menu_typo_font_subset":"","ocean_menu_typo_font_size":0,"ocean_menu_typo_font_size_tablet":0,"ocean_menu_typo_font_size_mobile":0,"ocean_menu_typo_font_size_unit":"px","ocean_menu_typo_font_weight":"","ocean_menu_typo_font_weight_tablet":"","ocean_menu_typo_font_weight_mobile":"","ocean_menu_typo_transform":"","ocean_menu_typo_transform_tablet":"","ocean_menu_typo_transform_mobile":"","ocean_menu_typo_line_height":0,"ocean_menu_typo_line_height_tablet":0,"ocean_menu_typo_line_height_mobile":0,"ocean_menu_typo_line_height_unit":"","ocean_menu_typo_spacing":0,"ocean_menu_typo_spacing_tablet":0,"ocean_menu_typo_spacing_mobile":0,"ocean_menu_typo_spacing_unit":"","ocean_menu_link_color":"","ocean_menu_link_color_hover":"","ocean_menu_link_color_active":"","ocean_menu_link_background":"","ocean_menu_link_hover_background":"","ocean_menu_link_active_background":"","ocean_menu_social_links_bg":"","ocean_menu_social_hover_links_bg":"","ocean_menu_social_links_color":"","ocean_menu_social_hover_links_color":"","ocean_disable_title":"default","ocean_disable_heading":"default","ocean_post_title":"","ocean_post_subheading":"","ocean_post_title_style":"","ocean_post_title_background_color":"","ocean_post_title_background":0,"ocean_post_title_bg_image_position":"","ocean_post_title_bg_image_attachment":"","ocean_post_title_bg_image_repeat":"","ocean_post_title_bg_image_size":"","ocean_post_title_height":0,"ocean_post_title_bg_overlay":0.5,"ocean_post_title_bg_overlay_color":"","ocean_disable_breadcrumbs":"default","ocean_breadcrumbs_color":"","ocean_breadcrumbs_separator_color":"","ocean_breadcrumbs_links_color":"","ocean_breadcrumbs_links_hover_color":"","ocean_display_footer_widgets":"default","ocean_display_footer_bottom":"default","ocean_custom_footer_template":"0","osh_disable_topbar_sticky":"default","osh_disable_header_sticky":"default","osh_sticky_header_style":"default","osh_sticky_header_effect":"","osh_custom_sticky_logo":0,"osh_custom_retina_sticky_logo":0,"osh_custom_sticky_logo_height":0,"osh_background_color":"","osh_links_color":"","osh_links_hover_color":"","osh_links_active_color":"","osh_links_bg_color":"","osh_links_hover_bg_color":"","osh_links_active_bg_color":"","osh_menu_social_links_color":"","osh_menu_social_hover_links_color":""},"product_brand":[],"product_cat":[38,37],"product_tag":[73,380,378,111,92],"class_list":{"0":"post-4028","1":"product","2":"type-product","3":"status-publish","4":"has-post-thumbnail","6":"product_cat-electric-pressure-relief-pumps","7":"product_cat-single-line-grease-systems","8":"product_tag-electric-lubrication-pump","9":"product_tag-jinpuinlub-lubrication-pump","10":"product_tag-lhl-lubrication-pump","11":"product_tag-oil-lubrication-pump","12":"product_tag-single-line-lubrication-pump","14":"entry","15":"has-media","17":"first","18":"instock","19":"shipping-taxable","20":"product-type-external","21":"col","22":"span_1_of_3","23":"owp-content-center","24":"owp-thumbs-layout-horizontal","25":"owp-btn-very-big","26":"owp-tabs-layout-horizontal"},"_links":{"self":[{"href":"https:\/\/www.jinpinlub.com\/it\/wp-json\/wp\/v2\/product\/4028","targetHints":{"allow":["GET"]}}],"collection":[{"href":"https:\/\/www.jinpinlub.com\/it\/wp-json\/wp\/v2\/product"}],"about":[{"href":"https:\/\/www.jinpinlub.com\/it\/wp-json\/wp\/v2\/types\/product"}],"wp:featuredmedia":[{"embeddable":true,"href":"https:\/\/www.jinpinlub.com\/it\/wp-json\/wp\/v2\/media\/4029"}],"wp:attachment":[{"href":"https:\/\/www.jinpinlub.com\/it\/wp-json\/wp\/v2\/media?parent=4028"}],"wp:term":[{"taxonomy":"product_brand","embeddable":true,"href":"https:\/\/www.jinpinlub.com\/it\/wp-json\/wp\/v2\/product_brand?post=4028"},{"taxonomy":"product_cat","embeddable":true,"href":"https:\/\/www.jinpinlub.com\/it\/wp-json\/wp\/v2\/product_cat?post=4028"},{"taxonomy":"product_tag","embeddable":true,"href":"https:\/\/www.jinpinlub.com\/it\/wp-json\/wp\/v2\/product_tag?post=4028"}],"curies":[{"name":"wp","href":"https:\/\/api.w.org\/{rel}","templated":true}]}}