{"id":4070,"date":"2025-01-02T01:48:41","date_gmt":"2025-01-01T17:48:41","guid":{"rendered":"https:\/\/www.jinpinlub.com\/?post_type=product&#038;p=4070"},"modified":"2025-01-02T02:05:48","modified_gmt":"2025-01-01T18:05:48","slug":"personalizzare-il-dispositivo-di-microlubrificazione-pneumatico-per-la-macchina-sega","status":"publish","type":"product","link":"https:\/\/www.jinpinlub.com\/it\/product\/customize-pneumatic-micro-lubrication-device-for-saw-machine\/","title":{"rendered":"Personalizza il dispositivo di microlubrificazione pneumatico per la macchina sega"},"content":{"rendered":"<h2>Caratteristica<\/h2>\n<p><span id=\"input-sentence~0\">\u2013 Facile da installare e manutenere: questo sistema di microlubrificazione \u00e8 progettato per essere facile da installare e manutenere, riducendo i tempi di fermo macchina.<br \/>\n\u2013 Ampia gamma di possibilit\u00e0 di configurazione: il sistema di lubrificazione a quantit\u00e0 minima, con il suo design modulare, pu\u00f2 essere applicato a varie applicazioni industriali che vanno da semplici a complesse e pu\u00f2 essere personalizzato in base alle esigenze, indipendentemente dalla porta di uscita della lubrificazione o dalla capacit\u00e0 del serbatoio.<\/span><span id=\"input-sentence~1\"><br \/>\n<span id=\"input-sentence~0\">&#8211; <\/span>Elevata adattabilit\u00e0: l&#039;olio per guide di macchine utensili VG 68 pu\u00f2 funzionare anche con fluidi di diversa viscosit\u00e0 entro l&#039;intervallo dei parametri per diverse applicazioni industriali.<br \/>\n<span id=\"input-sentence~0\">&#8211; <\/span>Adattabilit\u00e0 alla temperatura: questo sistema di raffreddamento a nebbia d&#039;olio \u00e8 progettato per adattarsi a variazioni estreme di temperatura e garantire stabilit\u00e0 e affidabilit\u00e0 in diversi ambienti all&#039;interno dell&#039;intervallo di temperatura di esercizio.<\/span><\/p>\n<h2>Specificazione<\/h2>\n<table>\n<tbody>\n<tr>\n<td>Pressione dell&#039;aria di alimentazione<\/td>\n<td>Aria compressa pulita e asciutta, 4~7 bar, minimo 708 LPM<\/td>\n<\/tr>\n<tr>\n<td>Viscosit\u00e0 della pompa<\/td>\n<td>50~1000 sterline<\/td>\n<\/tr>\n<tr>\n<td>Portata della pompa a piena corsa<\/td>\n<td>0,033 mL (standard da 1 goccia), 0,100 mL (standard da 3 gocce)<\/td>\n<\/tr>\n<tr>\n<td>Portata di uscita della pompa<\/td>\n<td>0~396mL\/ora (standard da 1 goccia), 0~1200mL\/ora (standard da 3 gocce)<\/td>\n<\/tr>\n<tr>\n<td>Portata d&#039;aria<\/td>\n<td>0~4 SCFM per ogni uscita aria e olio, 1~2 SCFM tipico<\/td>\n<\/tr>\n<tr>\n<td>Generatore di impulsi<\/td>\n<td>5~50 impulsi\/min, Max 200 impulsi\/min (non consigliato)<\/td>\n<\/tr>\n<tr>\n<td>Temperatura di esercizio<\/td>\n<td>da 0\u2103 a +50\u02daC<\/td>\n<\/tr>\n<tr>\n<td>Temperatura di conservazione<\/td>\n<td>(-16\u2103 ~ +70\u02daC)<\/td>\n<\/tr>\n<tr>\n<td>Serbatoio del fluido<\/td>\n<td>Personalizzabile, standard 0,5L, 1,0L, 2L, 4L<\/td>\n<\/tr>\n<\/tbody>\n<\/table>\n<h2>Applicazione<\/h2>\n<p>\u2013 Centro di lavorazione: nei centri di lavorazione CNC, il sistema di microlubrificazione MQL sostituisce la tradizionale lubrificazione a emulsione, riducendo il trattamento dei liquidi di scarto e i problemi di tutela ambientale.<br \/>\n- Tornio: sui torni, il sistema MQL riduce lo spreco di olio lubrificante e i problemi di pulizia causati da un&#039;elevata quantit\u00e0 di lubrificante spray. Grazie alla microlubrificazione, l&#039;attrito tra l&#039;utensile e il pezzo in lavorazione viene ridotto e l&#039;efficienza di taglio migliorata.<br \/>\n\u2013 Segatrice: sulle seghe, il sistema MQL sostituisce la tradizionale lubrificazione a emulsione, migliora l&#039;ambiente di lavoro e riduce i problemi di scarsa lubrificazione e usura degli utensili.<br \/>\n\u2013 Lavorazione di alluminio e rame: il sistema MQL viene utilizzato per il taglio e la segagione di barre di alluminio e rame, il taglio e la segagione di lingotti di alluminio e rame di varie specifiche, la fresatura di lingotti a piastra e il taglio di profili dopo l&#039;estrusione tramite estrusori. La durata dell&#039;utensile \u00e8 aumentata di 2-3 volte e l&#039;efficienza produttiva di lavorazione \u00e8 aumentata di oltre 50%.<\/p>\n<h2>Manuali<\/h2>\n<div class=\"sdm_download_button_box_default\"><div class=\"sdm_download_link\"><a href=\"https:\/\/www.jinpinlub.com\/it\/?sdm_process_download=1&download_id=4054\" class=\"sdm_download white\" title=\"Privato: Minimal Quantity Lubrication\" target=\"&quot;_blank&quot;\">Visualizza la scheda tecnica - Lubrificazione minima<\/a><\/div><\/div>","protected":false},"excerpt":{"rendered":"<p>Il sistema MQL (lubrificazione a quantit\u00e0 minima) \u00e8 un dispositivo che realizza una lubrificazione e un raffreddamento efficaci spruzzando il lubrificante sotto forma di atomizzazione o spruzzo fine direttamente nell&#039;area di lavorazione, riducendo al contempo l&#039;uso su larga scala del refrigerante tradizionale.<\/p>","protected":false},"featured_media":4071,"template":"","meta":{"ocean_post_layout":"","ocean_both_sidebars_style":"","ocean_both_sidebars_content_width":0,"ocean_both_sidebars_sidebars_width":0,"ocean_sidebar":"0","ocean_second_sidebar":"0","ocean_disable_margins":"enable","ocean_add_body_class":"","ocean_shortcode_before_top_bar":"","ocean_shortcode_after_top_bar":"","ocean_shortcode_before_header":"","ocean_shortcode_after_header":"","ocean_has_shortcode":"","ocean_shortcode_after_title":"","ocean_shortcode_before_footer_widgets":"","ocean_shortcode_after_footer_widgets":"","ocean_shortcode_before_footer_bottom":"","ocean_shortcode_after_footer_bottom":"","ocean_display_top_bar":"default","ocean_display_header":"default","ocean_header_style":"","ocean_center_header_left_menu":"0","ocean_custom_header_template":"0","ocean_custom_logo":0,"ocean_custom_retina_logo":0,"ocean_custom_logo_max_width":0,"ocean_custom_logo_tablet_max_width":0,"ocean_custom_logo_mobile_max_width":0,"ocean_custom_logo_max_height":0,"ocean_custom_logo_tablet_max_height":0,"ocean_custom_logo_mobile_max_height":0,"ocean_header_custom_menu":"0","ocean_menu_typo_font_family":"0","ocean_menu_typo_font_subset":"","ocean_menu_typo_font_size":0,"ocean_menu_typo_font_size_tablet":0,"ocean_menu_typo_font_size_mobile":0,"ocean_menu_typo_font_size_unit":"px","ocean_menu_typo_font_weight":"","ocean_menu_typo_font_weight_tablet":"","ocean_menu_typo_font_weight_mobile":"","ocean_menu_typo_transform":"","ocean_menu_typo_transform_tablet":"","ocean_menu_typo_transform_mobile":"","ocean_menu_typo_line_height":0,"ocean_menu_typo_line_height_tablet":0,"ocean_menu_typo_line_height_mobile":0,"ocean_menu_typo_line_height_unit":"","ocean_menu_typo_spacing":0,"ocean_menu_typo_spacing_tablet":0,"ocean_menu_typo_spacing_mobile":0,"ocean_menu_typo_spacing_unit":"","ocean_menu_link_color":"","ocean_menu_link_color_hover":"","ocean_menu_link_color_active":"","ocean_menu_link_background":"","ocean_menu_link_hover_background":"","ocean_menu_link_active_background":"","ocean_menu_social_links_bg":"","ocean_menu_social_hover_links_bg":"","ocean_menu_social_links_color":"","ocean_menu_social_hover_links_color":"","ocean_disable_title":"default","ocean_disable_heading":"default","ocean_post_title":"","ocean_post_subheading":"","ocean_post_title_style":"","ocean_post_title_background_color":"","ocean_post_title_background":0,"ocean_post_title_bg_image_position":"","ocean_post_title_bg_image_attachment":"","ocean_post_title_bg_image_repeat":"","ocean_post_title_bg_image_size":"","ocean_post_title_height":0,"ocean_post_title_bg_overlay":0.5,"ocean_post_title_bg_overlay_color":"","ocean_disable_breadcrumbs":"default","ocean_breadcrumbs_color":"","ocean_breadcrumbs_separator_color":"","ocean_breadcrumbs_links_color":"","ocean_breadcrumbs_links_hover_color":"","ocean_display_footer_widgets":"default","ocean_display_footer_bottom":"default","ocean_custom_footer_template":"0","osh_disable_topbar_sticky":"default","osh_disable_header_sticky":"default","osh_sticky_header_style":"default","osh_sticky_header_effect":"","osh_custom_sticky_logo":0,"osh_custom_retina_sticky_logo":0,"osh_custom_sticky_logo_height":0,"osh_background_color":"","osh_links_color":"","osh_links_hover_color":"","osh_links_active_color":"","osh_links_bg_color":"","osh_links_hover_bg_color":"","osh_links_active_bg_color":"","osh_menu_social_links_color":"","osh_menu_social_hover_links_color":""},"product_brand":[],"product_cat":[46],"product_tag":[385,383,381,384,389],"class_list":{"0":"post-4070","1":"product","2":"type-product","3":"status-publish","4":"has-post-thumbnail","6":"product_cat-oil-mist-lubrication-systems","7":"product_tag-cooling-lubrication-system","8":"product_tag-micro-lubrication-pump","9":"product_tag-mql-lubrication-pump","10":"product_tag-oil-mist-lubrication-system","11":"product_tag-pneumatic-oil-mist-pump","13":"entry","14":"has-media","16":"first","17":"instock","18":"shipping-taxable","19":"product-type-external","20":"col","21":"span_1_of_3","22":"owp-content-center","23":"owp-thumbs-layout-horizontal","24":"owp-btn-very-big","25":"owp-tabs-layout-horizontal"},"_links":{"self":[{"href":"https:\/\/www.jinpinlub.com\/it\/wp-json\/wp\/v2\/product\/4070","targetHints":{"allow":["GET"]}}],"collection":[{"href":"https:\/\/www.jinpinlub.com\/it\/wp-json\/wp\/v2\/product"}],"about":[{"href":"https:\/\/www.jinpinlub.com\/it\/wp-json\/wp\/v2\/types\/product"}],"wp:featuredmedia":[{"embeddable":true,"href":"https:\/\/www.jinpinlub.com\/it\/wp-json\/wp\/v2\/media\/4071"}],"wp:attachment":[{"href":"https:\/\/www.jinpinlub.com\/it\/wp-json\/wp\/v2\/media?parent=4070"}],"wp:term":[{"taxonomy":"product_brand","embeddable":true,"href":"https:\/\/www.jinpinlub.com\/it\/wp-json\/wp\/v2\/product_brand?post=4070"},{"taxonomy":"product_cat","embeddable":true,"href":"https:\/\/www.jinpinlub.com\/it\/wp-json\/wp\/v2\/product_cat?post=4070"},{"taxonomy":"product_tag","embeddable":true,"href":"https:\/\/www.jinpinlub.com\/it\/wp-json\/wp\/v2\/product_tag?post=4070"}],"curies":[{"name":"wp","href":"https:\/\/api.w.org\/{rel}","templated":true}]}}