{"id":4075,"date":"2025-01-02T03:59:02","date_gmt":"2025-01-01T19:59:02","guid":{"rendered":"https:\/\/www.jinpinlub.com\/?post_type=product&#038;p=4075"},"modified":"2025-01-02T04:17:15","modified_gmt":"2025-01-01T20:17:15","slug":"pompa-di-lubrificazione-minima-personalizzata-per-la-foratura-dei-fori","status":"publish","type":"product","link":"https:\/\/www.jinpinlub.com\/it\/product\/custom-minimal-quantity-lubrication-pump-for-hole-drilling\/","title":{"rendered":"Pompa di lubrificazione personalizzata per quantit\u00e0 minime per foratura"},"content":{"rendered":"<h2>Caratteristica<\/h2>\n<p>1. Capacit\u00e0 del serbatoio: il sistema di lubrificazione minima MLS fornisce serbatoi di stoccaggio di diverse capacit\u00e0, con una capacit\u00e0 standard di 0,5 L, 1 L, 2 L, 4 L; gli utenti possono scegliere il serbatoio di stoccaggio appropriato in base all&#039;utilizzo effettivo.<br \/>\n2. Controllo del flusso d&#039;aria: il flusso d&#039;aria della pompa di nebulizzazione \u00e8 controllato dalla vite di dosaggio dell&#039;aria, mentre la densit\u00e0 e la distanza dello spruzzo sono determinate dalla vite di dosaggio dell&#039;aria e dalla manopola di regolazione della corsa della pompa.<br \/>\n3. Regolazione della frequenza del generatore di impulsi: il generatore di impulsi della lubrificazione minima MLS \u00e8 un timer pneumatico variabile appositamente progettato e prodotto, utilizzato per controllare la velocit\u00e0 di circolazione della pompa, con una frequenza consigliata di 5-50 impulsi al minuto.<br \/>\n4. Uscita di controllo della valvola elettromagnetica: il circuito pneumatico della lubrificazione minima MLS pu\u00f2 essere controllato anche da una valvola elettromagnetica e la frequenza di ingresso dell&#039;aria pu\u00f2 essere impostata per ottenere un controllo preciso della frequenza di uscita della pompa di atomizzazione tramite la valvola elettromagnetica.<\/p>\n<h2>Specificazione<\/h2>\n<table>\n<tbody>\n<tr>\n<td>Pressione dell&#039;aria di alimentazione<\/td>\n<td>Aria compressa pulita e asciutta, 4~7 bar, minimo 708 LPM<\/td>\n<\/tr>\n<tr>\n<td>Viscosit\u00e0 della pompa<\/td>\n<td>50~1000 sterline<\/td>\n<\/tr>\n<tr>\n<td>Portata della pompa a piena corsa<\/td>\n<td>0,033 mL (standard da 1 goccia), 0,100 mL (standard da 3 gocce)<\/td>\n<\/tr>\n<tr>\n<td>Portata di uscita della pompa<\/td>\n<td>0~396mL\/ora (standard da 1 goccia), 0~1200mL\/ora (standard da 3 gocce)<\/td>\n<\/tr>\n<tr>\n<td>Portata d&#039;aria<\/td>\n<td>0~4 SCFM per ogni uscita aria e olio, 1~2 SCFM tipico<\/td>\n<\/tr>\n<tr>\n<td>Generatore di impulsi<\/td>\n<td>5~50 impulsi\/min, Max 200 impulsi\/min (non consigliato)<\/td>\n<\/tr>\n<tr>\n<td>Temperatura di esercizio<\/td>\n<td>da 0\u2103 a +50\u02daC<\/td>\n<\/tr>\n<tr>\n<td>Temperatura di conservazione<\/td>\n<td>(-16\u2103 ~ +70\u02daC)<\/td>\n<\/tr>\n<tr>\n<td>Serbatoio del fluido<\/td>\n<td>Personalizzabile, standard 0,5L, 1,0L, 2L, 4L<\/td>\n<\/tr>\n<\/tbody>\n<\/table>\n<h2>Ugelli<\/h2>\n<p>\u2013 Sistema MQL con ugello flessibile in plastica<br \/>\nVantaggi: \u00e8 facile allineare la posizione in cui \u00e8 necessario lo spray e non funzioner\u00e0 indurendo quando piegato ripetutamente in forme diverse. Svantaggi: \u00e8 facile da toccare e spostare dalla posizione. L&#039;uscita dello spray \u00e8 conica, con un angolo incluso di circa 15-20 gradi.<br \/>\n\u2013 Sistema MQL con ugello in rame semirigido<br \/>\nVantaggi: raggiunge un buon equilibrio tra flessibilit\u00e0 e rigidit\u00e0, \u00e8 facile da piegare e modellare in una certa forma e pu\u00f2 mantenere la sua forma quando sottoposto a un impatto di forza moderata. Svantaggi: la piegatura ripetuta porter\u00e0 a incrudimento e infine il corpo dell&#039;ugello potrebbe rompersi. L&#039;uscita dello spruzzo \u00e8 conica, con un angolo incluso di circa 15-20 gradi.<br \/>\n\u2013 Sistema MQL con ugello in acciaio inox<br \/>\nVantaggi: Buona rigidit\u00e0, non si piega o si deforma facilmente, adatto per essere posizionato in una posizione fissa e si prevede che resista a forze elevate. Svantaggi: L&#039;uscita dello spruzzo \u00e8 conica e l&#039;angolo incluso \u00e8 di circa 15-20 gradi.<\/p>\n<h2>Manuali<\/h2>\n<div class=\"sdm_download_button_box_default\"><div class=\"sdm_download_link\"><a href=\"https:\/\/www.jinpinlub.com\/it\/?sdm_process_download=1&download_id=4054\" class=\"sdm_download white\" title=\"Privato: Minimal Quantity Lubrication\" target=\"&quot;_blank&quot;\">Visualizza la scheda tecnica - Lubrificazione minima<\/a><\/div><\/div>","protected":false},"excerpt":{"rendered":"<p>Il sistema di lubrificazione a quantit\u00e0 minima MQL adotta una pompa a spostamento positivo, che funziona ad aria compressa. Il suo design modulare supporta la personalizzazione, con una precisa uscita della pompa che pu\u00f2 essere regolata tramite viti di dosaggio dell&#039;aria, manopole di regolazione della corsa della pompa.<\/p>","protected":false},"featured_media":4079,"template":"","meta":{"ocean_post_layout":"","ocean_both_sidebars_style":"","ocean_both_sidebars_content_width":0,"ocean_both_sidebars_sidebars_width":0,"ocean_sidebar":"0","ocean_second_sidebar":"0","ocean_disable_margins":"enable","ocean_add_body_class":"","ocean_shortcode_before_top_bar":"","ocean_shortcode_after_top_bar":"","ocean_shortcode_before_header":"","ocean_shortcode_after_header":"","ocean_has_shortcode":"","ocean_shortcode_after_title":"","ocean_shortcode_before_footer_widgets":"","ocean_shortcode_after_footer_widgets":"","ocean_shortcode_before_footer_bottom":"","ocean_shortcode_after_footer_bottom":"","ocean_display_top_bar":"default","ocean_display_header":"default","ocean_header_style":"","ocean_center_header_left_menu":"0","ocean_custom_header_template":"0","ocean_custom_logo":0,"ocean_custom_retina_logo":0,"ocean_custom_logo_max_width":0,"ocean_custom_logo_tablet_max_width":0,"ocean_custom_logo_mobile_max_width":0,"ocean_custom_logo_max_height":0,"ocean_custom_logo_tablet_max_height":0,"ocean_custom_logo_mobile_max_height":0,"ocean_header_custom_menu":"0","ocean_menu_typo_font_family":"0","ocean_menu_typo_font_subset":"","ocean_menu_typo_font_size":0,"ocean_menu_typo_font_size_tablet":0,"ocean_menu_typo_font_size_mobile":0,"ocean_menu_typo_font_size_unit":"px","ocean_menu_typo_font_weight":"","ocean_menu_typo_font_weight_tablet":"","ocean_menu_typo_font_weight_mobile":"","ocean_menu_typo_transform":"","ocean_menu_typo_transform_tablet":"","ocean_menu_typo_transform_mobile":"","ocean_menu_typo_line_height":0,"ocean_menu_typo_line_height_tablet":0,"ocean_menu_typo_line_height_mobile":0,"ocean_menu_typo_line_height_unit":"","ocean_menu_typo_spacing":0,"ocean_menu_typo_spacing_tablet":0,"ocean_menu_typo_spacing_mobile":0,"ocean_menu_typo_spacing_unit":"","ocean_menu_link_color":"","ocean_menu_link_color_hover":"","ocean_menu_link_color_active":"","ocean_menu_link_background":"","ocean_menu_link_hover_background":"","ocean_menu_link_active_background":"","ocean_menu_social_links_bg":"","ocean_menu_social_hover_links_bg":"","ocean_menu_social_links_color":"","ocean_menu_social_hover_links_color":"","ocean_disable_title":"default","ocean_disable_heading":"default","ocean_post_title":"","ocean_post_subheading":"","ocean_post_title_style":"","ocean_post_title_background_color":"","ocean_post_title_background":0,"ocean_post_title_bg_image_position":"","ocean_post_title_bg_image_attachment":"","ocean_post_title_bg_image_repeat":"","ocean_post_title_bg_image_size":"","ocean_post_title_height":0,"ocean_post_title_bg_overlay":0.5,"ocean_post_title_bg_overlay_color":"","ocean_disable_breadcrumbs":"default","ocean_breadcrumbs_color":"","ocean_breadcrumbs_separator_color":"","ocean_breadcrumbs_links_color":"","ocean_breadcrumbs_links_hover_color":"","ocean_display_footer_widgets":"default","ocean_display_footer_bottom":"default","ocean_custom_footer_template":"0","osh_disable_topbar_sticky":"default","osh_disable_header_sticky":"default","osh_sticky_header_style":"default","osh_sticky_header_effect":"","osh_custom_sticky_logo":0,"osh_custom_retina_sticky_logo":0,"osh_custom_sticky_logo_height":0,"osh_background_color":"","osh_links_color":"","osh_links_hover_color":"","osh_links_active_color":"","osh_links_bg_color":"","osh_links_hover_bg_color":"","osh_links_active_bg_color":"","osh_menu_social_links_color":"","osh_menu_social_hover_links_color":""},"product_brand":[],"product_cat":[46],"product_tag":[385,386,382,389,390],"class_list":{"0":"post-4075","1":"product","2":"type-product","3":"status-publish","4":"has-post-thumbnail","6":"product_cat-oil-mist-lubrication-systems","7":"product_tag-cooling-lubrication-system","8":"product_tag-micro-lubrication-system","9":"product_tag-minimal-quantity-lubrication","10":"product_tag-pneumatic-oil-mist-pump","11":"product_tag-pneumatic-spray-pump","13":"entry","14":"has-media","16":"first","17":"instock","18":"shipping-taxable","19":"product-type-external","20":"col","21":"span_1_of_3","22":"owp-content-center","23":"owp-thumbs-layout-horizontal","24":"owp-btn-very-big","25":"owp-tabs-layout-horizontal"},"_links":{"self":[{"href":"https:\/\/www.jinpinlub.com\/it\/wp-json\/wp\/v2\/product\/4075","targetHints":{"allow":["GET"]}}],"collection":[{"href":"https:\/\/www.jinpinlub.com\/it\/wp-json\/wp\/v2\/product"}],"about":[{"href":"https:\/\/www.jinpinlub.com\/it\/wp-json\/wp\/v2\/types\/product"}],"wp:featuredmedia":[{"embeddable":true,"href":"https:\/\/www.jinpinlub.com\/it\/wp-json\/wp\/v2\/media\/4079"}],"wp:attachment":[{"href":"https:\/\/www.jinpinlub.com\/it\/wp-json\/wp\/v2\/media?parent=4075"}],"wp:term":[{"taxonomy":"product_brand","embeddable":true,"href":"https:\/\/www.jinpinlub.com\/it\/wp-json\/wp\/v2\/product_brand?post=4075"},{"taxonomy":"product_cat","embeddable":true,"href":"https:\/\/www.jinpinlub.com\/it\/wp-json\/wp\/v2\/product_cat?post=4075"},{"taxonomy":"product_tag","embeddable":true,"href":"https:\/\/www.jinpinlub.com\/it\/wp-json\/wp\/v2\/product_tag?post=4075"}],"curies":[{"name":"wp","href":"https:\/\/api.w.org\/{rel}","templated":true}]}}