{"id":4101,"date":"2025-01-12T03:58:27","date_gmt":"2025-01-11T19:58:27","guid":{"rendered":"https:\/\/www.jinpinlub.com\/?post_type=product&#038;p=4101"},"modified":"2025-01-12T04:24:39","modified_gmt":"2025-01-11T20:24:39","slug":"pompa-di-lubrificazione-a-grasso-a-spostamento-positivo-jhg4-per-cnc","status":"publish","type":"product","link":"https:\/\/www.jinpinlub.com\/it\/product\/jhg4-positive-displacement-grease-lubrication-pump-for-cnc\/","title":{"rendered":"Pompa di lubrificazione a grasso a spostamento positivo JHG4 per CNC"},"content":{"rendered":"<h2>Caratteristica<\/h2>\n<p>1. La pompa di lubrificazione JHG4 \u00e8 adatta per la lubrificazione di grasso e olio lubrificante a basso flusso. La viscosit\u00e0 del burro liquido applicabile \u00e8 NLGI 000, 00, 0#.<br \/>\n2. Utilizzare una pistola per grasso o una macchina di riempimento automatica per riempire il grasso dall&#039;ingresso del lubrificatore per evitare l&#039;ingresso di aria e detriti.<br \/>\n3. La pompa di lubrificazione elettrica \u00e8 controllata da PLC e pu\u00f2 essere utilizzata con i distributori quantitativi MU, MG2, MG per controllare l&#039;alimentazione dell&#039;olio. I distributori quantitativi MU, MG2, MG hanno pi\u00f9 opzioni di flusso e lo stesso set di distributori pu\u00f2 anche avere pi\u00f9 opzioni di flusso.<br \/>\n4. \u00c8 possibile selezionare un sensore di basso livello del liquido, ovvero quando la quantit\u00e0 di lubrificante \u00e8 troppo bassa, pu\u00f2 inviare automaticamente un segnale.<br \/>\n5. \u00c8 possibile selezionare il manometro per osservare direttamente la condizione di pressione quando l&#039;olio viene scaricato.<br \/>\n6. Con una valvola di regolazione della pressione per regolare la pressione di lavoro della pompa di lubrificazione e proteggerne la sicurezza di funzionamento.<br \/>\n7. Con un gruppo valvola elettromagnetica di sicurezza, la pompa di lubrificazione smette di funzionare e la pressione nella tubazione viene scaricata.<\/p>\n<h2>Specificazione<\/h2>\n<table>\n<tbody>\n<tr>\n<td>Modello<\/td>\n<td>Il JHG4<\/td>\n<\/tr>\n<tr>\n<td>Tempo di lubrificazione<\/td>\n<td>PLC o controllore esterno<\/td>\n<\/tr>\n<tr>\n<td>Tempo di intervallo<\/td>\n<td>PLC o controllore esterno<\/td>\n<\/tr>\n<tr>\n<td>Temperatura di esercizio<\/td>\n<td>0\u2103~ +50\u00b0C (le condizioni di bassa temperatura richiedono grasso antigelo)<\/td>\n<\/tr>\n<tr>\n<td>Numero di punti vendita<\/td>\n<td>1<\/td>\n<\/tr>\n<tr>\n<td>Capacit\u00e0 del serbatoio<\/td>\n<td>1,5 l<\/td>\n<\/tr>\n<tr>\n<td>Ricarica<\/td>\n<td>Ingresso (serbatoio)<\/td>\n<\/tr>\n<tr>\n<td>Lubrificante<\/td>\n<td>Grassi grado NLGI 000~1#<\/td>\n<\/tr>\n<tr>\n<td>Valvola di sicurezza<\/td>\n<td>Assemblato<\/td>\n<\/tr>\n<tr>\n<td>Scarico<\/td>\n<td>15 ml\/min<\/td>\n<\/tr>\n<tr>\n<td>Pressione massima di esercizio<\/td>\n<td>8,0 MPa<\/td>\n<\/tr>\n<tr>\n<td>Filettatura di collegamento<\/td>\n<td>Uscita \u03a66 o \u03a68<\/td>\n<\/tr>\n<tr>\n<td>Tensione di esercizio<\/td>\n<td>12\/24 V CC, 110\/220 V CA, 220\/380 3~380 V CA<\/td>\n<\/tr>\n<tr>\n<td>Certificazione<\/td>\n<td>CE<\/td>\n<\/tr>\n<tr>\n<td>Interruttore di basso livello<\/td>\n<td>NPN-NO, PNP-NO<\/td>\n<\/tr>\n<\/tbody>\n<\/table>\n<h2>Precauzione<\/h2>\n<p>1. Quando una nuova pompa di lubrificazione viene utilizzata per la prima volta o non \u00e8 stata utilizzata per un lungo periodo, l&#039;aria in essa contenuta deve essere completamente scaricata. Riempire la tubazione principale e la tubazione di diramazione con grasso tramite la pompa di lubrificazione o la macchina di rifornimento di grasso, quindi collegare il distributore.<br \/>\n2. La pompa di lubrificazione utilizza gomma nitrilica (NBR) e gomma fluorurata (VITON) come componenti di tenuta. Non utilizzare alcun lubrificante che possa danneggiare questi materiali.<br \/>\n4. Quando il grasso lubrificante nel serbatoio JHG4 \u00e8 esaurito, assicurarsi di aggiungerlo tramite la porta di riempimento del grasso.<br \/>\n5. Se la pompa non \u00e8 stata utilizzata per un lungo periodo, la pellicola di olio lubrificante potrebbe rompersi. \u00c8 meglio forzare manualmente il funzionamento della pompa di lubrificazione in modo che la superficie di lubrificazione abbia una quantit\u00e0 adeguata di grasso lubrificante per evitare usura o bruciature dovute a lubrificazione insufficiente.<br \/>\n6. Quando la tensione specificata della pompa di lubrificazione \u00e8 di 24 V CC, prestare attenzione ai poli positivo e negativo durante il cablaggio del motore.<br \/>\n7. La pompa di lubrificazione elettrica JHG4 pu\u00f2 essere dotata di un rilevatore a lamella. La posizione del rilevatore a lamella dovrebbe evitare interferenze con l&#039;induzione del rilevatore a lamella dovute alla forza magnetica del motore o ad altri fattori, causando il guasto dell&#039;induzione del rilevatore a lamella.<\/p>\n<h2>Manuali<\/h2>\n<div class=\"sdm_download_button_box_default\"><div class=\"sdm_download_link\"><a href=\"https:\/\/www.jinpinlub.com\/it\/?sdm_process_download=1&download_id=4090\" class=\"sdm_download white\" title=\"Privato: JHG4 Pressure-relief Pump\" target=\"&quot;_blank&quot;\">Visualizza la scheda tecnica - Pompa per grasso JHG4<\/a><\/div><\/div>","protected":false},"excerpt":{"rendered":"<p>JHG4 \u00e8 una pompa di lubrificazione a linea singola, che \u00e8 un tipo di pompa di lubrificazione a scarico di pressione a spostamento positivo. Le parti principali della pompa di lubrificazione sono motore, valvola di scarico della pressione, manometro, sensore di basso livello del liquido e il serbatoio ha una piastra di pressione e una molla.<\/p>","protected":false},"featured_media":4096,"template":"","meta":{"ocean_post_layout":"","ocean_both_sidebars_style":"","ocean_both_sidebars_content_width":0,"ocean_both_sidebars_sidebars_width":0,"ocean_sidebar":"0","ocean_second_sidebar":"0","ocean_disable_margins":"enable","ocean_add_body_class":"","ocean_shortcode_before_top_bar":"","ocean_shortcode_after_top_bar":"","ocean_shortcode_before_header":"","ocean_shortcode_after_header":"","ocean_has_shortcode":"","ocean_shortcode_after_title":"","ocean_shortcode_before_footer_widgets":"","ocean_shortcode_after_footer_widgets":"","ocean_shortcode_before_footer_bottom":"","ocean_shortcode_after_footer_bottom":"","ocean_display_top_bar":"default","ocean_display_header":"default","ocean_header_style":"","ocean_center_header_left_menu":"0","ocean_custom_header_template":"0","ocean_custom_logo":0,"ocean_custom_retina_logo":0,"ocean_custom_logo_max_width":0,"ocean_custom_logo_tablet_max_width":0,"ocean_custom_logo_mobile_max_width":0,"ocean_custom_logo_max_height":0,"ocean_custom_logo_tablet_max_height":0,"ocean_custom_logo_mobile_max_height":0,"ocean_header_custom_menu":"0","ocean_menu_typo_font_family":"0","ocean_menu_typo_font_subset":"","ocean_menu_typo_font_size":0,"ocean_menu_typo_font_size_tablet":0,"ocean_menu_typo_font_size_mobile":0,"ocean_menu_typo_font_size_unit":"px","ocean_menu_typo_font_weight":"","ocean_menu_typo_font_weight_tablet":"","ocean_menu_typo_font_weight_mobile":"","ocean_menu_typo_transform":"","ocean_menu_typo_transform_tablet":"","ocean_menu_typo_transform_mobile":"","ocean_menu_typo_line_height":0,"ocean_menu_typo_line_height_tablet":0,"ocean_menu_typo_line_height_mobile":0,"ocean_menu_typo_line_height_unit":"","ocean_menu_typo_spacing":0,"ocean_menu_typo_spacing_tablet":0,"ocean_menu_typo_spacing_mobile":0,"ocean_menu_typo_spacing_unit":"","ocean_menu_link_color":"","ocean_menu_link_color_hover":"","ocean_menu_link_color_active":"","ocean_menu_link_background":"","ocean_menu_link_hover_background":"","ocean_menu_link_active_background":"","ocean_menu_social_links_bg":"","ocean_menu_social_hover_links_bg":"","ocean_menu_social_links_color":"","ocean_menu_social_hover_links_color":"","ocean_disable_title":"default","ocean_disable_heading":"default","ocean_post_title":"","ocean_post_subheading":"","ocean_post_title_style":"","ocean_post_title_background_color":"","ocean_post_title_background":0,"ocean_post_title_bg_image_position":"","ocean_post_title_bg_image_attachment":"","ocean_post_title_bg_image_repeat":"","ocean_post_title_bg_image_size":"","ocean_post_title_height":0,"ocean_post_title_bg_overlay":0.5,"ocean_post_title_bg_overlay_color":"","ocean_disable_breadcrumbs":"default","ocean_breadcrumbs_color":"","ocean_breadcrumbs_separator_color":"","ocean_breadcrumbs_links_color":"","ocean_breadcrumbs_links_hover_color":"","ocean_display_footer_widgets":"default","ocean_display_footer_bottom":"default","ocean_custom_footer_template":"0","osh_disable_topbar_sticky":"default","osh_disable_header_sticky":"default","osh_sticky_header_style":"default","osh_sticky_header_effect":"","osh_custom_sticky_logo":0,"osh_custom_retina_sticky_logo":0,"osh_custom_sticky_logo_height":0,"osh_background_color":"","osh_links_color":"","osh_links_hover_color":"","osh_links_active_color":"","osh_links_bg_color":"","osh_links_hover_bg_color":"","osh_links_active_bg_color":"","osh_menu_social_links_color":"","osh_menu_social_hover_links_color":""},"product_brand":[],"product_cat":[38,37],"product_tag":[74,321,73,320,92],"class_list":{"0":"post-4101","1":"product","2":"type-product","3":"status-publish","4":"has-post-thumbnail","6":"product_cat-electric-pressure-relief-pumps","7":"product_cat-single-line-grease-systems","8":"product_tag-automatic-lubrication-pump","9":"product_tag-automatic-lubrication-system","10":"product_tag-electric-lubrication-pump","11":"product_tag-single-line-grease-pump","12":"product_tag-single-line-lubrication-pump","14":"entry","15":"has-media","17":"first","18":"instock","19":"shipping-taxable","20":"product-type-external","21":"col","22":"span_1_of_3","23":"owp-content-center","24":"owp-thumbs-layout-horizontal","25":"owp-btn-very-big","26":"owp-tabs-layout-horizontal"},"_links":{"self":[{"href":"https:\/\/www.jinpinlub.com\/it\/wp-json\/wp\/v2\/product\/4101","targetHints":{"allow":["GET"]}}],"collection":[{"href":"https:\/\/www.jinpinlub.com\/it\/wp-json\/wp\/v2\/product"}],"about":[{"href":"https:\/\/www.jinpinlub.com\/it\/wp-json\/wp\/v2\/types\/product"}],"wp:featuredmedia":[{"embeddable":true,"href":"https:\/\/www.jinpinlub.com\/it\/wp-json\/wp\/v2\/media\/4096"}],"wp:attachment":[{"href":"https:\/\/www.jinpinlub.com\/it\/wp-json\/wp\/v2\/media?parent=4101"}],"wp:term":[{"taxonomy":"product_brand","embeddable":true,"href":"https:\/\/www.jinpinlub.com\/it\/wp-json\/wp\/v2\/product_brand?post=4101"},{"taxonomy":"product_cat","embeddable":true,"href":"https:\/\/www.jinpinlub.com\/it\/wp-json\/wp\/v2\/product_cat?post=4101"},{"taxonomy":"product_tag","embeddable":true,"href":"https:\/\/www.jinpinlub.com\/it\/wp-json\/wp\/v2\/product_tag?post=4101"}],"curies":[{"name":"wp","href":"https:\/\/api.w.org\/{rel}","templated":true}]}}