{"id":4106,"date":"2025-01-12T04:27:01","date_gmt":"2025-01-11T20:27:01","guid":{"rendered":"https:\/\/www.jinpinlub.com\/?post_type=product&#038;p=4106"},"modified":"2025-01-12T05:38:44","modified_gmt":"2025-01-11T21:38:44","slug":"pompe-di-lubrificazione-elettriche-con-cartuccia-di-sicurezza-jhgs4","status":"publish","type":"product","link":"https:\/\/www.jinpinlub.com\/it\/product\/jhgs4-cartridge-pressure-relief-electric-lubrication-pumps\/","title":{"rendered":"Pompe di lubrificazione elettriche per la riduzione della pressione della cartuccia JHGS4"},"content":{"rendered":"<h2>Operazione<\/h2>\n<p>1. Per il tipo JHGS4, utilizzare il metodo di sostituzione della cartuccia per riempire il grasso. Poich\u00e9 nel coperchio \u00e8 installata una molla robusta, quando il coperchio viene allentato, evitare che il coperchio salti fuori a causa della forza della molla.<br \/>\n2. L&#039;intervallo di viscosit\u00e0 del lubrificante applicabile \u00e8 NLGI 000, 00, 0, 1#. Quando il volume del grasso \u00e8 inferiore al livello normale, sostituire immediatamente la nuova cartuccia.<br \/>\n3. Quando si utilizza la pompa di lubrificazione per la prima volta o quando il lubrificante non pu\u00f2 essere pompato fuori o la cartuccia viene sostituita, \u00e8 necessario prima eseguire l&#039;azione di scarico tramite la funzione di lubrificazione forzata e la porta di scarico secondo il manuale dell&#039;utente.<br \/>\n4. Quando si utilizza la pompa di lubrificazione per la prima volta, riempire la tubazione principale e la tubazione di diramazione con grasso tramite la pompa di lubrificazione o la macchina di rifornimento del grasso, quindi collegare il distributore.<br \/>\n5. Se il volume del lubrificante della pompa di lubrificazione \u00e8 troppo basso, sostituire immediatamente la nuova cartuccia per evitare che la pompa aspiri aria e non riesca a pompare l&#039;olio.<br \/>\n6. Quando il valore di pressione della pompa di lubrificazione elettrica non corrisponde al valore predefinito, \u00e8 possibile regolare la valvola di regolazione della pressione secondo il manuale dell&#039;utente.<\/p>\n<h2>Specificazione<\/h2>\n<table>\n<tbody>\n<tr>\n<td>Modello<\/td>\n<td>4 anni<\/td>\n<\/tr>\n<tr>\n<td>Tempo di lubrificazione<\/td>\n<td>PLC o controllore esterno<\/td>\n<\/tr>\n<tr>\n<td>Tempo di intervallo<\/td>\n<td>PLC o controllore esterno<\/td>\n<\/tr>\n<tr>\n<td>Temperatura di esercizio<\/td>\n<td>0\u2103~ +50\u00b0C (le condizioni di bassa temperatura richiedono grasso antigelo)<\/td>\n<\/tr>\n<tr>\n<td>Numero di punti vendita<\/td>\n<td>1<\/td>\n<\/tr>\n<tr>\n<td>Capacit\u00e0 del serbatoio<\/td>\n<td>0,7L<\/td>\n<\/tr>\n<tr>\n<td>Ricarica<\/td>\n<td>Cartuccia<\/td>\n<\/tr>\n<tr>\n<td>Lubrificante<\/td>\n<td>Grassi grado NLGI 000~1#<\/td>\n<\/tr>\n<tr>\n<td>Valvola di sicurezza<\/td>\n<td>Assemblato<\/td>\n<\/tr>\n<tr>\n<td>Scarico<\/td>\n<td>15 ml\/min<\/td>\n<\/tr>\n<tr>\n<td>Pressione massima di esercizio<\/td>\n<td>8,0 MPa<\/td>\n<\/tr>\n<tr>\n<td>Filettatura di collegamento<\/td>\n<td>Uscita \u03a66 o \u03a68<\/td>\n<\/tr>\n<tr>\n<td>Tensione di esercizio<\/td>\n<td>12\/24 V CC, 110\/220 V CA, 220\/380 3~380 V CA<\/td>\n<\/tr>\n<tr>\n<td>Certificazione<\/td>\n<td>CE<\/td>\n<\/tr>\n<tr>\n<td>Interruttore di basso livello<\/td>\n<td>Contatto NPN-NO, PNP-NO<\/td>\n<\/tr>\n<\/tbody>\n<\/table>\n<h2>Precauzione<\/h2>\n<p>1. Questa pompa di lubrificazione utilizza NBR e VITON come componenti di tenuta. Non utilizzare lubrificanti che potrebbero danneggiare questi materiali.<br \/>\n2. Per evitare che l&#039;aria entri nella cartuccia, spremere un po&#039; di lubrificante prima di installarla quando si sostituisce la cartuccia.<br \/>\n3. Quando il grasso lubrificante nella cartuccia JHGS4 \u00e8 esaurito, \u00e8 vietato rabboccare il lubrificante e riutilizzarlo. Per sostituirlo, \u00e8 necessario utilizzare una nuova cartuccia.<br \/>\n4. Se la pompa di lubrificazione elettrica JHGS4 funziona a lungo, il motore interno si surriscalder\u00e0, il che influenzer\u00e0 la temperatura della macchina stessa. Pertanto, il tempo di intervallo della pompa di lubrificazione deve essere impostato su pi\u00f9 di 10 volte il tempo di azione per consentire al motore di dissipare efficacemente il calore. Ad esempio: il tempo di azione \u00e8 impostato su 60 secondi, quindi il valore di impostazione del tempo di intervallo minimo deve essere di 600 secondi.<br \/>\n5. Per quanto riguarda l&#039;impostazione del tempo della pompa di lubrificazione elettrica, la prima azione di lubrificazione dopo l&#039;accensione della macchina il giorno successivo allo spegnimento potrebbe avere una pressione insufficiente. Ci\u00f2 \u00e8 dovuto al fatto che la pressione residua all&#039;interno del tubo dell&#039;olio \u00e8 stata completamente rilasciata. Si raccomanda che il tempo della prima azione di avvio sia superiore a 140% dell&#039;azione normale.<\/p>\n<h2>Manuali<\/h2>\n<div class=\"sdm_download_button_box_default\"><div class=\"sdm_download_link\"><a href=\"https:\/\/www.jinpinlub.com\/it\/?sdm_process_download=1&download_id=4088\" class=\"sdm_download white\" title=\"Privato: JHGS4 Pressure-relief Pump\" target=\"&quot;_blank&quot;\">Visualizza la scheda tecnica - Pompa per grasso JHGS4<\/a><\/div><\/div>","protected":false},"excerpt":{"rendered":"<p>JHGS4 \u00e8 una pompa di lubrificazione elettrica a cartuccia monolinea con scarico della pressione controllata da un PLC host. Quando il lubrificante nella cartuccia \u00e8 esaurito, gli utenti devono solo sostituirlo con una cartuccia standard, il che \u00e8 comodo per il funzionamento e la manutenzione.<\/p>","protected":false},"featured_media":4102,"template":"","meta":{"ocean_post_layout":"","ocean_both_sidebars_style":"","ocean_both_sidebars_content_width":0,"ocean_both_sidebars_sidebars_width":0,"ocean_sidebar":"0","ocean_second_sidebar":"0","ocean_disable_margins":"enable","ocean_add_body_class":"","ocean_shortcode_before_top_bar":"","ocean_shortcode_after_top_bar":"","ocean_shortcode_before_header":"","ocean_shortcode_after_header":"","ocean_has_shortcode":"","ocean_shortcode_after_title":"","ocean_shortcode_before_footer_widgets":"","ocean_shortcode_after_footer_widgets":"","ocean_shortcode_before_footer_bottom":"","ocean_shortcode_after_footer_bottom":"","ocean_display_top_bar":"default","ocean_display_header":"default","ocean_header_style":"","ocean_center_header_left_menu":"0","ocean_custom_header_template":"0","ocean_custom_logo":0,"ocean_custom_retina_logo":0,"ocean_custom_logo_max_width":0,"ocean_custom_logo_tablet_max_width":0,"ocean_custom_logo_mobile_max_width":0,"ocean_custom_logo_max_height":0,"ocean_custom_logo_tablet_max_height":0,"ocean_custom_logo_mobile_max_height":0,"ocean_header_custom_menu":"0","ocean_menu_typo_font_family":"0","ocean_menu_typo_font_subset":"","ocean_menu_typo_font_size":0,"ocean_menu_typo_font_size_tablet":0,"ocean_menu_typo_font_size_mobile":0,"ocean_menu_typo_font_size_unit":"px","ocean_menu_typo_font_weight":"","ocean_menu_typo_font_weight_tablet":"","ocean_menu_typo_font_weight_mobile":"","ocean_menu_typo_transform":"","ocean_menu_typo_transform_tablet":"","ocean_menu_typo_transform_mobile":"","ocean_menu_typo_line_height":0,"ocean_menu_typo_line_height_tablet":0,"ocean_menu_typo_line_height_mobile":0,"ocean_menu_typo_line_height_unit":"","ocean_menu_typo_spacing":0,"ocean_menu_typo_spacing_tablet":0,"ocean_menu_typo_spacing_mobile":0,"ocean_menu_typo_spacing_unit":"","ocean_menu_link_color":"","ocean_menu_link_color_hover":"","ocean_menu_link_color_active":"","ocean_menu_link_background":"","ocean_menu_link_hover_background":"","ocean_menu_link_active_background":"","ocean_menu_social_links_bg":"","ocean_menu_social_hover_links_bg":"","ocean_menu_social_links_color":"","ocean_menu_social_hover_links_color":"","ocean_disable_title":"default","ocean_disable_heading":"default","ocean_post_title":"","ocean_post_subheading":"","ocean_post_title_style":"","ocean_post_title_background_color":"","ocean_post_title_background":0,"ocean_post_title_bg_image_position":"","ocean_post_title_bg_image_attachment":"","ocean_post_title_bg_image_repeat":"","ocean_post_title_bg_image_size":"","ocean_post_title_height":0,"ocean_post_title_bg_overlay":0.5,"ocean_post_title_bg_overlay_color":"","ocean_disable_breadcrumbs":"default","ocean_breadcrumbs_color":"","ocean_breadcrumbs_separator_color":"","ocean_breadcrumbs_links_color":"","ocean_breadcrumbs_links_hover_color":"","ocean_display_footer_widgets":"default","ocean_display_footer_bottom":"default","ocean_custom_footer_template":"0","osh_disable_topbar_sticky":"default","osh_disable_header_sticky":"default","osh_sticky_header_style":"default","osh_sticky_header_effect":"","osh_custom_sticky_logo":0,"osh_custom_retina_sticky_logo":0,"osh_custom_sticky_logo_height":0,"osh_background_color":"","osh_links_color":"","osh_links_hover_color":"","osh_links_active_color":"","osh_links_bg_color":"","osh_links_hover_bg_color":"","osh_links_active_bg_color":"","osh_menu_social_links_color":"","osh_menu_social_hover_links_color":""},"product_brand":[],"product_cat":[38,37],"product_tag":[393,392,391,73,76],"class_list":{"0":"post-4106","1":"product","2":"type-product","3":"status-publish","4":"has-post-thumbnail","6":"product_cat-electric-pressure-relief-pumps","7":"product_cat-single-line-grease-systems","8":"product_tag-dc-pressure-lubricator","9":"product_tag-electric-lube-system","10":"product_tag-electric-lubricant-pump","11":"product_tag-electric-lubrication-pump","12":"product_tag-electric-lubrication-system","14":"entry","15":"has-media","17":"first","18":"instock","19":"shipping-taxable","20":"product-type-external","21":"col","22":"span_1_of_3","23":"owp-content-center","24":"owp-thumbs-layout-horizontal","25":"owp-btn-very-big","26":"owp-tabs-layout-horizontal"},"_links":{"self":[{"href":"https:\/\/www.jinpinlub.com\/it\/wp-json\/wp\/v2\/product\/4106","targetHints":{"allow":["GET"]}}],"collection":[{"href":"https:\/\/www.jinpinlub.com\/it\/wp-json\/wp\/v2\/product"}],"about":[{"href":"https:\/\/www.jinpinlub.com\/it\/wp-json\/wp\/v2\/types\/product"}],"wp:featuredmedia":[{"embeddable":true,"href":"https:\/\/www.jinpinlub.com\/it\/wp-json\/wp\/v2\/media\/4102"}],"wp:attachment":[{"href":"https:\/\/www.jinpinlub.com\/it\/wp-json\/wp\/v2\/media?parent=4106"}],"wp:term":[{"taxonomy":"product_brand","embeddable":true,"href":"https:\/\/www.jinpinlub.com\/it\/wp-json\/wp\/v2\/product_brand?post=4106"},{"taxonomy":"product_cat","embeddable":true,"href":"https:\/\/www.jinpinlub.com\/it\/wp-json\/wp\/v2\/product_cat?post=4106"},{"taxonomy":"product_tag","embeddable":true,"href":"https:\/\/www.jinpinlub.com\/it\/wp-json\/wp\/v2\/product_tag?post=4106"}],"curies":[{"name":"wp","href":"https:\/\/api.w.org\/{rel}","templated":true}]}}