{"id":4112,"date":"2025-01-18T03:10:27","date_gmt":"2025-01-17T19:10:27","guid":{"rendered":"https:\/\/www.jinpinlub.com\/?post_type=product&#038;p=4112"},"modified":"2025-01-18T03:35:14","modified_gmt":"2025-01-17T19:35:14","slug":"lubrificatore-automatico-a-punto-singolo-azionato-da-molla-regolabile","status":"publish","type":"product","link":"https:\/\/www.jinpinlub.com\/it\/product\/adjustable-spring-driven-single-point-automatic-lubricator\/","title":{"rendered":"Lubrificatore automatico a punto singolo azionato da molla regolabile"},"content":{"rendered":"<h2>Caratteristica<\/h2>\n<p>1. I lubrificatori automatici regolabili sono divisi in base al tipo di lubrificante. I modelli GP sono per grasso. OP e CP-36C sono per olio.<br \/>\n2. Tutti i modelli possono erogare automaticamente e in modo costante il lubrificante a un singolo punto di lubrificazione.<br \/>\n3. CP-36C \u00e8 dotato di spazzola ma senza adattatori.<br \/>\n4. Tutti i modelli sono adatti per la lubrificazione di guide lineari, cuscinetti e alberi motore.<br \/>\n5. Tutti i modelli hanno regolatori di volume che consentono agli utenti di regolare il volume del lubrificante in base alle esigenze. Per i modelli OP<br \/>\ne CP-36C, ruotare i regolatori del volume in senso orario fino al punto zero quando non sono in uso.<br \/>\n6. Modelli GP: riempire il grasso attraverso gli ingrassatori e chiudere il tappo dell&#039;ingrassatore dopo aver riempito il serbatoio di grasso.<br \/>\n7. Modelli OP e CP-36C: riempire l&#039;olio attraverso l&#039;ingresso dell&#039;olio e rimettere il coperchio dell&#039;olio al termine.<br \/>\n8. Non utilizzare solventi organici come toluene o tetracloruro di carbonio per pulire il serbatoio del lubrificante.<\/p>\n<h2>Specificazione<\/h2>\n<p>Nome: Lubrificatore a punto singolo GP<br \/>\nMetodo di guida: a molla<br \/>\nTempo di svuotamento: 3-5 anni<br \/>\nDimissioni: adeguare in base alle esigenze<br \/>\nTemperatura di lavoro: -20 \u2103~+155 \u2103<br \/>\nLubrificanti: olio o grasso \u2264 NLGI#2<br \/>\nLivello di protezione: IP68<br \/>\nPeso netto: 200-250g<br \/>\nCertificato: Certificazione CE<\/p>\n<h2>Montaggio<\/h2>\n<p>Come mostrato nel disegno. Selezionare uno dei tre tipi di filettatura dell&#039;adattatore: 1\/4\u2033PT19, 1\/8\u2033PT28 e 1\/4\u2033UNF28 per abbinare l&#039;installazione del tubo a gomito a 45\u00b0, 90\u00b0 e 180\u00b0.<br \/>\nMetodo di regolazione:<br \/>\nA seconda delle dimensioni del cuscinetto e della quantit\u00e0 di grasso, regolare la valvola a spillo per ottenere la quantit\u00e0 di grasso in uscita appropriata.<br \/>\nFacendo riferimento alla scala presente sulla tazza, ruotare la valvola a spillo per regolare la quantit\u00e0 di grasso.<br \/>\nQuando la valvola a spillo viene ruotata di 90\u00b0, il foro di uscita \u00e8 di 0,12 mm.<br \/>\nQuando la valvola a spillo viene girata di un giro completo, il foro di uscita \u00e8 di 0,45 mm.<br \/>\nIl filo della molla \u00e8 ricavato dal filo di pianoforte tedesco e non pu\u00f2 essere sostituito in nessun caso.<br \/>\nI suggerimenti per la regolazione della quantit\u00e0 di grasso in uscita sono i seguenti:<br \/>\n1. Per una regolazione pi\u00f9 precisa, fare riferimento alla temperatura dell&#039;ambiente di lavoro (interna, esterna, bassa temperatura, alta temperatura), alle dimensioni del cuscinetto, alla velocit\u00e0 di rotazione e alla viscosit\u00e0 del grasso. La quantit\u00e0 di grasso consigliata deve essere regolata come segue:<br \/>\nPer NLGI 0: ruotare la valvola per 1,5 giri. Durante il lavoro, mantenere 1,0 giro come minimo.<br \/>\nPer NLGI 1: ruotare la valvola per 3 giri. Durante il lavoro, mantenere 2 giri come minimo.<br \/>\nPer NLGI 2: ruotare la valvola per 3-5 giri. Durante il lavoro, mantenere 3 giri come minimo.<br \/>\nSi prega di non utilizzare grasso indurito o grasso saponificato e poi somministrare una quantit\u00e0 di grasso adeguata alle condizioni di lavoro.<br \/>\nInoltre, durante la ricarica dell&#039;alimentatore, la valvola a spillo deve essere tenuta aperta per far uscire il grasso vecchio.<\/p>\n<h2>Manuali<\/h2>\n<div class=\"sdm_download_button_box_default\"><div class=\"sdm_download_link\"><a href=\"https:\/\/www.jinpinlub.com\/it\/?sdm_process_download=1&download_id=4117\" class=\"sdm_download white\" title=\"Privato: GP single-point lubricator\" target=\"&quot;_blank&quot;\">Visualizza la scheda tecnica - Lubrificatore GP a punto singolo<\/a><\/div><\/div>","protected":false},"excerpt":{"rendered":"<p>Il lubrificatore a punto singolo JINPINLUB \u00e8 un lubrificatore automatico regolabile azionato dalla forza della molla. \u00c8 diviso in GP per grasso e OP per olio. Tutti i modelli possono fornire lubrificante in modo automatico e stabile a un singolo punto e sono adatti per componenti come le guide lineari.<\/p>","protected":false},"featured_media":4115,"template":"","meta":{"ocean_post_layout":"","ocean_both_sidebars_style":"","ocean_both_sidebars_content_width":0,"ocean_both_sidebars_sidebars_width":0,"ocean_sidebar":"0","ocean_second_sidebar":"0","ocean_disable_margins":"enable","ocean_add_body_class":"","ocean_shortcode_before_top_bar":"","ocean_shortcode_after_top_bar":"","ocean_shortcode_before_header":"","ocean_shortcode_after_header":"","ocean_has_shortcode":"","ocean_shortcode_after_title":"","ocean_shortcode_before_footer_widgets":"","ocean_shortcode_after_footer_widgets":"","ocean_shortcode_before_footer_bottom":"","ocean_shortcode_after_footer_bottom":"","ocean_display_top_bar":"default","ocean_display_header":"default","ocean_header_style":"","ocean_center_header_left_menu":"0","ocean_custom_header_template":"0","ocean_custom_logo":0,"ocean_custom_retina_logo":0,"ocean_custom_logo_max_width":0,"ocean_custom_logo_tablet_max_width":0,"ocean_custom_logo_mobile_max_width":0,"ocean_custom_logo_max_height":0,"ocean_custom_logo_tablet_max_height":0,"ocean_custom_logo_mobile_max_height":0,"ocean_header_custom_menu":"0","ocean_menu_typo_font_family":"0","ocean_menu_typo_font_subset":"","ocean_menu_typo_font_size":0,"ocean_menu_typo_font_size_tablet":0,"ocean_menu_typo_font_size_mobile":0,"ocean_menu_typo_font_size_unit":"px","ocean_menu_typo_font_weight":"","ocean_menu_typo_font_weight_tablet":"","ocean_menu_typo_font_weight_mobile":"","ocean_menu_typo_transform":"","ocean_menu_typo_transform_tablet":"","ocean_menu_typo_transform_mobile":"","ocean_menu_typo_line_height":0,"ocean_menu_typo_line_height_tablet":0,"ocean_menu_typo_line_height_mobile":0,"ocean_menu_typo_line_height_unit":"","ocean_menu_typo_spacing":0,"ocean_menu_typo_spacing_tablet":0,"ocean_menu_typo_spacing_mobile":0,"ocean_menu_typo_spacing_unit":"","ocean_menu_link_color":"","ocean_menu_link_color_hover":"","ocean_menu_link_color_active":"","ocean_menu_link_background":"","ocean_menu_link_hover_background":"","ocean_menu_link_active_background":"","ocean_menu_social_links_bg":"","ocean_menu_social_hover_links_bg":"","ocean_menu_social_links_color":"","ocean_menu_social_hover_links_color":"","ocean_disable_title":"default","ocean_disable_heading":"default","ocean_post_title":"","ocean_post_subheading":"","ocean_post_title_style":"","ocean_post_title_background_color":"","ocean_post_title_background":0,"ocean_post_title_bg_image_position":"","ocean_post_title_bg_image_attachment":"","ocean_post_title_bg_image_repeat":"","ocean_post_title_bg_image_size":"","ocean_post_title_height":0,"ocean_post_title_bg_overlay":0.5,"ocean_post_title_bg_overlay_color":"","ocean_disable_breadcrumbs":"default","ocean_breadcrumbs_color":"","ocean_breadcrumbs_separator_color":"","ocean_breadcrumbs_links_color":"","ocean_breadcrumbs_links_hover_color":"","ocean_display_footer_widgets":"default","ocean_display_footer_bottom":"default","ocean_custom_footer_template":"0","osh_disable_topbar_sticky":"default","osh_disable_header_sticky":"default","osh_sticky_header_style":"default","osh_sticky_header_effect":"","osh_custom_sticky_logo":0,"osh_custom_retina_sticky_logo":0,"osh_custom_sticky_logo_height":0,"osh_background_color":"","osh_links_color":"","osh_links_hover_color":"","osh_links_active_color":"","osh_links_bg_color":"","osh_links_hover_bg_color":"","osh_links_active_bg_color":"","osh_menu_social_links_color":"","osh_menu_social_hover_links_color":""},"product_brand":[],"product_cat":[33],"product_tag":[396,394,395,102,103],"class_list":{"0":"post-4112","1":"product","2":"type-product","3":"status-publish","4":"has-post-thumbnail","6":"product_cat-single-point-lubricators","7":"product_tag-automatic-lubricator","8":"product_tag-bearing-single-point-lubrication","9":"product_tag-single-point-grease-lubrication","10":"product_tag-single-point-lubrication-pump","11":"product_tag-single-point-lubricator","13":"entry","14":"has-media","16":"first","17":"instock","18":"featured","19":"shipping-taxable","20":"product-type-external","21":"col","22":"span_1_of_3","23":"owp-content-center","24":"owp-thumbs-layout-horizontal","25":"owp-btn-very-big","26":"owp-tabs-layout-horizontal"},"_links":{"self":[{"href":"https:\/\/www.jinpinlub.com\/it\/wp-json\/wp\/v2\/product\/4112","targetHints":{"allow":["GET"]}}],"collection":[{"href":"https:\/\/www.jinpinlub.com\/it\/wp-json\/wp\/v2\/product"}],"about":[{"href":"https:\/\/www.jinpinlub.com\/it\/wp-json\/wp\/v2\/types\/product"}],"wp:featuredmedia":[{"embeddable":true,"href":"https:\/\/www.jinpinlub.com\/it\/wp-json\/wp\/v2\/media\/4115"}],"wp:attachment":[{"href":"https:\/\/www.jinpinlub.com\/it\/wp-json\/wp\/v2\/media?parent=4112"}],"wp:term":[{"taxonomy":"product_brand","embeddable":true,"href":"https:\/\/www.jinpinlub.com\/it\/wp-json\/wp\/v2\/product_brand?post=4112"},{"taxonomy":"product_cat","embeddable":true,"href":"https:\/\/www.jinpinlub.com\/it\/wp-json\/wp\/v2\/product_cat?post=4112"},{"taxonomy":"product_tag","embeddable":true,"href":"https:\/\/www.jinpinlub.com\/it\/wp-json\/wp\/v2\/product_tag?post=4112"}],"curies":[{"name":"wp","href":"https:\/\/api.w.org\/{rel}","templated":true}]}}