{"id":4176,"date":"2025-03-18T02:15:14","date_gmt":"2025-03-17T18:15:14","guid":{"rendered":"https:\/\/www.jinpinlub.com\/?post_type=product&#038;p=4176"},"modified":"2025-03-18T03:20:21","modified_gmt":"2025-03-17T19:20:21","slug":"colla-epossidica-in-resina-ab-per-guida-in-plastica-turcite","status":"publish","type":"product","link":"https:\/\/www.jinpinlub.com\/it\/product\/epoxy-resin-ab-glue-adhesive-for-guide-rail-turcite-plastic\/","title":{"rendered":"Adesivo collante resina epossidica AB per guida in plastica Turcite"},"content":{"rendered":"<h2>Caratteristica<\/h2>\n<p>1. Realizzato con materie prime ecocompatibili di alta qualit\u00e0 che soddisfano i requisiti ROHS, ha un odore inodore e non si deposita dopo una conservazione prolungata.<br \/>\n2. Colore dell&#039;aspetto del prodotto: il componente A (adesivo) \u00e8 un liquido viscoso bianco lattiginoso, il componente B (agente indurente) \u00e8 un liquido viscoso marrone e non contiene solventi (merci non pericolose).<br \/>\n3. Struttura in resina a maglie ultra-stabile, materiale uniforme, elevata forza di adesione, resistenza a lungo termine agli oli, agli acidi e agli alcali, buona tenacit\u00e0 alle basse temperature, nessuna fragilit\u00e0, funzionamento semplice e facile. Pu\u00f2 essere utilizzato a piacimento nell&#039;intervallo di temperatura da -30\u00b0C a +70\u00b0C.<br \/>\n4. Gli imballaggi per bottiglie di plastica filettate devono essere tenuti al riparo da luce, calore e umidit\u00e0. Non si seccano n\u00e9 si induriscono dopo una conservazione prolungata e la durata di conservazione effettiva \u00e8 di 1 anno.<\/p>\n<h2>Operazione<\/h2>\n<p>Rapporto: mescolare uniformemente con un rapporto in volume di A:B = 1:1. L&#039;operazione \u00e8 molto comoda, veloce e semplice. \u00c8 severamente vietato utilizzare la stessa bacchetta per mescolare i componenti A e B. La velocit\u00e0 di polimerizzazione pu\u00f2 essere regolata. Ad esempio, la proporzione del componente B, agente polimerizzante, pu\u00f2 essere opportunamente aumentata in inverno.<br \/>\nIncollaggio: la colla speciale pu\u00f2 essere applicata longitudinalmente sulla guida metallica e trasversalmente sulla cinghia morbida della guida per garantire una distribuzione uniforme. Lo spessore dello strato di colla deve essere compreso tra 0,08 e 0,12 mm.<br \/>\nPolimerizzazione: la polimerizzazione pu\u00f2 essere effettuata a temperatura ambiente. Il tempo di polimerizzazione iniziale \u00e8 di 24 ore e la massima resistenza all&#039;adesione si raggiunge dopo 72 ore. La pressione di polimerizzazione deve essere compresa tra 0,06 e 0,1 MPa. Se lo spessore della cinghia morbida con guida selezionata supera i 2,5 mm, \u00e8 possibile aumentare la pressione di polimerizzazione.<\/p>\n<h2>Manuali<\/h2>\n<div class=\"sdm_download_button_box_default\"><div class=\"sdm_download_link\"><a href=\"https:\/\/www.jinpinlub.com\/it\/?sdm_process_download=1&download_id=4178\" class=\"sdm_download white\" title=\"Privato: Turcite AB Glue\" target=\"&quot;_blank&quot;\">Visualizza la scheda tecnica - Colla Turcite AB<\/a><\/div><\/div>","protected":false},"excerpt":{"rendered":"<p>La colla bicomponente a base di resina epossidica composita AB \u00e8 stata sviluppata per la laminazione di guide in plastica per macchine utensili CNC. Presenta un&#039;eccellente e elevata forza adesiva per cinghie morbide, ghisa, rame, alluminio, acciaio, acciaio inossidabile, plastica, gomma, pietra, legno e vetro.<\/p>","protected":false},"featured_media":4171,"template":"","meta":{"ocean_post_layout":"","ocean_both_sidebars_style":"","ocean_both_sidebars_content_width":0,"ocean_both_sidebars_sidebars_width":0,"ocean_sidebar":"0","ocean_second_sidebar":"0","ocean_disable_margins":"enable","ocean_add_body_class":"","ocean_shortcode_before_top_bar":"","ocean_shortcode_after_top_bar":"","ocean_shortcode_before_header":"","ocean_shortcode_after_header":"","ocean_has_shortcode":"","ocean_shortcode_after_title":"","ocean_shortcode_before_footer_widgets":"","ocean_shortcode_after_footer_widgets":"","ocean_shortcode_before_footer_bottom":"","ocean_shortcode_after_footer_bottom":"","ocean_display_top_bar":"default","ocean_display_header":"default","ocean_header_style":"","ocean_center_header_left_menu":"0","ocean_custom_header_template":"0","ocean_custom_logo":0,"ocean_custom_retina_logo":0,"ocean_custom_logo_max_width":0,"ocean_custom_logo_tablet_max_width":0,"ocean_custom_logo_mobile_max_width":0,"ocean_custom_logo_max_height":0,"ocean_custom_logo_tablet_max_height":0,"ocean_custom_logo_mobile_max_height":0,"ocean_header_custom_menu":"0","ocean_menu_typo_font_family":"0","ocean_menu_typo_font_subset":"","ocean_menu_typo_font_size":0,"ocean_menu_typo_font_size_tablet":0,"ocean_menu_typo_font_size_mobile":0,"ocean_menu_typo_font_size_unit":"px","ocean_menu_typo_font_weight":"","ocean_menu_typo_font_weight_tablet":"","ocean_menu_typo_font_weight_mobile":"","ocean_menu_typo_transform":"","ocean_menu_typo_transform_tablet":"","ocean_menu_typo_transform_mobile":"","ocean_menu_typo_line_height":0,"ocean_menu_typo_line_height_tablet":0,"ocean_menu_typo_line_height_mobile":0,"ocean_menu_typo_line_height_unit":"","ocean_menu_typo_spacing":0,"ocean_menu_typo_spacing_tablet":0,"ocean_menu_typo_spacing_mobile":0,"ocean_menu_typo_spacing_unit":"","ocean_menu_link_color":"","ocean_menu_link_color_hover":"","ocean_menu_link_color_active":"","ocean_menu_link_background":"","ocean_menu_link_hover_background":"","ocean_menu_link_active_background":"","ocean_menu_social_links_bg":"","ocean_menu_social_hover_links_bg":"","ocean_menu_social_links_color":"","ocean_menu_social_hover_links_color":"","ocean_disable_title":"default","ocean_disable_heading":"default","ocean_post_title":"","ocean_post_subheading":"","ocean_post_title_style":"","ocean_post_title_background_color":"","ocean_post_title_background":0,"ocean_post_title_bg_image_position":"","ocean_post_title_bg_image_attachment":"","ocean_post_title_bg_image_repeat":"","ocean_post_title_bg_image_size":"","ocean_post_title_height":0,"ocean_post_title_bg_overlay":0.5,"ocean_post_title_bg_overlay_color":"","ocean_disable_breadcrumbs":"default","ocean_breadcrumbs_color":"","ocean_breadcrumbs_separator_color":"","ocean_breadcrumbs_links_color":"","ocean_breadcrumbs_links_hover_color":"","ocean_display_footer_widgets":"default","ocean_display_footer_bottom":"default","ocean_custom_footer_template":"0","osh_disable_topbar_sticky":"default","osh_disable_header_sticky":"default","osh_sticky_header_style":"default","osh_sticky_header_effect":"","osh_custom_sticky_logo":0,"osh_custom_retina_sticky_logo":0,"osh_custom_sticky_logo_height":0,"osh_background_color":"","osh_links_color":"","osh_links_hover_color":"","osh_links_active_color":"","osh_links_bg_color":"","osh_links_hover_bg_color":"","osh_links_active_bg_color":"","osh_menu_social_links_color":"","osh_menu_social_hover_links_color":""},"product_brand":[],"product_cat":[31],"product_tag":[422,420,423,421,419],"class_list":{"0":"post-4176","1":"product","2":"type-product","3":"status-publish","4":"has-post-thumbnail","6":"product_cat-lube-system-accessories","7":"product_tag-ab-adhesive","8":"product_tag-ab-glue","9":"product_tag-epoxy-resin-adhesive","10":"product_tag-epoxy-resin-glue","11":"product_tag-turcite-glue","13":"entry","14":"has-media","16":"first","17":"instock","18":"shipping-taxable","19":"product-type-external","20":"col","21":"span_1_of_3","22":"owp-content-center","23":"owp-thumbs-layout-horizontal","24":"owp-btn-very-big","25":"owp-tabs-layout-horizontal"},"_links":{"self":[{"href":"https:\/\/www.jinpinlub.com\/it\/wp-json\/wp\/v2\/product\/4176","targetHints":{"allow":["GET"]}}],"collection":[{"href":"https:\/\/www.jinpinlub.com\/it\/wp-json\/wp\/v2\/product"}],"about":[{"href":"https:\/\/www.jinpinlub.com\/it\/wp-json\/wp\/v2\/types\/product"}],"wp:featuredmedia":[{"embeddable":true,"href":"https:\/\/www.jinpinlub.com\/it\/wp-json\/wp\/v2\/media\/4171"}],"wp:attachment":[{"href":"https:\/\/www.jinpinlub.com\/it\/wp-json\/wp\/v2\/media?parent=4176"}],"wp:term":[{"taxonomy":"product_brand","embeddable":true,"href":"https:\/\/www.jinpinlub.com\/it\/wp-json\/wp\/v2\/product_brand?post=4176"},{"taxonomy":"product_cat","embeddable":true,"href":"https:\/\/www.jinpinlub.com\/it\/wp-json\/wp\/v2\/product_cat?post=4176"},{"taxonomy":"product_tag","embeddable":true,"href":"https:\/\/www.jinpinlub.com\/it\/wp-json\/wp\/v2\/product_tag?post=4176"}],"curies":[{"name":"wp","href":"https:\/\/api.w.org\/{rel}","templated":true}]}}