{"id":3071,"date":"2024-08-08T16:22:50","date_gmt":"2024-08-08T16:22:50","guid":{"rendered":"https:\/\/www.jinpinlub.com\/?post_type=product&#038;p=3071"},"modified":"2024-08-08T16:51:35","modified_gmt":"2024-08-08T16:51:35","slug":"muk-vetdoseerklep-voor-enkelvoudig-smeersysteem","status":"publish","type":"product","link":"https:\/\/www.jinpinlub.com\/nl\/product\/muk-grease-metering-valve-for-single-line-lubrication-system\/","title":{"rendered":"MUK-vetdoseerklep voor enkelvoudig smeersysteem"},"content":{"rendered":"<h2>Functies<\/h2>\n<p>1. MU is een drukgestuurde doseerklep met directe drukwerking.<br \/>\nDe druksmeermiddel dat door de pomp wordt geleverd, duwt de zuiger in de doseerklep om het smeermiddel met geweld af te voeren. Wanneer de pomp stopt met werken, herstelt de zuiger zich onder de werking van de veerkracht en wordt het smeermiddel opgeslagen.<br \/>\n2. De afvoer is nauwkeurig en \u00e9\u00e9n doseercyclus wordt slechts \u00e9\u00e9n keer afgevoerd. Of de verdeler nu ver, dichtbij, hoog of laag in het smeersysteem zit, horizontale of verticale installatie heeft geen effect op de afvoer van de doseerklep.<br \/>\n3. Geforceerde afvoer, gevoelige werking, er zijn twee afdichtingen om terugstroming van de afvoer te voorkomen.<br \/>\n4. De doseerklep en het aansluitblok zijn onafhankelijk. Op basis van de smeerhoeveelheid van de smeerpunten kan de doseerklep vrij worden gecombineerd met de MU- en MUJ-aansluitblokken en kan deze in serie of parallel worden gebruikt.<br \/>\n5. De uitlaataansluitingen van de doseerklep zijn \u03a64, met twee typen.<br \/>\nSchroeftype: samengesteld uit PA4 en PB4.<br \/>\nPush-in type: plaats de \u03a64-buis direct.<br \/>\n6. Compatibel met NLGI 000 #, 00 #, 0 # smeermiddelen<\/p>\n<h2>Specificatie<\/h2>\n<table>\n<tbody>\n<tr>\n<td>Functieprincipe<\/td>\n<td>Meetapparatuur<\/td>\n<\/tr>\n<tr>\n<td>Aantal verkooppunten<\/td>\n<td>1-12<\/td>\n<\/tr>\n<tr>\n<td>Meethoeveelheid<\/td>\n<td>0,05, 0,10, 0,20, 0,30, 0,50 ml\/cyclus<\/td>\n<\/tr>\n<tr>\n<td>Smeermiddel<\/td>\n<td>NLGI 000 #, 00 #, 0 #<\/td>\n<\/tr>\n<tr>\n<td>Bedrijfstemperatuur<\/td>\n<td>0 tot +80 \u00b0C<\/td>\n<\/tr>\n<tr>\n<td>Bedrijfsdruk<\/td>\n<td>\u22651,5 MPa<\/td>\n<\/tr>\n<tr>\n<td>Druk resetten<\/td>\n<td>\u22640,5 MPa<\/td>\n<\/tr>\n<tr>\n<td>Aansluitfittingen<\/td>\n<td>Schroeftype, Push-in type<\/td>\n<\/tr>\n<tr>\n<td>Meteriaal<\/td>\n<td>Aluminiumlegering + koper<\/td>\n<\/tr>\n<tr>\n<td>Montagepositie<\/td>\n<td>Elk<\/td>\n<\/tr>\n<\/tbody>\n<\/table>\n<h2>Sollicitatie<\/h2>\n<p>Smeersysteem: Vooral in machinegereedschappen wordt dit gebruikt om de stroom smeerolie of vet nauwkeurig te regelen.<br \/>\nNiet-standaard automatiseringsindustrie: Kan worden gebruikt voor verschillende niet-standaard automatiseringsmachines die een nauwkeurige oliesmering nodig hebben.<br \/>\nChemische en farmaceutische industrie: wordt gebruikt voor het nauwkeurig doseren en verstrekken van chemicali\u00ebn en medicijnen.<br \/>\nLaboratoria en onderzoeksinstellingen: Dit wordt gebruikt in situaties waarin nauwkeurige controle van de vloeistofstroom vereist is tijdens experimenten.<\/p>\n<h2>Handleidingen<\/h2>\n<div class=\"sdm_download_button_box_default\"><div class=\"sdm_download_link\"><a href=\"https:\/\/www.jinpinlub.com\/nl\/?sdm_process_download=1&download_id=3070\" class=\"sdm_download white\" title=\"Priv&#233;: MUK Pressure-relief Distributor\" target=\"&quot;_blank&quot;\">Bekijk datasheet - MUK-distributeur<\/a><\/div><\/div>","protected":false},"excerpt":{"rendered":"<p>MUK-doseerapparaten worden voornamelijk gebruikt om enkelvoudige vetsmeersystemen met drukontlasting te voorzien. Ze worden voornamelijk gebruikt voor mechanische apparatuur met nauwkeurige smeervereisten. Het voordeel is dat de stroomsnelheid van elk smeerpunt naar behoefte kan worden aangepast.<\/p>","protected":false},"featured_media":3073,"template":"","meta":{"ocean_post_layout":"","ocean_both_sidebars_style":"","ocean_both_sidebars_content_width":0,"ocean_both_sidebars_sidebars_width":0,"ocean_sidebar":"0","ocean_second_sidebar":"0","ocean_disable_margins":"enable","ocean_add_body_class":"","ocean_shortcode_before_top_bar":"","ocean_shortcode_after_top_bar":"","ocean_shortcode_before_header":"","ocean_shortcode_after_header":"","ocean_has_shortcode":"","ocean_shortcode_after_title":"","ocean_shortcode_before_footer_widgets":"","ocean_shortcode_after_footer_widgets":"","ocean_shortcode_before_footer_bottom":"","ocean_shortcode_after_footer_bottom":"","ocean_display_top_bar":"default","ocean_display_header":"default","ocean_header_style":"","ocean_center_header_left_menu":"0","ocean_custom_header_template":"0","ocean_custom_logo":0,"ocean_custom_retina_logo":0,"ocean_custom_logo_max_width":0,"ocean_custom_logo_tablet_max_width":0,"ocean_custom_logo_mobile_max_width":0,"ocean_custom_logo_max_height":0,"ocean_custom_logo_tablet_max_height":0,"ocean_custom_logo_mobile_max_height":0,"ocean_header_custom_menu":"0","ocean_menu_typo_font_family":"0","ocean_menu_typo_font_subset":"","ocean_menu_typo_font_size":0,"ocean_menu_typo_font_size_tablet":0,"ocean_menu_typo_font_size_mobile":0,"ocean_menu_typo_font_size_unit":"px","ocean_menu_typo_font_weight":"","ocean_menu_typo_font_weight_tablet":"","ocean_menu_typo_font_weight_mobile":"","ocean_menu_typo_transform":"","ocean_menu_typo_transform_tablet":"","ocean_menu_typo_transform_mobile":"","ocean_menu_typo_line_height":0,"ocean_menu_typo_line_height_tablet":0,"ocean_menu_typo_line_height_mobile":0,"ocean_menu_typo_line_height_unit":"","ocean_menu_typo_spacing":0,"ocean_menu_typo_spacing_tablet":0,"ocean_menu_typo_spacing_mobile":0,"ocean_menu_typo_spacing_unit":"","ocean_menu_link_color":"","ocean_menu_link_color_hover":"","ocean_menu_link_color_active":"","ocean_menu_link_background":"","ocean_menu_link_hover_background":"","ocean_menu_link_active_background":"","ocean_menu_social_links_bg":"","ocean_menu_social_hover_links_bg":"","ocean_menu_social_links_color":"","ocean_menu_social_hover_links_color":"","ocean_disable_title":"default","ocean_disable_heading":"default","ocean_post_title":"","ocean_post_subheading":"","ocean_post_title_style":"","ocean_post_title_background_color":"","ocean_post_title_background":0,"ocean_post_title_bg_image_position":"","ocean_post_title_bg_image_attachment":"","ocean_post_title_bg_image_repeat":"","ocean_post_title_bg_image_size":"","ocean_post_title_height":0,"ocean_post_title_bg_overlay":0.5,"ocean_post_title_bg_overlay_color":"","ocean_disable_breadcrumbs":"default","ocean_breadcrumbs_color":"","ocean_breadcrumbs_separator_color":"","ocean_breadcrumbs_links_color":"","ocean_breadcrumbs_links_hover_color":"","ocean_display_footer_widgets":"default","ocean_display_footer_bottom":"default","ocean_custom_footer_template":"0","osh_disable_topbar_sticky":"default","osh_disable_header_sticky":"default","osh_sticky_header_style":"default","osh_sticky_header_effect":"","osh_custom_sticky_logo":0,"osh_custom_retina_sticky_logo":0,"osh_custom_sticky_logo_height":0,"osh_background_color":"","osh_links_color":"","osh_links_hover_color":"","osh_links_active_color":"","osh_links_bg_color":"","osh_links_hover_bg_color":"","osh_links_active_bg_color":"","osh_menu_social_links_color":"","osh_menu_social_hover_links_color":""},"product_brand":[],"product_cat":[40,37],"product_tag":[87,83,136],"class_list":{"0":"post-3071","1":"product","2":"type-product","3":"status-publish","4":"has-post-thumbnail","6":"product_cat-pressure-relief-metering-valves","7":"product_cat-single-line-grease-systems","8":"product_tag-grease-distributor","9":"product_tag-pressure-relief-distributor","10":"product_tag-single-line-system-distributor","12":"entry","13":"has-media","15":"first","16":"instock","17":"shipping-taxable","18":"product-type-external","19":"col","20":"span_1_of_3","21":"owp-content-center","22":"owp-thumbs-layout-horizontal","23":"owp-btn-very-big","24":"owp-tabs-layout-horizontal"},"_links":{"self":[{"href":"https:\/\/www.jinpinlub.com\/nl\/wp-json\/wp\/v2\/product\/3071","targetHints":{"allow":["GET"]}}],"collection":[{"href":"https:\/\/www.jinpinlub.com\/nl\/wp-json\/wp\/v2\/product"}],"about":[{"href":"https:\/\/www.jinpinlub.com\/nl\/wp-json\/wp\/v2\/types\/product"}],"wp:featuredmedia":[{"embeddable":true,"href":"https:\/\/www.jinpinlub.com\/nl\/wp-json\/wp\/v2\/media\/3073"}],"wp:attachment":[{"href":"https:\/\/www.jinpinlub.com\/nl\/wp-json\/wp\/v2\/media?parent=3071"}],"wp:term":[{"taxonomy":"product_brand","embeddable":true,"href":"https:\/\/www.jinpinlub.com\/nl\/wp-json\/wp\/v2\/product_brand?post=3071"},{"taxonomy":"product_cat","embeddable":true,"href":"https:\/\/www.jinpinlub.com\/nl\/wp-json\/wp\/v2\/product_cat?post=3071"},{"taxonomy":"product_tag","embeddable":true,"href":"https:\/\/www.jinpinlub.com\/nl\/wp-json\/wp\/v2\/product_tag?post=3071"}],"curies":[{"name":"wp","href":"https:\/\/api.w.org\/{rel}","templated":true}]}}