{"id":3412,"date":"2024-08-27T04:13:22","date_gmt":"2024-08-26T20:13:22","guid":{"rendered":"https:\/\/www.jinpinlub.com\/?post_type=product&#038;p=3412"},"modified":"2025-02-13T17:17:57","modified_gmt":"2025-02-13T09:17:57","slug":"muk-drukontlastingsdoseerapparaat-voor-nauwkeurige-smering","status":"publish","type":"product","link":"https:\/\/www.jinpinlub.com\/nl\/product\/muk-pressure-relief-metering-device-for-precise-lubrication\/","title":{"rendered":"MUK Drukontlastingsmeter voor nauwkeurige smering"},"content":{"rendered":"<h2>Functie<\/h2>\n<p>JINPINLUB MUK is een kwantitatieve doseereenheid van het druktype. Het ontlaadt nauwkeurig. In \u00e9\u00e9n werkcyclus ontlaadt het doseercomponent slechts \u00e9\u00e9n keer. In het smeersysteem kan het doseercomponent ver, dichtbij, hoog, laag, horizontaal of verticaal worden ge\u00efnstalleerd zonder de werking ervan te be\u00efnvloeden. Het ontlaadt krachtig en beweegt gevoelig. De doseerklep is ontworpen met twee afdichtingsaansluitingen om terugstroming van de afvoer te voorkomen.<\/p>\n<h2>Specificatie<\/h2>\n<table>\n<tbody>\n<tr>\n<td>Functieprincipe<\/td>\n<td>Drukontlastingsdoseerventiel<\/td>\n<\/tr>\n<tr>\n<td>Aantal verkooppunten<\/td>\n<td>1, 2, 3, 4, 5<\/td>\n<\/tr>\n<tr>\n<td>Meethoeveelheid<\/td>\n<td>0,03, 0,05, 0,13, 0,20, 0,30, 0,50 ml\/cyclus<\/td>\n<\/tr>\n<tr>\n<td>Smeermiddel<\/td>\n<td>NLGI 000#, 00# vet.<\/td>\n<\/tr>\n<tr>\n<td>Bedrijfstemperatuur<\/td>\n<td>0 tot +80 \u00b0C<\/td>\n<\/tr>\n<tr>\n<td>Bedrijfsdruk<\/td>\n<td>0,5~1,5 MPa<\/td>\n<\/tr>\n<tr>\n<td>Materiaal<\/td>\n<td>Messing, aluminium<\/td>\n<\/tr>\n<tr>\n<td>Aansluiting uitlaat<\/td>\n<td>Inlaat Rc1\/8, uitlaat \u03a64(Rc1\/8)<\/td>\n<\/tr>\n<tr>\n<td>Uitlaatfittingen<\/td>\n<td>Mouwtype, Snel type<\/td>\n<\/tr>\n<tr>\n<td>Montagepositie<\/td>\n<td>Elk<\/td>\n<\/tr>\n<\/tbody>\n<\/table>\n<h2>Sollicitatie<\/h2>\n<p>MUK vet enkellijns doseerapparaat wordt veel gebruikt in de machinegereedschapsindustrie, waaronder draaibanken, freesmachines, slijpmachines en andere mechanische apparatuur. Het kan niet alleen effectief de slijtage van mechanische onderdelen verminderen, maar ook het uitvalpercentage van apparatuur verminderen en de levensduur van apparatuur verlengen. Daarnaast is het ook geschikt voor andere industri\u00eble apparatuur die nauwkeurige smering vereist, zoals drukpersen, textielmachines en apparatuur voor voedselverwerking.<\/p>\n<h2>Handleidingen<\/h2>\n<div class=\"sdm_download_button_box_default\"><div class=\"sdm_download_link\"><a href=\"https:\/\/www.jinpinlub.com\/nl\/?sdm_process_download=1&download_id=3070\" class=\"sdm_download white\" title=\"Priv&#233;: MUK Pressure-relief Distributor\" target=\"&quot;_blank&quot;\">Bekijk datasheet - MUK-distributeur<\/a><\/div><\/div>","protected":false},"excerpt":{"rendered":"<p>MU-doseercomponenten en verdeelstukken zijn afzonderlijke structuren. De bijbehorende doseercomponenten worden geselecteerd op basis van de vereiste smeerhoeveelheid van elk smeerpunt. Ze kunnen vrij worden gecombineerd met verdeelstukken uit de MUJ-serie en in serie of parallel worden gebruikt.<\/p>","protected":false},"featured_media":3393,"template":"","meta":{"ocean_post_layout":"","ocean_both_sidebars_style":"","ocean_both_sidebars_content_width":0,"ocean_both_sidebars_sidebars_width":0,"ocean_sidebar":"0","ocean_second_sidebar":"0","ocean_disable_margins":"enable","ocean_add_body_class":"","ocean_shortcode_before_top_bar":"","ocean_shortcode_after_top_bar":"","ocean_shortcode_before_header":"","ocean_shortcode_after_header":"","ocean_has_shortcode":"","ocean_shortcode_after_title":"","ocean_shortcode_before_footer_widgets":"","ocean_shortcode_after_footer_widgets":"","ocean_shortcode_before_footer_bottom":"","ocean_shortcode_after_footer_bottom":"","ocean_display_top_bar":"default","ocean_display_header":"default","ocean_header_style":"","ocean_center_header_left_menu":"0","ocean_custom_header_template":"0","ocean_custom_logo":0,"ocean_custom_retina_logo":0,"ocean_custom_logo_max_width":0,"ocean_custom_logo_tablet_max_width":0,"ocean_custom_logo_mobile_max_width":0,"ocean_custom_logo_max_height":0,"ocean_custom_logo_tablet_max_height":0,"ocean_custom_logo_mobile_max_height":0,"ocean_header_custom_menu":"0","ocean_menu_typo_font_family":"0","ocean_menu_typo_font_subset":"","ocean_menu_typo_font_size":0,"ocean_menu_typo_font_size_tablet":0,"ocean_menu_typo_font_size_mobile":0,"ocean_menu_typo_font_size_unit":"px","ocean_menu_typo_font_weight":"","ocean_menu_typo_font_weight_tablet":"","ocean_menu_typo_font_weight_mobile":"","ocean_menu_typo_transform":"","ocean_menu_typo_transform_tablet":"","ocean_menu_typo_transform_mobile":"","ocean_menu_typo_line_height":0,"ocean_menu_typo_line_height_tablet":0,"ocean_menu_typo_line_height_mobile":0,"ocean_menu_typo_line_height_unit":"","ocean_menu_typo_spacing":0,"ocean_menu_typo_spacing_tablet":0,"ocean_menu_typo_spacing_mobile":0,"ocean_menu_typo_spacing_unit":"","ocean_menu_link_color":"","ocean_menu_link_color_hover":"","ocean_menu_link_color_active":"","ocean_menu_link_background":"","ocean_menu_link_hover_background":"","ocean_menu_link_active_background":"","ocean_menu_social_links_bg":"","ocean_menu_social_hover_links_bg":"","ocean_menu_social_links_color":"","ocean_menu_social_hover_links_color":"","ocean_disable_title":"default","ocean_disable_heading":"default","ocean_post_title":"","ocean_post_subheading":"","ocean_post_title_style":"","ocean_post_title_background_color":"","ocean_post_title_background":0,"ocean_post_title_bg_image_position":"","ocean_post_title_bg_image_attachment":"","ocean_post_title_bg_image_repeat":"","ocean_post_title_bg_image_size":"","ocean_post_title_height":0,"ocean_post_title_bg_overlay":0.5,"ocean_post_title_bg_overlay_color":"","ocean_disable_breadcrumbs":"default","ocean_breadcrumbs_color":"","ocean_breadcrumbs_separator_color":"","ocean_breadcrumbs_links_color":"","ocean_breadcrumbs_links_hover_color":"","ocean_display_footer_widgets":"default","ocean_display_footer_bottom":"default","ocean_custom_footer_template":"0","osh_disable_topbar_sticky":"default","osh_disable_header_sticky":"default","osh_sticky_header_style":"default","osh_sticky_header_effect":"","osh_custom_sticky_logo":0,"osh_custom_retina_sticky_logo":0,"osh_custom_sticky_logo_height":0,"osh_background_color":"","osh_links_color":"","osh_links_hover_color":"","osh_links_active_color":"","osh_links_bg_color":"","osh_links_hover_bg_color":"","osh_links_active_bg_color":"","osh_menu_social_links_color":"","osh_menu_social_hover_links_color":""},"product_brand":[],"product_cat":[40,37],"product_tag":[85,245,246],"class_list":{"0":"post-3412","1":"product","2":"type-product","3":"status-publish","4":"has-post-thumbnail","6":"product_cat-pressure-relief-metering-valves","7":"product_cat-single-line-grease-systems","8":"product_tag-pressure-relief-metering-valve","9":"product_tag-pressurized-metering-valve","10":"product_tag-single-line-metering-valve","12":"entry","13":"has-media","15":"first","16":"instock","17":"shipping-taxable","18":"product-type-external","19":"col","20":"span_1_of_3","21":"owp-content-center","22":"owp-thumbs-layout-horizontal","23":"owp-btn-very-big","24":"owp-tabs-layout-horizontal"},"_links":{"self":[{"href":"https:\/\/www.jinpinlub.com\/nl\/wp-json\/wp\/v2\/product\/3412","targetHints":{"allow":["GET"]}}],"collection":[{"href":"https:\/\/www.jinpinlub.com\/nl\/wp-json\/wp\/v2\/product"}],"about":[{"href":"https:\/\/www.jinpinlub.com\/nl\/wp-json\/wp\/v2\/types\/product"}],"wp:featuredmedia":[{"embeddable":true,"href":"https:\/\/www.jinpinlub.com\/nl\/wp-json\/wp\/v2\/media\/3393"}],"wp:attachment":[{"href":"https:\/\/www.jinpinlub.com\/nl\/wp-json\/wp\/v2\/media?parent=3412"}],"wp:term":[{"taxonomy":"product_brand","embeddable":true,"href":"https:\/\/www.jinpinlub.com\/nl\/wp-json\/wp\/v2\/product_brand?post=3412"},{"taxonomy":"product_cat","embeddable":true,"href":"https:\/\/www.jinpinlub.com\/nl\/wp-json\/wp\/v2\/product_cat?post=3412"},{"taxonomy":"product_tag","embeddable":true,"href":"https:\/\/www.jinpinlub.com\/nl\/wp-json\/wp\/v2\/product_tag?post=3412"}],"curies":[{"name":"wp","href":"https:\/\/api.w.org\/{rel}","templated":true}]}}