{"id":3444,"date":"2024-08-28T05:32:17","date_gmt":"2024-08-27T21:32:17","guid":{"rendered":"https:\/\/www.jinpinlub.com\/?post_type=product&#038;p=3444"},"modified":"2025-06-06T19:33:52","modified_gmt":"2025-06-06T11:33:52","slug":"jsv16-verdeelkleppen-voor-progressieve-olie-vetsmering","status":"publish","type":"product","link":"https:\/\/www.jinpinlub.com\/nl\/product\/jsv16-divider-valves-for-progressive-oil-grease-lubrication\/","title":{"rendered":"JSV16 verdeelkleppen voor progressieve olie-vetsmering"},"content":{"rendered":"<h2>Functies<\/h2>\n<p>Compact: De verdeler uit de JINPINLUB JSV-serie is compact en licht van gewicht en geschikt voor installatie op verschillende soorten apparatuur.<br \/>\nProgressieve smering: Kan worden gebruikt met de elektrische plunjervetpomp uit de J203-serie om progressieve smering te bereiken, zodat het vet naar elk smeerpunt wordt verdeeld zoals nodig.<br \/>\nType vet: De JSV-serie is geschikt voor NLGI000#~2#-vet.<br \/>\nBrede toepassing: Wordt voornamelijk gebruikt in grote apparatuur zoals windenergiecentrales, machines voor de bouw, mijnen, staalfabrieken, de metallurgie en dokken.<\/p>\n<h2>Specificatie<\/h2>\n<table>\n<tbody>\n<tr>\n<td>Functieprincipe<\/td>\n<td>Meetapparatuur<\/td>\n<\/tr>\n<tr>\n<td>Aantal verkooppunten<\/td>\n<td>6-20<\/td>\n<\/tr>\n<tr>\n<td>Meethoeveelheid<\/td>\n<td>0,2 ml\/cyclus<\/td>\n<\/tr>\n<tr>\n<td>Smeermiddel<\/td>\n<td>Vet tot NLGI 2, olie 32-220cSt@40\u2103<\/td>\n<\/tr>\n<tr>\n<td>Bedrijfstemperatuur<\/td>\n<td>\u201320 tot +80 \u00b0C<\/td>\n<\/tr>\n<tr>\n<td>Bedrijfsdruk<\/td>\n<td>Maximaal 350 bar<\/td>\n<\/tr>\n<tr>\n<td>Materiaal<\/td>\n<td>Zwart gegalvaniseerd<\/td>\n<\/tr>\n<tr>\n<td>Aansluiting inlaat<\/td>\n<td>\u03a66\/\u03a68 (M10x1)<\/td>\n<\/tr>\n<tr>\n<td>Aansluiting uitlaat<\/td>\n<td>\u03a66\/\u03a68 (M10x1)<\/td>\n<\/tr>\n<tr>\n<td>Montagepositie<\/td>\n<td>Elk<\/td>\n<\/tr>\n<\/tbody>\n<\/table>\n<h2>Beginsel<\/h2>\n<p>Distributiewerking: Vet wordt via een pijpleiding overgebracht naar de progressieve verdeler van de JSV-serie. Deze verdeler heeft meerdere uitlaten, die elk overeenkomen met een smeerpunt.<br \/>\nProgressieve distributie: De kern van de JSV-verdeler is een roterende doseerklep. Wanneer de vetpomp werkt, opent de distributieklep \u00e9\u00e9n voor \u00e9\u00e9n om het vet naar elk smeerpunt te verdelen.<br \/>\nCyclische werking: Nadat de verdeelklep een ronde heeft voltooid, start deze opnieuw op en blijft deze vet verdelen totdat alle smeerpunten zijn gesmeerd.<\/p>\n<h2>Handleidingen<\/h2>\n<div class=\"sdm_download_button_box_default\"><div class=\"sdm_download_link\"><a href=\"https:\/\/www.jinpinlub.com\/nl\/?sdm_process_download=1&download_id=2474\" class=\"sdm_download white\" title=\"Priv&#233;: JSV Progressive Distributor\" target=\"&quot;_blank&quot;\">Bekijk datasheet - JSV Distributor<\/a><\/div><\/div>","protected":false},"excerpt":{"rendered":"<p>JSV is een apparaat dat wordt gebruikt in smeersystemen voor het kwantitatief en betrouwbaar verdelen van smeermiddelen. Het is geschikt voor progressieve smeersystemen, waarbij smeermiddel via een pomp in de hoofdleiding wordt ge\u00efnjecteerd en vervolgens wordt verdeeld naar de aangesloten progressieve verdeler.<\/p>","protected":false},"featured_media":3438,"template":"","meta":{"ocean_post_layout":"","ocean_both_sidebars_style":"","ocean_both_sidebars_content_width":0,"ocean_both_sidebars_sidebars_width":0,"ocean_sidebar":"0","ocean_second_sidebar":"0","ocean_disable_margins":"enable","ocean_add_body_class":"","ocean_shortcode_before_top_bar":"","ocean_shortcode_after_top_bar":"","ocean_shortcode_before_header":"","ocean_shortcode_after_header":"","ocean_has_shortcode":"","ocean_shortcode_after_title":"","ocean_shortcode_before_footer_widgets":"","ocean_shortcode_after_footer_widgets":"","ocean_shortcode_before_footer_bottom":"","ocean_shortcode_after_footer_bottom":"","ocean_display_top_bar":"default","ocean_display_header":"default","ocean_header_style":"","ocean_center_header_left_menu":"0","ocean_custom_header_template":"0","ocean_custom_logo":0,"ocean_custom_retina_logo":0,"ocean_custom_logo_max_width":0,"ocean_custom_logo_tablet_max_width":0,"ocean_custom_logo_mobile_max_width":0,"ocean_custom_logo_max_height":0,"ocean_custom_logo_tablet_max_height":0,"ocean_custom_logo_mobile_max_height":0,"ocean_header_custom_menu":"0","ocean_menu_typo_font_family":"0","ocean_menu_typo_font_subset":"","ocean_menu_typo_font_size":0,"ocean_menu_typo_font_size_tablet":0,"ocean_menu_typo_font_size_mobile":0,"ocean_menu_typo_font_size_unit":"px","ocean_menu_typo_font_weight":"","ocean_menu_typo_font_weight_tablet":"","ocean_menu_typo_font_weight_mobile":"","ocean_menu_typo_transform":"","ocean_menu_typo_transform_tablet":"","ocean_menu_typo_transform_mobile":"","ocean_menu_typo_line_height":0,"ocean_menu_typo_line_height_tablet":0,"ocean_menu_typo_line_height_mobile":0,"ocean_menu_typo_line_height_unit":"","ocean_menu_typo_spacing":0,"ocean_menu_typo_spacing_tablet":0,"ocean_menu_typo_spacing_mobile":0,"ocean_menu_typo_spacing_unit":"","ocean_menu_link_color":"","ocean_menu_link_color_hover":"","ocean_menu_link_color_active":"","ocean_menu_link_background":"","ocean_menu_link_hover_background":"","ocean_menu_link_active_background":"","ocean_menu_social_links_bg":"","ocean_menu_social_hover_links_bg":"","ocean_menu_social_links_color":"","ocean_menu_social_hover_links_color":"","ocean_disable_title":"default","ocean_disable_heading":"default","ocean_post_title":"","ocean_post_subheading":"","ocean_post_title_style":"","ocean_post_title_background_color":"","ocean_post_title_background":0,"ocean_post_title_bg_image_position":"","ocean_post_title_bg_image_attachment":"","ocean_post_title_bg_image_repeat":"","ocean_post_title_bg_image_size":"","ocean_post_title_height":0,"ocean_post_title_bg_overlay":0.5,"ocean_post_title_bg_overlay_color":"","ocean_disable_breadcrumbs":"default","ocean_breadcrumbs_color":"","ocean_breadcrumbs_separator_color":"","ocean_breadcrumbs_links_color":"","ocean_breadcrumbs_links_hover_color":"","ocean_display_footer_widgets":"default","ocean_display_footer_bottom":"default","ocean_custom_footer_template":"0","osh_disable_topbar_sticky":"default","osh_disable_header_sticky":"default","osh_sticky_header_style":"default","osh_sticky_header_effect":"","osh_custom_sticky_logo":0,"osh_custom_retina_sticky_logo":0,"osh_custom_sticky_logo_height":0,"osh_background_color":"","osh_links_color":"","osh_links_hover_color":"","osh_links_active_color":"","osh_links_bg_color":"","osh_links_hover_bg_color":"","osh_links_active_bg_color":"","osh_menu_social_links_color":"","osh_menu_social_hover_links_color":""},"product_brand":[],"product_cat":[44,41],"product_tag":[260,258,259],"class_list":{"0":"post-3444","1":"product","2":"type-product","3":"status-publish","4":"has-post-thumbnail","6":"product_cat-progressive-grease-dividers","7":"product_cat-progressive-grease-systems","8":"product_tag-divider-devices","9":"product_tag-grease-divider-valves","10":"product_tag-oil-divider-valves","12":"entry","13":"has-media","15":"first","16":"instock","17":"shipping-taxable","18":"product-type-external","19":"col","20":"span_1_of_3","21":"owp-content-center","22":"owp-thumbs-layout-horizontal","23":"owp-btn-very-big","24":"owp-tabs-layout-horizontal"},"_links":{"self":[{"href":"https:\/\/www.jinpinlub.com\/nl\/wp-json\/wp\/v2\/product\/3444","targetHints":{"allow":["GET"]}}],"collection":[{"href":"https:\/\/www.jinpinlub.com\/nl\/wp-json\/wp\/v2\/product"}],"about":[{"href":"https:\/\/www.jinpinlub.com\/nl\/wp-json\/wp\/v2\/types\/product"}],"wp:featuredmedia":[{"embeddable":true,"href":"https:\/\/www.jinpinlub.com\/nl\/wp-json\/wp\/v2\/media\/3438"}],"wp:attachment":[{"href":"https:\/\/www.jinpinlub.com\/nl\/wp-json\/wp\/v2\/media?parent=3444"}],"wp:term":[{"taxonomy":"product_brand","embeddable":true,"href":"https:\/\/www.jinpinlub.com\/nl\/wp-json\/wp\/v2\/product_brand?post=3444"},{"taxonomy":"product_cat","embeddable":true,"href":"https:\/\/www.jinpinlub.com\/nl\/wp-json\/wp\/v2\/product_cat?post=3444"},{"taxonomy":"product_tag","embeddable":true,"href":"https:\/\/www.jinpinlub.com\/nl\/wp-json\/wp\/v2\/product_tag?post=3444"}],"curies":[{"name":"wp","href":"https:\/\/api.w.org\/{rel}","templated":true}]}}