{"id":3546,"date":"2024-08-30T07:58:39","date_gmt":"2024-08-29T23:58:39","guid":{"rendered":"https:\/\/www.jinpinlub.com\/?post_type=product&#038;p=3546"},"modified":"2024-08-30T08:01:33","modified_gmt":"2024-08-30T00:01:33","slug":"jsv-6-enkelvoudig-progressief-meetapparaat-met-sensor","status":"publish","type":"product","link":"https:\/\/www.jinpinlub.com\/nl\/product\/jsv-6-single-piece-progressive-metering-device-with-sensor\/","title":{"rendered":"JSV-6 Eendelig progressief meetapparaat met sensor"},"content":{"rendered":"<h2>Functies<\/h2>\n<p>Vaste dosering: De uitgang van elke uitgang van het doseerapparaat is vast en de uitgang kan via externe verbindingsleidingen worden gecombineerd om aan verschillende smeerbehoeften te voldoen.<br \/>\nBewakingsopties: Het Jinpinlub JSVB-doseerapparaat kan visueel of elektrisch worden bewaakt om realtimebewaking van de smeerstatus mogelijk te maken.<br \/>\nHogedrukwerking: De maximale werkdruk van het doseerapparaat kan 250 bar bedragen, wat geschikt is voor omgevingen met hoge druk.<br \/>\nMateriaal: Het doseerapparaat is gemaakt van gegalvaniseerd staal, dat duurzaam en corrosiebestendig is.<br \/>\nBedrijfstemperatuur: -20\u00b0C tot +80\u00b0C, geschikt voor verschillende werkomgevingen.<\/p>\n<h2>Specificatie<\/h2>\n<table>\n<tbody>\n<tr>\n<td>Functieprincipe<\/td>\n<td>Meetapparatuur<\/td>\n<\/tr>\n<tr>\n<td>Aantal verkooppunten<\/td>\n<td>6-14<\/td>\n<\/tr>\n<tr>\n<td>Meethoeveelheid<\/td>\n<td>0,17 ml\/cyclus<\/td>\n<\/tr>\n<tr>\n<td>Smeermiddel<\/td>\n<td>Vet tot NLGI 2, olie 32-220cSt@40\u2103<\/td>\n<\/tr>\n<tr>\n<td>Bedrijfstemperatuur<\/td>\n<td>\u201320 tot +80 \u00b0C<\/td>\n<\/tr>\n<tr>\n<td>Bedrijfsdruk<\/td>\n<td>Maximaal 250 bar<\/td>\n<\/tr>\n<tr>\n<td>Materiaal<\/td>\n<td>Zwart gegalvaniseerd<\/td>\n<\/tr>\n<tr>\n<td>Aansluiting inlaat<\/td>\n<td>\u03a66(M10x1.0), \u03a68(M10x1.0)<\/td>\n<\/tr>\n<tr>\n<td>Aansluiting uitlaat<\/td>\n<td>\u03a66(M10x1.0), \u03a68(M10x1.0)<\/td>\n<\/tr>\n<tr>\n<td>Montagepositie<\/td>\n<td>Elk<\/td>\n<\/tr>\n<\/tbody>\n<\/table>\n<h2>Sollicitatie<\/h2>\n<p>Bouw en mijnbouw: Dit doseerapparaat is geschikt voor de smering van zware machines en apparatuur om de normale werking van de apparatuur in zware omstandigheden te garanderen.<br \/>\nLandbouwmachines: JSVB wordt gebruikt in landbouwmachines om een effici\u00ebnte werking en een lange levensduur van de apparatuur te garanderen.<br \/>\nIndustri\u00eble apparatuur: JSVB wordt veel gebruikt bij de smering van diverse industri\u00eble apparatuur om de betrouwbaarheid en productie-effici\u00ebntie van de apparatuur te verbeteren.<\/p>\n<h2>Handleidingen<\/h2>\n<div class=\"sdm_download_button_box_default\"><div class=\"sdm_download_link\"><a href=\"https:\/\/www.jinpinlub.com\/nl\/?sdm_process_download=1&download_id=3055\" class=\"sdm_download white\" title=\"Priv&#233;: JVB Progressive Divider\" target=\"&quot;_blank&quot;\">Bekijk datasheet - JVB Distributeur<\/a><\/div><\/div>","protected":false},"excerpt":{"rendered":"<p>JSV-doseerapparaat is een compact, eendelig progressief doseerapparaat dat geschikt is voor progressieve smeersystemen. Het ontwerp maakt directe montage van accessoires mogelijk, wat het installatieproces vereenvoudigt, en het kan ook het aantal uitlaten verminderen door cross-porting.<\/p>","protected":false},"featured_media":3530,"template":"","meta":{"ocean_post_layout":"","ocean_both_sidebars_style":"","ocean_both_sidebars_content_width":0,"ocean_both_sidebars_sidebars_width":0,"ocean_sidebar":"0","ocean_second_sidebar":"0","ocean_disable_margins":"enable","ocean_add_body_class":"","ocean_shortcode_before_top_bar":"","ocean_shortcode_after_top_bar":"","ocean_shortcode_before_header":"","ocean_shortcode_after_header":"","ocean_has_shortcode":"","ocean_shortcode_after_title":"","ocean_shortcode_before_footer_widgets":"","ocean_shortcode_after_footer_widgets":"","ocean_shortcode_before_footer_bottom":"","ocean_shortcode_after_footer_bottom":"","ocean_display_top_bar":"default","ocean_display_header":"default","ocean_header_style":"","ocean_center_header_left_menu":"0","ocean_custom_header_template":"0","ocean_custom_logo":0,"ocean_custom_retina_logo":0,"ocean_custom_logo_max_width":0,"ocean_custom_logo_tablet_max_width":0,"ocean_custom_logo_mobile_max_width":0,"ocean_custom_logo_max_height":0,"ocean_custom_logo_tablet_max_height":0,"ocean_custom_logo_mobile_max_height":0,"ocean_header_custom_menu":"0","ocean_menu_typo_font_family":"0","ocean_menu_typo_font_subset":"","ocean_menu_typo_font_size":0,"ocean_menu_typo_font_size_tablet":0,"ocean_menu_typo_font_size_mobile":0,"ocean_menu_typo_font_size_unit":"px","ocean_menu_typo_font_weight":"","ocean_menu_typo_font_weight_tablet":"","ocean_menu_typo_font_weight_mobile":"","ocean_menu_typo_transform":"","ocean_menu_typo_transform_tablet":"","ocean_menu_typo_transform_mobile":"","ocean_menu_typo_line_height":0,"ocean_menu_typo_line_height_tablet":0,"ocean_menu_typo_line_height_mobile":0,"ocean_menu_typo_line_height_unit":"","ocean_menu_typo_spacing":0,"ocean_menu_typo_spacing_tablet":0,"ocean_menu_typo_spacing_mobile":0,"ocean_menu_typo_spacing_unit":"","ocean_menu_link_color":"","ocean_menu_link_color_hover":"","ocean_menu_link_color_active":"","ocean_menu_link_background":"","ocean_menu_link_hover_background":"","ocean_menu_link_active_background":"","ocean_menu_social_links_bg":"","ocean_menu_social_hover_links_bg":"","ocean_menu_social_links_color":"","ocean_menu_social_hover_links_color":"","ocean_disable_title":"default","ocean_disable_heading":"default","ocean_post_title":"","ocean_post_subheading":"","ocean_post_title_style":"","ocean_post_title_background_color":"","ocean_post_title_background":0,"ocean_post_title_bg_image_position":"","ocean_post_title_bg_image_attachment":"","ocean_post_title_bg_image_repeat":"","ocean_post_title_bg_image_size":"","ocean_post_title_height":0,"ocean_post_title_bg_overlay":0.5,"ocean_post_title_bg_overlay_color":"","ocean_disable_breadcrumbs":"default","ocean_breadcrumbs_color":"","ocean_breadcrumbs_separator_color":"","ocean_breadcrumbs_links_color":"","ocean_breadcrumbs_links_hover_color":"","ocean_display_footer_widgets":"default","ocean_display_footer_bottom":"default","ocean_custom_footer_template":"0","osh_disable_topbar_sticky":"default","osh_disable_header_sticky":"default","osh_sticky_header_style":"default","osh_sticky_header_effect":"","osh_custom_sticky_logo":0,"osh_custom_retina_sticky_logo":0,"osh_custom_sticky_logo_height":0,"osh_background_color":"","osh_links_color":"","osh_links_hover_color":"","osh_links_active_color":"","osh_links_bg_color":"","osh_links_hover_bg_color":"","osh_links_active_bg_color":"","osh_menu_social_links_color":"","osh_menu_social_hover_links_color":""},"product_brand":[],"product_cat":[44,41],"product_tag":[275,99,276],"class_list":{"0":"post-3546","1":"product","2":"type-product","3":"status-publish","4":"has-post-thumbnail","6":"product_cat-progressive-grease-dividers","7":"product_cat-progressive-grease-systems","8":"product_tag-metering-device-block","9":"product_tag-progressive-distributor","10":"product_tag-single-block-divider","12":"entry","13":"has-media","15":"first","16":"instock","17":"shipping-taxable","18":"product-type-external","19":"col","20":"span_1_of_3","21":"owp-content-center","22":"owp-thumbs-layout-horizontal","23":"owp-btn-very-big","24":"owp-tabs-layout-horizontal"},"_links":{"self":[{"href":"https:\/\/www.jinpinlub.com\/nl\/wp-json\/wp\/v2\/product\/3546","targetHints":{"allow":["GET"]}}],"collection":[{"href":"https:\/\/www.jinpinlub.com\/nl\/wp-json\/wp\/v2\/product"}],"about":[{"href":"https:\/\/www.jinpinlub.com\/nl\/wp-json\/wp\/v2\/types\/product"}],"wp:featuredmedia":[{"embeddable":true,"href":"https:\/\/www.jinpinlub.com\/nl\/wp-json\/wp\/v2\/media\/3530"}],"wp:attachment":[{"href":"https:\/\/www.jinpinlub.com\/nl\/wp-json\/wp\/v2\/media?parent=3546"}],"wp:term":[{"taxonomy":"product_brand","embeddable":true,"href":"https:\/\/www.jinpinlub.com\/nl\/wp-json\/wp\/v2\/product_brand?post=3546"},{"taxonomy":"product_cat","embeddable":true,"href":"https:\/\/www.jinpinlub.com\/nl\/wp-json\/wp\/v2\/product_cat?post=3546"},{"taxonomy":"product_tag","embeddable":true,"href":"https:\/\/www.jinpinlub.com\/nl\/wp-json\/wp\/v2\/product_tag?post=3546"}],"curies":[{"name":"wp","href":"https:\/\/api.w.org\/{rel}","templated":true}]}}