{"id":3930,"date":"2024-11-30T03:21:08","date_gmt":"2024-11-29T19:21:08","guid":{"rendered":"https:\/\/www.jinpinlub.com\/?post_type=product&#038;p=3930"},"modified":"2024-12-01T03:28:50","modified_gmt":"2024-11-30T19:28:50","slug":"mok-6-positieve-verplaatsing-injectie-olie-doseerkleppen","status":"publish","type":"product","link":"https:\/\/www.jinpinlub.com\/nl\/product\/mok-6-positieve-verplaatsing-injectie-olie-doseerkleppen\/","title":{"rendered":"MOK-6 Positieve verplaatsing injectie oliedoseerkleppen"},"content":{"rendered":"<h2>Functie<\/h2>\n<p>1. De druk (volumetrische) doseerklep is een type met directe drukwerking.<br \/>\nDe drukolie die door de smeerpomp wordt geleverd, duwt de zuiger die in de doseerklep is ingebouwd, zodat deze beweegt en de kwantitatieve olie dwingt om te worden afgevoerd. Wanneer de smeerpomp stopt met werken, wordt de zuiger van het doseergedeelte gereset onder invloed van de veerkracht, dat wil zeggen dat de dosering en opslag van kwantitatieve olie wordt uitgevoerd.<br \/>\n2. De doseerklep heeft een nauwkeurige olieafvoer en het doseergedeelte loost olie slechts \u00e9\u00e9n keer in \u00e9\u00e9n olietoevoercyclus. De afstand tussen de doseerkleppen in het smeersysteem is ver, dichtbij, hoog, laag en horizontale of verticale installatie. Het heeft geen effect op de verplaatsing.<br \/>\n3. De doseerklep is gevoelig en maakt gebruik van twee afdichtingen om te voorkomen dat de afgevoerde olie terugstroomt.<br \/>\n4. De doseerklep en de verbinding zijn gesplitste structuren. Afhankelijk van de olie die elk smeerpunt nodig heeft, kan de bijbehorende doseerklep naar wens worden geselecteerd en gecombineerd met de MOJ-verbinding (zowel serie- als parallelcombinaties zijn beschikbaar).<br \/>\n5. De uitlaatdiameter van de doseerklep is \u03a64 en er zijn twee manieren om deze aan te sluiten.<br \/>\nKaarthulstype: buis moet worden gebruikt in combinatie met PA4-compressiebus en PB4-huls.<br \/>\nSnel-insteektype: plaats de \u03a64-buis direct.<\/p>\n<h2>Specificatie<\/h2>\n<table>\n<tbody>\n<tr>\n<td>Functieprincipe<\/td>\n<td>Drukontlastingsdoseerventiel<\/td>\n<\/tr>\n<tr>\n<td>Aantal verkooppunten<\/td>\n<td>1~12<\/td>\n<\/tr>\n<tr>\n<td>Meethoeveelheid<\/td>\n<td>0,03, 0,05, 0,13, 0,20, 0,30, 0,50 ml\/cyclus<\/td>\n<\/tr>\n<tr>\n<td>Smeermiddel<\/td>\n<td>15-90 CSt bij 40\u2103<\/td>\n<\/tr>\n<tr>\n<td>Bedrijfstemperatuur<\/td>\n<td>-20 tot +80 \u00b0C<\/td>\n<\/tr>\n<tr>\n<td>Bedrijfsdruk<\/td>\n<td>Minimaal 1,0 MPa<\/td>\n<\/tr>\n<tr>\n<td>Materiaal<\/td>\n<td>Koper, aluminium<\/td>\n<\/tr>\n<tr>\n<td>Aansluiting uitlaat<\/td>\n<td>Inlaat Rc1\/8, uitlaat \u03a64(Rc1\/8)<\/td>\n<\/tr>\n<tr>\n<td>Uitlaatfittingen<\/td>\n<td>Mouwtype, Snel type<\/td>\n<\/tr>\n<tr>\n<td>Montagepositie<\/td>\n<td>Elk<\/td>\n<\/tr>\n<\/tbody>\n<\/table>\n<h2>Sollicitatie<\/h2>\n<p><span id=\"input-sentence~0\">Industri\u00eble machines<br \/>\nCNC-machines: Smeert cruciale bewegende onderdelen om een soepele werking te garanderen.<br \/>\nTransportbanden: Smeert lagers en rollen om wrijving en slijtage te verminderen.<br \/>\nTextielmachines: Zorgt ervoor dat onderdelen, zoals spindels en tandwielen, soepel blijven draaien.<br \/>\nAutomobiel<br \/>\nMotoren: Levert de juiste hoeveelheid olie aan verschillende onderdelen van de motor, waardoor de prestaties en duurzaamheid worden verbeterd.<\/span><span id=\"input-sentence~1\"><br \/>\nChassis smering: zorgt voor soepele bewegingen van de ophanging en besturing.<br \/>\nProductie<br \/>\nRobotarmen: Gewrichten en bewegende delen worden gesmeerd voor soepele en nauwkeurige bewegingen.<br \/>\nVerpakkingsapparatuur: zorgt voor smering van tandwielen en andere mechanische elementen om de effici\u00ebntie te behouden.<br \/>\nZwaar materieel<br \/>\nBouwmachines: Hydraulische systemen en andere belangrijke onderdelen van bouwmachines moeten goed gesmeerd blijven.<br \/>\nLandbouwmachines: tandwielen, kettingen en andere bewegende onderdelen worden gesmeerd om slijtage te verminderen.<\/span><\/p>\n<h2>Handleidingen<\/h2>\n<div class=\"sdm_download_button_box_default\"><div class=\"sdm_download_link\"><a href=\"https:\/\/www.jinpinlub.com\/nl\/?sdm_process_download=1&download_id=3886\" class=\"sdm_download white\" title=\"Priv&#233;: MOK Metering Valve\" target=\"&quot;_blank&quot;\">Bekijk datasheet - MOK doseerventiel<\/a><\/div><\/div>","protected":false},"excerpt":{"rendered":"<p>MOK kwantitatieve drukolieverdeler is een volumetrische dunne oliedoseerklep die is ontworpen voor positieve verplaatsingscentraal smeersysteem. De belangrijkste kenmerken zijn nauwkeurige olie-uitvoer, aanpasbare stroomsnelheid en corrosiebestendigheid.<\/p>","protected":false},"featured_media":3933,"template":"","meta":{"ocean_post_layout":"","ocean_both_sidebars_style":"","ocean_both_sidebars_content_width":0,"ocean_both_sidebars_sidebars_width":0,"ocean_sidebar":"0","ocean_second_sidebar":"0","ocean_disable_margins":"enable","ocean_add_body_class":"","ocean_shortcode_before_top_bar":"","ocean_shortcode_after_top_bar":"","ocean_shortcode_before_header":"","ocean_shortcode_after_header":"","ocean_has_shortcode":"","ocean_shortcode_after_title":"","ocean_shortcode_before_footer_widgets":"","ocean_shortcode_after_footer_widgets":"","ocean_shortcode_before_footer_bottom":"","ocean_shortcode_after_footer_bottom":"","ocean_display_top_bar":"default","ocean_display_header":"default","ocean_header_style":"","ocean_center_header_left_menu":"0","ocean_custom_header_template":"0","ocean_custom_logo":0,"ocean_custom_retina_logo":0,"ocean_custom_logo_max_width":0,"ocean_custom_logo_tablet_max_width":0,"ocean_custom_logo_mobile_max_width":0,"ocean_custom_logo_max_height":0,"ocean_custom_logo_tablet_max_height":0,"ocean_custom_logo_mobile_max_height":0,"ocean_header_custom_menu":"0","ocean_menu_typo_font_family":"0","ocean_menu_typo_font_subset":"","ocean_menu_typo_font_size":0,"ocean_menu_typo_font_size_tablet":0,"ocean_menu_typo_font_size_mobile":0,"ocean_menu_typo_font_size_unit":"px","ocean_menu_typo_font_weight":"","ocean_menu_typo_font_weight_tablet":"","ocean_menu_typo_font_weight_mobile":"","ocean_menu_typo_transform":"","ocean_menu_typo_transform_tablet":"","ocean_menu_typo_transform_mobile":"","ocean_menu_typo_line_height":0,"ocean_menu_typo_line_height_tablet":0,"ocean_menu_typo_line_height_mobile":0,"ocean_menu_typo_line_height_unit":"","ocean_menu_typo_spacing":0,"ocean_menu_typo_spacing_tablet":0,"ocean_menu_typo_spacing_mobile":0,"ocean_menu_typo_spacing_unit":"","ocean_menu_link_color":"","ocean_menu_link_color_hover":"","ocean_menu_link_color_active":"","ocean_menu_link_background":"","ocean_menu_link_hover_background":"","ocean_menu_link_active_background":"","ocean_menu_social_links_bg":"","ocean_menu_social_hover_links_bg":"","ocean_menu_social_links_color":"","ocean_menu_social_hover_links_color":"","ocean_disable_title":"default","ocean_disable_heading":"default","ocean_post_title":"","ocean_post_subheading":"","ocean_post_title_style":"","ocean_post_title_background_color":"","ocean_post_title_background":0,"ocean_post_title_bg_image_position":"","ocean_post_title_bg_image_attachment":"","ocean_post_title_bg_image_repeat":"","ocean_post_title_bg_image_size":"","ocean_post_title_height":0,"ocean_post_title_bg_overlay":0.5,"ocean_post_title_bg_overlay_color":"","ocean_disable_breadcrumbs":"default","ocean_breadcrumbs_color":"","ocean_breadcrumbs_separator_color":"","ocean_breadcrumbs_links_color":"","ocean_breadcrumbs_links_hover_color":"","ocean_display_footer_widgets":"default","ocean_display_footer_bottom":"default","ocean_custom_footer_template":"0","osh_disable_topbar_sticky":"default","osh_disable_header_sticky":"default","osh_sticky_header_style":"default","osh_sticky_header_effect":"","osh_custom_sticky_logo":0,"osh_custom_retina_sticky_logo":0,"osh_custom_sticky_logo_height":0,"osh_background_color":"","osh_links_color":"","osh_links_hover_color":"","osh_links_active_color":"","osh_links_bg_color":"","osh_links_hover_bg_color":"","osh_links_active_bg_color":"","osh_menu_social_links_color":"","osh_menu_social_hover_links_color":""},"product_brand":[],"product_cat":[47,49],"product_tag":[139,229,364,82,240],"class_list":{"0":"post-3930","1":"product","2":"type-product","3":"status-publish","4":"has-post-thumbnail","6":"product_cat-volumetric-thin-oil-systems","7":"product_cat-volumetric-oil-injectors","8":"product_tag-oil-distributor","9":"product_tag-oil-metering-valve","10":"product_tag-positive-displacement-distributor","11":"product_tag-positive-displacement-injector","12":"product_tag-pressurized-distributor","14":"entry","15":"has-media","17":"first","18":"instock","19":"shipping-taxable","20":"product-type-external","21":"col","22":"span_1_of_3","23":"owp-content-center","24":"owp-thumbs-layout-horizontal","25":"owp-btn-very-big","26":"owp-tabs-layout-horizontal"},"_links":{"self":[{"href":"https:\/\/www.jinpinlub.com\/nl\/wp-json\/wp\/v2\/product\/3930","targetHints":{"allow":["GET"]}}],"collection":[{"href":"https:\/\/www.jinpinlub.com\/nl\/wp-json\/wp\/v2\/product"}],"about":[{"href":"https:\/\/www.jinpinlub.com\/nl\/wp-json\/wp\/v2\/types\/product"}],"wp:featuredmedia":[{"embeddable":true,"href":"https:\/\/www.jinpinlub.com\/nl\/wp-json\/wp\/v2\/media\/3933"}],"wp:attachment":[{"href":"https:\/\/www.jinpinlub.com\/nl\/wp-json\/wp\/v2\/media?parent=3930"}],"wp:term":[{"taxonomy":"product_brand","embeddable":true,"href":"https:\/\/www.jinpinlub.com\/nl\/wp-json\/wp\/v2\/product_brand?post=3930"},{"taxonomy":"product_cat","embeddable":true,"href":"https:\/\/www.jinpinlub.com\/nl\/wp-json\/wp\/v2\/product_cat?post=3930"},{"taxonomy":"product_tag","embeddable":true,"href":"https:\/\/www.jinpinlub.com\/nl\/wp-json\/wp\/v2\/product_tag?post=3930"}],"curies":[{"name":"wp","href":"https:\/\/api.w.org\/{rel}","templated":true}]}}