{"id":1817,"date":"2024-06-26T23:57:12","date_gmt":"2024-06-26T23:57:12","guid":{"rendered":"https:\/\/www.jinpinlub.com\/?page_id=1817"},"modified":"2024-07-28T11:36:08","modified_gmt":"2024-07-28T11:36:08","slug":"czesto-zadawane-pytania","status":"publish","type":"page","link":"https:\/\/www.jinpinlub.com\/pl\/faqs\/","title":{"rendered":"FAQ"},"content":{"rendered":"<div class=\"wp-block-ogb-columns ogb-block ogb-columns ogb-columns-a90745be\"><div class=\"ogb-columns-container\">\n<div class=\"ogb-block ogb-column ogb-column-73727ad4\"><div class=\"ogb-column-container\">\n<ol class=\"wp-block-list\">\n<li><strong>Czy jeste\u015b firm\u0105 handlow\u0105 lub produkcyjn\u0105?<\/strong><br>\u2014\u2014Jeste\u015bmy dostawc\u0105 specjalizuj\u0105cym si\u0119 w dostarczaniu r\u00f3\u017cnych scentralizowanych system\u00f3w smarowania, z profesjonalnymi fabrykami i zespo\u0142ami technicznymi. Nasze produkty uzyska\u0142y certyfikaty CE i RoHS, nasze fabryki maj\u0105 certyfikat ISO-9001 i maj\u0105 szereg patent\u00f3w na technologi\u0119 produkt\u00f3w.<\/li>\n\n\n\n<li><strong>Jakie s\u0105 g\u0142\u00f3wne produkty naszej firmy?<\/strong><br>\u2014\u2014Skupiamy si\u0119 na r\u00f3\u017cnych scentralizowanych systemach smarowania, w tym systemach smarowania smarem sta\u0142ym, systemach smarowania cienkim olejem, systemach smarowania jednoliniowego, systemach smarowania progresywnego, systemach smarowania dwuliniowego, pompach smarowania jednopunktowego, r\u0119cznych systemach smarowania itp. Nasz zesp\u00f3\u0142 techniczny ma ponad 10 lat do\u015bwiadczenia, doskona\u0142\u0105 jako\u015b\u0107 produkt\u00f3w i siln\u0105 konkurencyjno\u015b\u0107.<\/li>\n\n\n\n<li><strong>Dlaczego warto nas wybra\u0107?<\/strong><br>\u2014\u2014Od ponad 10 lat koncentrujemy si\u0119 na dostawcach rozwi\u0105za\u0144 scentralizowanego systemu smarowania. Obs\u0142ugiwali\u015bmy klient\u00f3w w ponad 30 krajach. Dostarczyli\u015bmy dziesi\u0105tki tysi\u0119cy stacji pomp smarowych klientom na ca\u0142ym \u015bwiecie. Mo\u017cemy zapewni\u0107 Ci kompleksowe rozwi\u0105zanie. W razie potrzeby mo\u017cemy dostarczy\u0107 produkty OEM i ODM. Zapewnimy Ci najlepsz\u0105 cen\u0119, najlepsz\u0105 jako\u015b\u0107 i serwis. Nasze produkty s\u0105 pozycjonowane w \u015brednim i wysokim segmencie rynku. Wszystkie produkty gwarantuj\u0105 jako\u015b\u0107 i ilo\u015b\u0107, a tak\u017ce obs\u0142ug\u0119 posprzeda\u017cow\u0105, a cena ma przewag\u0119 na rynku.<\/li>\n\n\n\n<li><strong>Jak gwarantujemy jako\u015b\u0107?<\/strong><br>\u2014\u2014Podczas produkcji mamy kompletny zesp\u00f3\u0142 kontroli jako\u015bci i procesy, kt\u00f3re spe\u0142niaj\u0105 mi\u0119dzynarodowe standardy. Posiadamy profesjonalny sprz\u0119t testowy i przeprowadzamy rygorystyczne testy produkt\u00f3w, w tym test \u017cywotno\u015bci, test temperatury, test ci\u015bnienia itp. Posiadamy certyfikat ISO9001 i certyfikat CE. Ka\u017cda partia produkt\u00f3w zostanie przetestowana przed opuszczeniem fabryki, a lista kontrolna zostanie sprawdzona jedna po drugiej, aby upewni\u0107 si\u0119, \u017ce ilo\u015b\u0107 jest dok\u0142adna.<\/li>\n\n\n\n<li><strong>Jak uzyska\u0107 wycen\u0119?<\/strong><br>\u2014\u2014Przed konsultacj\u0105 z nami, mo\u017cesz zapozna\u0107 si\u0119 z naszym katalogiem produkt\u00f3w i kart\u0105 danych produktu, a nast\u0119pnie poda\u0107 nam kod zam\u00f3wienia produktu, kt\u00f3rego potrzebujesz na tej podstawie. Mo\u017cesz r\u00f3wnie\u017c poda\u0107 nam pewne szczeg\u00f3\u0142y dotycz\u0105ce potrzeb Twojego systemu smarowania, takie jak wydajno\u015b\u0107 pompy smaruj\u0105cej, stosowany \u015brodek smarny, napi\u0119cie, ci\u015bnienie, liczba punkt\u00f3w smarowania, d\u0142ugo\u015b\u0107 rury itp. Nasi profesjonalni in\u017cynierowie przedstawi\u0105 Ci szczeg\u00f3\u0142owe sugestie dotycz\u0105ce modeli i specyfikacji.<\/li>\n\n\n\n<li><strong>Jak szybko mog\u0119 otrzyma\u0107 wycen\u0119?<\/strong><br>\u2014\u2014Zazwyczaj wyceniamy w ci\u0105gu 8 godzin od otrzymania zapytania. Je\u015bli pilnie potrzebujesz ceny, zadzwo\u0144 do nas lub zostaw wiadomo\u015b\u0107 lub wy\u015blij wiadomo\u015b\u0107 przez Whatsapp.<\/li>\n\n\n\n<li><strong>Jaka jest cena?<\/strong><br>\u2014\u2014Dostarczamy wysokiej jako\u015bci i konkurencyjne produkty, gwarantuj\u0105c najwy\u017csz\u0105 jako\u015b\u0107 przy jednoczesnym zachowaniu konkurencyjnych cen.<\/li>\n\n\n\n<li><strong>Jaki jest czas dostawy?<\/strong><br>\u2014\u2014Je\u015bli jest to zam\u00f3wienie ma\u0142ej partii, mo\u017ce zosta\u0107 wys\u0142ane w ci\u0105gu 3 dni. Je\u015bli jest to du\u017ca partia produkt\u00f3w, mo\u017cemy r\u00f3wnie\u017c dostarczy\u0107 w ci\u0105gu oko\u0142o p\u00f3\u0142 miesi\u0105ca. Konkretny czas zale\u017cy od produktu i personalizacji.<\/li>\n\n\n\n<li><strong>Jaka jest minimalna ilo\u015b\u0107 zam\u00f3wienia?<\/strong><br>\u2014\u2014W przypadku produkt\u00f3w standardowych minimalna ilo\u015b\u0107 zam\u00f3wienia mo\u017ce by\u0107 negocjowana. Minimalna ilo\u015b\u0107 zam\u00f3wienia r\u00f3\u017cnych modeli jest r\u00f3\u017cna, a niekt\u00f3re nie maj\u0105 minimalnej ilo\u015bci zam\u00f3wienia. W przypadku zam\u00f3wie\u0144 OEM mo\u017cemy dostarcza\u0107 i dostosowywa\u0107 nasze produkty do r\u00f3\u017cnych potrzeb. Dlatego minimalna ilo\u015b\u0107 zam\u00f3wienia i cena mog\u0105 si\u0119 znacznie r\u00f3\u017cni\u0107 ze wzgl\u0119du na rozmiar, materia\u0142 i inne specyfikacje, takie jak drogie produkty lub produkty standardowe. Minimalna ilo\u015b\u0107 zam\u00f3wienia jest zwykle ni\u017csza.<\/li>\n\n\n\n<li><strong>Czy dostarczacie produkty OEM lub ODM?<\/strong><br>\u2014\u2014Tak, mo\u017cemy produkowa\u0107 wed\u0142ug Twoich pr\u00f3bek lub rysunk\u00f3w technicznych, a tak\u017ce mo\u017cemy wykona\u0107 formy i oprzyrz\u0105dowanie. Zazwyczaj Twoje potrzeby mog\u0105 by\u0107 modyfikowane w naszej technologii produktu, aby osi\u0105gn\u0105\u0107.<\/li>\n\n\n\n<li><strong>Czy mog\u0119 zosta\u0107 Waszym agentem w swoim kraju?<\/strong><br>\u2014\u2014Chcemy na d\u0142ugoterminow\u0105 wsp\u00f3\u0142prac\u0119, je\u015bli masz pomys\u0142y, mo\u017cemy szczeg\u00f3\u0142owo om\u00f3wi\u0107, potrzebujemy partner\u00f3w, aby wsp\u00f3lnie tworzy\u0107 warto\u015b\u0107.<\/li>\n\n\n\n<li><strong>Jak d\u0142ugi jest okres gwarancji na produkt?<\/strong><br>\u2014\u2014Okres gwarancji na nasz produkt wynosi jeden rok.<\/li>\n\n\n\n<li><strong>Jak mog\u0119 otrzyma\u0107 pr\u00f3bki?<\/strong><br>\u2014\u2014Zwykle nie oferujemy bezp\u0142atnych pr\u00f3bek, prosimy o zap\u0142at\u0119 za pr\u00f3bk\u0119 i op\u0142at\u0119 kuriersk\u0105. Op\u0142ata za pr\u00f3bk\u0119 mo\u017ce zosta\u0107 odliczona od pierwszego du\u017cego zam\u00f3wienia.<\/li>\n\n\n\n<li><strong>Jaka jest Twoja konkurencyjna zdolno\u015b\u0107 produkcyjna?<\/strong><br>\u2014\u2014Miesi\u0119czna produkcja ponad 5000 zestaw\u00f3w.<\/li>\n\n\n\n<li><strong>Jakie metody p\u0142atno\u015bci akceptuje Pa\u0144stwa firma?<\/strong><br>\u2014\u2014Akceptujemy T\/T (przelew bankowy), Western Union, Paypal, Alipay, WeChat Pay.<\/li>\n\n\n\n<li><strong>Jakie s\u0105 warunki dostawy?<\/strong><br>\u2014\u2014EXW, FOB, CFR, CIF, DAP, DDP<\/li>\n\n\n\n<li><strong>Jakiego rodzaju metod\u0119 wysy\u0142ki udost\u0119pniacie?<\/strong><br>\u2014\u2014Je\u015bli zam\u00f3wisz niewielk\u0105 ilo\u015b\u0107 produkt\u00f3w, zalecamy dostaw\u0119 za po\u015brednictwem mi\u0119dzynarodowej firmy kurierskiej, takiej jak DHL, FedEx, UPS, EMS itp. Je\u015bli ilo\u015b\u0107 zam\u00f3wienia jest du\u017ca, obs\u0142ugujemy wiele metod wysy\u0142ki, takich jak ekspresowa, lotnicza, morska, kolejowa itp. Mo\u017cemy r\u00f3wnie\u017c pom\u00f3c Ci przechowywa\u0107 towary innych dostawc\u00f3w w naszym magazynie i wys\u0142a\u0107 je razem.<\/li>\n\n\n\n<li><strong>Jakie jest opakowanie?<\/strong><br>\u2014\u2014Standardowe kartony eksportowe, drewniane skrzynie i inne opakowania nadaj\u0105ce si\u0119 do transportu morskiego. Zanim zap\u0142acisz reszt\u0119, aby upewni\u0107 si\u0119, \u017ce wszystkie produkty s\u0105 tym, czego potrzebujesz, poka\u017cemy Ci zdj\u0119cia, rysunki, filmy itp. przed wysy\u0142k\u0105.<\/li>\n\n\n\n<li><strong>Jak wygl\u0105da obs\u0142uga posprzeda\u017cowa?<\/strong><br>\u2014\u2014Po zadaniu pytania przez klienta odpowiemy w ci\u0105gu 24 godzin.<\/li>\n<\/ol>\n<\/div><\/div>\n<\/div><\/div>","protected":false},"excerpt":{"rendered":"","protected":false},"author":1,"featured_media":0,"parent":0,"menu_order":0,"comment_status":"closed","ping_status":"closed","template":"","meta":{"ocean_post_layout":"full-screen","ocean_both_sidebars_style":"","ocean_both_sidebars_content_width":0,"ocean_both_sidebars_sidebars_width":0,"ocean_sidebar":"0","ocean_second_sidebar":"0","ocean_disable_margins":"on","ocean_add_body_class":"","ocean_shortcode_before_top_bar":"","ocean_shortcode_after_top_bar":"","ocean_shortcode_before_header":"","ocean_shortcode_after_header":"","ocean_has_shortcode":"","ocean_shortcode_after_title":"","ocean_shortcode_before_footer_widgets":"","ocean_shortcode_after_footer_widgets":"","ocean_shortcode_before_footer_bottom":"","ocean_shortcode_after_footer_bottom":"","ocean_display_top_bar":"default","ocean_display_header":"default","ocean_header_style":"","ocean_center_header_left_menu":"0","ocean_custom_header_template":"0","ocean_custom_logo":0,"ocean_custom_retina_logo":0,"ocean_custom_logo_max_width":0,"ocean_custom_logo_tablet_max_width":0,"ocean_custom_logo_mobile_max_width":0,"ocean_custom_logo_max_height":0,"ocean_custom_logo_tablet_max_height":0,"ocean_custom_logo_mobile_max_height":0,"ocean_header_custom_menu":"0","ocean_menu_typo_font_family":"0","ocean_menu_typo_font_subset":"","ocean_menu_typo_font_size":0,"ocean_menu_typo_font_size_tablet":0,"ocean_menu_typo_font_size_mobile":0,"ocean_menu_typo_font_size_unit":"px","ocean_menu_typo_font_weight":"","ocean_menu_typo_font_weight_tablet":"","ocean_menu_typo_font_weight_mobile":"","ocean_menu_typo_transform":"","ocean_menu_typo_transform_tablet":"","ocean_menu_typo_transform_mobile":"","ocean_menu_typo_line_height":0,"ocean_menu_typo_line_height_tablet":0,"ocean_menu_typo_line_height_mobile":0,"ocean_menu_typo_line_height_unit":"","ocean_menu_typo_spacing":0,"ocean_menu_typo_spacing_tablet":0,"ocean_menu_typo_spacing_mobile":0,"ocean_menu_typo_spacing_unit":"","ocean_menu_link_color":"","ocean_menu_link_color_hover":"","ocean_menu_link_color_active":"","ocean_menu_link_background":"","ocean_menu_link_hover_background":"","ocean_menu_link_active_background":"","ocean_menu_social_links_bg":"","ocean_menu_social_hover_links_bg":"","ocean_menu_social_links_color":"","ocean_menu_social_hover_links_color":"","ocean_disable_title":"default","ocean_disable_heading":"default","ocean_post_title":"","ocean_post_subheading":"","ocean_post_title_style":"","ocean_post_title_background_color":"","ocean_post_title_background":0,"ocean_post_title_bg_image_position":"","ocean_post_title_bg_image_attachment":"","ocean_post_title_bg_image_repeat":"","ocean_post_title_bg_image_size":"","ocean_post_title_height":0,"ocean_post_title_bg_overlay":0.5,"ocean_post_title_bg_overlay_color":"","ocean_disable_breadcrumbs":"default","ocean_breadcrumbs_color":"","ocean_breadcrumbs_separator_color":"","ocean_breadcrumbs_links_color":"","ocean_breadcrumbs_links_hover_color":"","ocean_display_footer_widgets":"default","ocean_display_footer_bottom":"default","ocean_custom_footer_template":"0","osh_disable_topbar_sticky":"default","osh_disable_header_sticky":"default","osh_sticky_header_style":"default","osh_sticky_header_effect":"","osh_custom_sticky_logo":0,"osh_custom_retina_sticky_logo":0,"osh_custom_sticky_logo_height":0,"osh_background_color":"","osh_links_color":"","osh_links_hover_color":"","osh_links_active_color":"","osh_links_bg_color":"","osh_links_hover_bg_color":"","osh_links_active_bg_color":"","osh_menu_social_links_color":"","osh_menu_social_hover_links_color":"","footnotes":""},"class_list":["post-1817","page","type-page","status-publish","hentry","entry","owp-thumbs-layout-horizontal","owp-btn-very-big","owp-tabs-layout-horizontal","has-no-thumbnails"],"_links":{"self":[{"href":"https:\/\/www.jinpinlub.com\/pl\/wp-json\/wp\/v2\/pages\/1817","targetHints":{"allow":["GET"]}}],"collection":[{"href":"https:\/\/www.jinpinlub.com\/pl\/wp-json\/wp\/v2\/pages"}],"about":[{"href":"https:\/\/www.jinpinlub.com\/pl\/wp-json\/wp\/v2\/types\/page"}],"author":[{"embeddable":true,"href":"https:\/\/www.jinpinlub.com\/pl\/wp-json\/wp\/v2\/users\/1"}],"replies":[{"embeddable":true,"href":"https:\/\/www.jinpinlub.com\/pl\/wp-json\/wp\/v2\/comments?post=1817"}],"version-history":[{"count":0,"href":"https:\/\/www.jinpinlub.com\/pl\/wp-json\/wp\/v2\/pages\/1817\/revisions"}],"wp:attachment":[{"href":"https:\/\/www.jinpinlub.com\/pl\/wp-json\/wp\/v2\/media?parent=1817"}],"curies":[{"name":"wp","href":"https:\/\/api.w.org\/{rel}","templated":true}]}}