{"id":2393,"date":"2024-07-16T03:34:27","date_gmt":"2024-07-16T03:34:27","guid":{"rendered":"https:\/\/www.jinpinlub.com\/?post_type=product&#038;p=2393"},"modified":"2024-08-02T09:06:09","modified_gmt":"2024-08-02T09:06:09","slug":"j203-pompa-smarowa-elektryczny-centralny-system-smarowania","status":"publish","type":"product","link":"https:\/\/www.jinpinlub.com\/pl\/product\/j203-grease-pump-electric-centralized-lubrication-pump-system\/","title":{"rendered":"J203 Pompa smarowa Elektryczny centralny system smarowania"},"content":{"rendered":"<h2>Cechy<\/h2>\n<p>1. Kompaktowa konstrukcja: Pompa smaruj\u0105ca J203 jest zaprojektowana bardzo kompaktowo, co czyni j\u0105 naprawd\u0119 kompatybiln\u0105 z instalacj\u0105 w ma\u0142ej przestrzeni. Og\u00f3lnie rzecz bior\u0105c, sk\u0142ada si\u0119 z obudowy ze zintegrowanym silnikiem, pojemnika z mieszad\u0142em \u0142opatkowym, elementu pompuj\u0105cego, smarowniczki i cz\u0119\u015bci przy\u0142\u0105czeniowych elektrycznych.<br \/>\n2. Ta pompa jest bardzo wydajna: w zale\u017cno\u015bci od d\u0142ugo\u015bci linii obs\u0142uguje do 150 punkt\u00f3w smarowania. Mo\u017ce nap\u0119dza\u0107 do trzech jednostek pompowych i mo\u017ce by\u0107 wyposa\u017cona w sterownik niskiego poziomu oleju (z p\u0142yt\u0105 sterownicz\u0105 lub bez niej), aby zapewni\u0107 ci\u0105g\u0142\u0105 prac\u0119 uk\u0142adu smarowania.<br \/>\n3. Regulacja ustawie\u0144 wielofunkcyjnych: W zale\u017cno\u015bci od wymaga\u0144 zastosowania u\u017cytkownik mo\u017ce regulowa\u0107 wiele ustawie\u0144 roboczych za pomoc\u0105 p\u0142ytki drukowanej steruj\u0105cej pompy smarowniczej J203.<br \/>\n4. Szeroki zakres zastosowa\u0144: zasilanie pr\u0105dem sta\u0142ym lub przemiennym, r\u00f3\u017cne rodzaje zbiornik\u00f3w oleju, elementy pompuj\u0105ce dostosowane do r\u00f3\u017cnych wymaga\u0144 wydajno\u015bciowych.<br \/>\n5. Trwa\u0142o\u015b\u0107: Dzi\u0119ki wysoce skutecznym materia\u0142om J203 dzia\u0142a w ekstremalnych temperaturach. Dlatego P203 ma zakres temperatur roboczych od \u201340 do +70 \u00baC (pr\u0105d sta\u0142y) i od \u201325 do +70 \u00baC (pr\u0105d przemienny).<\/p>\n<h2>Specyfikacja<\/h2>\n<table>\n<tbody>\n<tr>\n<td>Temperatura pracy<\/td>\n<td>(-40\u00b0C do +70\u00b0C)<\/td>\n<\/tr>\n<tr>\n<td>Liczba wyj\u015b\u0107<\/td>\n<td>1, 2 lub 3<\/td>\n<\/tr>\n<tr>\n<td>Pojemno\u015b\u0107 zbiornika<\/td>\n<td>2L, 4L, 8L<\/td>\n<\/tr>\n<tr>\n<td>Uzupe\u0142nianie<\/td>\n<td>Przy\u0142\u0105cze smarowania hydraulicznego lub od g\u00f3ry<\/td>\n<\/tr>\n<tr>\n<td>Smar<\/td>\n<td>Smary o klasie NLGI co najmniej 2, Oleje do 40 mm\u00b2\/s (cSt) w temp. 40\u00b0 C<\/td>\n<\/tr>\n<tr>\n<td>Klasa ochrony<\/td>\n<td>IP6K 9K<\/td>\n<\/tr>\n<tr>\n<td>\u015arednica t\u0142oka, K5<\/td>\n<td>5 mm, ok. 2 cm\u00b3\/min<\/td>\n<\/tr>\n<tr>\n<td>\u015arednica t\u0142oka (standardowa) K6<\/td>\n<td>6 mm, ok. 2,8 cm\u00b3\/min<\/td>\n<\/tr>\n<tr>\n<td>\u015arednica t\u0142oka, K7<\/td>\n<td>7 mm, ok. 4 cm\u00b3\/min<\/td>\n<\/tr>\n<tr>\n<td>Maksymalne ci\u015bnienie robocze<\/td>\n<td>350 bar<\/td>\n<\/tr>\n<tr>\n<td>Gwint przy\u0142\u0105czeniowy<\/td>\n<td>G 1\/4<\/td>\n<\/tr>\n<tr>\n<td>Napi\u0119cie robocze<\/td>\n<td>12 V pr\u0105du sta\u0142ego, 24 V pr\u0105du sta\u0142ego, 110\u2013240 V pr\u0105du przemiennego<\/td>\n<\/tr>\n<\/tbody>\n<\/table>\n<h2>Aplikacje<\/h2>\n<p>1. Sprz\u0119t mobilny: Pompy J203 s\u0105 instalowane g\u0142\u00f3wnie w szerokiej gamie sprz\u0119tu mobilnego, od \u0142adowarek ko\u0142owych i koparek po sprz\u0119t ma\u0142ej i \u015bredniej wielko\u015bci. Ten typ sprz\u0119tu cz\u0119sto by\u0142 poddawany wyj\u0105tkowo z\u0142ym warunkom pracy; dlatego niezawodny system smarowania jest niezwykle niezb\u0119dny do normalnej pracy.<br \/>\n2. Przemys\u0142 og\u00f3lny: Pompa J203 w zastosowaniach przemys\u0142owych s\u0142u\u017cy do smarowania wszystkich urz\u0105dze\u0144 mechanicznych, g\u0142\u00f3wnie kombajn\u00f3w, pras i sieczkarni.<br \/>\n3. Zastosowania specjalne: Ta pompa jest odpowiednia do niekt\u00f3rych zastosowa\u0144 specjalnych, takich jak przemys\u0142 spo\u017cywczy i napojowy. Dlatego te\u017c jej komponenty pompy s\u0105 wykonane ze stali niklowanej, a \u015brodki smarne stosowane w tych pompach s\u0105 zgodne z kryteriami smarowania klasy spo\u017cywczej.<\/p>\n<h2>Instrukcje<\/h2>\n<div class=\"sdm_download_button_box_default\"><div class=\"sdm_download_link\"><a href=\"https:\/\/www.jinpinlub.com\/pl\/?sdm_process_download=1&download_id=2429\" class=\"sdm_download white\" title=\"Prywatne: J203 Grease Pump\" target=\"&quot;_blank&quot;\">Wy\u015bwietl arkusz danych - Pompa smaru J203<\/a><\/div><\/div>","protected":false},"excerpt":{"rendered":"<p>Pompa smarownicza J203 to wszechstronny, kompaktowy, stosunkowo niedrogi system smarowania, kt\u00f3ry znajduje zastosowanie w wielu r\u00f3\u017cnych urz\u0105dzeniach przemys\u0142owych i mobilnych. Zosta\u0142 zaprojektowany, aby zapewni\u0107 wydajne i niezawodne rozwi\u0105zania smarownicze, aby zapewni\u0107 normaln\u0105 prac\u0119 i wyd\u0142u\u017con\u0105 \u017cywotno\u015b\u0107 urz\u0105dze\u0144.<\/p>","protected":false},"featured_media":2394,"template":"","meta":{"ocean_post_layout":"","ocean_both_sidebars_style":"","ocean_both_sidebars_content_width":0,"ocean_both_sidebars_sidebars_width":0,"ocean_sidebar":"0","ocean_second_sidebar":"0","ocean_disable_margins":"enable","ocean_add_body_class":"","ocean_shortcode_before_top_bar":"","ocean_shortcode_after_top_bar":"","ocean_shortcode_before_header":"","ocean_shortcode_after_header":"","ocean_has_shortcode":"","ocean_shortcode_after_title":"","ocean_shortcode_before_footer_widgets":"","ocean_shortcode_after_footer_widgets":"","ocean_shortcode_before_footer_bottom":"","ocean_shortcode_after_footer_bottom":"","ocean_display_top_bar":"default","ocean_display_header":"default","ocean_header_style":"","ocean_center_header_left_menu":"0","ocean_custom_header_template":"0","ocean_custom_logo":0,"ocean_custom_retina_logo":0,"ocean_custom_logo_max_width":0,"ocean_custom_logo_tablet_max_width":0,"ocean_custom_logo_mobile_max_width":0,"ocean_custom_logo_max_height":0,"ocean_custom_logo_tablet_max_height":0,"ocean_custom_logo_mobile_max_height":0,"ocean_header_custom_menu":"0","ocean_menu_typo_font_family":"0","ocean_menu_typo_font_subset":"","ocean_menu_typo_font_size":0,"ocean_menu_typo_font_size_tablet":0,"ocean_menu_typo_font_size_mobile":0,"ocean_menu_typo_font_size_unit":"px","ocean_menu_typo_font_weight":"","ocean_menu_typo_font_weight_tablet":"","ocean_menu_typo_font_weight_mobile":"","ocean_menu_typo_transform":"","ocean_menu_typo_transform_tablet":"","ocean_menu_typo_transform_mobile":"","ocean_menu_typo_line_height":0,"ocean_menu_typo_line_height_tablet":0,"ocean_menu_typo_line_height_mobile":0,"ocean_menu_typo_line_height_unit":"","ocean_menu_typo_spacing":0,"ocean_menu_typo_spacing_tablet":0,"ocean_menu_typo_spacing_mobile":0,"ocean_menu_typo_spacing_unit":"","ocean_menu_link_color":"","ocean_menu_link_color_hover":"","ocean_menu_link_color_active":"","ocean_menu_link_background":"","ocean_menu_link_hover_background":"","ocean_menu_link_active_background":"","ocean_menu_social_links_bg":"","ocean_menu_social_hover_links_bg":"","ocean_menu_social_links_color":"","ocean_menu_social_hover_links_color":"","ocean_disable_title":"default","ocean_disable_heading":"default","ocean_post_title":"","ocean_post_subheading":"","ocean_post_title_style":"","ocean_post_title_background_color":"","ocean_post_title_background":0,"ocean_post_title_bg_image_position":"","ocean_post_title_bg_image_attachment":"","ocean_post_title_bg_image_repeat":"","ocean_post_title_bg_image_size":"","ocean_post_title_height":0,"ocean_post_title_bg_overlay":0.5,"ocean_post_title_bg_overlay_color":"","ocean_disable_breadcrumbs":"default","ocean_breadcrumbs_color":"","ocean_breadcrumbs_separator_color":"","ocean_breadcrumbs_links_color":"","ocean_breadcrumbs_links_hover_color":"","ocean_display_footer_widgets":"default","ocean_display_footer_bottom":"default","ocean_custom_footer_template":"0","osh_disable_topbar_sticky":"default","osh_disable_header_sticky":"default","osh_sticky_header_style":"default","osh_sticky_header_effect":"","osh_custom_sticky_logo":0,"osh_custom_retina_sticky_logo":0,"osh_custom_sticky_logo_height":0,"osh_background_color":"","osh_links_color":"","osh_links_hover_color":"","osh_links_active_color":"","osh_links_bg_color":"","osh_links_hover_bg_color":"","osh_links_active_bg_color":"","osh_menu_social_links_color":"","osh_menu_social_hover_links_color":""},"product_brand":[],"product_cat":[42,41],"product_tag":[73,71,72],"class_list":{"0":"post-2393","1":"product","2":"type-product","3":"status-publish","4":"has-post-thumbnail","6":"product_cat-electric-progressive-pumps","7":"product_cat-progressive-grease-systems","8":"product_tag-electric-lubrication-pump","9":"product_tag-lubrication-pump","10":"product_tag-lubrication-system","12":"entry","13":"has-media","15":"first","16":"instock","17":"featured","18":"shipping-taxable","19":"product-type-external","20":"col","21":"span_1_of_3","22":"owp-content-center","23":"owp-thumbs-layout-horizontal","24":"owp-btn-very-big","25":"owp-tabs-layout-horizontal"},"_links":{"self":[{"href":"https:\/\/www.jinpinlub.com\/pl\/wp-json\/wp\/v2\/product\/2393","targetHints":{"allow":["GET"]}}],"collection":[{"href":"https:\/\/www.jinpinlub.com\/pl\/wp-json\/wp\/v2\/product"}],"about":[{"href":"https:\/\/www.jinpinlub.com\/pl\/wp-json\/wp\/v2\/types\/product"}],"wp:featuredmedia":[{"embeddable":true,"href":"https:\/\/www.jinpinlub.com\/pl\/wp-json\/wp\/v2\/media\/2394"}],"wp:attachment":[{"href":"https:\/\/www.jinpinlub.com\/pl\/wp-json\/wp\/v2\/media?parent=2393"}],"wp:term":[{"taxonomy":"product_brand","embeddable":true,"href":"https:\/\/www.jinpinlub.com\/pl\/wp-json\/wp\/v2\/product_brand?post=2393"},{"taxonomy":"product_cat","embeddable":true,"href":"https:\/\/www.jinpinlub.com\/pl\/wp-json\/wp\/v2\/product_cat?post=2393"},{"taxonomy":"product_tag","embeddable":true,"href":"https:\/\/www.jinpinlub.com\/pl\/wp-json\/wp\/v2\/product_tag?post=2393"}],"curies":[{"name":"wp","href":"https:\/\/api.w.org\/{rel}","templated":true}]}}