{"id":2437,"date":"2024-07-16T09:24:04","date_gmt":"2024-07-16T09:24:04","guid":{"rendered":"https:\/\/www.jinpinlub.com\/?post_type=product&#038;p=2437"},"modified":"2025-01-11T11:50:24","modified_gmt":"2025-01-11T03:50:24","slug":"pompa-smarownicza-j203-do-progresywnego-systemu-smarowania","status":"publish","type":"product","link":"https:\/\/www.jinpinlub.com\/pl\/product\/j203-grease-lubricaton-pump-for-progressive-lubrication-system\/","title":{"rendered":"Pompa smaruj\u0105ca J203 do progresywnego uk\u0142adu smarowania"},"content":{"rendered":"<h2>Cechy<\/h2>\n<p>1. Wysoka wydajno\u015b\u0107: J203 wykorzystuje zaawansowan\u0105 technologi\u0119 pomp t\u0142okowych, aby zagwarantowa\u0107 stabiln\u0105 dostaw\u0119 przy wysokim ci\u015bnieniu i du\u017cej pr\u0119dko\u015bci, co znacznie zwi\u0119ksza wydajno\u015b\u0107 smarowania.<br \/>\n2. Niezawodno\u015b\u0107: Korpus pompy smarowniczej wykonany jest z materia\u0142\u00f3w o wysokiej wytrzyma\u0142o\u015bci, a rygorystyczna kontrola jako\u015bci i testy gwarantuj\u0105 d\u0142ugoterminow\u0105, stabiln\u0105 prac\u0119 w r\u00f3\u017cnych warunkach pracy.<br \/>\n3. Regulowane: Ci\u015bnienie wyj\u015bciowe i przep\u0142yw pompy smarowej mo\u017cna regulowa\u0107 w zale\u017cno\u015bci od rzeczywistych potrzeb, tak aby spe\u0142ni\u0107 wymagania smarownicze r\u00f3\u017cnego sprz\u0119tu.<br \/>\n4. Bezpiecze\u0144stwo: Kilka zestaw\u00f3w zabezpiecze\u0144, takich jak zabezpieczenie przed przeci\u0105\u017ceniem i alarm ci\u015bnieniowy, zapewniaj\u0105 terminowe wy\u0142\u0105czenie sprz\u0119tu w przypadku wyst\u0105pienia nietypowych warunk\u00f3w, aby unikn\u0105\u0107 uszkodze\u0144 i wypadk\u00f3w.<\/p>\n<h2>Specyfikacja<\/h2>\n<table>\n<tbody>\n<tr>\n<td>Temperatura pracy<\/td>\n<td>(-40\u00b0C do +70\u00b0C)<\/td>\n<\/tr>\n<tr>\n<td>Liczba wyj\u015b\u0107<\/td>\n<td>1, 2 lub 3<\/td>\n<\/tr>\n<tr>\n<td>Pojemno\u015b\u0107 zbiornika<\/td>\n<td>2L, 4L, 8L<\/td>\n<\/tr>\n<tr>\n<td>Uzupe\u0142nianie<\/td>\n<td>Przy\u0142\u0105cze smarowania hydraulicznego lub od g\u00f3ry<\/td>\n<\/tr>\n<tr>\n<td>Smar<\/td>\n<td>Smary o klasie NLGI co najmniej 2, Oleje do 40 mm\u00b2\/s (cSt) w temp. 40\u00b0 C<\/td>\n<\/tr>\n<tr>\n<td>Klasa ochrony<\/td>\n<td>IP6K 9K<\/td>\n<\/tr>\n<tr>\n<td>\u015arednica t\u0142oka, K5<\/td>\n<td>5 mm, ok. 2 cm\u00b3\/min<\/td>\n<\/tr>\n<tr>\n<td>\u015arednica t\u0142oka (standardowa) K6<\/td>\n<td>6 mm, ok. 2,8 cm\u00b3\/min<\/td>\n<\/tr>\n<tr>\n<td>\u015arednica t\u0142oka, K7<\/td>\n<td>7 mm, ok. 4 cm\u00b3\/min<\/td>\n<\/tr>\n<tr>\n<td>Maksymalne ci\u015bnienie robocze<\/td>\n<td>350 bar<\/td>\n<\/tr>\n<tr>\n<td>Gwint przy\u0142\u0105czeniowy<\/td>\n<td>G 1\/4<\/td>\n<\/tr>\n<tr>\n<td>Napi\u0119cie robocze<\/td>\n<td>12 V pr\u0105du sta\u0142ego, 24 V pr\u0105du sta\u0142ego, 110\u2013240 V pr\u0105du przemiennego<\/td>\n<\/tr>\n<\/tbody>\n<\/table>\n<h2>Aplikacje<\/h2>\n<p>1. Produkcja maszyn: Zapewnia ci\u0105g\u0142y i stabilny system smarowania dla niekt\u00f3rych wa\u017cnych podzespo\u0142\u00f3w, takich jak \u0142o\u017cyska i przek\u0142adnie stosowane w obrabiarkach, maszynach budowlanych i maszynach g\u00f3rniczych.<br \/>\n2. Transport: Praca przy g\u0142\u00f3wnych cz\u0119\u015bciach silnik\u00f3w i uk\u0142adach przeniesienia nap\u0119du \u015brodk\u00f3w transportu l\u0105dowego, wodnego i powietrznego.<br \/>\n3. Petrochemia: W produkcji sprz\u0119tu dla przemys\u0142u petrochemicznego gwarantuje si\u0119 jego p\u0142ynn\u0105 prac\u0119 oraz zmniejsza zu\u017cycie i awarie kluczowych urz\u0105dze\u0144.<br \/>\n4. Metalurgia \u017celaza i stali: Wsparcie system\u00f3w smarowania linii produkcyjnych walcowni, urz\u0105dze\u0144 do wytopu stali i innych.<\/p>\n<h2>Instrukcje<\/h2>\n<div class=\"sdm_download_button_box_default\"><div class=\"sdm_download_link\"><a href=\"https:\/\/www.jinpinlub.com\/pl\/?sdm_process_download=1&download_id=2429\" class=\"sdm_download white\" title=\"Prywatne: J203 Grease Pump\" target=\"&quot;_blank&quot;\">Wy\u015bwietl arkusz danych - Pompa smaru J203<\/a><\/div><\/div>","protected":false},"excerpt":{"rendered":"<p>Pompa smaruj\u0105ca J203 to profesjonalna pompa smaruj\u0105ca przeznaczona do zastosowa\u0144 przemys\u0142owych. Przyjmuje energooszcz\u0119dn\u0105 konstrukcj\u0119 i mo\u017ce zapewni\u0107 stabilne i ci\u0105g\u0142e wyj\u015bcie smaru do smarowania kluczowych cz\u0119\u015bci sprz\u0119tu, skutecznie wyd\u0142u\u017caj\u0105c tym samym \u017cywotno\u015b\u0107 sprz\u0119tu.<\/p>","protected":false},"featured_media":2438,"template":"","meta":{"ocean_post_layout":"","ocean_both_sidebars_style":"","ocean_both_sidebars_content_width":0,"ocean_both_sidebars_sidebars_width":0,"ocean_sidebar":"0","ocean_second_sidebar":"0","ocean_disable_margins":"enable","ocean_add_body_class":"","ocean_shortcode_before_top_bar":"","ocean_shortcode_after_top_bar":"","ocean_shortcode_before_header":"","ocean_shortcode_after_header":"","ocean_has_shortcode":"","ocean_shortcode_after_title":"","ocean_shortcode_before_footer_widgets":"","ocean_shortcode_after_footer_widgets":"","ocean_shortcode_before_footer_bottom":"","ocean_shortcode_after_footer_bottom":"","ocean_display_top_bar":"default","ocean_display_header":"default","ocean_header_style":"","ocean_center_header_left_menu":"0","ocean_custom_header_template":"0","ocean_custom_logo":0,"ocean_custom_retina_logo":0,"ocean_custom_logo_max_width":0,"ocean_custom_logo_tablet_max_width":0,"ocean_custom_logo_mobile_max_width":0,"ocean_custom_logo_max_height":0,"ocean_custom_logo_tablet_max_height":0,"ocean_custom_logo_mobile_max_height":0,"ocean_header_custom_menu":"0","ocean_menu_typo_font_family":"0","ocean_menu_typo_font_subset":"","ocean_menu_typo_font_size":0,"ocean_menu_typo_font_size_tablet":0,"ocean_menu_typo_font_size_mobile":0,"ocean_menu_typo_font_size_unit":"px","ocean_menu_typo_font_weight":"","ocean_menu_typo_font_weight_tablet":"","ocean_menu_typo_font_weight_mobile":"","ocean_menu_typo_transform":"","ocean_menu_typo_transform_tablet":"","ocean_menu_typo_transform_mobile":"","ocean_menu_typo_line_height":0,"ocean_menu_typo_line_height_tablet":0,"ocean_menu_typo_line_height_mobile":0,"ocean_menu_typo_line_height_unit":"","ocean_menu_typo_spacing":0,"ocean_menu_typo_spacing_tablet":0,"ocean_menu_typo_spacing_mobile":0,"ocean_menu_typo_spacing_unit":"","ocean_menu_link_color":"","ocean_menu_link_color_hover":"","ocean_menu_link_color_active":"","ocean_menu_link_background":"","ocean_menu_link_hover_background":"","ocean_menu_link_active_background":"","ocean_menu_social_links_bg":"","ocean_menu_social_hover_links_bg":"","ocean_menu_social_links_color":"","ocean_menu_social_hover_links_color":"","ocean_disable_title":"default","ocean_disable_heading":"default","ocean_post_title":"","ocean_post_subheading":"","ocean_post_title_style":"","ocean_post_title_background_color":"","ocean_post_title_background":0,"ocean_post_title_bg_image_position":"","ocean_post_title_bg_image_attachment":"","ocean_post_title_bg_image_repeat":"","ocean_post_title_bg_image_size":"","ocean_post_title_height":0,"ocean_post_title_bg_overlay":0.5,"ocean_post_title_bg_overlay_color":"","ocean_disable_breadcrumbs":"default","ocean_breadcrumbs_color":"","ocean_breadcrumbs_separator_color":"","ocean_breadcrumbs_links_color":"","ocean_breadcrumbs_links_hover_color":"","ocean_display_footer_widgets":"default","ocean_display_footer_bottom":"default","ocean_custom_footer_template":"0","osh_disable_topbar_sticky":"default","osh_disable_header_sticky":"default","osh_sticky_header_style":"default","osh_sticky_header_effect":"","osh_custom_sticky_logo":0,"osh_custom_retina_sticky_logo":0,"osh_custom_sticky_logo_height":0,"osh_background_color":"","osh_links_color":"","osh_links_hover_color":"","osh_links_active_color":"","osh_links_bg_color":"","osh_links_hover_bg_color":"","osh_links_active_bg_color":"","osh_menu_social_links_color":"","osh_menu_social_hover_links_color":""},"product_brand":[],"product_cat":[42,41],"product_tag":[74,73,75],"class_list":{"0":"post-2437","1":"product","2":"type-product","3":"status-publish","4":"has-post-thumbnail","6":"product_cat-electric-progressive-pumps","7":"product_cat-progressive-grease-systems","8":"product_tag-automatic-lubrication-pump","9":"product_tag-electric-lubrication-pump","10":"product_tag-electric-lubrication-station","12":"entry","13":"has-media","15":"first","16":"instock","17":"shipping-taxable","18":"product-type-external","19":"col","20":"span_1_of_3","21":"owp-content-center","22":"owp-thumbs-layout-horizontal","23":"owp-btn-very-big","24":"owp-tabs-layout-horizontal"},"_links":{"self":[{"href":"https:\/\/www.jinpinlub.com\/pl\/wp-json\/wp\/v2\/product\/2437","targetHints":{"allow":["GET"]}}],"collection":[{"href":"https:\/\/www.jinpinlub.com\/pl\/wp-json\/wp\/v2\/product"}],"about":[{"href":"https:\/\/www.jinpinlub.com\/pl\/wp-json\/wp\/v2\/types\/product"}],"wp:featuredmedia":[{"embeddable":true,"href":"https:\/\/www.jinpinlub.com\/pl\/wp-json\/wp\/v2\/media\/2438"}],"wp:attachment":[{"href":"https:\/\/www.jinpinlub.com\/pl\/wp-json\/wp\/v2\/media?parent=2437"}],"wp:term":[{"taxonomy":"product_brand","embeddable":true,"href":"https:\/\/www.jinpinlub.com\/pl\/wp-json\/wp\/v2\/product_brand?post=2437"},{"taxonomy":"product_cat","embeddable":true,"href":"https:\/\/www.jinpinlub.com\/pl\/wp-json\/wp\/v2\/product_cat?post=2437"},{"taxonomy":"product_tag","embeddable":true,"href":"https:\/\/www.jinpinlub.com\/pl\/wp-json\/wp\/v2\/product_tag?post=2437"}],"curies":[{"name":"wp","href":"https:\/\/api.w.org\/{rel}","templated":true}]}}