{"id":2447,"date":"2024-07-16T20:25:08","date_gmt":"2024-07-16T20:25:08","guid":{"rendered":"https:\/\/www.jinpinlub.com\/?post_type=product&#038;p=2447"},"modified":"2024-08-06T09:30:27","modified_gmt":"2024-08-06T09:30:27","slug":"dpb1-wysokiej-jakosci-rozdzielacz-oleju-cisnieniowego-do-pompy-objetosciowej","status":"publish","type":"product","link":"https:\/\/www.jinpinlub.com\/pl\/product\/dpb1-high-quality-pressurized-oil-distributor-for-volume-pump\/","title":{"rendered":"DPB1 Wysokiej Jako\u015bci Dystrybutor Oleju Ci\u015bnieniowego Do Pompy Obj\u0119to\u015bciowej"},"content":{"rendered":"<h2>Cechy<\/h2>\n<p>1. Dok\u0142adne roz\u0142adowanie, mo\u017cna wybra\u0107 w oparciu o wymagania punktu smarowania.<br \/>\n2. U\u017cywany jest z pomp\u0105 obj\u0119to\u015bciow\u0105 w celu t\u0142oczenia \u015brodka smarnego, gdy ci\u015bnienie wyj\u015bciowe pompy osi\u0105gnie ci\u015bnienie dystrybutora.<br \/>\n3. Standardowym stylem jest typ tulejowy z \u0142\u0105cznikami typu tulejowego.<br \/>\n4. Zaleca si\u0119 stosowanie szybkoz\u0142\u0105czki z rurk\u0105 nylonow\u0105.<\/p>\n<h2>Specyfikacja<\/h2>\n<table>\n<tbody>\n<tr>\n<td>Zasada dzia\u0142ania<\/td>\n<td>Rozdzielacz ci\u015bnieniowy<\/td>\n<\/tr>\n<tr>\n<td>Punkty sprzeda\u017cy<\/td>\n<td>2, 3, 4, 5, 6, 8 ,10<\/td>\n<\/tr>\n<tr>\n<td>Dozowanie ilo\u015bci oleju<\/td>\n<td>0,03, 0,06, 0,10, 0,16 ml\/cykl<\/td>\n<\/tr>\n<tr>\n<td>Smar<\/td>\n<td>32~90 cSt@40\u00b0C (olej), \u2264NLGI 0 (smar)<\/td>\n<\/tr>\n<tr>\n<td>Temperatura pracy<\/td>\n<td>0 do +80 \u00b0C<\/td>\n<\/tr>\n<tr>\n<td>Ci\u015bnienie robocze<\/td>\n<td>8~30bar (olej), 20~50bar (smar)<\/td>\n<\/tr>\n<tr>\n<td>Tworzywo<\/td>\n<td>Odlew cynkowy, mosi\u0105dz<\/td>\n<\/tr>\n<tr>\n<td>Gniazdo przy\u0142\u0105czeniowe<\/td>\n<td>Wlot \u03a66(M10x1), Wylot \u03a64(M8x1)<\/td>\n<\/tr>\n<tr>\n<td>Z\u0142\u0105czki wylotowe<\/td>\n<td>Typ r\u0119kawa, Typ szybki<\/td>\n<\/tr>\n<tr>\n<td>Pozycja monta\u017cowa<\/td>\n<td>Ka\u017cdy<\/td>\n<\/tr>\n<\/tbody>\n<\/table>\n<h2>Zasada<\/h2>\n<p>1. Pompowany olej wypycha zaw\u00f3r parasolowy w rozdzielaczu.<br \/>\n2. Po zamkni\u0119ciu przez zaw\u00f3r parasolowy otworu \u015brodkowego pr\u0119ta rdzeniowego, ci\u015bnienie oleju zmusza t\u0142ok do podniesienia si\u0119 wbrew sile spr\u0119\u017cyny<br \/>\ni wypu\u015bci\u0107 olej pierwotnie zgromadzony w g\u00f3rnej komorze.<br \/>\n3. Gdy t\u0142ok przesunie si\u0119 do g\u00f3rnej cz\u0119\u015bci komory olejowej, wyp\u0142yw oleju zostanie zako\u0144czony.<br \/>\n4. Gdy pompa przestaje dostarcza\u0107 olej, uruchamia si\u0119 zaw\u00f3r bezpiecze\u0144stwa, ci\u015bnienie w uk\u0142adzie spada, a t\u0142ok<br \/>\npowraca pod wp\u0142ywem si\u0142y spr\u0119\u017cyny. Gdy zaw\u00f3r parasolowy zamyka wlot oleju, t\u0142ok naciska olej w dolnej komorze, aby<br \/>\ng\u00f3rna komora przez ma\u0142y otw\u00f3r pr\u0119ta rdzeniowego, a gromadzenie oleju na nast\u0119pny cykl jest zako\u0144czone.<\/p>\n<h2>Instrukcje<\/h2>\n<div class=\"sdm_download_button_box_default\"><div class=\"sdm_download_link\"><a href=\"https:\/\/www.jinpinlub.com\/pl\/?sdm_process_download=1&download_id=2458\" class=\"sdm_download white\" title=\"Prywatne: DPB Lubrication Distributor\" target=\"&quot;_blank&quot;\">Zobacz arkusz danych - Dystrybutor DPB<\/a><\/div><\/div>","protected":false},"excerpt":{"rendered":"<p>Dystrybutor ci\u015bnieniowy DPB1 to urz\u0105dzenie stosowane w uk\u0142adach smarowania obj\u0119to\u015bciowego, g\u0142\u00f3wnie do dok\u0142adnego kontrolowania dystrybucji oleju smarowego. Zazwyczaj przyjmuje struktur\u0119 spr\u0119\u017cynowo-t\u0142okow\u0105, aby uzyska\u0107 magazynowanie i roz\u0142adowywanie oleju poprzez spr\u0119\u017canie i dekompresj\u0119 uk\u0142adu.<\/p>","protected":false},"featured_media":2448,"template":"","meta":{"ocean_post_layout":"","ocean_both_sidebars_style":"","ocean_both_sidebars_content_width":0,"ocean_both_sidebars_sidebars_width":0,"ocean_sidebar":"0","ocean_second_sidebar":"0","ocean_disable_margins":"enable","ocean_add_body_class":"","ocean_shortcode_before_top_bar":"","ocean_shortcode_after_top_bar":"","ocean_shortcode_before_header":"","ocean_shortcode_after_header":"","ocean_has_shortcode":"","ocean_shortcode_after_title":"","ocean_shortcode_before_footer_widgets":"","ocean_shortcode_after_footer_widgets":"","ocean_shortcode_before_footer_bottom":"","ocean_shortcode_after_footer_bottom":"","ocean_display_top_bar":"default","ocean_display_header":"default","ocean_header_style":"","ocean_center_header_left_menu":"0","ocean_custom_header_template":"0","ocean_custom_logo":0,"ocean_custom_retina_logo":0,"ocean_custom_logo_max_width":0,"ocean_custom_logo_tablet_max_width":0,"ocean_custom_logo_mobile_max_width":0,"ocean_custom_logo_max_height":0,"ocean_custom_logo_tablet_max_height":0,"ocean_custom_logo_mobile_max_height":0,"ocean_header_custom_menu":"0","ocean_menu_typo_font_family":"0","ocean_menu_typo_font_subset":"","ocean_menu_typo_font_size":0,"ocean_menu_typo_font_size_tablet":0,"ocean_menu_typo_font_size_mobile":0,"ocean_menu_typo_font_size_unit":"px","ocean_menu_typo_font_weight":"","ocean_menu_typo_font_weight_tablet":"","ocean_menu_typo_font_weight_mobile":"","ocean_menu_typo_transform":"","ocean_menu_typo_transform_tablet":"","ocean_menu_typo_transform_mobile":"","ocean_menu_typo_line_height":0,"ocean_menu_typo_line_height_tablet":0,"ocean_menu_typo_line_height_mobile":0,"ocean_menu_typo_line_height_unit":"","ocean_menu_typo_spacing":0,"ocean_menu_typo_spacing_tablet":0,"ocean_menu_typo_spacing_mobile":0,"ocean_menu_typo_spacing_unit":"","ocean_menu_link_color":"","ocean_menu_link_color_hover":"","ocean_menu_link_color_active":"","ocean_menu_link_background":"","ocean_menu_link_hover_background":"","ocean_menu_link_active_background":"","ocean_menu_social_links_bg":"","ocean_menu_social_hover_links_bg":"","ocean_menu_social_links_color":"","ocean_menu_social_hover_links_color":"","ocean_disable_title":"default","ocean_disable_heading":"default","ocean_post_title":"","ocean_post_subheading":"","ocean_post_title_style":"","ocean_post_title_background_color":"","ocean_post_title_background":0,"ocean_post_title_bg_image_position":"","ocean_post_title_bg_image_attachment":"","ocean_post_title_bg_image_repeat":"","ocean_post_title_bg_image_size":"","ocean_post_title_height":0,"ocean_post_title_bg_overlay":0.5,"ocean_post_title_bg_overlay_color":"","ocean_disable_breadcrumbs":"default","ocean_breadcrumbs_color":"","ocean_breadcrumbs_separator_color":"","ocean_breadcrumbs_links_color":"","ocean_breadcrumbs_links_hover_color":"","ocean_display_footer_widgets":"default","ocean_display_footer_bottom":"default","ocean_custom_footer_template":"0","osh_disable_topbar_sticky":"default","osh_disable_header_sticky":"default","osh_sticky_header_style":"default","osh_sticky_header_effect":"","osh_custom_sticky_logo":0,"osh_custom_retina_sticky_logo":0,"osh_custom_sticky_logo_height":0,"osh_background_color":"","osh_links_color":"","osh_links_hover_color":"","osh_links_active_color":"","osh_links_bg_color":"","osh_links_hover_bg_color":"","osh_links_active_bg_color":"","osh_menu_social_links_color":"","osh_menu_social_hover_links_color":""},"product_brand":[],"product_cat":[49,47],"product_tag":[81,80,79],"class_list":{"0":"post-2447","1":"product","2":"type-product","3":"status-publish","4":"has-post-thumbnail","6":"product_cat-volumetric-oil-injectors","7":"product_cat-volumetric-thin-oil-systems","8":"product_tag-pressurized-oil-distributor","9":"product_tag-volumetric-oil-distributor","10":"product_tag-volumetric-oil-injector","12":"entry","13":"has-media","15":"first","16":"instock","17":"shipping-taxable","18":"product-type-external","19":"col","20":"span_1_of_3","21":"owp-content-center","22":"owp-thumbs-layout-horizontal","23":"owp-btn-very-big","24":"owp-tabs-layout-horizontal"},"_links":{"self":[{"href":"https:\/\/www.jinpinlub.com\/pl\/wp-json\/wp\/v2\/product\/2447","targetHints":{"allow":["GET"]}}],"collection":[{"href":"https:\/\/www.jinpinlub.com\/pl\/wp-json\/wp\/v2\/product"}],"about":[{"href":"https:\/\/www.jinpinlub.com\/pl\/wp-json\/wp\/v2\/types\/product"}],"wp:featuredmedia":[{"embeddable":true,"href":"https:\/\/www.jinpinlub.com\/pl\/wp-json\/wp\/v2\/media\/2448"}],"wp:attachment":[{"href":"https:\/\/www.jinpinlub.com\/pl\/wp-json\/wp\/v2\/media?parent=2447"}],"wp:term":[{"taxonomy":"product_brand","embeddable":true,"href":"https:\/\/www.jinpinlub.com\/pl\/wp-json\/wp\/v2\/product_brand?post=2447"},{"taxonomy":"product_cat","embeddable":true,"href":"https:\/\/www.jinpinlub.com\/pl\/wp-json\/wp\/v2\/product_cat?post=2447"},{"taxonomy":"product_tag","embeddable":true,"href":"https:\/\/www.jinpinlub.com\/pl\/wp-json\/wp\/v2\/product_tag?post=2447"}],"curies":[{"name":"wp","href":"https:\/\/api.w.org\/{rel}","templated":true}]}}