{"id":2485,"date":"2024-07-17T02:49:22","date_gmt":"2024-07-17T02:49:22","guid":{"rendered":"https:\/\/www.jinpinlub.com\/?post_type=product&#038;p=2485"},"modified":"2024-07-17T04:02:47","modified_gmt":"2024-07-17T04:02:47","slug":"wtryskiwacz-wyporowy-lt-do-ukladu-smarowania-olejem","status":"publish","type":"product","link":"https:\/\/www.jinpinlub.com\/pl\/product\/lt-positive-displacement-injector-for-oil-lubrication-system\/","title":{"rendered":"Wtryskiwacz wyporowy LT do uk\u0142adu smarowania olejem"},"content":{"rendered":"<h2>Cechy<\/h2>\n<p>1. Musi by\u0107 wyposa\u017cony w pomp\u0119 smarownicz\u0105 do redukcji ci\u015bnienia z dok\u0142adn\u0105 ilo\u015bci\u0105 oleju, kt\u00f3r\u0105 mo\u017cna dobra\u0107 w zale\u017cno\u015bci od potrzeb.<br \/>\n2. Ka\u017cde gniazdo posiada wska\u017anik pr\u0119towy do wykrywania wizualnego, a do wykrywania sygna\u0142u mo\u017cna wybra\u0107 prze\u0142\u0105cznik zbli\u017ceniowy lub mikroprze\u0142\u0105cznik.<br \/>\n3. Standardowy wy\u0142\u0105cznik zbli\u017ceniowy jest stykiem normalnie zamkni\u0119tym, ale mo\u017cna wybra\u0107 r\u00f3wnie\u017c styk normalnie otwarty.<br \/>\n4. Mikrowy\u0142\u0105cznik mo\u017cna zamontowa\u0107 tylko przy wyj\u015bciu 0,5 ml, a styki NO i NC s\u0105 opcjonalne.<br \/>\n5. Standardowy rozdzielacz LT jest wyposa\u017cony w z\u0142\u0105cze tulejowe, a szybkoz\u0142\u0105cze jest opcjonalne.<\/p>\n<h2>Specyfikacja<\/h2>\n<table>\n<tbody>\n<tr>\n<td>Zasada dzia\u0142ania<\/td>\n<td>Wtryskiwacz wyporowy<\/td>\n<\/tr>\n<tr>\n<td>Punkty sprzeda\u017cy<\/td>\n<td>2, 3, 4, 5, 6, 7<\/td>\n<\/tr>\n<tr>\n<td>Dozowanie ilo\u015bci oleju<\/td>\n<td>0,1, 0,2, 0,3, 0,4, 0,5, 0,06 ml\/cykl<\/td>\n<\/tr>\n<tr>\n<td>Smar<\/td>\n<td>32~90 cSt w temperaturze 40\u00b0C<\/td>\n<\/tr>\n<tr>\n<td>Temperatura pracy<\/td>\n<td>0 do +80 \u00b0C<\/td>\n<\/tr>\n<tr>\n<td>Ci\u015bnienie robocze<\/td>\n<td>8~30bar<\/td>\n<\/tr>\n<tr>\n<td>Tworzywo<\/td>\n<td>Odlew cynkowy, mosi\u0105dz<\/td>\n<\/tr>\n<tr>\n<td>Gniazdo przy\u0142\u0105czeniowe<\/td>\n<td>Wlot \u03a66(M10x1), Wylot \u03a64(M8x1)<\/td>\n<\/tr>\n<tr>\n<td>Z\u0142\u0105czki wylotowe<\/td>\n<td>Typ r\u0119kawa, Typ szybki<\/td>\n<\/tr>\n<tr>\n<td>Pozycja monta\u017cowa<\/td>\n<td>Ka\u017cdy<\/td>\n<\/tr>\n<\/tbody>\n<\/table>\n<h2>Zasada<\/h2>\n<p>LT opiera si\u0119 g\u0142\u00f3wnie na dzia\u0142aniu t\u0142oka dozuj\u0105cego i wsp\u00f3\u0142pracy zaworu dwudro\u017cnego w kszta\u0142cie parasola. Gdy olej pompowany przez pomp\u0119 smaruj\u0105c\u0105 jest wtryskiwany z g\u0142\u00f3wnej rury, zaw\u00f3r dwudro\u017cny w kszta\u0142cie parasola jest popychany, tak \u017ce olej wp\u0142ywa do komory t\u0142oka i jest przet\u0142aczany przez kana\u0142. Pod wp\u0142ywem ci\u015bnienia oleju t\u0142ok dozuj\u0105cy porusza si\u0119 w d\u00f3\u0142, gromadzi olej i \u015bciska spr\u0119\u017cyn\u0119. Gdy ci\u015bnienie oleju w g\u0142\u00f3wnej rurze zostaje zwolnione (tj. nast\u0119puje odci\u0105\u017cenie ci\u015bnienia), zaw\u00f3r w kszta\u0142cie parasola porusza si\u0119 z powodu r\u00f3\u017cnicy ci\u015bnie\u0144 i otwiera jednocze\u015bnie wylot, tak \u017ce olej zgromadzony w komorze \u017cyciowej jest przesy\u0142any do rury olejowej przez wylot.<\/p>\n<h2>Instrukcje<\/h2>\n<div class=\"sdm_download_button_box_default\"><div class=\"sdm_download_link\"><a href=\"https:\/\/www.jinpinlub.com\/pl\/?sdm_process_download=1&download_id=2475\" class=\"sdm_download white\" title=\"Prywatne: LT Pressure-relief Distributor\" target=\"&quot;_blank&quot;\">Zobacz arkusz danych - Dystrybutor LT<\/a><\/div><\/div>","protected":false},"excerpt":{"rendered":"<p>Rozdzielacze bezci\u015bnieniowe LT s\u0105 powszechnie stosowane w urz\u0105dzeniach przemys\u0142owych wymagaj\u0105cych precyzyjnego smarowania, takich jak urz\u0105dzenia do walcowania na zimno, maszyny do formowania wtryskowego, maszyny do odlewania ci\u015bnieniowego itp. Wymagaj\u0105 one stabilnego zasilania olejem smaruj\u0105cym w celu zapewnienia d\u0142ugotrwa\u0142ej pracy.<\/p>","protected":false},"featured_media":2490,"template":"","meta":{"ocean_post_layout":"","ocean_both_sidebars_style":"","ocean_both_sidebars_content_width":0,"ocean_both_sidebars_sidebars_width":0,"ocean_sidebar":"0","ocean_second_sidebar":"0","ocean_disable_margins":"enable","ocean_add_body_class":"","ocean_shortcode_before_top_bar":"","ocean_shortcode_after_top_bar":"","ocean_shortcode_before_header":"","ocean_shortcode_after_header":"","ocean_has_shortcode":"","ocean_shortcode_after_title":"","ocean_shortcode_before_footer_widgets":"","ocean_shortcode_after_footer_widgets":"","ocean_shortcode_before_footer_bottom":"","ocean_shortcode_after_footer_bottom":"","ocean_display_top_bar":"default","ocean_display_header":"default","ocean_header_style":"","ocean_center_header_left_menu":"0","ocean_custom_header_template":"0","ocean_custom_logo":0,"ocean_custom_retina_logo":0,"ocean_custom_logo_max_width":0,"ocean_custom_logo_tablet_max_width":0,"ocean_custom_logo_mobile_max_width":0,"ocean_custom_logo_max_height":0,"ocean_custom_logo_tablet_max_height":0,"ocean_custom_logo_mobile_max_height":0,"ocean_header_custom_menu":"0","ocean_menu_typo_font_family":"0","ocean_menu_typo_font_subset":"","ocean_menu_typo_font_size":0,"ocean_menu_typo_font_size_tablet":0,"ocean_menu_typo_font_size_mobile":0,"ocean_menu_typo_font_size_unit":"px","ocean_menu_typo_font_weight":"","ocean_menu_typo_font_weight_tablet":"","ocean_menu_typo_font_weight_mobile":"","ocean_menu_typo_transform":"","ocean_menu_typo_transform_tablet":"","ocean_menu_typo_transform_mobile":"","ocean_menu_typo_line_height":0,"ocean_menu_typo_line_height_tablet":0,"ocean_menu_typo_line_height_mobile":0,"ocean_menu_typo_line_height_unit":"","ocean_menu_typo_spacing":0,"ocean_menu_typo_spacing_tablet":0,"ocean_menu_typo_spacing_mobile":0,"ocean_menu_typo_spacing_unit":"","ocean_menu_link_color":"","ocean_menu_link_color_hover":"","ocean_menu_link_color_active":"","ocean_menu_link_background":"","ocean_menu_link_hover_background":"","ocean_menu_link_active_background":"","ocean_menu_social_links_bg":"","ocean_menu_social_hover_links_bg":"","ocean_menu_social_links_color":"","ocean_menu_social_hover_links_color":"","ocean_disable_title":"default","ocean_disable_heading":"default","ocean_post_title":"","ocean_post_subheading":"","ocean_post_title_style":"","ocean_post_title_background_color":"","ocean_post_title_background":0,"ocean_post_title_bg_image_position":"","ocean_post_title_bg_image_attachment":"","ocean_post_title_bg_image_repeat":"","ocean_post_title_bg_image_size":"","ocean_post_title_height":0,"ocean_post_title_bg_overlay":0.5,"ocean_post_title_bg_overlay_color":"","ocean_disable_breadcrumbs":"default","ocean_breadcrumbs_color":"","ocean_breadcrumbs_separator_color":"","ocean_breadcrumbs_links_color":"","ocean_breadcrumbs_links_hover_color":"","ocean_display_footer_widgets":"default","ocean_display_footer_bottom":"default","ocean_custom_footer_template":"0","osh_disable_topbar_sticky":"default","osh_disable_header_sticky":"default","osh_sticky_header_style":"default","osh_sticky_header_effect":"","osh_custom_sticky_logo":0,"osh_custom_retina_sticky_logo":0,"osh_custom_sticky_logo_height":0,"osh_background_color":"","osh_links_color":"","osh_links_hover_color":"","osh_links_active_color":"","osh_links_bg_color":"","osh_links_hover_bg_color":"","osh_links_active_bg_color":"","osh_menu_social_links_color":"","osh_menu_social_hover_links_color":""},"product_brand":[],"product_cat":[49,47],"product_tag":[82,83,84],"class_list":{"0":"post-2485","1":"product","2":"type-product","3":"status-publish","4":"has-post-thumbnail","6":"product_cat-volumetric-oil-injectors","7":"product_cat-volumetric-thin-oil-systems","8":"product_tag-positive-displacement-injector","9":"product_tag-pressure-relief-distributor","10":"product_tag-volumetric-distributor","12":"entry","13":"has-media","15":"first","16":"instock","17":"shipping-taxable","18":"product-type-external","19":"col","20":"span_1_of_3","21":"owp-content-center","22":"owp-thumbs-layout-horizontal","23":"owp-btn-very-big","24":"owp-tabs-layout-horizontal"},"_links":{"self":[{"href":"https:\/\/www.jinpinlub.com\/pl\/wp-json\/wp\/v2\/product\/2485","targetHints":{"allow":["GET"]}}],"collection":[{"href":"https:\/\/www.jinpinlub.com\/pl\/wp-json\/wp\/v2\/product"}],"about":[{"href":"https:\/\/www.jinpinlub.com\/pl\/wp-json\/wp\/v2\/types\/product"}],"wp:featuredmedia":[{"embeddable":true,"href":"https:\/\/www.jinpinlub.com\/pl\/wp-json\/wp\/v2\/media\/2490"}],"wp:attachment":[{"href":"https:\/\/www.jinpinlub.com\/pl\/wp-json\/wp\/v2\/media?parent=2485"}],"wp:term":[{"taxonomy":"product_brand","embeddable":true,"href":"https:\/\/www.jinpinlub.com\/pl\/wp-json\/wp\/v2\/product_brand?post=2485"},{"taxonomy":"product_cat","embeddable":true,"href":"https:\/\/www.jinpinlub.com\/pl\/wp-json\/wp\/v2\/product_cat?post=2485"},{"taxonomy":"product_tag","embeddable":true,"href":"https:\/\/www.jinpinlub.com\/pl\/wp-json\/wp\/v2\/product_tag?post=2485"}],"curies":[{"name":"wp","href":"https:\/\/api.w.org\/{rel}","templated":true}]}}