{"id":2494,"date":"2024-07-17T08:36:45","date_gmt":"2024-07-17T08:36:45","guid":{"rendered":"https:\/\/www.jinpinlub.com\/?post_type=product&#038;p=2494"},"modified":"2024-08-06T18:08:15","modified_gmt":"2024-08-06T18:08:15","slug":"rozdzielacz-nadmiarowy-cisnienia-mgk-do-jednoliniowego-ukladu-smarowania","status":"publish","type":"product","link":"https:\/\/www.jinpinlub.com\/pl\/product\/mgk-pressure-relief-distributor-for-single-line-grease-system\/","title":{"rendered":"Rozdzielacz nadmiarowy ci\u015bnienia MGK do jednoprzewodowego uk\u0142adu smarowania"},"content":{"rendered":"<h2>Cechy<\/h2>\n<p>1. Zaw\u00f3r dozuj\u0105cy pod ci\u015bnieniem, typ o bezpo\u015brednim dzia\u0142aniu ci\u015bnienia.<br \/>\nCi\u015bnienie oleju dostarczane przez pomp\u0119 powoduje ruch t\u0142oka wbudowanego w zaw\u00f3r dozuj\u0105cy, co wymusza uwolnienie ilo\u015bci \u015brodka smaruj\u0105cego.<br \/>\nGdy pompa przestaje pracowa\u0107, t\u0142ok cz\u0119\u015bci dozuj\u0105cej zostaje zresetowany pod wp\u0142ywem si\u0142y spr\u0119\u017cyny, czyli nast\u0119puje magazynowanie ilo\u015bci \u015brodka smaruj\u0105cego.<br \/>\n2. Dok\u0142adne roz\u0142adowanie, cz\u0119\u015b\u0107 pomiarowa jest roz\u0142adowywana tylko raz w jednym cyklu, a odleg\u0142o\u015b\u0107 mi\u0119dzy poszczeg\u00f3lnymi elementami systemu, niezale\u017cnie od tego, czy jest ona daleko, blisko, wysoko lub nisko, poziomo lub pionowo, nie ma wp\u0142ywu na roz\u0142adowanie.<br \/>\n3. Wymuszone roz\u0142adowanie, dzia\u0142anie delikatne. Aby zapobiec cofaniu si\u0119 roz\u0142adowanego p\u0142ynu, stosuje si\u0119 dwa uszczelnienia.<br \/>\n4. Zawory dozuj\u0105ce mo\u017cna dobra\u0107 w zale\u017cno\u015bci od potrzeb danego punktu smarowania. Mo\u017cna je stosowa\u0107 w po\u0142\u0105czeniu ze z\u0142\u0105czem MGJ, szeregowo lub r\u00f3wnolegle.<br \/>\n5. Typ tulei: rurka nylonowa \u03a64 musi by\u0107 po\u0142\u0105czona ze z\u0142\u0105czem PA-4 i podw\u00f3jn\u0105 tulej\u0105 sto\u017ckow\u0105 PB-4. Typ szybkiego wtyku: mo\u017cna w\u0142o\u017cy\u0107 rurk\u0119 nylonow\u0105 \u03a64.<br \/>\n6. Dotyczy smaru NLGI 000#, 00#.<\/p>\n<h2>Specyfikacja<\/h2>\n<table>\n<tbody>\n<tr>\n<td>Zasada dzia\u0142ania<\/td>\n<td>Zaw\u00f3r dozuj\u0105cy nadmiar ci\u015bnienia<\/td>\n<\/tr>\n<tr>\n<td>Liczba punkt\u00f3w sprzeda\u017cy<\/td>\n<td>1, 2, 3, 4, 5<\/td>\n<\/tr>\n<tr>\n<td>Ilo\u015b\u0107 dozowania<\/td>\n<td>0,03, 0,05, 0,13, 0,20, 0,30, 0,50 ml\/cykl<\/td>\n<\/tr>\n<tr>\n<td>Smar<\/td>\n<td>Smar NLGI 000#, 00#.<\/td>\n<\/tr>\n<tr>\n<td>Temperatura pracy<\/td>\n<td>0 do +80 \u00b0C<\/td>\n<\/tr>\n<tr>\n<td>Ci\u015bnienie robocze<\/td>\n<td>0,5~1,5 MPa<\/td>\n<\/tr>\n<tr>\n<td>Tworzywo<\/td>\n<td>Mied\u017a, stop aluminium<\/td>\n<\/tr>\n<tr>\n<td>Gniazdo przy\u0142\u0105czeniowe<\/td>\n<td>Wlot Rc1\/8, Wylot \u03a64(Rc1\/8)<\/td>\n<\/tr>\n<tr>\n<td>Z\u0142\u0105czki wylotowe<\/td>\n<td>Typ r\u0119kawa, Typ szybki<\/td>\n<\/tr>\n<tr>\n<td>Pozycja monta\u017cowa<\/td>\n<td>Ka\u017cdy<\/td>\n<\/tr>\n<\/tbody>\n<\/table>\n<h2>Aplikacja<\/h2>\n<p>Jednoliniowe specjalne dystrybutory do system\u00f3w smarowania smarem hydraulicznym s\u0105 szeroko stosowane w urz\u0105dzeniach mechanicznych wymagaj\u0105cych precyzyjnego smarowania, takich jak maszyny budowlane, maszyny g\u00f3rnicze, produkcja samochod\u00f3w itp. S\u0105 one szczeg\u00f3lnie odpowiednie w sytuacjach, w kt\u00f3rych wyst\u0119puje wiele punkt\u00f3w smarowania i konieczne jest zapewnienie, \u017ce ka\u017cdy punkt mo\u017ce by\u0107 prawid\u0142owo smarowany.<\/p>\n<h2>Instrukcje<\/h2>\n<div class=\"sdm_download_button_box_default\"><div class=\"sdm_download_link\"><a href=\"https:\/\/www.jinpinlub.com\/pl\/?sdm_process_download=1&download_id=2470\" class=\"sdm_download white\" title=\"Prywatne: MGK Metering Valve\" target=\"&quot;_blank&quot;\">Zobacz arkusz danych - Zaw\u00f3r dozuj\u0105cy MGK<\/a><\/div><\/div>","protected":false},"excerpt":{"rendered":"<p>Jednoliniowy rozdzielacz smaru MGK dostarcza smar do r\u00f3\u017cnych punkt\u00f3w smarowania za pomoc\u0105 jednego przewodu zasilaj\u0105cego. Ka\u017cdy rozdzielacz mo\u017ce dok\u0142adnie kontrolowa\u0107 ilo\u015b\u0107 smaru, aby zapewni\u0107 normaln\u0105 prac\u0119 i konserwacj\u0119 sprz\u0119tu.<\/p>","protected":false},"featured_media":2495,"template":"","meta":{"ocean_post_layout":"","ocean_both_sidebars_style":"","ocean_both_sidebars_content_width":0,"ocean_both_sidebars_sidebars_width":0,"ocean_sidebar":"0","ocean_second_sidebar":"0","ocean_disable_margins":"enable","ocean_add_body_class":"","ocean_shortcode_before_top_bar":"","ocean_shortcode_after_top_bar":"","ocean_shortcode_before_header":"","ocean_shortcode_after_header":"","ocean_has_shortcode":"","ocean_shortcode_after_title":"","ocean_shortcode_before_footer_widgets":"","ocean_shortcode_after_footer_widgets":"","ocean_shortcode_before_footer_bottom":"","ocean_shortcode_after_footer_bottom":"","ocean_display_top_bar":"default","ocean_display_header":"default","ocean_header_style":"","ocean_center_header_left_menu":"0","ocean_custom_header_template":"0","ocean_custom_logo":0,"ocean_custom_retina_logo":0,"ocean_custom_logo_max_width":0,"ocean_custom_logo_tablet_max_width":0,"ocean_custom_logo_mobile_max_width":0,"ocean_custom_logo_max_height":0,"ocean_custom_logo_tablet_max_height":0,"ocean_custom_logo_mobile_max_height":0,"ocean_header_custom_menu":"0","ocean_menu_typo_font_family":"0","ocean_menu_typo_font_subset":"","ocean_menu_typo_font_size":0,"ocean_menu_typo_font_size_tablet":0,"ocean_menu_typo_font_size_mobile":0,"ocean_menu_typo_font_size_unit":"px","ocean_menu_typo_font_weight":"","ocean_menu_typo_font_weight_tablet":"","ocean_menu_typo_font_weight_mobile":"","ocean_menu_typo_transform":"","ocean_menu_typo_transform_tablet":"","ocean_menu_typo_transform_mobile":"","ocean_menu_typo_line_height":0,"ocean_menu_typo_line_height_tablet":0,"ocean_menu_typo_line_height_mobile":0,"ocean_menu_typo_line_height_unit":"","ocean_menu_typo_spacing":0,"ocean_menu_typo_spacing_tablet":0,"ocean_menu_typo_spacing_mobile":0,"ocean_menu_typo_spacing_unit":"","ocean_menu_link_color":"","ocean_menu_link_color_hover":"","ocean_menu_link_color_active":"","ocean_menu_link_background":"","ocean_menu_link_hover_background":"","ocean_menu_link_active_background":"","ocean_menu_social_links_bg":"","ocean_menu_social_hover_links_bg":"","ocean_menu_social_links_color":"","ocean_menu_social_hover_links_color":"","ocean_disable_title":"default","ocean_disable_heading":"default","ocean_post_title":"","ocean_post_subheading":"","ocean_post_title_style":"","ocean_post_title_background_color":"","ocean_post_title_background":0,"ocean_post_title_bg_image_position":"","ocean_post_title_bg_image_attachment":"","ocean_post_title_bg_image_repeat":"","ocean_post_title_bg_image_size":"","ocean_post_title_height":0,"ocean_post_title_bg_overlay":0.5,"ocean_post_title_bg_overlay_color":"","ocean_disable_breadcrumbs":"default","ocean_breadcrumbs_color":"","ocean_breadcrumbs_separator_color":"","ocean_breadcrumbs_links_color":"","ocean_breadcrumbs_links_hover_color":"","ocean_display_footer_widgets":"default","ocean_display_footer_bottom":"default","ocean_custom_footer_template":"0","osh_disable_topbar_sticky":"default","osh_disable_header_sticky":"default","osh_sticky_header_style":"default","osh_sticky_header_effect":"","osh_custom_sticky_logo":0,"osh_custom_retina_sticky_logo":0,"osh_custom_sticky_logo_height":0,"osh_background_color":"","osh_links_color":"","osh_links_hover_color":"","osh_links_active_color":"","osh_links_bg_color":"","osh_links_hover_bg_color":"","osh_links_active_bg_color":"","osh_menu_social_links_color":"","osh_menu_social_hover_links_color":""},"product_brand":[],"product_cat":[40,37],"product_tag":[87,85,86],"class_list":{"0":"post-2494","1":"product","2":"type-product","3":"status-publish","4":"has-post-thumbnail","6":"product_cat-pressure-relief-metering-valves","7":"product_cat-single-line-grease-systems","8":"product_tag-grease-distributor","9":"product_tag-pressure-relief-metering-valve","10":"product_tag-single-line-distributor","12":"entry","13":"has-media","15":"first","16":"instock","17":"shipping-taxable","18":"product-type-external","19":"col","20":"span_1_of_3","21":"owp-content-center","22":"owp-thumbs-layout-horizontal","23":"owp-btn-very-big","24":"owp-tabs-layout-horizontal"},"_links":{"self":[{"href":"https:\/\/www.jinpinlub.com\/pl\/wp-json\/wp\/v2\/product\/2494","targetHints":{"allow":["GET"]}}],"collection":[{"href":"https:\/\/www.jinpinlub.com\/pl\/wp-json\/wp\/v2\/product"}],"about":[{"href":"https:\/\/www.jinpinlub.com\/pl\/wp-json\/wp\/v2\/types\/product"}],"wp:featuredmedia":[{"embeddable":true,"href":"https:\/\/www.jinpinlub.com\/pl\/wp-json\/wp\/v2\/media\/2495"}],"wp:attachment":[{"href":"https:\/\/www.jinpinlub.com\/pl\/wp-json\/wp\/v2\/media?parent=2494"}],"wp:term":[{"taxonomy":"product_brand","embeddable":true,"href":"https:\/\/www.jinpinlub.com\/pl\/wp-json\/wp\/v2\/product_brand?post=2494"},{"taxonomy":"product_cat","embeddable":true,"href":"https:\/\/www.jinpinlub.com\/pl\/wp-json\/wp\/v2\/product_cat?post=2494"},{"taxonomy":"product_tag","embeddable":true,"href":"https:\/\/www.jinpinlub.com\/pl\/wp-json\/wp\/v2\/product_tag?post=2494"}],"curies":[{"name":"wp","href":"https:\/\/api.w.org\/{rel}","templated":true}]}}