{"id":2499,"date":"2024-07-17T09:21:57","date_gmt":"2024-07-17T09:21:57","guid":{"rendered":"https:\/\/www.jinpinlub.com\/?post_type=product&#038;p=2499"},"modified":"2024-08-06T09:30:11","modified_gmt":"2024-08-06T09:30:11","slug":"kd-kh-waz-gwintowany-tuleja-do-weza-wysokocisnieniowego-kf300","status":"publish","type":"product","link":"https:\/\/www.jinpinlub.com\/pl\/product\/kd-kh-hose-stud-threaded-sleeve-for-high-pressure-hose-kf300\/","title":{"rendered":"KD KH Tuleja gwintowana do w\u0119\u017ca wysokoci\u015bnieniowego KF300"},"content":{"rendered":"<h2>Cechy<\/h2>\n<p>KD KH Tuleje gwintowane i trzpienie w\u0119\u017cy do w\u0119\u017cy wysokoci\u015bnieniowych, takich jak KF300, s\u0105 niezb\u0119dnymi komponentami w r\u00f3\u017cnych zastosowaniach przemys\u0142owych. Te z\u0142\u0105czki zapewniaj\u0105 bezpieczne i szczelne po\u0142\u0105czenie, wytrzymuj\u0105ce wysokie ci\u015bnienie. S\u0105 cz\u0119sto stosowane w systemach wymagaj\u0105cych niezawodnych i trwa\u0142ych po\u0142\u0105cze\u0144, takich jak uk\u0142ady hydrauliczne, uk\u0142ady smarowania i inne zastosowania wysokoci\u015bnieniowe.<\/p>\n<h2>Specyfikacja<\/h2>\n<table>\n<tbody>\n<tr>\n<td>Pasuj\u0105cy w\u0105\u017c<\/td>\n<td>W\u0105\u017c wysokoci\u015bnieniowy do smaru i \u017cywicy<\/td>\n<\/tr>\n<tr>\n<td>Temperatura pracy<\/td>\n<td>(-40\u2103 do +80 \u00b0C)<\/td>\n<\/tr>\n<tr>\n<td>Ci\u015bnienie robocze<\/td>\n<td>Maksymalne ci\u015bnienie 84 MPa<\/td>\n<\/tr>\n<tr>\n<td>Tworzywo<\/td>\n<td>Stal nierdzewna lub ocynkowana<\/td>\n<\/tr>\n<tr>\n<td>Po\u0142\u0105czenie<\/td>\n<td>W\u0105\u017c \u03a64, \u03a66, \u03a68<\/td>\n<\/tr>\n<tr>\n<td>Typ kszta\u0142tu<\/td>\n<td>Proste lub k\u0105towe<\/td>\n<\/tr>\n<tr>\n<td>Pozycja monta\u017cowa<\/td>\n<td>Ka\u017cdy<\/td>\n<\/tr>\n<\/tbody>\n<\/table>\n<h2>Ostro\u017cno\u015b\u0107<\/h2>\n<p>Upewnij si\u0119, \u017ce w\u0105\u017c i trzpienie w\u0119\u017ca pracuj\u0105 pod okre\u015blonym ci\u015bnieniem roboczym. W przypadku tych, kt\u00f3re s\u0105 cz\u0119sto u\u017cywane i cz\u0119sto wyginane i skr\u0119cane, ci\u015bnienie robocze powinno by\u0107 odpowiednio zmniejszone.<br \/>\nNale\u017cy zwr\u00f3ci\u0107 uwag\u0119 na temperatur\u0119 cieczy i temperatur\u0119 otoczenia. Nale\u017cy unika\u0107 temperatur ni\u017cszych lub wy\u017cszych od zalecanej temperatury w\u0119\u017ca.<br \/>\nAby unikn\u0105\u0107 chemicznego uszkodzenia w\u0119\u017ca, nale\u017cy upewni\u0107 si\u0119, \u017ce \u015brodek smarny w w\u0119\u017cu jest kompatybilny z materia\u0142em, z kt\u00f3rego wykonany jest w\u0105\u017c.<\/p>\n<h2>Instrukcje<\/h2>\n<div class=\"sdm_download_button_box_default\"><div class=\"sdm_download_link\"><a href=\"https:\/\/www.jinpinlub.com\/pl\/?sdm_process_download=1&download_id=2460\" class=\"sdm_download white\" title=\"Prywatne: HGH High Pressure Hose\" target=\"&quot;_blank&quot;\">Zobacz kart\u0119 danych - W\u0105\u017c HGH<\/a><\/div><\/div>","protected":false},"excerpt":{"rendered":"<p>Rdze\u0144 rozpr\u0119\u017cny to specjalne narz\u0119dzie do pod\u0142\u0105czania w\u0119\u017cy wysokoci\u015bnieniowych. Jego g\u0142\u00f3wn\u0105 funkcj\u0105 jest zapewnienie szczelnego po\u0142\u0105czenia mi\u0119dzy w\u0119\u017cem a z\u0142\u0105czem poprzez rozpr\u0119\u017canie mechaniczne, zapobiegaj\u0105c w ten spos\u00f3b wyciekom i poprawiaj\u0105c bezpiecze\u0144stwo i niezawodno\u015b\u0107 systemu.<\/p>","protected":false},"featured_media":2500,"template":"","meta":{"ocean_post_layout":"","ocean_both_sidebars_style":"","ocean_both_sidebars_content_width":0,"ocean_both_sidebars_sidebars_width":0,"ocean_sidebar":"0","ocean_second_sidebar":"0","ocean_disable_margins":"enable","ocean_add_body_class":"","ocean_shortcode_before_top_bar":"","ocean_shortcode_after_top_bar":"","ocean_shortcode_before_header":"","ocean_shortcode_after_header":"","ocean_has_shortcode":"","ocean_shortcode_after_title":"","ocean_shortcode_before_footer_widgets":"","ocean_shortcode_after_footer_widgets":"","ocean_shortcode_before_footer_bottom":"","ocean_shortcode_after_footer_bottom":"","ocean_display_top_bar":"default","ocean_display_header":"default","ocean_header_style":"","ocean_center_header_left_menu":"0","ocean_custom_header_template":"0","ocean_custom_logo":0,"ocean_custom_retina_logo":0,"ocean_custom_logo_max_width":0,"ocean_custom_logo_tablet_max_width":0,"ocean_custom_logo_mobile_max_width":0,"ocean_custom_logo_max_height":0,"ocean_custom_logo_tablet_max_height":0,"ocean_custom_logo_mobile_max_height":0,"ocean_header_custom_menu":"0","ocean_menu_typo_font_family":"0","ocean_menu_typo_font_subset":"","ocean_menu_typo_font_size":0,"ocean_menu_typo_font_size_tablet":0,"ocean_menu_typo_font_size_mobile":0,"ocean_menu_typo_font_size_unit":"px","ocean_menu_typo_font_weight":"","ocean_menu_typo_font_weight_tablet":"","ocean_menu_typo_font_weight_mobile":"","ocean_menu_typo_transform":"","ocean_menu_typo_transform_tablet":"","ocean_menu_typo_transform_mobile":"","ocean_menu_typo_line_height":0,"ocean_menu_typo_line_height_tablet":0,"ocean_menu_typo_line_height_mobile":0,"ocean_menu_typo_line_height_unit":"","ocean_menu_typo_spacing":0,"ocean_menu_typo_spacing_tablet":0,"ocean_menu_typo_spacing_mobile":0,"ocean_menu_typo_spacing_unit":"","ocean_menu_link_color":"","ocean_menu_link_color_hover":"","ocean_menu_link_color_active":"","ocean_menu_link_background":"","ocean_menu_link_hover_background":"","ocean_menu_link_active_background":"","ocean_menu_social_links_bg":"","ocean_menu_social_hover_links_bg":"","ocean_menu_social_links_color":"","ocean_menu_social_hover_links_color":"","ocean_disable_title":"default","ocean_disable_heading":"default","ocean_post_title":"","ocean_post_subheading":"","ocean_post_title_style":"","ocean_post_title_background_color":"","ocean_post_title_background":0,"ocean_post_title_bg_image_position":"","ocean_post_title_bg_image_attachment":"","ocean_post_title_bg_image_repeat":"","ocean_post_title_bg_image_size":"","ocean_post_title_height":0,"ocean_post_title_bg_overlay":0.5,"ocean_post_title_bg_overlay_color":"","ocean_disable_breadcrumbs":"default","ocean_breadcrumbs_color":"","ocean_breadcrumbs_separator_color":"","ocean_breadcrumbs_links_color":"","ocean_breadcrumbs_links_hover_color":"","ocean_display_footer_widgets":"default","ocean_display_footer_bottom":"default","ocean_custom_footer_template":"0","osh_disable_topbar_sticky":"default","osh_disable_header_sticky":"default","osh_sticky_header_style":"default","osh_sticky_header_effect":"","osh_custom_sticky_logo":0,"osh_custom_retina_sticky_logo":0,"osh_custom_sticky_logo_height":0,"osh_background_color":"","osh_links_color":"","osh_links_hover_color":"","osh_links_active_color":"","osh_links_bg_color":"","osh_links_hover_bg_color":"","osh_links_active_bg_color":"","osh_menu_social_links_color":"","osh_menu_social_hover_links_color":""},"product_brand":[],"product_cat":[31],"product_tag":[90,88,89],"class_list":{"0":"post-2499","1":"product","2":"type-product","3":"status-publish","4":"has-post-thumbnail","6":"product_cat-lube-system-accessories","7":"product_tag-hose-expansion-core","8":"product_tag-hose-threaded-sleeve","9":"product_tag-kf300-hose-stud","11":"entry","12":"has-media","14":"first","15":"instock","16":"shipping-taxable","17":"product-type-external","18":"col","19":"span_1_of_3","20":"owp-content-center","21":"owp-thumbs-layout-horizontal","22":"owp-btn-very-big","23":"owp-tabs-layout-horizontal"},"_links":{"self":[{"href":"https:\/\/www.jinpinlub.com\/pl\/wp-json\/wp\/v2\/product\/2499","targetHints":{"allow":["GET"]}}],"collection":[{"href":"https:\/\/www.jinpinlub.com\/pl\/wp-json\/wp\/v2\/product"}],"about":[{"href":"https:\/\/www.jinpinlub.com\/pl\/wp-json\/wp\/v2\/types\/product"}],"wp:featuredmedia":[{"embeddable":true,"href":"https:\/\/www.jinpinlub.com\/pl\/wp-json\/wp\/v2\/media\/2500"}],"wp:attachment":[{"href":"https:\/\/www.jinpinlub.com\/pl\/wp-json\/wp\/v2\/media?parent=2499"}],"wp:term":[{"taxonomy":"product_brand","embeddable":true,"href":"https:\/\/www.jinpinlub.com\/pl\/wp-json\/wp\/v2\/product_brand?post=2499"},{"taxonomy":"product_cat","embeddable":true,"href":"https:\/\/www.jinpinlub.com\/pl\/wp-json\/wp\/v2\/product_cat?post=2499"},{"taxonomy":"product_tag","embeddable":true,"href":"https:\/\/www.jinpinlub.com\/pl\/wp-json\/wp\/v2\/product_tag?post=2499"}],"curies":[{"name":"wp","href":"https:\/\/api.w.org\/{rel}","templated":true}]}}