{"id":2519,"date":"2024-07-17T10:46:12","date_gmt":"2024-07-17T10:46:12","guid":{"rendered":"https:\/\/www.jinpinlub.com\/?post_type=product&#038;p=2519"},"modified":"2024-08-02T09:06:52","modified_gmt":"2024-08-02T09:06:52","slug":"pompa-bezpieczenstwa-j200-do-ukladow-smarowania-jednoliniowego","status":"publish","type":"product","link":"https:\/\/www.jinpinlub.com\/pl\/product\/j200-pressure-relief-pump-for-single-line-lubrication-systems\/","title":{"rendered":"Pompa bezpiecze\u0144stwa J200 do uk\u0142ad\u00f3w smarowania jednoprzewodowego"},"content":{"rendered":"<h2>Cechy<\/h2>\n<p>1. Wysoka wydajno\u015b\u0107: Zaawansowana konstrukcja mechaniczna sprawia, \u017ce pompa smarownicza J200 jest bardzo wydajna. Pracuje z du\u017c\u0105 pr\u0119dko\u015bci\u0105 i du\u017c\u0105 wydajno\u015bci\u0105 przep\u0142ywu, co pozwala na szybkie dostarczanie oleju smaruj\u0105cego do r\u00f3\u017cnych punkt\u00f3w smarowania w bardzo kr\u00f3tkim czasie, gwarantuj\u0105c p\u0142ynn\u0105 prac\u0119 sprz\u0119tu.<br \/>\n2. Niezawodno\u015b\u0107: Wysokiej jako\u015bci materia\u0142y i precyzyjny proces produkcji gwarantuj\u0105, \u017ce pompa ma doskona\u0142\u0105 odporno\u015b\u0107 na \u015bcieranie i korozj\u0119, co pozwala na stabiln\u0105 prac\u0119 przez d\u0142ugi czas w trudnych warunkach pracy, a tak\u017ce obni\u017ca koszty konserwacji.<br \/>\n3. Inteligencja: Pompa smarownicza J200 zosta\u0142a zastosowana w jednoliniowych uk\u0142adach smarowania z redukcj\u0105 ci\u015bnienia, kt\u00f3re reguluj\u0105 przep\u0142yw i ci\u015bnienie oleju smaruj\u0105cego zgodnie z rzeczywistymi potrzebami sprz\u0119tu, co pozwala unikn\u0105\u0107 strat poprzez precyzyjne smarowanie.<br \/>\n4. \u0141atwa konserwacja: Pompa ma prost\u0105 konstrukcj\u0119 i jest \u0142atwa do rozmontowania w celu zapewnienia niezb\u0119dnej konserwacji. Wszystkie rodzaje codziennych prac czyszcz\u0105cych i konserwacyjnych mog\u0105 by\u0107 wykonywane przez u\u017cytkownika samodzielnie w celu wyd\u0142u\u017cenia okresu eksploatacji.<\/p>\n<h2>Specyfikacja<\/h2>\n<table>\n<tbody>\n<tr>\n<td>Temperatura pracy<\/td>\n<td>0~+50\u00b0C<\/td>\n<\/tr>\n<tr>\n<td>Liczba wyj\u015b\u0107<\/td>\n<td>1, 2<\/td>\n<\/tr>\n<tr>\n<td>Pojemno\u015b\u0107 zbiornika<\/td>\n<td>0,3 l, 1,5 l (zbiornik), 0,3 l, 0,7 l (wk\u0142ad)<\/td>\n<\/tr>\n<tr>\n<td>Uzupe\u0142nianie<\/td>\n<td>Z\u0142\u0105cze smarowania hydraulicznego<\/td>\n<\/tr>\n<tr>\n<td>Smar<\/td>\n<td>Smary klasy NLGI 000~2#<\/td>\n<\/tr>\n<tr>\n<td>Klasa ochrony<\/td>\n<td>IP54<\/td>\n<\/tr>\n<tr>\n<td>Wypisa\u0107<\/td>\n<td>15 ml\/min<\/td>\n<\/tr>\n<tr>\n<td>Maksymalne ci\u015bnienie robocze<\/td>\n<td>8MPa<\/td>\n<\/tr>\n<tr>\n<td>Gwint przy\u0142\u0105czeniowy<\/td>\n<td>\u03a66 lub \u03a68<\/td>\n<\/tr>\n<tr>\n<td>Napi\u0119cie robocze<\/td>\n<td>24 V pr\u0105du sta\u0142ego<\/td>\n<\/tr>\n<tr>\n<td>Orzecznictwo<\/td>\n<td>CE<\/td>\n<\/tr>\n<tr>\n<td>Pozycja monta\u017cowa<\/td>\n<td>Pionowo<\/td>\n<\/tr>\n<\/tbody>\n<\/table>\n<h2>Aplikacje<\/h2>\n<p>Produkcja: R\u00f3\u017cnego rodzaju urz\u0105dzenia mechaniczne, takie jak obrabiarki, maszyny do formowania wtryskowego, maszyny do odlewania ci\u015bnieniowego itp. Zapewnia sta\u0142y przep\u0142yw oleju smaruj\u0105cego, gwarantuj\u0105c jednocze\u015bnie efektywn\u0105 prac\u0119 urz\u0105dze\u0144.<br \/>\nPrzemys\u0142 g\u00f3rniczy: Zapewnia doskona\u0142e smarowanie ci\u0119\u017ckich maszyn, takich jak wyci\u0105gi g\u00f3rnicze, koparki itp., zmniejszaj\u0105c zu\u017cycie sprz\u0119tu i zwi\u0119kszaj\u0105c wydajno\u015b\u0107 operacyjn\u0105.<br \/>\nPrzemys\u0142 energetyczny: Stosowany w agregatach pr\u0105dotw\u00f3rczych, elektrowniach wiatrowych i innych urz\u0105dzeniach. Gwarantuje terminowe dostawy oleju smarowego do urz\u0105dze\u0144 i zmniejsza wska\u017anik awaryjno\u015bci urz\u0105dze\u0144, zapewniaj\u0105c stabilne dostawy energii.<\/p>\n<h2>Instrukcje<\/h2>\n<div class=\"sdm_download_button_box_default\"><div class=\"sdm_download_link\"><a href=\"https:\/\/www.jinpinlub.com\/pl\/?sdm_process_download=1&download_id=2464\" class=\"sdm_download white\" title=\"Prywatne: J200 Grease Pump\" target=\"&quot;_blank&quot;\">Wy\u015bwietl kart\u0119 danych - Pompa smaru J200<\/a><\/div><\/div>","protected":false},"excerpt":{"rendered":"<p>Pompa smarownicza J200 jest stosowana w jednoliniowym systemie smarowania, z maksymalnym ci\u015bnieniem 8 MPa, minimalnym odst\u0119pem smarowania 5 minut i maksymaln\u0105 lini\u0105 g\u0142\u00f3wn\u0105 15 metr\u00f3w. Odgrywa wa\u017cn\u0105 rol\u0119 w wielu dziedzinach dzi\u0119ki swojej wysokiej wydajno\u015bci, niezawodno\u015bci i \u0142atwej konserwacji.<\/p>","protected":false},"featured_media":2520,"template":"","meta":{"ocean_post_layout":"","ocean_both_sidebars_style":"","ocean_both_sidebars_content_width":0,"ocean_both_sidebars_sidebars_width":0,"ocean_sidebar":"0","ocean_second_sidebar":"0","ocean_disable_margins":"enable","ocean_add_body_class":"","ocean_shortcode_before_top_bar":"","ocean_shortcode_after_top_bar":"","ocean_shortcode_before_header":"","ocean_shortcode_after_header":"","ocean_has_shortcode":"","ocean_shortcode_after_title":"","ocean_shortcode_before_footer_widgets":"","ocean_shortcode_after_footer_widgets":"","ocean_shortcode_before_footer_bottom":"","ocean_shortcode_after_footer_bottom":"","ocean_display_top_bar":"default","ocean_display_header":"default","ocean_header_style":"","ocean_center_header_left_menu":"0","ocean_custom_header_template":"0","ocean_custom_logo":0,"ocean_custom_retina_logo":0,"ocean_custom_logo_max_width":0,"ocean_custom_logo_tablet_max_width":0,"ocean_custom_logo_mobile_max_width":0,"ocean_custom_logo_max_height":0,"ocean_custom_logo_tablet_max_height":0,"ocean_custom_logo_mobile_max_height":0,"ocean_header_custom_menu":"0","ocean_menu_typo_font_family":"0","ocean_menu_typo_font_subset":"","ocean_menu_typo_font_size":0,"ocean_menu_typo_font_size_tablet":0,"ocean_menu_typo_font_size_mobile":0,"ocean_menu_typo_font_size_unit":"px","ocean_menu_typo_font_weight":"","ocean_menu_typo_font_weight_tablet":"","ocean_menu_typo_font_weight_mobile":"","ocean_menu_typo_transform":"","ocean_menu_typo_transform_tablet":"","ocean_menu_typo_transform_mobile":"","ocean_menu_typo_line_height":0,"ocean_menu_typo_line_height_tablet":0,"ocean_menu_typo_line_height_mobile":0,"ocean_menu_typo_line_height_unit":"","ocean_menu_typo_spacing":0,"ocean_menu_typo_spacing_tablet":0,"ocean_menu_typo_spacing_mobile":0,"ocean_menu_typo_spacing_unit":"","ocean_menu_link_color":"","ocean_menu_link_color_hover":"","ocean_menu_link_color_active":"","ocean_menu_link_background":"","ocean_menu_link_hover_background":"","ocean_menu_link_active_background":"","ocean_menu_social_links_bg":"","ocean_menu_social_hover_links_bg":"","ocean_menu_social_links_color":"","ocean_menu_social_hover_links_color":"","ocean_disable_title":"default","ocean_disable_heading":"default","ocean_post_title":"","ocean_post_subheading":"","ocean_post_title_style":"","ocean_post_title_background_color":"","ocean_post_title_background":0,"ocean_post_title_bg_image_position":"","ocean_post_title_bg_image_attachment":"","ocean_post_title_bg_image_repeat":"","ocean_post_title_bg_image_size":"","ocean_post_title_height":0,"ocean_post_title_bg_overlay":0.5,"ocean_post_title_bg_overlay_color":"","ocean_disable_breadcrumbs":"default","ocean_breadcrumbs_color":"","ocean_breadcrumbs_separator_color":"","ocean_breadcrumbs_links_color":"","ocean_breadcrumbs_links_hover_color":"","ocean_display_footer_widgets":"default","ocean_display_footer_bottom":"default","ocean_custom_footer_template":"0","osh_disable_topbar_sticky":"default","osh_disable_header_sticky":"default","osh_sticky_header_style":"default","osh_sticky_header_effect":"","osh_custom_sticky_logo":0,"osh_custom_retina_sticky_logo":0,"osh_custom_sticky_logo_height":0,"osh_background_color":"","osh_links_color":"","osh_links_hover_color":"","osh_links_active_color":"","osh_links_bg_color":"","osh_links_hover_bg_color":"","osh_links_active_bg_color":"","osh_menu_social_links_color":"","osh_menu_social_hover_links_color":""},"product_brand":[],"product_cat":[38,37],"product_tag":[77,93,92],"class_list":{"0":"post-2519","1":"product","2":"type-product","3":"status-publish","4":"has-post-thumbnail","6":"product_cat-electric-pressure-relief-pumps","7":"product_cat-single-line-grease-systems","8":"product_tag-grease-lubrication-pump","9":"product_tag-pressure-relief-lubrication-pump","10":"product_tag-single-line-lubrication-pump","12":"entry","13":"has-media","15":"first","16":"instock","17":"featured","18":"shipping-taxable","19":"product-type-external","20":"col","21":"span_1_of_3","22":"owp-content-center","23":"owp-thumbs-layout-horizontal","24":"owp-btn-very-big","25":"owp-tabs-layout-horizontal"},"_links":{"self":[{"href":"https:\/\/www.jinpinlub.com\/pl\/wp-json\/wp\/v2\/product\/2519","targetHints":{"allow":["GET"]}}],"collection":[{"href":"https:\/\/www.jinpinlub.com\/pl\/wp-json\/wp\/v2\/product"}],"about":[{"href":"https:\/\/www.jinpinlub.com\/pl\/wp-json\/wp\/v2\/types\/product"}],"wp:featuredmedia":[{"embeddable":true,"href":"https:\/\/www.jinpinlub.com\/pl\/wp-json\/wp\/v2\/media\/2520"}],"wp:attachment":[{"href":"https:\/\/www.jinpinlub.com\/pl\/wp-json\/wp\/v2\/media?parent=2519"}],"wp:term":[{"taxonomy":"product_brand","embeddable":true,"href":"https:\/\/www.jinpinlub.com\/pl\/wp-json\/wp\/v2\/product_brand?post=2519"},{"taxonomy":"product_cat","embeddable":true,"href":"https:\/\/www.jinpinlub.com\/pl\/wp-json\/wp\/v2\/product_cat?post=2519"},{"taxonomy":"product_tag","embeddable":true,"href":"https:\/\/www.jinpinlub.com\/pl\/wp-json\/wp\/v2\/product_tag?post=2519"}],"curies":[{"name":"wp","href":"https:\/\/api.w.org\/{rel}","templated":true}]}}