{"id":2524,"date":"2024-07-17T11:28:45","date_gmt":"2024-07-17T11:28:45","guid":{"rendered":"https:\/\/www.jinpinlub.com\/?post_type=product&#038;p=2524"},"modified":"2024-08-30T10:15:54","modified_gmt":"2024-08-30T02:15:54","slug":"jdl-4-elektryczna-pompa-smarujaca-wyporowa-do-cnc","status":"publish","type":"product","link":"https:\/\/www.jinpinlub.com\/pl\/product\/jdl-4-electric-positive-displacement-lubrication-pump-for-cnc\/","title":{"rendered":"JDL-4 Elektryczna pompa smarownicza wyporowa do CNC"},"content":{"rendered":"<h2>Cechy<\/h2>\n<p>1. Smarowanie i czas przerwy s\u0105 kontrolowane przez PLC.<br \/>\n2. Z wy\u0142\u0105cznikiem ci\u015bnieniowym wykrywaj\u0105cym uszkodzenie obwodu olejowego.<br \/>\n3. Z czujnikiem p\u0142ywakowym wykrywaj\u0105cym niski poziom cieczy i automatycznie wysy\u0142aj\u0105cym sygna\u0142.<br \/>\n4. Z manometrem do pomiaru ci\u015bnienia roboczego pompy olejowej.<br \/>\n5. Dzi\u0119ki przyciskowi wymuszonego smarowania ci\u0105g\u0142e smarowanie trwa kr\u00f3cej ni\u017c 3 minuty, zapobiegaj\u0105c przeci\u0105\u017ceniu silnika.<br \/>\n6. Po uruchomieniu zabezpieczenia silnika przed wysok\u0105 temperatur\u0105, silnik zatrzyma si\u0119 na oko\u0142o 10 minut.<br \/>\n7. Mo\u017cna doda\u0107 eliminator iskier w celu wyeliminowania zak\u0142\u00f3ce\u0144 napi\u0119cia i iskier na PLC.<br \/>\n8. Nale\u017cy stosowa\u0107 z rozdzielaczem obj\u0119to\u015bciowym.<\/p>\n<h2>Specyfikacja<\/h2>\n<table>\n<tbody>\n<tr>\n<td>Regulator czasowy<\/td>\n<td>PLC<\/td>\n<\/tr>\n<tr>\n<td>Temperatura pracy<\/td>\n<td>0~+50\u00b0C<\/td>\n<\/tr>\n<tr>\n<td>Liczba wyj\u015b\u0107<\/td>\n<td>1<\/td>\n<\/tr>\n<tr>\n<td>Pojemno\u015b\u0107 zbiornika<\/td>\n<td>2L, 3L, 4L, 8L<\/td>\n<\/tr>\n<tr>\n<td>Uzupe\u0142nianie<\/td>\n<td>Od g\u00f3ry<\/td>\n<\/tr>\n<tr>\n<td>Smar<\/td>\n<td>32-68cSt@40\u2103<\/td>\n<\/tr>\n<tr>\n<td>Klasa ochrony<\/td>\n<td>IP54<\/td>\n<\/tr>\n<tr>\n<td>Wypisa\u0107<\/td>\n<td>150 ml\/min<\/td>\n<\/tr>\n<tr>\n<td>Maksymalne ci\u015bnienie robocze<\/td>\n<td>1,8 MPa<\/td>\n<\/tr>\n<tr>\n<td>Gwint przy\u0142\u0105czeniowy<\/td>\n<td>Wylot \u03a66<\/td>\n<\/tr>\n<tr>\n<td>Napi\u0119cie robocze<\/td>\n<td>110 V AC, 220 V AC<\/td>\n<\/tr>\n<tr>\n<td>Orzecznictwo<\/td>\n<td>CE<\/td>\n<\/tr>\n<tr>\n<td>Pozycja monta\u017cowa<\/td>\n<td>Pionowo<\/td>\n<\/tr>\n<\/tbody>\n<\/table>\n<h2>Aplikacje<\/h2>\n<p>Pompy smarownicze wyporowe s\u0105 g\u0142\u00f3wnie u\u017cywane do dostarczania ilo\u015bci oleju smarowego, kt\u00f3ra jest dozowana, aby u\u0142atwi\u0107 obs\u0142ug\u0119 mechaniczn\u0105 i zmniejszy\u0107 zu\u017cycie. S\u0105 szeroko stosowane w nast\u0119puj\u0105cych dziedzinach:<br \/>\n1. Urz\u0105dzenia maszynowe: w tym tokarki, frezarki itp., kt\u00f3re wymagaj\u0105 smarowania r\u00f3\u017cnych rodzaj\u00f3w cz\u0119\u015bci jezdnych.<br \/>\n2. Urz\u0105dzenie odlewane ci\u015bnieniowo: wysoka temperatura i warunki pracy wymagaj\u0105ce du\u017cego napr\u0119\u017cenia, wymagaj\u0105 niezawodnego smarowania.<br \/>\n3. Maszyny w\u0142\u00f3kiennicze: krosna, maszyny prz\u0119dzalnicze i wiele innych. Chc\u0105 ci\u0105g\u0142o\u015bci w ich dzia\u0142aniu.<br \/>\n4. Maszyny drukarskie: zapewniaj\u0105ce czyste poruszanie si\u0119 i precyzj\u0119 w operacjach drukarskich.<br \/>\n5. Maszyny do pakowania \u017cywno\u015bci: spe\u0142niaj\u0105ce wysokie wymagania higieniczne.<\/p>\n<h2>Instrukcje<\/h2>\n<div class=\"sdm_download_button_box_default\"><div class=\"sdm_download_link\"><a href=\"https:\/\/www.jinpinlub.com\/pl\/?sdm_process_download=1&download_id=2466\" class=\"sdm_download white\" title=\"Prywatne: JDL4 Volumetric Pump\" target=\"&quot;_blank&quot;\">Wy\u015bwietl kart\u0119 katalogow\u0105 - Pompa JDL4<\/a><\/div><\/div>","protected":false},"excerpt":{"rendered":"<p>System JDL-4 obejmuje pomp\u0119 olejow\u0105, rozdzielacz obj\u0119to\u015bciowy, przewody olejowe i r\u00f3\u017cne z\u0142\u0105cza. Nadaje si\u0119 do urz\u0105dze\u0144 z mniejsz\u0105 liczb\u0105 punkt\u00f3w smarowania, takich jak ma\u0142e maszyny i narz\u0119dzia. Jego zalet\u0105 jest to, \u017ce mo\u017ce dok\u0142adnie dostarcza\u0107 olej do wielu punkt\u00f3w smarowania.<\/p>","protected":false},"featured_media":2526,"template":"","meta":{"ocean_post_layout":"","ocean_both_sidebars_style":"","ocean_both_sidebars_content_width":0,"ocean_both_sidebars_sidebars_width":0,"ocean_sidebar":"0","ocean_second_sidebar":"0","ocean_disable_margins":"enable","ocean_add_body_class":"","ocean_shortcode_before_top_bar":"","ocean_shortcode_after_top_bar":"","ocean_shortcode_before_header":"","ocean_shortcode_after_header":"","ocean_has_shortcode":"","ocean_shortcode_after_title":"","ocean_shortcode_before_footer_widgets":"","ocean_shortcode_after_footer_widgets":"","ocean_shortcode_before_footer_bottom":"","ocean_shortcode_after_footer_bottom":"","ocean_display_top_bar":"default","ocean_display_header":"default","ocean_header_style":"","ocean_center_header_left_menu":"0","ocean_custom_header_template":"0","ocean_custom_logo":0,"ocean_custom_retina_logo":0,"ocean_custom_logo_max_width":0,"ocean_custom_logo_tablet_max_width":0,"ocean_custom_logo_mobile_max_width":0,"ocean_custom_logo_max_height":0,"ocean_custom_logo_tablet_max_height":0,"ocean_custom_logo_mobile_max_height":0,"ocean_header_custom_menu":"0","ocean_menu_typo_font_family":"0","ocean_menu_typo_font_subset":"","ocean_menu_typo_font_size":0,"ocean_menu_typo_font_size_tablet":0,"ocean_menu_typo_font_size_mobile":0,"ocean_menu_typo_font_size_unit":"px","ocean_menu_typo_font_weight":"","ocean_menu_typo_font_weight_tablet":"","ocean_menu_typo_font_weight_mobile":"","ocean_menu_typo_transform":"","ocean_menu_typo_transform_tablet":"","ocean_menu_typo_transform_mobile":"","ocean_menu_typo_line_height":0,"ocean_menu_typo_line_height_tablet":0,"ocean_menu_typo_line_height_mobile":0,"ocean_menu_typo_line_height_unit":"","ocean_menu_typo_spacing":0,"ocean_menu_typo_spacing_tablet":0,"ocean_menu_typo_spacing_mobile":0,"ocean_menu_typo_spacing_unit":"","ocean_menu_link_color":"","ocean_menu_link_color_hover":"","ocean_menu_link_color_active":"","ocean_menu_link_background":"","ocean_menu_link_hover_background":"","ocean_menu_link_active_background":"","ocean_menu_social_links_bg":"","ocean_menu_social_hover_links_bg":"","ocean_menu_social_links_color":"","ocean_menu_social_hover_links_color":"","ocean_disable_title":"default","ocean_disable_heading":"default","ocean_post_title":"","ocean_post_subheading":"","ocean_post_title_style":"","ocean_post_title_background_color":"","ocean_post_title_background":0,"ocean_post_title_bg_image_position":"","ocean_post_title_bg_image_attachment":"","ocean_post_title_bg_image_repeat":"","ocean_post_title_bg_image_size":"","ocean_post_title_height":0,"ocean_post_title_bg_overlay":0.5,"ocean_post_title_bg_overlay_color":"","ocean_disable_breadcrumbs":"default","ocean_breadcrumbs_color":"","ocean_breadcrumbs_separator_color":"","ocean_breadcrumbs_links_color":"","ocean_breadcrumbs_links_hover_color":"","ocean_display_footer_widgets":"default","ocean_display_footer_bottom":"default","ocean_custom_footer_template":"0","osh_disable_topbar_sticky":"default","osh_disable_header_sticky":"default","osh_sticky_header_style":"default","osh_sticky_header_effect":"","osh_custom_sticky_logo":0,"osh_custom_retina_sticky_logo":0,"osh_custom_sticky_logo_height":0,"osh_background_color":"","osh_links_color":"","osh_links_hover_color":"","osh_links_active_color":"","osh_links_bg_color":"","osh_links_hover_bg_color":"","osh_links_active_bg_color":"","osh_menu_social_links_color":"","osh_menu_social_hover_links_color":""},"product_brand":[],"product_cat":[48,47],"product_tag":[95,94,96],"class_list":{"0":"post-2524","1":"product","2":"type-product","3":"status-publish","4":"has-post-thumbnail","6":"product_cat-electric-volumetric-pumps","7":"product_cat-volumetric-thin-oil-systems","8":"product_tag-positive-displacement-lubrication-pump","9":"product_tag-positive-displacement-lubrication-system","10":"product_tag-volumetric-lubrication-pump","12":"entry","13":"has-media","15":"first","16":"instock","17":"shipping-taxable","18":"product-type-external","19":"col","20":"span_1_of_3","21":"owp-content-center","22":"owp-thumbs-layout-horizontal","23":"owp-btn-very-big","24":"owp-tabs-layout-horizontal"},"_links":{"self":[{"href":"https:\/\/www.jinpinlub.com\/pl\/wp-json\/wp\/v2\/product\/2524","targetHints":{"allow":["GET"]}}],"collection":[{"href":"https:\/\/www.jinpinlub.com\/pl\/wp-json\/wp\/v2\/product"}],"about":[{"href":"https:\/\/www.jinpinlub.com\/pl\/wp-json\/wp\/v2\/types\/product"}],"wp:featuredmedia":[{"embeddable":true,"href":"https:\/\/www.jinpinlub.com\/pl\/wp-json\/wp\/v2\/media\/2526"}],"wp:attachment":[{"href":"https:\/\/www.jinpinlub.com\/pl\/wp-json\/wp\/v2\/media?parent=2524"}],"wp:term":[{"taxonomy":"product_brand","embeddable":true,"href":"https:\/\/www.jinpinlub.com\/pl\/wp-json\/wp\/v2\/product_brand?post=2524"},{"taxonomy":"product_cat","embeddable":true,"href":"https:\/\/www.jinpinlub.com\/pl\/wp-json\/wp\/v2\/product_cat?post=2524"},{"taxonomy":"product_tag","embeddable":true,"href":"https:\/\/www.jinpinlub.com\/pl\/wp-json\/wp\/v2\/product_tag?post=2524"}],"curies":[{"name":"wp","href":"https:\/\/api.w.org\/{rel}","templated":true}]}}