{"id":2529,"date":"2024-07-17T12:16:34","date_gmt":"2024-07-17T12:16:34","guid":{"rendered":"https:\/\/www.jinpinlub.com\/?post_type=product&#038;p=2529"},"modified":"2025-04-15T20:33:27","modified_gmt":"2025-04-15T12:33:27","slug":"jghp-progresywna-reczna-pompa-smarownicza-wysokocisnieniowa","status":"publish","type":"product","link":"https:\/\/www.jinpinlub.com\/pl\/product\/jghp-progressive-high-pressure-manual-grease-lubrication-pump\/","title":{"rendered":"Pompa smarownicza r\u0119czna wysokoci\u015bnieniowa EGHP Progressive"},"content":{"rendered":"<h2>Cechy<\/h2>\n<p>1. Poci\u0105gnij za uchwyt, aby poda\u0107 \u015brodek smarny, \u0142atwy w obs\u0142udze.<br \/>\n2. Dzi\u0119ki dobrej przyczepno\u015bci bloku oleju ci\u015bnieniowego, nie pozostanie na nim smar.<br \/>\n3. Wylot mo\u017ce by\u0107 umieszczony po lewej lub prawej stronie uchwytu, zale\u017cnie od potrzeb, lub mo\u017ce by\u0107 podw\u00f3jny.<br \/>\n4. JGHP z mocn\u0105 spr\u0119\u017cyn\u0105, odpowiedni do smaru NLGI 1~2#.<br \/>\n5. Smar nale\u017cy wstrzykiwa\u0107 przez smarowniczk\u0119, aby unikn\u0105\u0107 dostania si\u0119 powietrza i cia\u0142 obcych.<\/p>\n<h2>Specyfikacja<\/h2>\n<table>\n<tbody>\n<tr>\n<td>Temperatura pracy<\/td>\n<td>(-20~+55\u00b0C)<\/td>\n<\/tr>\n<tr>\n<td>Liczba wyj\u015b\u0107<\/td>\n<td>1, 2<\/td>\n<\/tr>\n<tr>\n<td>Pojemno\u015b\u0107 zbiornika<\/td>\n<td>600ml<\/td>\n<\/tr>\n<tr>\n<td>Zasada dzia\u0142ania<\/td>\n<td>Pompa obs\u0142ugiwana r\u0119cznie<\/td>\n<\/tr>\n<tr>\n<td>Smar<\/td>\n<td>Smar NLGI 1~2#<\/td>\n<\/tr>\n<tr>\n<td>Wypisa\u0107<\/td>\n<td>2 ml\/cykl<\/td>\n<\/tr>\n<tr>\n<td>Maksymalne ci\u015bnienie robocze<\/td>\n<td>10MPa<\/td>\n<\/tr>\n<tr>\n<td>Gwint przy\u0142\u0105czeniowy<\/td>\n<td>Wylot \u03a64, \u03a66, \u03a68, PT1\/8<\/td>\n<\/tr>\n<tr>\n<td>Orzecznictwo<\/td>\n<td>CE<\/td>\n<\/tr>\n<tr>\n<td>Pozycja monta\u017cowa<\/td>\n<td>Pionowo lub poziomo<\/td>\n<\/tr>\n<\/tbody>\n<\/table>\n<h2>Aplikacje<\/h2>\n<p>Maszyny in\u017cynieryjne: takie jak koparki, \u0142adowarki itp., kt\u00f3re wymagaj\u0105 cz\u0119stego smarowania.<br \/>\nMaszyny w\u0142\u00f3kiennicze: nale\u017cy upewni\u0107 si\u0119, \u017ce sprz\u0119t jest w pe\u0142ni nasmarowany podczas pracy z du\u017c\u0105 pr\u0119dko\u015bci\u0105.<br \/>\nMaszyny drukarskie: dok\u0142adne smarowanie pomaga poprawi\u0107 jako\u015b\u0107 druku i wyd\u0142u\u017cy\u0107 \u017cywotno\u015b\u0107 sprz\u0119tu.<br \/>\nUrz\u0105dzenia obrabiarkowe: takie jak obrabiarki CNC, centra obr\u00f3bcze itp., zapewniaj\u0105ce dok\u0142adno\u015b\u0107 obr\u00f3bki i stabilno\u015b\u0107 urz\u0105dze\u0144.<br \/>\nMaszyny rolnicze: traktory, kombajny itp. przystosowuj\u0105 si\u0119 do r\u00f3\u017cnorodnych, skomplikowanych warunk\u00f3w pracy.<br \/>\nSprz\u0119t g\u00f3rniczy: praca w trudnych warunkach w celu zapewnienia niezawodnej pracy sprz\u0119tu.<\/p>\n<h2>Instrukcje<\/h2>\n<div class=\"sdm_download_button_box_default\"><div class=\"sdm_download_link\"><a href=\"https:\/\/www.jinpinlub.com\/pl\/?sdm_process_download=1&download_id=2468\" class=\"sdm_download white\" title=\"Prywatne: EGHP Manual Pump\" target=\"&quot;_blank&quot;\">View Datasheet - EGHP Manual Pump<\/a><\/div><\/div>","protected":false},"excerpt":{"rendered":"<p>EGHP progressive manual grease pump adopts plunger progressive structure and is used in conjunction with damping grease distributor. Through the reciprocating operation of the handle, the lubricating grease is accurately delivered to each lubrication point.<\/p>","protected":false},"featured_media":2530,"template":"","meta":{"ocean_post_layout":"","ocean_both_sidebars_style":"","ocean_both_sidebars_content_width":0,"ocean_both_sidebars_sidebars_width":0,"ocean_sidebar":"0","ocean_second_sidebar":"0","ocean_disable_margins":"enable","ocean_add_body_class":"","ocean_shortcode_before_top_bar":"","ocean_shortcode_after_top_bar":"","ocean_shortcode_before_header":"","ocean_shortcode_after_header":"","ocean_has_shortcode":"","ocean_shortcode_after_title":"","ocean_shortcode_before_footer_widgets":"","ocean_shortcode_after_footer_widgets":"","ocean_shortcode_before_footer_bottom":"","ocean_shortcode_after_footer_bottom":"","ocean_display_top_bar":"default","ocean_display_header":"default","ocean_header_style":"","ocean_center_header_left_menu":"0","ocean_custom_header_template":"0","ocean_custom_logo":0,"ocean_custom_retina_logo":0,"ocean_custom_logo_max_width":0,"ocean_custom_logo_tablet_max_width":0,"ocean_custom_logo_mobile_max_width":0,"ocean_custom_logo_max_height":0,"ocean_custom_logo_tablet_max_height":0,"ocean_custom_logo_mobile_max_height":0,"ocean_header_custom_menu":"0","ocean_menu_typo_font_family":"0","ocean_menu_typo_font_subset":"","ocean_menu_typo_font_size":0,"ocean_menu_typo_font_size_tablet":0,"ocean_menu_typo_font_size_mobile":0,"ocean_menu_typo_font_size_unit":"px","ocean_menu_typo_font_weight":"","ocean_menu_typo_font_weight_tablet":"","ocean_menu_typo_font_weight_mobile":"","ocean_menu_typo_transform":"","ocean_menu_typo_transform_tablet":"","ocean_menu_typo_transform_mobile":"","ocean_menu_typo_line_height":0,"ocean_menu_typo_line_height_tablet":0,"ocean_menu_typo_line_height_mobile":0,"ocean_menu_typo_line_height_unit":"","ocean_menu_typo_spacing":0,"ocean_menu_typo_spacing_tablet":0,"ocean_menu_typo_spacing_mobile":0,"ocean_menu_typo_spacing_unit":"","ocean_menu_link_color":"","ocean_menu_link_color_hover":"","ocean_menu_link_color_active":"","ocean_menu_link_background":"","ocean_menu_link_hover_background":"","ocean_menu_link_active_background":"","ocean_menu_social_links_bg":"","ocean_menu_social_hover_links_bg":"","ocean_menu_social_links_color":"","ocean_menu_social_hover_links_color":"","ocean_disable_title":"default","ocean_disable_heading":"default","ocean_post_title":"","ocean_post_subheading":"","ocean_post_title_style":"","ocean_post_title_background_color":"","ocean_post_title_background":0,"ocean_post_title_bg_image_position":"","ocean_post_title_bg_image_attachment":"","ocean_post_title_bg_image_repeat":"","ocean_post_title_bg_image_size":"","ocean_post_title_height":0,"ocean_post_title_bg_overlay":0.5,"ocean_post_title_bg_overlay_color":"","ocean_disable_breadcrumbs":"default","ocean_breadcrumbs_color":"","ocean_breadcrumbs_separator_color":"","ocean_breadcrumbs_links_color":"","ocean_breadcrumbs_links_hover_color":"","ocean_display_footer_widgets":"default","ocean_display_footer_bottom":"default","ocean_custom_footer_template":"0","osh_disable_topbar_sticky":"default","osh_disable_header_sticky":"default","osh_sticky_header_style":"default","osh_sticky_header_effect":"","osh_custom_sticky_logo":0,"osh_custom_retina_sticky_logo":0,"osh_custom_sticky_logo_height":0,"osh_background_color":"","osh_links_color":"","osh_links_hover_color":"","osh_links_active_color":"","osh_links_bg_color":"","osh_links_hover_bg_color":"","osh_links_active_bg_color":"","osh_menu_social_links_color":"","osh_menu_social_hover_links_color":""},"product_brand":[],"product_cat":[43,41],"product_tag":[76,78,77],"class_list":{"0":"post-2529","1":"product","2":"type-product","3":"status-publish","4":"has-post-thumbnail","6":"product_cat-manual-progressive-pumps","7":"product_cat-progressive-grease-systems","8":"product_tag-electric-lubrication-system","9":"product_tag-excavator-lubrication-pump","10":"product_tag-grease-lubrication-pump","12":"entry","13":"has-media","15":"first","16":"instock","17":"shipping-taxable","18":"product-type-external","19":"col","20":"span_1_of_3","21":"owp-content-center","22":"owp-thumbs-layout-horizontal","23":"owp-btn-very-big","24":"owp-tabs-layout-horizontal"},"_links":{"self":[{"href":"https:\/\/www.jinpinlub.com\/pl\/wp-json\/wp\/v2\/product\/2529","targetHints":{"allow":["GET"]}}],"collection":[{"href":"https:\/\/www.jinpinlub.com\/pl\/wp-json\/wp\/v2\/product"}],"about":[{"href":"https:\/\/www.jinpinlub.com\/pl\/wp-json\/wp\/v2\/types\/product"}],"wp:featuredmedia":[{"embeddable":true,"href":"https:\/\/www.jinpinlub.com\/pl\/wp-json\/wp\/v2\/media\/2530"}],"wp:attachment":[{"href":"https:\/\/www.jinpinlub.com\/pl\/wp-json\/wp\/v2\/media?parent=2529"}],"wp:term":[{"taxonomy":"product_brand","embeddable":true,"href":"https:\/\/www.jinpinlub.com\/pl\/wp-json\/wp\/v2\/product_brand?post=2529"},{"taxonomy":"product_cat","embeddable":true,"href":"https:\/\/www.jinpinlub.com\/pl\/wp-json\/wp\/v2\/product_cat?post=2529"},{"taxonomy":"product_tag","embeddable":true,"href":"https:\/\/www.jinpinlub.com\/pl\/wp-json\/wp\/v2\/product_tag?post=2529"}],"curies":[{"name":"wp","href":"https:\/\/api.w.org\/{rel}","templated":true}]}}