{"id":2535,"date":"2024-07-17T13:08:15","date_gmt":"2024-07-17T13:08:15","guid":{"rendered":"https:\/\/www.jinpinlub.com\/?post_type=product&#038;p=2535"},"modified":"2025-01-23T22:26:23","modified_gmt":"2025-01-23T14:26:23","slug":"jl-1-urzadzenie-dozujace-wysokiego-cisnienia-do-jednoliniowego-ukladu-smarowania","status":"publish","type":"product","link":"https:\/\/www.jinpinlub.com\/pl\/product\/jl-1-high-pressure-metering-device-for-single-line-lube-system\/","title":{"rendered":"Urz\u0105dzenie dozuj\u0105ce wysokiego ci\u015bnienia JL-1 do pojedynczego uk\u0142adu smarowania"},"content":{"rendered":"<h2>Cechy<\/h2>\n<p>1. Praca przy wysokim ci\u015bnieniu: Dozownik JL-1 nadaje si\u0119 do pracy w \u015brodowiskach o wysokim ci\u015bnieniu; zakres jego ci\u015bnienia roboczego wynosi 127\u2013240 bar\u00f3w, a maksymalne ci\u015bnienie roz\u0142adowania wynosi 41 bar\u00f3w.<br \/>\n2. Zewn\u0119trznie regulowana wydajno\u015b\u0107: Wydajno\u015b\u0107 urz\u0105dzenia jest regulowana zewn\u0119trznie w zakresie 0,016-1,31 cm\u00b3, co umo\u017cliwia jej wykorzystanie w r\u00f3\u017cnych potrzebach zwi\u0105zanych ze smarowaniem.<br \/>\n3. Konstrukcja ig\u0142y wska\u017anikowej: Ka\u017cde urz\u0105dzenie dozuj\u0105ce wyposa\u017cone jest w ig\u0142\u0119 wska\u017anikow\u0105, kt\u00f3ra umo\u017cliwia wizualn\u0105 kontrol\u0119 stanu pracy urz\u0105dzenia, a tym samym gwarantuje niezawodno\u015b\u0107 smarowania.<br \/>\n4. Wyb\u00f3r materia\u0142u: Urz\u0105dzenie pomiarowe JL-1 ma dwie opcje materia\u0142owe: stal w\u0119glow\u0105 i stal nierdzewn\u0105 do stosowania w r\u00f3\u017cnych \u015brodowiskach. Wersja ze stali nierdzewnej nadaje si\u0119 do \u015brodowisk roboczych, kt\u00f3re s\u0105 nieprzyjazne dla stali w\u0119glowej.<br \/>\n5. Konstrukcja wieloportowa: Urz\u0105dzenie mo\u017ce obs\u0142ugiwa\u0107 od 1 do 6 punkt\u00f3w smarowania, dzi\u0119ki czemu jest elastyczne i mo\u017cna je dostosowa\u0107 do r\u00f3\u017cnych wymaga\u0144 uk\u0142ad\u00f3w smarowania.<br \/>\n6. \u0141atwa konserwacja: Poszczeg\u00f3lne urz\u0105dzenia pomiarowe mo\u017cna \u0142atwo zdemontowa\u0107 w celu przeprowadzenia kontroli lub wymiany zu\u017cytych cz\u0119\u015bci, co pozwala zaoszcz\u0119dzi\u0107 czas przeznaczony na konserwacj\u0119 i obni\u017cy\u0107 og\u00f3lne koszty utrzymania.<\/p>\n<h2>Specyfikacja<\/h2>\n<table>\n<tbody>\n<tr>\n<td>Zasada dzia\u0142ania<\/td>\n<td>Zaw\u00f3r dozuj\u0105cy nadmiar ci\u015bnienia<\/td>\n<\/tr>\n<tr>\n<td>Liczba punkt\u00f3w sprzeda\u017cy<\/td>\n<td>1, 2, 3, 4, 5, 6<\/td>\n<\/tr>\n<tr>\n<td>Ilo\u015b\u0107 dozowania<\/td>\n<td>0,016-1,31 ml\/cykl<\/td>\n<\/tr>\n<tr>\n<td>Smar<\/td>\n<td>Smar NLGI 0, 1, 2<\/td>\n<\/tr>\n<tr>\n<td>Temperatura pracy<\/td>\n<td>(-10 do +80 \u00b0C)<\/td>\n<\/tr>\n<tr>\n<td>Ci\u015bnienie robocze<\/td>\n<td>127-240 bar<\/td>\n<\/tr>\n<tr>\n<td>Tworzywo<\/td>\n<td>Stal w\u0119glowa, stal nierdzewna<\/td>\n<\/tr>\n<tr>\n<td>G\u0142\u00f3wna linia przy\u0142\u0105czeniowa<\/td>\n<td>Rc3\/8<\/td>\n<\/tr>\n<tr>\n<td>Gniazdo przy\u0142\u0105czeniowe<\/td>\n<td>M22*1,5<\/td>\n<\/tr>\n<tr>\n<td>Pozycja monta\u017cowa<\/td>\n<td>Ka\u017cdy<\/td>\n<\/tr>\n<\/tbody>\n<\/table>\n<h2>Aplikacja<\/h2>\n<p>1. G\u00f3rnictwo i przetw\u00f3rstwo minera\u0142\u00f3w: Urz\u0105dzenia dozuj\u0105ce JL-1 s\u0105 szeroko stosowane w przemy\u015ble g\u00f3rniczym i przetw\u00f3rstwie minera\u0142\u00f3w, zapewniaj\u0105c niezawodne smarowanie system\u00f3w nawet przy bardzo ci\u0119\u017ckiej pracy.<br \/>\n2. Maszyny budowlane: W dziedzinie sprz\u0119tu budowlanego urz\u0105dzenie dozuj\u0105ce JL-1 gwarantuje, \u017ce ka\u017cdy punkt smarowania sprz\u0119tu jest dobrze nasmarowany, co wyd\u0142u\u017ca \u017cywotno\u015b\u0107 sprz\u0119tu.<br \/>\n3. Przemys\u0142 hutniczy i ci\u0119\u017cki: Sprz\u0119t ten jest szeroko stosowany w hutnictwie i przemy\u015ble ci\u0119\u017ckim, pracuje stabilnie w warunkach wysokiego ci\u015bnienia i wysokiej temperatury.<\/p>\n<h2>Instrukcje<\/h2>\n<div class=\"sdm_download_button_box_default\"><div class=\"sdm_download_link\"><a href=\"https:\/\/www.jinpinlub.com\/pl\/?sdm_process_download=1&download_id=2472\" class=\"sdm_download white\" title=\"Prywatne: JL-1 Grease Injector\" target=\"&quot;_blank&quot;\">Wy\u015bwietl kart\u0119 danych - Wtryskiwacz smaru JL-1<\/a><\/div><\/div>","protected":false},"excerpt":{"rendered":"<p>JL-1 jest idealnym wyborem do r\u00f3\u017cnych zastosowa\u0144 ze wzgl\u0119du na dzia\u0142anie pod wysokim ci\u015bnieniem, zewn\u0119trznie regulowan\u0105 moc wyj\u015bciow\u0105, konstrukcj\u0119 ig\u0142y wska\u017anika i wiele opcji port\u00f3w. \u0141atwa konserwacja i wiele opcji materia\u0142owych dodatkowo zwi\u0119kszaj\u0105 jego przydatno\u015b\u0107 w r\u00f3\u017cnych \u015brodowiskach.<\/p>","protected":false},"featured_media":2536,"template":"","meta":{"ocean_post_layout":"","ocean_both_sidebars_style":"","ocean_both_sidebars_content_width":0,"ocean_both_sidebars_sidebars_width":0,"ocean_sidebar":"0","ocean_second_sidebar":"0","ocean_disable_margins":"enable","ocean_add_body_class":"","ocean_shortcode_before_top_bar":"","ocean_shortcode_after_top_bar":"","ocean_shortcode_before_header":"","ocean_shortcode_after_header":"","ocean_has_shortcode":"","ocean_shortcode_after_title":"","ocean_shortcode_before_footer_widgets":"","ocean_shortcode_after_footer_widgets":"","ocean_shortcode_before_footer_bottom":"","ocean_shortcode_after_footer_bottom":"","ocean_display_top_bar":"default","ocean_display_header":"default","ocean_header_style":"","ocean_center_header_left_menu":"0","ocean_custom_header_template":"0","ocean_custom_logo":0,"ocean_custom_retina_logo":0,"ocean_custom_logo_max_width":0,"ocean_custom_logo_tablet_max_width":0,"ocean_custom_logo_mobile_max_width":0,"ocean_custom_logo_max_height":0,"ocean_custom_logo_tablet_max_height":0,"ocean_custom_logo_mobile_max_height":0,"ocean_header_custom_menu":"0","ocean_menu_typo_font_family":"0","ocean_menu_typo_font_subset":"","ocean_menu_typo_font_size":0,"ocean_menu_typo_font_size_tablet":0,"ocean_menu_typo_font_size_mobile":0,"ocean_menu_typo_font_size_unit":"px","ocean_menu_typo_font_weight":"","ocean_menu_typo_font_weight_tablet":"","ocean_menu_typo_font_weight_mobile":"","ocean_menu_typo_transform":"","ocean_menu_typo_transform_tablet":"","ocean_menu_typo_transform_mobile":"","ocean_menu_typo_line_height":0,"ocean_menu_typo_line_height_tablet":0,"ocean_menu_typo_line_height_mobile":0,"ocean_menu_typo_line_height_unit":"","ocean_menu_typo_spacing":0,"ocean_menu_typo_spacing_tablet":0,"ocean_menu_typo_spacing_mobile":0,"ocean_menu_typo_spacing_unit":"","ocean_menu_link_color":"","ocean_menu_link_color_hover":"","ocean_menu_link_color_active":"","ocean_menu_link_background":"","ocean_menu_link_hover_background":"","ocean_menu_link_active_background":"","ocean_menu_social_links_bg":"","ocean_menu_social_hover_links_bg":"","ocean_menu_social_links_color":"","ocean_menu_social_hover_links_color":"","ocean_disable_title":"default","ocean_disable_heading":"default","ocean_post_title":"","ocean_post_subheading":"","ocean_post_title_style":"","ocean_post_title_background_color":"","ocean_post_title_background":0,"ocean_post_title_bg_image_position":"","ocean_post_title_bg_image_attachment":"","ocean_post_title_bg_image_repeat":"","ocean_post_title_bg_image_size":"","ocean_post_title_height":0,"ocean_post_title_bg_overlay":0.5,"ocean_post_title_bg_overlay_color":"","ocean_disable_breadcrumbs":"default","ocean_breadcrumbs_color":"","ocean_breadcrumbs_separator_color":"","ocean_breadcrumbs_links_color":"","ocean_breadcrumbs_links_hover_color":"","ocean_display_footer_widgets":"default","ocean_display_footer_bottom":"default","ocean_custom_footer_template":"0","osh_disable_topbar_sticky":"default","osh_disable_header_sticky":"default","osh_sticky_header_style":"default","osh_sticky_header_effect":"","osh_custom_sticky_logo":0,"osh_custom_retina_sticky_logo":0,"osh_custom_sticky_logo_height":0,"osh_background_color":"","osh_links_color":"","osh_links_hover_color":"","osh_links_active_color":"","osh_links_bg_color":"","osh_links_hover_bg_color":"","osh_links_active_bg_color":"","osh_menu_social_links_color":"","osh_menu_social_hover_links_color":""},"product_brand":[],"product_cat":[40,37],"product_tag":[97,98,86],"class_list":{"0":"post-2535","1":"product","2":"type-product","3":"status-publish","4":"has-post-thumbnail","6":"product_cat-pressure-relief-metering-valves","7":"product_cat-single-line-grease-systems","8":"product_tag-grease-injector","9":"product_tag-grease-metering-device","10":"product_tag-single-line-distributor","12":"entry","13":"has-media","15":"first","16":"instock","17":"shipping-taxable","18":"product-type-external","19":"col","20":"span_1_of_3","21":"owp-content-center","22":"owp-thumbs-layout-horizontal","23":"owp-btn-very-big","24":"owp-tabs-layout-horizontal"},"_links":{"self":[{"href":"https:\/\/www.jinpinlub.com\/pl\/wp-json\/wp\/v2\/product\/2535","targetHints":{"allow":["GET"]}}],"collection":[{"href":"https:\/\/www.jinpinlub.com\/pl\/wp-json\/wp\/v2\/product"}],"about":[{"href":"https:\/\/www.jinpinlub.com\/pl\/wp-json\/wp\/v2\/types\/product"}],"wp:featuredmedia":[{"embeddable":true,"href":"https:\/\/www.jinpinlub.com\/pl\/wp-json\/wp\/v2\/media\/2536"}],"wp:attachment":[{"href":"https:\/\/www.jinpinlub.com\/pl\/wp-json\/wp\/v2\/media?parent=2535"}],"wp:term":[{"taxonomy":"product_brand","embeddable":true,"href":"https:\/\/www.jinpinlub.com\/pl\/wp-json\/wp\/v2\/product_brand?post=2535"},{"taxonomy":"product_cat","embeddable":true,"href":"https:\/\/www.jinpinlub.com\/pl\/wp-json\/wp\/v2\/product_cat?post=2535"},{"taxonomy":"product_tag","embeddable":true,"href":"https:\/\/www.jinpinlub.com\/pl\/wp-json\/wp\/v2\/product_tag?post=2535"}],"curies":[{"name":"wp","href":"https:\/\/api.w.org\/{rel}","templated":true}]}}